{"id":1992,"date":"2023-07-11T13:31:56","date_gmt":"2023-07-11T11:31:56","guid":{"rendered":"https:\/\/gielen-recyclage.be\/?page_id=1992"},"modified":"2023-11-27T13:36:28","modified_gmt":"2023-11-27T11:36:28","slug":"conteneurs-a-presse","status":"publish","type":"page","link":"https:\/\/gielen-recyclage.be\/fr\/location-de-conteneurs\/conteneurs-a-presse\/","title":{"rendered":"Conteneurs \u00e0 presse"},"content":{"rendered":"<section class=\"l-section wpb_row us_custom_d2199d32 height_auto\"><div class=\"l-section-h i-cf\"><div class=\"g-cols vc_row via_flex valign_middle type_boxes stacking_default\" style=\"--additional-gap:15px;\"><div class=\"vc_col-sm-1 vc_hidden-sm vc_hidden-xs wpb_column vc_column_container has_bg_color stretched\"><div class=\"vc_column-inner us_custom_48db2505\"><div class=\"wpb_wrapper\"><\/div><\/div><\/div><div class=\"vc_col-sm-7 vc_col-lg-7 vc_col-md-7 vc_col-xs-12 wpb_column vc_column_container has_bg_color\"><div class=\"vc_column-inner us_custom_43bb1cd8\"><div class=\"wpb_wrapper\"><div class=\"wpb_text_column\"><div class=\"wpb_wrapper\"><h1><strong>LES CONTENEURS \u00c0 PRESSE<\/strong><br \/>\nDE CONTAINERSERVICE GIELEN<\/h1>\n<p>Les conteneurs \u00e0 presse de Containerservice Gielen sont parfaits r\u00e9duire ais\u00e9ment les volumes de d\u00e9chets robustes et de formes difficiles, pour qu\u2019ils soient plus g\u00e9rables. Il peut s\u2019agir par exemple de d\u00e9chets industriels, d\u00e9chets d\u2019emballage ou des monoflux tels que le papier, le carton et les films plastique ou autre.<\/p>\n<p>Ces types de d\u00e9chets sont l\u00e9gers et risquent donc de s\u2019envoler, d\u2019o\u00f9 l\u2019int\u00e9r\u00eat d\u2019un conteneur \u00e0 presse. Vous pouvez \u00e9galement louer un conteneur \u00e0 presse pour d\u00e9truire des mat\u00e9riaux. Notre personnel exp\u00e9riment\u00e9 installe soigneusement ces conteneurs et les r\u00e9cup\u00e8re apr\u00e8s utilisation.<\/p>\n<\/div><\/div><div class=\"w-separator size_small\"><\/div><div class=\"w-btn-wrapper align_none\"><a class=\"w-btn us-btn-style_2 icon_atright\" title=\"Offerteaanvraag\" href=\"#container\"><span class=\"w-btn-label\">Nos conteneurs<\/span><i class=\"far fa-long-arrow-right\"><\/i><\/a><\/div><div class=\"w-btn-wrapper align_none\"><a class=\"w-btn us-btn-style_1 icon_atright\" title=\"Offerteaanvraag\" href=\"https:\/\/gielen-recyclage.be\/fr\/demande-de-devis\/\"><span class=\"w-btn-label\">Je souhaite un devis<\/span><i class=\"far fa-long-arrow-right\"><\/i><\/a><\/div><\/div><\/div><\/div><div class=\"vc_col-sm-5 vc_col-lg-4 vc_col-md-4 vc_col-xs-12 wpb_column vc_column_container h300 popupopen has_bg_color stretched\"><div class=\"vc_column-inner us_custom_85dce20c\"><div class=\"wpb_wrapper\"><\/div><\/div><\/div><\/div><\/div><\/section><section class=\"l-section wpb_row height_large\"><div class=\"l-section-h i-cf\"><div class=\"g-cols vc_row via_flex valign_top type_default stacking_default\" style=\"--additional-gap:15px;\"><div class=\"vc_col-sm-6 wpb_column vc_column_container m300 has_bg_color\"><div class=\"vc_column-inner us_custom_f3181787\"><div class=\"wpb_wrapper\"><\/div><\/div><\/div><div class=\"vc_col-sm-1 wpb_column vc_column_container\"><div class=\"vc_column-inner\"><div class=\"wpb_wrapper\"><\/div><\/div><\/div><div class=\"vc_col-sm-5 wpb_column vc_column_container\"><div class=\"vc_column-inner\"><div class=\"wpb_wrapper\"><div class=\"wpb_text_column\"><div class=\"wpb_wrapper\"><h2>CONTENEURS \u00c0 PRESSE<br \/>\nPOUR <strong>CHAQUE TYPE DE D\u00c9CHET<\/strong><\/h2>\n<p>Le fait de compacter les gros volumes de papier ou carton pour obtenir des volumes g\u00e9rables, \u00e0 l\u2019aide d\u2019un conteneur \u00e0 presse, peut vous faire \u00e9conomiser beaucoup d\u2019argent. C\u2019est donc une solution int\u00e9ressante pour les d\u00e9chets aux caract\u00e9ristiques difficiles. Outre les monoflux, certains types de d\u00e9chets industriels et de mat\u00e9riaux d\u2019emballage peuvent \u00e9galement \u00eatre press\u00e9s, en vue de leur traitement.<\/p>\n<p>Selon le mat\u00e9riau, le fait de r\u00e9duire les volumes permet aussi d\u2019\u00e9conomiser sur les co\u00fbts de transport. En r\u00e9duisant le volume par trois, le transporteur peut r\u00e9duire d\u2019autant le nombre de trajets, ce qui est bon non seulement pour l\u2019environnement, mais aussi pour votre portefeuille.<\/p>\n<\/div><\/div><div class=\"w-separator size_medium\"><\/div><div class=\"w-btn-wrapper align_none\"><a class=\"w-btn us-btn-style_1 icon_atright\" title=\"Offerteaanvraag\" href=\"https:\/\/gielen-recyclage.be\/fr\/demande-de-devis\/\"><span class=\"w-btn-label\">Je souhaite un devis<\/span><i class=\"far fa-long-arrow-right\"><\/i><\/a><\/div><\/div><\/div><\/div><\/div><\/div><\/section><section class=\"l-section wpb_row height_auto\" id=\"container\"><div class=\"l-section-h i-cf\"><div class=\"g-cols vc_row via_flex valign_top type_default stacking_default\"><div class=\"vc_col-sm-12 wpb_column vc_column_container\"><div class=\"vc_column-inner\"><div class=\"wpb_wrapper\"><div class=\"g-cols wpb_row via_flex valign_top type_default stacking_default\"><div class=\"vc_col-sm-6 wpb_column vc_column_container\"><div class=\"vc_column-inner\"><div class=\"wpb_wrapper\"><div class=\"wpb_text_column\"><div class=\"wpb_wrapper\"><h3>TYPES DE <strong>CONTENEURS \u00c0 PRESSE<\/strong><\/h3>\n<p>Containerservice Gielen propose diverses installations de compactage. Vous avez ainsi le choix entre un conteneur d\u2019auto-compactage ou un syst\u00e8me de compactage stationnaire pour les petites bennes roulantes, avec ou sans fonction de levage et basculement. Nous nous chargeons de les installer et de les r\u00e9cup\u00e9rer.<\/p>\n<\/div><\/div><\/div><\/div><\/div><div class=\"vc_col-sm-6 wpb_column vc_column_container\"><div class=\"vc_column-inner\"><div class=\"wpb_wrapper\"><\/div><\/div><\/div><\/div><div class=\"w-separator size_medium\"><\/div><\/div><\/div><\/div><\/div><\/div><\/section><section class=\"l-section wpb_row height_huge\"><div class=\"l-section-h i-cf\"><div class=\"g-cols vc_row via_flex valign_middle type_boxes stacking_default\"><div class=\"vc_col-sm-8 wpb_column vc_column_container has_bg_color\"><div class=\"vc_column-inner us_custom_5fb9c346\"><div class=\"wpb_wrapper\"><div class=\"wpb_text_column us_custom_02d42652 has_text_color\"><div class=\"wpb_wrapper\"><h3>FAITES UN PETIT TOUR D\u2019HORIZON<br \/>\nDE NOS DIVERS <strong>CONTENEURS \u00c0 PRESSE<\/strong><\/h3>\n<\/div><\/div><\/div><\/div><\/div><div class=\"vc_col-sm-4 wpb_column vc_column_container has_bg_color\"><div class=\"vc_column-inner us_custom_5fb9c346\"><div class=\"wpb_wrapper\"><div class=\"w-btn-wrapper align_center\"><a class=\"w-btn us-btn-style_3 icon_atright\" title=\"Contact\" href=\"https:\/\/gielen-recyclage.be\/fr\/brochures\/\"><span class=\"w-btn-label\">J&rsquo;aimerais voir la brochure<\/span><i class=\"far fa-long-arrow-right\"><\/i><\/a><\/div><\/div><\/div><\/div><\/div><\/div><\/section><section class=\"l-section wpb_row height_auto\"><div class=\"l-section-h i-cf\"><div class=\"g-cols vc_row via_flex valign_top type_default stacking_default\"><div class=\"vc_col-sm-6 wpb_column vc_column_container\"><div class=\"vc_column-inner\"><div class=\"wpb_wrapper\"><div class=\"wpb_text_column\"><div class=\"wpb_wrapper\"><h2>CONTENEURS \u00c0 PRESSE POUR<br \/>\nDIFF\u00c9RENTS <strong>FLUX DE D\u00c9CHETS<\/strong><\/h2>\n<p>Un conteneur \u00e0 presse permet de compacter le carton, le papier, les films et autres monoflux, pour r\u00e9duire les volumes et ainsi les g\u00e9rer plus facilement. Cela vaut \u00e9galement pour certains types de d\u00e9chets industriels et d\u2019emballages. Les conteneurs d\u2019auto-compactage et installations de compactage fixes peuvent \u00eatre associ\u00e9s \u00e0 des bennes roulantes plus petites.<\/p>\n<p>Elles sont propos\u00e9es avec ou sans syst\u00e8me de levage\/inclinaison. Les compacteurs fixes se placent contre le b\u00e2timent, pour que les ouvriers n\u2019aient pas besoin de sortir pour jeter les d\u00e9chets. Notre \u00e9quipe se charge de leur installation, de leur collecte et du traitement des d\u00e9chets.<\/p>\n<\/div><\/div><\/div><\/div><\/div><div class=\"vc_col-sm-6 wpb_column vc_column_container\"><div class=\"vc_column-inner\"><div class=\"wpb_wrapper\"><\/div><\/div><\/div><\/div><\/div><\/section><section class=\"l-section wpb_row height_large\"><div class=\"l-section-h i-cf\"><div class=\"g-cols vc_row via_flex valign_top type_default stacking_default\"><div class=\"vc_col-sm-12 wpb_column vc_column_container\"><div class=\"vc_column-inner\"><div class=\"wpb_wrapper\"><div class=\"w-grid us_grid type_grid layout_467 hidden cols_4 preload_style_spinner\" id=\"us_grid_1\" style=\"--columns:4;--gap:1rem;\" data-filterable=\"true\"><style>@media (max-width:1380px){#us_grid_1{--columns:3!important}}@media (max-width:960px){#us_grid_1{--columns:2!important}}@media (max-width:767px){#us_grid_1{--columns:1!important}}.layout_467 .w-grid-item-h{}.layout_467 .usg_vwrapper_1{}.layout_467 .w-grid-item-h:focus-within .usg_vwrapper_1,.layout_467 .w-grid-item-h:hover .usg_vwrapper_1{background:var(--color-alt-content-bg-alt)!important;color:#ffffff!important}.layout_467 .usg_vwrapper_1{color:var(--color-header-middle-text)!important;height:100%!important;padding:30px!important;background:#F2F2F2!important}.layout_467 .usg_post_custom_field_1{max-width:150px!important}<\/style><div class=\"w-grid-list\"><\/div>\t<div class=\"w-grid-preloader\">\r\n\t\t<div class=\"g-preloader type_1\">\r\n\t\t\t<div><\/div>\r\n\t\t<\/div>\r\n\t<\/div>\r\n\t\t<div class=\"w-grid-json hidden\" onclick='return {&quot;action&quot;:&quot;us_ajax_grid&quot;,&quot;infinite_scroll&quot;:0,&quot;max_num_pages&quot;:0,&quot;pagination&quot;:&quot;none&quot;,&quot;template_vars&quot;:{&quot;columns&quot;:&quot;4&quot;,&quot;exclude_items&quot;:&quot;none&quot;,&quot;img_size&quot;:&quot;default&quot;,&quot;ignore_items_size&quot;:0,&quot;items_layout&quot;:&quot;467&quot;,&quot;items_offset&quot;:&quot;1&quot;,&quot;load_animation&quot;:&quot;none&quot;,&quot;overriding_link&quot;:&quot;%7B%22type%22%3A%22post%22%7D&quot;,&quot;post_id&quot;:0,&quot;query_args&quot;:{&quot;post_type&quot;:[&quot;page&quot;],&quot;tax_query&quot;:[{&quot;taxonomy&quot;:&quot;type-container-per-afvalsoort&quot;,&quot;field&quot;:&quot;slug&quot;,&quot;terms&quot;:[&quot;perscontainer&quot;]}],&quot;post_status&quot;:[&quot;publish&quot;,&quot;acf-disabled&quot;],&quot;posts_per_page&quot;:999},&quot;orderby_query_args&quot;:{&quot;orderby&quot;:{&quot;date&quot;:&quot;DESC&quot;}},&quot;type&quot;:&quot;grid&quot;,&quot;us_grid_post_type&quot;:&quot;page&quot;,&quot;us_grid_ajax_index&quot;:1,&quot;us_grid_filter_query_string&quot;:null,&quot;us_grid_index&quot;:1,&quot;page_args&quot;:[],&quot;lang&quot;:&quot;fr&quot;}}'><\/div>\r\n\t<\/div><div class=\"w-grid-none type_message\">Aucun r\u00e9sultat.<\/div><div class=\"w-separator size_medium\"><\/div><div class=\"w-btn-wrapper align_none\"><a class=\"w-btn us-btn-style_1 icon_atright\" href=\"https:\/\/gielen-recyclage.be\/fr\/types-de-dechets\/\"><span class=\"w-btn-label\">D\u00e9couvrez nos autres flux de d\u00e9chets<\/span><i class=\"fas fa-long-arrow-right\"><\/i><\/a><\/div><\/div><\/div><\/div><\/div><\/div><\/section><section class=\"l-section wpb_row height_large\"><div class=\"l-section-h i-cf\"><div class=\"g-cols vc_row via_flex valign_top type_default stacking_default\" style=\"--additional-gap:15px;\"><div class=\"vc_col-sm-3 wpb_column vc_column_container m300 has_bg_color\"><div class=\"vc_column-inner us_custom_d668e90c\"><div class=\"wpb_wrapper\"><\/div><\/div><\/div><div class=\"vc_col-sm-3 vc_hidden-xs wpb_column vc_column_container has_bg_color\"><div class=\"vc_column-inner us_custom_9b06f176\"><div class=\"wpb_wrapper\"><\/div><\/div><\/div><div class=\"vc_col-sm-1 wpb_column vc_column_container\"><div class=\"vc_column-inner\"><div class=\"wpb_wrapper\"><\/div><\/div><\/div><div class=\"vc_col-sm-5 wpb_column vc_column_container\"><div class=\"vc_column-inner\"><div class=\"wpb_wrapper\"><div class=\"wpb_text_column\"><div class=\"wpb_wrapper\"><h2>NOS<br \/>\n<strong>CONTENEURS<\/strong><\/h2>\n<p>Si vous souhaitez louer un conteneur \u00e0 presse, vous \u00eates \u00e0 la bonne adresse chez Containerservice Gielen. Nos conteneurs sont de haute qualit\u00e9 et pratiques. Leurs autocollants pratiques rendent la collecte et le tri des d\u00e9chets accessibles \u00e0 tous. Innovants, nos conteneurs sont \u00e9quip\u00e9s des toutes derni\u00e8res nouveaut\u00e9s et sont conformes \u00e0 toutes les r\u00e9glementations en vigueur.<\/p>\n<p>Notre \u00e9quipe se charge de les installer et de les r\u00e9cup\u00e9rer, avec tout le soin n\u00e9cessaire. Bien entendu, nous veillons ensuite \u00e0 recycler les mat\u00e9riaux r\u00e9utilisables, dans le plus total respect de l\u2019environnement.<\/p>\n<\/div><\/div><div class=\"w-separator size_medium\"><\/div><div class=\"w-btn-wrapper align_none\"><a class=\"w-btn us-btn-style_1 icon_atright\" title=\"Offerteaanvraag\" href=\"https:\/\/gielen-recyclage.be\/fr\/demande-de-devis\/\"><span class=\"w-btn-label\">Je souhaite un devis<\/span><i class=\"far fa-long-arrow-right\"><\/i><\/a><\/div><\/div><\/div><\/div><\/div><\/div><\/section>\n","protected":false},"excerpt":{"rendered":"LES CONTENEURS \u00c0 PRESSE DE CONTAINERSERVICE GIELEN Les conteneurs \u00e0 presse de Containerservice Gielen sont parfaits r\u00e9duire ais\u00e9ment les volumes de d\u00e9chets robustes et de formes difficiles, pour qu\u2019ils soient plus g\u00e9rables. Il peut s\u2019agir par exemple de d\u00e9chets industriels, d\u00e9chets d\u2019emballage ou des monoflux tels que le papier, le carton et les films plastique...","protected":false},"author":1,"featured_media":731,"parent":1985,"menu_order":2,"comment_status":"closed","ping_status":"closed","template":"","meta":{"footnotes":""},"pagina-categorie":[148],"sector":[],"type-container-per-afvalsoort":[],"class_list":["post-1992","page","type-page","status-publish","has-post-thumbnail","hentry","pagina-categorie-containers-fr"],"acf":[],"yoast_head":"<!-- This site is optimized with the Yoast SEO plugin v26.2 - https:\/\/yoast.com\/wordpress\/plugins\/seo\/ -->\n<title>Container \u00e0 presse Genk Limbourg Containerservice Gielen<\/title>\n<meta name=\"description\" content=\"Vous voulez louer un container \u00e0 presse? Vous trouverez chez Containerservice Gielen des containers de qualit\u00e9 \u00e0 des conditions attractives.\" \/>\n<meta name=\"robots\" content=\"index, follow, max-snippet:-1, max-image-preview:large, max-video-preview:-1\" \/>\n<link rel=\"canonical\" href=\"https:\/\/gielen-recyclage.be\/fr\/location-de-conteneurs\/conteneurs-a-presse\/\" \/>\n<meta property=\"og:locale\" content=\"fr_FR\" \/>\n<meta property=\"og:type\" content=\"article\" \/>\n<meta property=\"og:title\" content=\"Container \u00e0 presse Genk Limbourg Containerservice Gielen\" \/>\n<meta property=\"og:description\" content=\"Vous voulez louer un container \u00e0 presse? Vous trouverez chez Containerservice Gielen des containers de qualit\u00e9 \u00e0 des conditions attractives.\" \/>\n<meta property=\"og:url\" content=\"https:\/\/gielen-recyclage.be\/fr\/location-de-conteneurs\/conteneurs-a-presse\/\" \/>\n<meta property=\"og:site_name\" content=\"Containerservice Gielen\" \/>\n<meta property=\"article:modified_time\" content=\"2023-11-27T11:36:28+00:00\" \/>\n<meta property=\"og:image\" content=\"https:\/\/gielen-recyclage.be\/wp-content\/uploads\/2023\/07\/perscontainers-500x500-1.png\" \/>\n\t<meta property=\"og:image:width\" content=\"500\" \/>\n\t<meta property=\"og:image:height\" content=\"500\" \/>\n\t<meta property=\"og:image:type\" content=\"image\/png\" \/>\n<meta name=\"twitter:card\" content=\"summary_large_image\" \/>\n<meta name=\"twitter:label1\" content=\"Dur\u00e9e de lecture est.\" \/>\n\t<meta name=\"twitter:data1\" content=\"3 minutes\" \/>\n<script type=\"application\/ld+json\" class=\"yoast-schema-graph\">{\"@context\":\"https:\/\/schema.org\",\"@graph\":[{\"@type\":\"WebPage\",\"@id\":\"https:\/\/gielen-recyclage.be\/fr\/location-de-conteneurs\/conteneurs-a-presse\/\",\"url\":\"https:\/\/gielen-recyclage.be\/fr\/location-de-conteneurs\/conteneurs-a-presse\/\",\"name\":\"Container \u00e0 presse Genk Limbourg Containerservice Gielen\",\"isPartOf\":{\"@id\":\"https:\/\/gielen-recyclage.be\/#website\"},\"primaryImageOfPage\":{\"@id\":\"https:\/\/gielen-recyclage.be\/fr\/location-de-conteneurs\/conteneurs-a-presse\/#primaryimage\"},\"image\":{\"@id\":\"https:\/\/gielen-recyclage.be\/fr\/location-de-conteneurs\/conteneurs-a-presse\/#primaryimage\"},\"thumbnailUrl\":\"https:\/\/gielen-recyclage.be\/wp-content\/uploads\/2023\/07\/perscontainers-500x500-1.png\",\"datePublished\":\"2023-07-11T11:31:56+00:00\",\"dateModified\":\"2023-11-27T11:36:28+00:00\",\"description\":\"Vous voulez louer un container \u00e0 presse? Vous trouverez chez Containerservice Gielen des containers de qualit\u00e9 \u00e0 des conditions attractives.\",\"breadcrumb\":{\"@id\":\"https:\/\/gielen-recyclage.be\/fr\/location-de-conteneurs\/conteneurs-a-presse\/#breadcrumb\"},\"inLanguage\":\"fr-BE\",\"potentialAction\":[{\"@type\":\"ReadAction\",\"target\":[\"https:\/\/gielen-recyclage.be\/fr\/location-de-conteneurs\/conteneurs-a-presse\/\"]}]},{\"@type\":\"ImageObject\",\"inLanguage\":\"fr-BE\",\"@id\":\"https:\/\/gielen-recyclage.be\/fr\/location-de-conteneurs\/conteneurs-a-presse\/#primaryimage\",\"url\":\"https:\/\/gielen-recyclage.be\/wp-content\/uploads\/2023\/07\/perscontainers-500x500-1.png\",\"contentUrl\":\"https:\/\/gielen-recyclage.be\/wp-content\/uploads\/2023\/07\/perscontainers-500x500-1.png\",\"width\":500,\"height\":500},{\"@type\":\"BreadcrumbList\",\"@id\":\"https:\/\/gielen-recyclage.be\/fr\/location-de-conteneurs\/conteneurs-a-presse\/#breadcrumb\",\"itemListElement\":[{\"@type\":\"ListItem\",\"position\":1,\"name\":\"Home\",\"item\":\"https:\/\/gielen-recyclage.be\/fr\/\"},{\"@type\":\"ListItem\",\"position\":2,\"name\":\"Location de conteneurs\",\"item\":\"https:\/\/gielen-recyclage.be\/fr\/location-de-conteneurs\/\"},{\"@type\":\"ListItem\",\"position\":3,\"name\":\"Conteneurs \u00e0 presse\"}]},{\"@type\":\"WebSite\",\"@id\":\"https:\/\/gielen-recyclage.be\/#website\",\"url\":\"https:\/\/gielen-recyclage.be\/\",\"name\":\"Containerservice Gielen\",\"description\":\"\",\"potentialAction\":[{\"@type\":\"SearchAction\",\"target\":{\"@type\":\"EntryPoint\",\"urlTemplate\":\"https:\/\/gielen-recyclage.be\/?s={search_term_string}\"},\"query-input\":{\"@type\":\"PropertyValueSpecification\",\"valueRequired\":true,\"valueName\":\"search_term_string\"}}],\"inLanguage\":\"fr-BE\"}]}<\/script>\n<!-- \/ Yoast SEO plugin. -->","yoast_head_json":{"title":"Container \u00e0 presse Genk Limbourg Containerservice Gielen","description":"Vous voulez louer un container \u00e0 presse? Vous trouverez chez Containerservice Gielen des containers de qualit\u00e9 \u00e0 des conditions attractives.","robots":{"index":"index","follow":"follow","max-snippet":"max-snippet:-1","max-image-preview":"max-image-preview:large","max-video-preview":"max-video-preview:-1"},"canonical":"https:\/\/gielen-recyclage.be\/fr\/location-de-conteneurs\/conteneurs-a-presse\/","og_locale":"fr_FR","og_type":"article","og_title":"Container \u00e0 presse Genk Limbourg Containerservice Gielen","og_description":"Vous voulez louer un container \u00e0 presse? Vous trouverez chez Containerservice Gielen des containers de qualit\u00e9 \u00e0 des conditions attractives.","og_url":"https:\/\/gielen-recyclage.be\/fr\/location-de-conteneurs\/conteneurs-a-presse\/","og_site_name":"Containerservice Gielen","article_modified_time":"2023-11-27T11:36:28+00:00","og_image":[{"width":500,"height":500,"url":"https:\/\/gielen-recyclage.be\/wp-content\/uploads\/2023\/07\/perscontainers-500x500-1.png","type":"image\/png"}],"twitter_card":"summary_large_image","twitter_misc":{"Dur\u00e9e de lecture est.":"3 minutes"},"schema":{"@context":"https:\/\/schema.org","@graph":[{"@type":"WebPage","@id":"https:\/\/gielen-recyclage.be\/fr\/location-de-conteneurs\/conteneurs-a-presse\/","url":"https:\/\/gielen-recyclage.be\/fr\/location-de-conteneurs\/conteneurs-a-presse\/","name":"Container \u00e0 presse Genk Limbourg Containerservice Gielen","isPartOf":{"@id":"https:\/\/gielen-recyclage.be\/#website"},"primaryImageOfPage":{"@id":"https:\/\/gielen-recyclage.be\/fr\/location-de-conteneurs\/conteneurs-a-presse\/#primaryimage"},"image":{"@id":"https:\/\/gielen-recyclage.be\/fr\/location-de-conteneurs\/conteneurs-a-presse\/#primaryimage"},"thumbnailUrl":"https:\/\/gielen-recyclage.be\/wp-content\/uploads\/2023\/07\/perscontainers-500x500-1.png","datePublished":"2023-07-11T11:31:56+00:00","dateModified":"2023-11-27T11:36:28+00:00","description":"Vous voulez louer un container \u00e0 presse? Vous trouverez chez Containerservice Gielen des containers de qualit\u00e9 \u00e0 des conditions attractives.","breadcrumb":{"@id":"https:\/\/gielen-recyclage.be\/fr\/location-de-conteneurs\/conteneurs-a-presse\/#breadcrumb"},"inLanguage":"fr-BE","potentialAction":[{"@type":"ReadAction","target":["https:\/\/gielen-recyclage.be\/fr\/location-de-conteneurs\/conteneurs-a-presse\/"]}]},{"@type":"ImageObject","inLanguage":"fr-BE","@id":"https:\/\/gielen-recyclage.be\/fr\/location-de-conteneurs\/conteneurs-a-presse\/#primaryimage","url":"https:\/\/gielen-recyclage.be\/wp-content\/uploads\/2023\/07\/perscontainers-500x500-1.png","contentUrl":"https:\/\/gielen-recyclage.be\/wp-content\/uploads\/2023\/07\/perscontainers-500x500-1.png","width":500,"height":500},{"@type":"BreadcrumbList","@id":"https:\/\/gielen-recyclage.be\/fr\/location-de-conteneurs\/conteneurs-a-presse\/#breadcrumb","itemListElement":[{"@type":"ListItem","position":1,"name":"Home","item":"https:\/\/gielen-recyclage.be\/fr\/"},{"@type":"ListItem","position":2,"name":"Location de conteneurs","item":"https:\/\/gielen-recyclage.be\/fr\/location-de-conteneurs\/"},{"@type":"ListItem","position":3,"name":"Conteneurs \u00e0 presse"}]},{"@type":"WebSite","@id":"https:\/\/gielen-recyclage.be\/#website","url":"https:\/\/gielen-recyclage.be\/","name":"Containerservice Gielen","description":"","potentialAction":[{"@type":"SearchAction","target":{"@type":"EntryPoint","urlTemplate":"https:\/\/gielen-recyclage.be\/?s={search_term_string}"},"query-input":{"@type":"PropertyValueSpecification","valueRequired":true,"valueName":"search_term_string"}}],"inLanguage":"fr-BE"}]}},"_links":{"self":[{"href":"https:\/\/gielen-recyclage.be\/fr\/wp-json\/wp\/v2\/pages\/1992","targetHints":{"allow":["GET"]}}],"collection":[{"href":"https:\/\/gielen-recyclage.be\/fr\/wp-json\/wp\/v2\/pages"}],"about":[{"href":"https:\/\/gielen-recyclage.be\/fr\/wp-json\/wp\/v2\/types\/page"}],"author":[{"embeddable":true,"href":"https:\/\/gielen-recyclage.be\/fr\/wp-json\/wp\/v2\/users\/1"}],"replies":[{"embeddable":true,"href":"https:\/\/gielen-recyclage.be\/fr\/wp-json\/wp\/v2\/comments?post=1992"}],"version-history":[{"count":9,"href":"https:\/\/gielen-recyclage.be\/fr\/wp-json\/wp\/v2\/pages\/1992\/revisions"}],"predecessor-version":[{"id":2699,"href":"https:\/\/gielen-recyclage.be\/fr\/wp-json\/wp\/v2\/pages\/1992\/revisions\/2699"}],"up":[{"embeddable":true,"href":"https:\/\/gielen-recyclage.be\/fr\/wp-json\/wp\/v2\/pages\/1985"}],"wp:featuredmedia":[{"embeddable":true,"href":"https:\/\/gielen-recyclage.be\/fr\/wp-json\/wp\/v2\/media\/731"}],"wp:attachment":[{"href":"https:\/\/gielen-recyclage.be\/fr\/wp-json\/wp\/v2\/media?parent=1992"}],"wp:term":[{"taxonomy":"pagina-categorie","embeddable":true,"href":"https:\/\/gielen-recyclage.be\/fr\/wp-json\/wp\/v2\/pagina-categorie?post=1992"},{"taxonomy":"sector","embeddable":true,"href":"https:\/\/gielen-recyclage.be\/fr\/wp-json\/wp\/v2\/sector?post=1992"},{"taxonomy":"type-container-per-afvalsoort","embeddable":true,"href":"https:\/\/gielen-recyclage.be\/fr\/wp-json\/wp\/v2\/type-container-per-afvalsoort?post=1992"}],"curies":[{"name":"wp","href":"https:\/\/api.w.org\/{rel}","templated":true}]}}