{"id":1996,"date":"2023-07-11T13:31:56","date_gmt":"2023-07-11T11:31:56","guid":{"rendered":"https:\/\/gielen-recyclage.be\/?page_id=1996"},"modified":"2023-11-27T13:37:51","modified_gmt":"2023-11-27T11:37:51","slug":"conteneurs-enterres","status":"publish","type":"page","link":"https:\/\/gielen-recyclage.be\/fr\/location-de-conteneurs\/conteneurs-enterres\/","title":{"rendered":"Conteneurs enterr\u00e9s"},"content":{"rendered":"<section class=\"l-section wpb_row us_custom_d2199d32 height_auto\"><div class=\"l-section-h i-cf\"><div class=\"g-cols vc_row via_flex valign_middle type_boxes stacking_default\" style=\"--additional-gap:15px;\"><div class=\"vc_col-sm-1 vc_hidden-sm vc_hidden-xs wpb_column vc_column_container has_bg_color stretched\"><div class=\"vc_column-inner us_custom_f4b85bde\"><div class=\"wpb_wrapper\"><\/div><\/div><\/div><div class=\"vc_col-sm-7 vc_col-lg-7 vc_col-md-7 vc_col-xs-12 wpb_column vc_column_container has_bg_color\"><div class=\"vc_column-inner us_custom_43bb1cd8\"><div class=\"wpb_wrapper\"><div class=\"wpb_text_column\"><div class=\"wpb_wrapper\"><h1><strong>LES CONTENEURS ENTERR\u00c9S<\/strong><br \/>\nDE GIELEN NV<\/h1>\n<p>L\u2019espace occup\u00e9 par les conteneurs empi\u00e8te parfois sur votre capacit\u00e9 de stockage ou de production. Les conteneurs enterr\u00e9s sont donc un moyen pratique et peu encombrant de trier vos d\u00e9chets, en plus d\u2019emp\u00eacher les odeurs d\u00e9sagr\u00e9ables de se r\u00e9pandre. Les conteneurs de Containerservice Gielen se distinguent par leur durabilit\u00e9 et leur simplicit\u00e9 d\u2019utilisation.<\/p>\n<p>Nous tenons aussi \u00e0 offrir des conseils professionnels et une approche individuelle \u00e0 chaque client. Bien entendu, vous pouvez \u00e9galement compter sur nous pour vider r\u00e9guli\u00e8rement vos conteneurs et \u00e9liminer vos d\u00e9chets dans le respect de l\u2019environnement.<\/p>\n<\/div><\/div><div class=\"w-separator size_small\"><\/div><div class=\"w-btn-wrapper align_none\"><a class=\"w-btn us-btn-style_2 icon_atright\" title=\"Offerteaanvraag\" href=\"#container\"><span class=\"w-btn-label\">Nos conteneurs<\/span><i class=\"far fa-long-arrow-right\"><\/i><\/a><\/div><div class=\"w-btn-wrapper align_none\"><a class=\"w-btn us-btn-style_1 icon_atright\" title=\"Offerteaanvraag\" href=\"https:\/\/gielen-recyclage.be\/fr\/demande-de-devis\/\"><span class=\"w-btn-label\">Je souhaite un devis<\/span><i class=\"far fa-long-arrow-right\"><\/i><\/a><\/div><\/div><\/div><\/div><div class=\"vc_col-sm-5 vc_col-lg-4 vc_col-md-4 vc_col-xs-12 wpb_column vc_column_container h300 popupopen has_bg_color stretched\"><div class=\"vc_column-inner us_custom_dd52b94e\"><div class=\"wpb_wrapper\"><\/div><\/div><\/div><\/div><\/div><\/section><section class=\"l-section wpb_row height_large\"><div class=\"l-section-h i-cf\"><div class=\"g-cols vc_row via_flex valign_top type_default stacking_default\" style=\"--additional-gap:15px;\"><div class=\"vc_col-sm-6 wpb_column vc_column_container m300 has_bg_color\"><div class=\"vc_column-inner us_custom_0b0ddd8d\"><div class=\"wpb_wrapper\"><\/div><\/div><\/div><div class=\"vc_col-sm-1 wpb_column vc_column_container\"><div class=\"vc_column-inner\"><div class=\"wpb_wrapper\"><\/div><\/div><\/div><div class=\"vc_col-sm-5 wpb_column vc_column_container\"><div class=\"vc_column-inner\"><div class=\"wpb_wrapper\"><div class=\"wpb_text_column\"><div class=\"wpb_wrapper\"><h2>CONTENEURS ENTERR\u00c9S<br \/>\nPOUR <strong>CHAQUE TYPE DE D\u00c9CHET<\/strong><\/h2>\n<p>Chez Containerservice Gielen, vous pouvez louer un conteneur enterr\u00e9 d\u2019excellente qualit\u00e9. Les conteneurs enterr\u00e9s conviennent \u00e0 tous les types de d\u00e9chets, tels que les d\u00e9chets commerciaux et m\u00e9nagers, le papier, carton et verre, les PMC et d\u00e9chets r\u00e9siduels.<\/p>\n<p>Ils pr\u00e9sentent de nombreux avantages\u202f: non seulement ils sont peu encombrants, mais ils \u00e9vitent les nuisances olfactives en \u00e9t\u00e9, puisqu\u2019ils sont souterrains. Bien qu\u2019il soit n\u00e9cessaire de les vider r\u00e9guli\u00e8rement, c\u2019est l\u00e0 aussi une t\u00e2che que nous serons ravis de prendre en charge pour vous d\u00e9charger de tout souci.<\/p>\n<\/div><\/div><div class=\"w-separator size_medium\"><\/div><div class=\"w-btn-wrapper align_none\"><a class=\"w-btn us-btn-style_1 icon_atright\" title=\"Offerteaanvraag\" href=\"https:\/\/gielen-recyclage.be\/fr\/demande-de-devis\/\"><span class=\"w-btn-label\">Je souhaite un devis<\/span><i class=\"far fa-long-arrow-right\"><\/i><\/a><\/div><\/div><\/div><\/div><\/div><\/div><\/section><section class=\"l-section wpb_row height_auto\" id=\"container\"><div class=\"l-section-h i-cf\"><div class=\"g-cols vc_row via_flex valign_top type_default stacking_default\"><div class=\"vc_col-sm-12 wpb_column vc_column_container\"><div class=\"vc_column-inner\"><div class=\"wpb_wrapper\"><div class=\"g-cols wpb_row via_flex valign_top type_default stacking_default\"><div class=\"vc_col-sm-6 wpb_column vc_column_container\"><div class=\"vc_column-inner\"><div class=\"wpb_wrapper\"><div class=\"wpb_text_column\"><div class=\"wpb_wrapper\"><h3>TYPES DE CONTENEURS ENTERR\u00c9S<\/h3>\n<p>Si vous cherchez un conteneur \u00e0 d\u00e9chets enterr\u00e9 ou semi-enterr\u00e9, vous \u00eates \u00e0 la bonne adresse chez Containerservice Gielen. Nous disposons d\u2019une large gamme de conteneurs vari\u00e9s, de haute qualit\u00e9 et faciles \u00e0 utiliser, adapt\u00e9s \u00e0 votre flux de d\u00e9chets.<\/p>\n<\/div><\/div><\/div><\/div><\/div><div class=\"vc_col-sm-6 wpb_column vc_column_container\"><div class=\"vc_column-inner\"><div class=\"wpb_wrapper\"><\/div><\/div><\/div><\/div><div class=\"w-separator size_medium\"><\/div><\/div><\/div><\/div><\/div><\/div><\/section><section class=\"l-section wpb_row height_huge\"><div class=\"l-section-h i-cf\"><div class=\"g-cols vc_row via_flex valign_middle type_boxes stacking_default\"><div class=\"vc_col-sm-8 wpb_column vc_column_container has_bg_color\"><div class=\"vc_column-inner us_custom_5fb9c346\"><div class=\"wpb_wrapper\"><div class=\"wpb_text_column us_custom_02d42652 has_text_color\"><div class=\"wpb_wrapper\"><h3>FAITES UN PETIT TOUR D\u2019HORIZON<br \/>\nDE NOS DIVERS <strong>CONTENEURS ENTERR\u00c9S <\/strong><\/h3>\n<\/div><\/div><\/div><\/div><\/div><div class=\"vc_col-sm-4 wpb_column vc_column_container has_bg_color\"><div class=\"vc_column-inner us_custom_5fb9c346\"><div class=\"wpb_wrapper\"><div class=\"w-btn-wrapper align_center\"><a class=\"w-btn us-btn-style_3 icon_atright\" title=\"Contact\" href=\"https:\/\/gielen-recyclage.be\/fr\/brochures\/\"><span class=\"w-btn-label\">J&rsquo;aimerais voir la brochure<\/span><i class=\"far fa-long-arrow-right\"><\/i><\/a><\/div><\/div><\/div><\/div><\/div><\/div><\/section><section class=\"l-section wpb_row height_auto\"><div class=\"l-section-h i-cf\"><div class=\"g-cols vc_row via_flex valign_top type_default stacking_default\"><div class=\"vc_col-sm-6 wpb_column vc_column_container\"><div class=\"vc_column-inner\"><div class=\"wpb_wrapper\"><div class=\"wpb_text_column\"><div class=\"wpb_wrapper\"><h2>CONTENEURS ENTERR\u00c9S<br \/>\nPOUR DIVERS<br \/>\n<strong>FLUX DE D\u00c9CHETS<\/strong><\/h2>\n<p>D\u00e9chets commerciaux et r\u00e9siduels, papier et carton, verre m\u00e9nager, PMC&#8230; Ces diff\u00e9rents flux de d\u00e9chets prennent souvent beaucoup de place, il est donc important de les trier minutieusement et de les \u00e9liminer de mani\u00e8re \u00e9cologique\u202f!<\/p>\n<p>Chez Containerservice Gielen, vous pouvez louer un conteneur enterr\u00e9 de la plus haute qualit\u00e9, d\u2019une convivialit\u00e9 sans pareille. Forts de trois g\u00e9n\u00e9rations d\u2019exp\u00e9rience dans la gestion des d\u00e9chets, nous sommes heureux de vous accompagner dans ce processus. Avec nous, vous pouvez compter sur une approche personnalis\u00e9e et des conseils professionnels, pour avoir la meilleure solution pour votre secteur et votre flux de d\u00e9chets.<\/p>\n<\/div><\/div><\/div><\/div><\/div><div class=\"vc_col-sm-6 wpb_column vc_column_container\"><div class=\"vc_column-inner\"><div class=\"wpb_wrapper\"><\/div><\/div><\/div><\/div><\/div><\/section><section class=\"l-section wpb_row height_large\"><div class=\"l-section-h i-cf\"><div class=\"g-cols vc_row via_flex valign_top type_default stacking_default\"><div class=\"vc_col-sm-12 wpb_column vc_column_container\"><div class=\"vc_column-inner\"><div class=\"wpb_wrapper\"><div class=\"w-grid us_grid type_grid layout_467 hidden cols_4 preload_style_spinner\" id=\"us_grid_1\" style=\"--columns:4;--gap:1rem;\" data-filterable=\"true\"><style>@media (max-width:1380px){#us_grid_1{--columns:3!important}}@media (max-width:960px){#us_grid_1{--columns:2!important}}@media (max-width:767px){#us_grid_1{--columns:1!important}}.layout_467 .w-grid-item-h{}.layout_467 .usg_vwrapper_1{}.layout_467 .w-grid-item-h:focus-within .usg_vwrapper_1,.layout_467 .w-grid-item-h:hover .usg_vwrapper_1{background:var(--color-alt-content-bg-alt)!important;color:#ffffff!important}.layout_467 .usg_vwrapper_1{color:var(--color-header-middle-text)!important;height:100%!important;padding:30px!important;background:#F2F2F2!important}.layout_467 .usg_post_custom_field_1{max-width:150px!important}<\/style><div class=\"w-grid-list\"><\/div>\t<div class=\"w-grid-preloader\">\r\n\t\t<div class=\"g-preloader type_1\">\r\n\t\t\t<div><\/div>\r\n\t\t<\/div>\r\n\t<\/div>\r\n\t\t<div class=\"w-grid-json hidden\" onclick='return {&quot;action&quot;:&quot;us_ajax_grid&quot;,&quot;infinite_scroll&quot;:0,&quot;max_num_pages&quot;:0,&quot;pagination&quot;:&quot;none&quot;,&quot;template_vars&quot;:{&quot;columns&quot;:&quot;4&quot;,&quot;exclude_items&quot;:&quot;none&quot;,&quot;img_size&quot;:&quot;default&quot;,&quot;ignore_items_size&quot;:0,&quot;items_layout&quot;:&quot;467&quot;,&quot;items_offset&quot;:&quot;1&quot;,&quot;load_animation&quot;:&quot;none&quot;,&quot;overriding_link&quot;:&quot;%7B%22type%22%3A%22post%22%7D&quot;,&quot;post_id&quot;:0,&quot;query_args&quot;:{&quot;post_type&quot;:[&quot;page&quot;],&quot;tax_query&quot;:[{&quot;taxonomy&quot;:&quot;type-container-per-afvalsoort&quot;,&quot;field&quot;:&quot;slug&quot;,&quot;terms&quot;:[&quot;ondergrondse-container&quot;]}],&quot;post_status&quot;:[&quot;publish&quot;,&quot;acf-disabled&quot;],&quot;posts_per_page&quot;:999},&quot;orderby_query_args&quot;:{&quot;orderby&quot;:{&quot;date&quot;:&quot;DESC&quot;}},&quot;type&quot;:&quot;grid&quot;,&quot;us_grid_post_type&quot;:&quot;page&quot;,&quot;us_grid_ajax_index&quot;:1,&quot;us_grid_filter_query_string&quot;:null,&quot;us_grid_index&quot;:1,&quot;page_args&quot;:[],&quot;lang&quot;:&quot;fr&quot;}}'><\/div>\r\n\t<\/div><div class=\"w-grid-none type_message\">Aucun r\u00e9sultat.<\/div><div class=\"w-separator size_medium\"><\/div><div class=\"w-btn-wrapper align_none\"><a class=\"w-btn us-btn-style_1 icon_atright\" href=\"https:\/\/gielen-recyclage.be\/fr\/types-de-dechets\/\"><span class=\"w-btn-label\">D\u00e9couvrez nos autres flux de d\u00e9chets<\/span><i class=\"fas fa-long-arrow-right\"><\/i><\/a><\/div><\/div><\/div><\/div><\/div><\/div><\/section><section class=\"l-section wpb_row height_large\"><div class=\"l-section-h i-cf\"><div class=\"g-cols vc_row via_flex valign_top type_default stacking_default\" style=\"--additional-gap:15px;\"><div class=\"vc_col-sm-3 wpb_column vc_column_container m300 has_bg_color\"><div class=\"vc_column-inner us_custom_b89b5f49\"><div class=\"wpb_wrapper\"><\/div><\/div><\/div><div class=\"vc_col-sm-3 vc_hidden-xs wpb_column vc_column_container has_bg_color\"><div class=\"vc_column-inner us_custom_14fa22e5\"><div class=\"wpb_wrapper\"><\/div><\/div><\/div><div class=\"vc_col-sm-1 wpb_column vc_column_container\"><div class=\"vc_column-inner\"><div class=\"wpb_wrapper\"><\/div><\/div><\/div><div class=\"vc_col-sm-5 wpb_column vc_column_container\"><div class=\"vc_column-inner\"><div class=\"wpb_wrapper\"><div class=\"wpb_text_column\"><div class=\"wpb_wrapper\"><h2>NOS<br \/>\n<strong>CONTENEURS<\/strong><\/h2>\n<p>Avec nos conteneurs pratiques et de haute qualit\u00e9, il n\u2019a jamais \u00e9t\u00e9 aussi facile de trier. Modernes, nos camions sont \u00e9quip\u00e9s des derniers syst\u00e8mes de d\u00e9chargement et installations de levage adapt\u00e9s, ce qui nous permet de garantir un service rapide.<\/p>\n<p>Nos chauffeurs qualifi\u00e9s sont en contact permanent avec le service de planification. Ils peuvent donc \u00eatre d\u00e9ploy\u00e9s de mani\u00e8re flexible et efficace. En effet, la mise en place, la collecte et la vidange des conteneurs doivent se faire \u00e0 flux tendu. Il existe diff\u00e9rentes possibilit\u00e9s logistiques pour chaque situation de d\u00e9chets et nous nous ferons un plaisir de vous proposer un concept cl\u00e9 en main \u00e9conomique.<\/p>\n<\/div><\/div><div class=\"w-separator size_medium\"><\/div><div class=\"w-btn-wrapper align_none\"><a class=\"w-btn us-btn-style_1 icon_atright\" title=\"Offerteaanvraag\" href=\"https:\/\/gielen-recyclage.be\/fr\/demande-de-devis\/\"><span class=\"w-btn-label\">Je souhaite un devis<\/span><i class=\"far fa-long-arrow-right\"><\/i><\/a><\/div><\/div><\/div><\/div><\/div><\/div><\/section>\n","protected":false},"excerpt":{"rendered":"LES CONTENEURS ENTERR\u00c9S DE GIELEN NV L\u2019espace occup\u00e9 par les conteneurs empi\u00e8te parfois sur votre capacit\u00e9 de stockage ou de production. Les conteneurs enterr\u00e9s sont donc un moyen pratique et peu encombrant de trier vos d\u00e9chets, en plus d\u2019emp\u00eacher les odeurs d\u00e9sagr\u00e9ables de se r\u00e9pandre. Les conteneurs de Containerservice Gielen se distinguent par leur durabilit\u00e9...","protected":false},"author":1,"featured_media":734,"parent":1985,"menu_order":4,"comment_status":"closed","ping_status":"closed","template":"","meta":{"footnotes":""},"pagina-categorie":[148],"sector":[],"type-container-per-afvalsoort":[],"class_list":["post-1996","page","type-page","status-publish","has-post-thumbnail","hentry","pagina-categorie-containers-fr"],"acf":[],"yoast_head":"<!-- This site is optimized with the Yoast SEO plugin v26.2 - https:\/\/yoast.com\/wordpress\/plugins\/seo\/ -->\n<title>Container enterr\u00e9 Genk Limbourg<\/title>\n<meta name=\"description\" content=\"Installer un container enterr\u00e9! Si vous cherchez le container enterr\u00e9 le plus durable, faites confiance \u00e0 Containerservice Gielen \u00e0 Genk. Contactez nous !\" \/>\n<meta name=\"robots\" content=\"index, follow, max-snippet:-1, max-image-preview:large, max-video-preview:-1\" \/>\n<link rel=\"canonical\" href=\"https:\/\/gielen-recyclage.be\/fr\/location-de-conteneurs\/conteneurs-enterres\/\" \/>\n<meta property=\"og:locale\" content=\"fr_FR\" \/>\n<meta property=\"og:type\" content=\"article\" \/>\n<meta property=\"og:title\" content=\"Container enterr\u00e9 Genk Limbourg\" \/>\n<meta property=\"og:description\" content=\"Installer un container enterr\u00e9! Si vous cherchez le container enterr\u00e9 le plus durable, faites confiance \u00e0 Containerservice Gielen \u00e0 Genk. Contactez nous !\" \/>\n<meta property=\"og:url\" content=\"https:\/\/gielen-recyclage.be\/fr\/location-de-conteneurs\/conteneurs-enterres\/\" \/>\n<meta property=\"og:site_name\" content=\"Containerservice Gielen\" \/>\n<meta property=\"article:modified_time\" content=\"2023-11-27T11:37:51+00:00\" \/>\n<meta property=\"og:image\" content=\"https:\/\/gielen-recyclage.be\/wp-content\/uploads\/2023\/07\/Ondergrondse_containers-500x500-1.png\" \/>\n\t<meta property=\"og:image:width\" content=\"500\" \/>\n\t<meta property=\"og:image:height\" content=\"500\" \/>\n\t<meta property=\"og:image:type\" content=\"image\/png\" \/>\n<meta name=\"twitter:card\" content=\"summary_large_image\" \/>\n<meta name=\"twitter:label1\" content=\"Dur\u00e9e de lecture est.\" \/>\n\t<meta name=\"twitter:data1\" content=\"3 minutes\" \/>\n<script type=\"application\/ld+json\" class=\"yoast-schema-graph\">{\"@context\":\"https:\/\/schema.org\",\"@graph\":[{\"@type\":\"WebPage\",\"@id\":\"https:\/\/gielen-recyclage.be\/fr\/location-de-conteneurs\/conteneurs-enterres\/\",\"url\":\"https:\/\/gielen-recyclage.be\/fr\/location-de-conteneurs\/conteneurs-enterres\/\",\"name\":\"Container enterr\u00e9 Genk Limbourg\",\"isPartOf\":{\"@id\":\"https:\/\/gielen-recyclage.be\/#website\"},\"primaryImageOfPage\":{\"@id\":\"https:\/\/gielen-recyclage.be\/fr\/location-de-conteneurs\/conteneurs-enterres\/#primaryimage\"},\"image\":{\"@id\":\"https:\/\/gielen-recyclage.be\/fr\/location-de-conteneurs\/conteneurs-enterres\/#primaryimage\"},\"thumbnailUrl\":\"https:\/\/gielen-recyclage.be\/wp-content\/uploads\/2023\/07\/Ondergrondse_containers-500x500-1.png\",\"datePublished\":\"2023-07-11T11:31:56+00:00\",\"dateModified\":\"2023-11-27T11:37:51+00:00\",\"description\":\"Installer un container enterr\u00e9! Si vous cherchez le container enterr\u00e9 le plus durable, faites confiance \u00e0 Containerservice Gielen \u00e0 Genk. Contactez nous !\",\"breadcrumb\":{\"@id\":\"https:\/\/gielen-recyclage.be\/fr\/location-de-conteneurs\/conteneurs-enterres\/#breadcrumb\"},\"inLanguage\":\"fr-BE\",\"potentialAction\":[{\"@type\":\"ReadAction\",\"target\":[\"https:\/\/gielen-recyclage.be\/fr\/location-de-conteneurs\/conteneurs-enterres\/\"]}]},{\"@type\":\"ImageObject\",\"inLanguage\":\"fr-BE\",\"@id\":\"https:\/\/gielen-recyclage.be\/fr\/location-de-conteneurs\/conteneurs-enterres\/#primaryimage\",\"url\":\"https:\/\/gielen-recyclage.be\/wp-content\/uploads\/2023\/07\/Ondergrondse_containers-500x500-1.png\",\"contentUrl\":\"https:\/\/gielen-recyclage.be\/wp-content\/uploads\/2023\/07\/Ondergrondse_containers-500x500-1.png\",\"width\":500,\"height\":500},{\"@type\":\"BreadcrumbList\",\"@id\":\"https:\/\/gielen-recyclage.be\/fr\/location-de-conteneurs\/conteneurs-enterres\/#breadcrumb\",\"itemListElement\":[{\"@type\":\"ListItem\",\"position\":1,\"name\":\"Home\",\"item\":\"https:\/\/gielen-recyclage.be\/fr\/\"},{\"@type\":\"ListItem\",\"position\":2,\"name\":\"Location de conteneurs\",\"item\":\"https:\/\/gielen-recyclage.be\/fr\/location-de-conteneurs\/\"},{\"@type\":\"ListItem\",\"position\":3,\"name\":\"Conteneurs enterr\u00e9s\"}]},{\"@type\":\"WebSite\",\"@id\":\"https:\/\/gielen-recyclage.be\/#website\",\"url\":\"https:\/\/gielen-recyclage.be\/\",\"name\":\"Containerservice Gielen\",\"description\":\"\",\"potentialAction\":[{\"@type\":\"SearchAction\",\"target\":{\"@type\":\"EntryPoint\",\"urlTemplate\":\"https:\/\/gielen-recyclage.be\/?s={search_term_string}\"},\"query-input\":{\"@type\":\"PropertyValueSpecification\",\"valueRequired\":true,\"valueName\":\"search_term_string\"}}],\"inLanguage\":\"fr-BE\"}]}<\/script>\n<!-- \/ Yoast SEO plugin. -->","yoast_head_json":{"title":"Container enterr\u00e9 Genk Limbourg","description":"Installer un container enterr\u00e9! Si vous cherchez le container enterr\u00e9 le plus durable, faites confiance \u00e0 Containerservice Gielen \u00e0 Genk. Contactez nous !","robots":{"index":"index","follow":"follow","max-snippet":"max-snippet:-1","max-image-preview":"max-image-preview:large","max-video-preview":"max-video-preview:-1"},"canonical":"https:\/\/gielen-recyclage.be\/fr\/location-de-conteneurs\/conteneurs-enterres\/","og_locale":"fr_FR","og_type":"article","og_title":"Container enterr\u00e9 Genk Limbourg","og_description":"Installer un container enterr\u00e9! Si vous cherchez le container enterr\u00e9 le plus durable, faites confiance \u00e0 Containerservice Gielen \u00e0 Genk. Contactez nous !","og_url":"https:\/\/gielen-recyclage.be\/fr\/location-de-conteneurs\/conteneurs-enterres\/","og_site_name":"Containerservice Gielen","article_modified_time":"2023-11-27T11:37:51+00:00","og_image":[{"width":500,"height":500,"url":"https:\/\/gielen-recyclage.be\/wp-content\/uploads\/2023\/07\/Ondergrondse_containers-500x500-1.png","type":"image\/png"}],"twitter_card":"summary_large_image","twitter_misc":{"Dur\u00e9e de lecture est.":"3 minutes"},"schema":{"@context":"https:\/\/schema.org","@graph":[{"@type":"WebPage","@id":"https:\/\/gielen-recyclage.be\/fr\/location-de-conteneurs\/conteneurs-enterres\/","url":"https:\/\/gielen-recyclage.be\/fr\/location-de-conteneurs\/conteneurs-enterres\/","name":"Container enterr\u00e9 Genk Limbourg","isPartOf":{"@id":"https:\/\/gielen-recyclage.be\/#website"},"primaryImageOfPage":{"@id":"https:\/\/gielen-recyclage.be\/fr\/location-de-conteneurs\/conteneurs-enterres\/#primaryimage"},"image":{"@id":"https:\/\/gielen-recyclage.be\/fr\/location-de-conteneurs\/conteneurs-enterres\/#primaryimage"},"thumbnailUrl":"https:\/\/gielen-recyclage.be\/wp-content\/uploads\/2023\/07\/Ondergrondse_containers-500x500-1.png","datePublished":"2023-07-11T11:31:56+00:00","dateModified":"2023-11-27T11:37:51+00:00","description":"Installer un container enterr\u00e9! Si vous cherchez le container enterr\u00e9 le plus durable, faites confiance \u00e0 Containerservice Gielen \u00e0 Genk. Contactez nous !","breadcrumb":{"@id":"https:\/\/gielen-recyclage.be\/fr\/location-de-conteneurs\/conteneurs-enterres\/#breadcrumb"},"inLanguage":"fr-BE","potentialAction":[{"@type":"ReadAction","target":["https:\/\/gielen-recyclage.be\/fr\/location-de-conteneurs\/conteneurs-enterres\/"]}]},{"@type":"ImageObject","inLanguage":"fr-BE","@id":"https:\/\/gielen-recyclage.be\/fr\/location-de-conteneurs\/conteneurs-enterres\/#primaryimage","url":"https:\/\/gielen-recyclage.be\/wp-content\/uploads\/2023\/07\/Ondergrondse_containers-500x500-1.png","contentUrl":"https:\/\/gielen-recyclage.be\/wp-content\/uploads\/2023\/07\/Ondergrondse_containers-500x500-1.png","width":500,"height":500},{"@type":"BreadcrumbList","@id":"https:\/\/gielen-recyclage.be\/fr\/location-de-conteneurs\/conteneurs-enterres\/#breadcrumb","itemListElement":[{"@type":"ListItem","position":1,"name":"Home","item":"https:\/\/gielen-recyclage.be\/fr\/"},{"@type":"ListItem","position":2,"name":"Location de conteneurs","item":"https:\/\/gielen-recyclage.be\/fr\/location-de-conteneurs\/"},{"@type":"ListItem","position":3,"name":"Conteneurs enterr\u00e9s"}]},{"@type":"WebSite","@id":"https:\/\/gielen-recyclage.be\/#website","url":"https:\/\/gielen-recyclage.be\/","name":"Containerservice Gielen","description":"","potentialAction":[{"@type":"SearchAction","target":{"@type":"EntryPoint","urlTemplate":"https:\/\/gielen-recyclage.be\/?s={search_term_string}"},"query-input":{"@type":"PropertyValueSpecification","valueRequired":true,"valueName":"search_term_string"}}],"inLanguage":"fr-BE"}]}},"_links":{"self":[{"href":"https:\/\/gielen-recyclage.be\/fr\/wp-json\/wp\/v2\/pages\/1996","targetHints":{"allow":["GET"]}}],"collection":[{"href":"https:\/\/gielen-recyclage.be\/fr\/wp-json\/wp\/v2\/pages"}],"about":[{"href":"https:\/\/gielen-recyclage.be\/fr\/wp-json\/wp\/v2\/types\/page"}],"author":[{"embeddable":true,"href":"https:\/\/gielen-recyclage.be\/fr\/wp-json\/wp\/v2\/users\/1"}],"replies":[{"embeddable":true,"href":"https:\/\/gielen-recyclage.be\/fr\/wp-json\/wp\/v2\/comments?post=1996"}],"version-history":[{"count":8,"href":"https:\/\/gielen-recyclage.be\/fr\/wp-json\/wp\/v2\/pages\/1996\/revisions"}],"predecessor-version":[{"id":2701,"href":"https:\/\/gielen-recyclage.be\/fr\/wp-json\/wp\/v2\/pages\/1996\/revisions\/2701"}],"up":[{"embeddable":true,"href":"https:\/\/gielen-recyclage.be\/fr\/wp-json\/wp\/v2\/pages\/1985"}],"wp:featuredmedia":[{"embeddable":true,"href":"https:\/\/gielen-recyclage.be\/fr\/wp-json\/wp\/v2\/media\/734"}],"wp:attachment":[{"href":"https:\/\/gielen-recyclage.be\/fr\/wp-json\/wp\/v2\/media?parent=1996"}],"wp:term":[{"taxonomy":"pagina-categorie","embeddable":true,"href":"https:\/\/gielen-recyclage.be\/fr\/wp-json\/wp\/v2\/pagina-categorie?post=1996"},{"taxonomy":"sector","embeddable":true,"href":"https:\/\/gielen-recyclage.be\/fr\/wp-json\/wp\/v2\/sector?post=1996"},{"taxonomy":"type-container-per-afvalsoort","embeddable":true,"href":"https:\/\/gielen-recyclage.be\/fr\/wp-json\/wp\/v2\/type-container-per-afvalsoort?post=1996"}],"curies":[{"name":"wp","href":"https:\/\/api.w.org\/{rel}","templated":true}]}}