{"id":1997,"date":"2023-07-11T13:31:56","date_gmt":"2023-07-11T11:31:56","guid":{"rendered":"https:\/\/gielen-recyclage.be\/?page_id=1997"},"modified":"2023-11-27T13:38:23","modified_gmt":"2023-11-27T11:38:23","slug":"conteneurs-a-boues","status":"publish","type":"page","link":"https:\/\/gielen-recyclage.be\/fr\/location-de-conteneurs\/conteneurs-a-boues\/","title":{"rendered":"Conteneurs \u00e0 boues"},"content":{"rendered":"<section class=\"l-section wpb_row us_custom_d2199d32 height_auto\"><div class=\"l-section-h i-cf\"><div class=\"g-cols vc_row via_flex valign_middle type_boxes stacking_default\" style=\"--additional-gap:15px;\"><div class=\"vc_col-sm-1 vc_hidden-sm vc_hidden-xs wpb_column vc_column_container has_bg_color stretched\"><div class=\"vc_column-inner us_custom_0e767583\"><div class=\"wpb_wrapper\"><\/div><\/div><\/div><div class=\"vc_col-sm-7 vc_col-lg-7 vc_col-md-7 vc_col-xs-12 wpb_column vc_column_container has_bg_color\"><div class=\"vc_column-inner us_custom_43bb1cd8\"><div class=\"wpb_wrapper\"><div class=\"wpb_text_column\"><div class=\"wpb_wrapper\"><h1>LES <strong>CONTENEURS \u00c0 BOUES<\/strong><br \/>\nDE CONTAINERSERVICE GIELEN<\/h1>\n<p>Le stockage et l\u2019\u00e9limination des boues liquides et s\u00e8ches ne sont pas si simples, car soumises \u00e0 une l\u00e9gislation environnementale stricte et \u00e0 des possibilit\u00e9s limit\u00e9es de mise en d\u00e9charge. Cependant, les conteneurs \u00e0 boues de Containerservice Gielen vous permettent de traiter les boues sans difficult\u00e9\u202f: ils sont \u00e9quip\u00e9s \u00e0 l\u2019arri\u00e8re d\u2019une porte \u00e9tanche avec des joints en caoutchouc.<\/p>\n<p>Le conteneur est ainsi parfaitement \u00e9tanche, pour un stockage et un transport irr\u00e9prochables des boues. Ces boues sont ensuite trait\u00e9es de mani\u00e8re \u00e9cologique et dans le respect de la l\u00e9gislation.<\/p>\n<\/div><\/div><div class=\"w-separator size_small\"><\/div><div class=\"w-btn-wrapper align_none\"><a class=\"w-btn us-btn-style_2 icon_atright\" title=\"Offerteaanvraag\" href=\"#container\"><span class=\"w-btn-label\">Nos conteneurs<\/span><i class=\"far fa-long-arrow-right\"><\/i><\/a><\/div><div class=\"w-btn-wrapper align_none\"><a class=\"w-btn us-btn-style_1 icon_atright\" title=\"Offerteaanvraag\" href=\"https:\/\/gielen-recyclage.be\/fr\/demande-de-devis\/\"><span class=\"w-btn-label\">Je souhaite un devis<\/span><i class=\"far fa-long-arrow-right\"><\/i><\/a><\/div><\/div><\/div><\/div><div class=\"vc_col-sm-5 vc_col-lg-4 vc_col-md-4 vc_col-xs-12 wpb_column vc_column_container h300 popupopen has_bg_color stretched\"><div class=\"vc_column-inner us_custom_1c418750\"><div class=\"wpb_wrapper\"><\/div><\/div><\/div><\/div><\/div><\/section><section class=\"l-section wpb_row height_large\"><div class=\"l-section-h i-cf\"><div class=\"g-cols vc_row via_flex valign_top type_default stacking_default\" style=\"--additional-gap:15px;\"><div class=\"vc_col-sm-6 wpb_column vc_column_container m300 has_bg_color\"><div class=\"vc_column-inner us_custom_d48da46d\"><div class=\"wpb_wrapper\"><\/div><\/div><\/div><div class=\"vc_col-sm-1 wpb_column vc_column_container\"><div class=\"vc_column-inner\"><div class=\"wpb_wrapper\"><\/div><\/div><\/div><div class=\"vc_col-sm-5 wpb_column vc_column_container\"><div class=\"vc_column-inner\"><div class=\"wpb_wrapper\"><div class=\"wpb_text_column\"><div class=\"wpb_wrapper\"><h2>CONTENEURS \u00c0 BOUES<br \/>\nPOUR <strong>LES D\u00c9CHETS SP\u00c9CIAUX<\/strong><\/h2>\n<p>Containerservice Gielen propose \u00e9galement des solutions efficaces pour traiter les d\u00e9chets sp\u00e9ciaux. Nous proposons par exemple des conteneurs \u00e0 boues de haute qualit\u00e9, pour stocker, transporter et traiter en toute s\u00e9curit\u00e9 les boues plus ou moins liquides. Gr\u00e2ce aux derni\u00e8res technologies, ces conteneurs sont d\u00e9sormais parfaitement \u00e9tanches.<\/p>\n<p>Une b\u00e2che ou un toit hydraulique durable et flexible sont la garantie d\u2019un transport sans probl\u00e8me, et permettent de gagner beaucoup de temps lors du chargement et du d\u00e9chargement. Le toit, qui emp\u00eache la pluie de tomber dans le conteneur \u00e0 boues ouvert et \u00e9vite les nuisances olfactives, peut \u00eatre actionn\u00e9 manuellement ou \u00e9lectriquement.<\/p>\n<\/div><\/div><div class=\"w-separator size_medium\"><\/div><div class=\"w-btn-wrapper align_none\"><a class=\"w-btn us-btn-style_1 icon_atright\" title=\"Offerteaanvraag\" href=\"https:\/\/gielen-recyclage.be\/fr\/demande-de-devis\/\"><span class=\"w-btn-label\">Je souhaite un devis<\/span><i class=\"far fa-long-arrow-right\"><\/i><\/a><\/div><\/div><\/div><\/div><\/div><\/div><\/section><section class=\"l-section wpb_row height_auto\" id=\"container\"><div class=\"l-section-h i-cf\"><div class=\"g-cols vc_row via_flex valign_top type_default stacking_default\"><div class=\"vc_col-sm-12 wpb_column vc_column_container\"><div class=\"vc_column-inner\"><div class=\"wpb_wrapper\"><div class=\"g-cols wpb_row via_flex valign_top type_default stacking_default\"><div class=\"vc_col-sm-6 wpb_column vc_column_container\"><div class=\"vc_column-inner\"><div class=\"wpb_wrapper\"><div class=\"wpb_text_column\"><div class=\"wpb_wrapper\"><h3>TYPES DE <strong>CONTENEURS \u00c0 BOUES<\/strong><\/h3>\n<p>Chez Containerservice Gielen, nous proposons \u00e9galement des conteneurs sp\u00e9ciaux, tels que des conteneurs \u00e0 boues. Ces conteneurs \u00e0 boues ouverts peuvent \u00eatre \u00e9quip\u00e9s d\u2019une b\u00e2che ou d\u2019un toit hydraulique. Ils conviennent aux d\u00e9chets de boues plus ou moins liquides gr\u00e2ce \u00e0 la porte \u00e9tanche \u00e0 l\u2019arri\u00e8re avec des joints en caoutchouc.<\/p>\n<\/div><\/div><\/div><\/div><\/div><div class=\"vc_col-sm-6 wpb_column vc_column_container\"><div class=\"vc_column-inner\"><div class=\"wpb_wrapper\"><\/div><\/div><\/div><\/div><div class=\"w-separator size_medium\"><\/div><\/div><\/div><\/div><\/div><\/div><\/section><section class=\"l-section wpb_row height_huge\"><div class=\"l-section-h i-cf\"><div class=\"g-cols vc_row via_flex valign_middle type_boxes stacking_default\"><div class=\"vc_col-sm-8 wpb_column vc_column_container has_bg_color\"><div class=\"vc_column-inner us_custom_5fb9c346\"><div class=\"wpb_wrapper\"><div class=\"wpb_text_column us_custom_02d42652 has_text_color\"><div class=\"wpb_wrapper\"><h3>FAITES UN PETIT TOUR D\u2019HORIZON DE NOS<br \/>\nDIVERS <strong>CONTENEURS \u00c0 BOUES <\/strong><\/h3>\n<\/div><\/div><\/div><\/div><\/div><div class=\"vc_col-sm-4 wpb_column vc_column_container has_bg_color\"><div class=\"vc_column-inner us_custom_5fb9c346\"><div class=\"wpb_wrapper\"><div class=\"w-btn-wrapper align_center\"><a class=\"w-btn us-btn-style_3 icon_atright\" title=\"Contact\" href=\"https:\/\/gielen-recyclage.be\/fr\/brochures\/\"><span class=\"w-btn-label\">J&rsquo;aimerais voir la brochure<\/span><i class=\"far fa-long-arrow-right\"><\/i><\/a><\/div><\/div><\/div><\/div><\/div><\/div><\/section><section class=\"l-section wpb_row height_auto\"><div class=\"l-section-h i-cf\"><div class=\"g-cols vc_row via_flex valign_top type_default stacking_default\"><div class=\"vc_col-sm-6 wpb_column vc_column_container\"><div class=\"vc_column-inner\"><div class=\"wpb_wrapper\"><div class=\"wpb_text_column\"><div class=\"wpb_wrapper\"><h2><strong>CONTENEURS POUR BOUES<\/strong><br \/>\nS\u00c8CHES ET LIQUIDES<\/h2>\n<p>Chez Containerservice Gielen, nous fournissons des conteneurs adapt\u00e9s \u00e0 tous les flux de d\u00e9chets. Notre gamme comprend donc aussi des conteneurs sp\u00e9ciaux, par exemple des conteneurs \u00e0 boues. Ils sont parfaits pour le stockage et l\u2019\u00e9limination des boues s\u00e8ches et liquides. Ce type de d\u00e9chets pose souvent probl\u00e8me dans divers secteurs en raison de leurs possibilit\u00e9s limit\u00e9es de mise en d\u00e9charge.<\/p>\n<p>En outre, la l\u00e9gislation environnementale est aujourd\u2019hui tr\u00e8s restrictive. Heureusement, nos ann\u00e9es d\u2019exp\u00e9rience nous permettent de r\u00e9pondre \u00e0 ces enjeux, et nos conteneurs \u00e0 boues de haute qualit\u00e9 vous garantissent une \u00e9limination facile de vos boues, dans le respect de l\u2019environnement.<\/p>\n<\/div><\/div><\/div><\/div><\/div><div class=\"vc_col-sm-6 wpb_column vc_column_container\"><div class=\"vc_column-inner\"><div class=\"wpb_wrapper\"><\/div><\/div><\/div><\/div><\/div><\/section><section class=\"l-section wpb_row height_large\"><div class=\"l-section-h i-cf\"><div class=\"g-cols vc_row via_flex valign_top type_default stacking_default\" style=\"--additional-gap:15px;\"><div class=\"vc_col-sm-6 wpb_column vc_column_container m300 has_bg_color\"><div class=\"vc_column-inner us_custom_991f0750\"><div class=\"wpb_wrapper\"><\/div><\/div><\/div><div class=\"vc_col-sm-1 wpb_column vc_column_container\"><div class=\"vc_column-inner\"><div class=\"wpb_wrapper\"><\/div><\/div><\/div><div class=\"vc_col-sm-5 wpb_column vc_column_container\"><div class=\"vc_column-inner\"><div class=\"wpb_wrapper\"><div class=\"wpb_text_column\"><div class=\"wpb_wrapper\"><h2>NOS<br \/>\n<strong>CONTENEURS<\/strong><\/h2>\n<p>Containerservice Gielen est connu pour son service rapide et personnalis\u00e9. Outre notre approche personnalis\u00e9e, nous disposons de notre propre parc de v\u00e9hicules et de machines modernes pour un traitement optimal des d\u00e9chets. Nos conteneurs sont de la plus haute qualit\u00e9 et si conviviaux que la collecte et le tri des d\u00e9chets deviennent faciles pour tout le monde.<\/p>\n<p>Forts de trois g\u00e9n\u00e9rations d\u2019exp\u00e9rience et d\u2019expertise, nous sommes en mesure d\u2019automatiser correctement n\u2019importe quel flux de d\u00e9chets. Notre \u00e9quipe comp\u00e9tente et enthousiaste donne ainsi une seconde vie \u00e0 vos d\u00e9chets.<\/p>\n<\/div><\/div><div class=\"w-separator size_medium\"><\/div><div class=\"w-btn-wrapper align_none\"><a class=\"w-btn us-btn-style_1 icon_atright\" title=\"Offerteaanvraag\" href=\"https:\/\/gielen-recyclage.be\/fr\/demande-de-devis\/\"><span class=\"w-btn-label\">Je souhaite un devis<\/span><i class=\"far fa-long-arrow-right\"><\/i><\/a><\/div><\/div><\/div><\/div><\/div><\/div><\/section>\n","protected":false},"excerpt":{"rendered":"LES CONTENEURS \u00c0 BOUES DE CONTAINERSERVICE GIELEN Le stockage et l\u2019\u00e9limination des boues liquides et s\u00e8ches ne sont pas si simples, car soumises \u00e0 une l\u00e9gislation environnementale stricte et \u00e0 des possibilit\u00e9s limit\u00e9es de mise en d\u00e9charge. Cependant, les conteneurs \u00e0 boues de Containerservice Gielen vous permettent de traiter les boues sans difficult\u00e9\u202f: ils sont...","protected":false},"author":1,"featured_media":738,"parent":1985,"menu_order":5,"comment_status":"closed","ping_status":"closed","template":"","meta":{"footnotes":""},"pagina-categorie":[148],"sector":[],"type-container-per-afvalsoort":[],"class_list":["post-1997","page","type-page","status-publish","has-post-thumbnail","hentry","pagina-categorie-containers-fr"],"acf":[],"yoast_head":"<!-- This site is optimized with the Yoast SEO plugin v26.2 - https:\/\/yoast.com\/wordpress\/plugins\/seo\/ -->\n<title>Louer container \u00e0 boues Limbourg Genk<\/title>\n<meta name=\"description\" content=\"Besoin d\u2019un container \u00e0 boues pour votre projet? Vous trouverez chez Containerservice Gielen \u00e0 Genk Limbourg le container \u00e0 boues que vous cherchez.D\u00e9couvrez en plus !\" \/>\n<meta name=\"robots\" content=\"index, follow, max-snippet:-1, max-image-preview:large, max-video-preview:-1\" \/>\n<link rel=\"canonical\" href=\"https:\/\/gielen-recyclage.be\/fr\/location-de-conteneurs\/conteneurs-a-boues\/\" \/>\n<meta property=\"og:locale\" content=\"fr_FR\" \/>\n<meta property=\"og:type\" content=\"article\" \/>\n<meta property=\"og:title\" content=\"Louer container \u00e0 boues Limbourg Genk\" \/>\n<meta property=\"og:description\" content=\"Besoin d\u2019un container \u00e0 boues pour votre projet? Vous trouverez chez Containerservice Gielen \u00e0 Genk Limbourg le container \u00e0 boues que vous cherchez.D\u00e9couvrez en plus !\" \/>\n<meta property=\"og:url\" content=\"https:\/\/gielen-recyclage.be\/fr\/location-de-conteneurs\/conteneurs-a-boues\/\" \/>\n<meta property=\"og:site_name\" content=\"Containerservice Gielen\" \/>\n<meta property=\"article:modified_time\" content=\"2023-11-27T11:38:23+00:00\" \/>\n<meta property=\"og:image\" content=\"https:\/\/gielen-recyclage.be\/wp-content\/uploads\/2023\/07\/Slibcontainer-500x500-1.png\" \/>\n\t<meta property=\"og:image:width\" content=\"500\" \/>\n\t<meta property=\"og:image:height\" content=\"500\" \/>\n\t<meta property=\"og:image:type\" content=\"image\/png\" \/>\n<meta name=\"twitter:card\" content=\"summary_large_image\" \/>\n<meta name=\"twitter:label1\" content=\"Dur\u00e9e de lecture est.\" \/>\n\t<meta name=\"twitter:data1\" content=\"3 minutes\" \/>\n<script type=\"application\/ld+json\" class=\"yoast-schema-graph\">{\"@context\":\"https:\/\/schema.org\",\"@graph\":[{\"@type\":\"WebPage\",\"@id\":\"https:\/\/gielen-recyclage.be\/fr\/location-de-conteneurs\/conteneurs-a-boues\/\",\"url\":\"https:\/\/gielen-recyclage.be\/fr\/location-de-conteneurs\/conteneurs-a-boues\/\",\"name\":\"Louer container \u00e0 boues Limbourg Genk\",\"isPartOf\":{\"@id\":\"https:\/\/gielen-recyclage.be\/#website\"},\"primaryImageOfPage\":{\"@id\":\"https:\/\/gielen-recyclage.be\/fr\/location-de-conteneurs\/conteneurs-a-boues\/#primaryimage\"},\"image\":{\"@id\":\"https:\/\/gielen-recyclage.be\/fr\/location-de-conteneurs\/conteneurs-a-boues\/#primaryimage\"},\"thumbnailUrl\":\"https:\/\/gielen-recyclage.be\/wp-content\/uploads\/2023\/07\/Slibcontainer-500x500-1.png\",\"datePublished\":\"2023-07-11T11:31:56+00:00\",\"dateModified\":\"2023-11-27T11:38:23+00:00\",\"description\":\"Besoin d\u2019un container \u00e0 boues pour votre projet? Vous trouverez chez Containerservice Gielen \u00e0 Genk Limbourg le container \u00e0 boues que vous cherchez.D\u00e9couvrez en plus !\",\"breadcrumb\":{\"@id\":\"https:\/\/gielen-recyclage.be\/fr\/location-de-conteneurs\/conteneurs-a-boues\/#breadcrumb\"},\"inLanguage\":\"fr-BE\",\"potentialAction\":[{\"@type\":\"ReadAction\",\"target\":[\"https:\/\/gielen-recyclage.be\/fr\/location-de-conteneurs\/conteneurs-a-boues\/\"]}]},{\"@type\":\"ImageObject\",\"inLanguage\":\"fr-BE\",\"@id\":\"https:\/\/gielen-recyclage.be\/fr\/location-de-conteneurs\/conteneurs-a-boues\/#primaryimage\",\"url\":\"https:\/\/gielen-recyclage.be\/wp-content\/uploads\/2023\/07\/Slibcontainer-500x500-1.png\",\"contentUrl\":\"https:\/\/gielen-recyclage.be\/wp-content\/uploads\/2023\/07\/Slibcontainer-500x500-1.png\",\"width\":500,\"height\":500},{\"@type\":\"BreadcrumbList\",\"@id\":\"https:\/\/gielen-recyclage.be\/fr\/location-de-conteneurs\/conteneurs-a-boues\/#breadcrumb\",\"itemListElement\":[{\"@type\":\"ListItem\",\"position\":1,\"name\":\"Home\",\"item\":\"https:\/\/gielen-recyclage.be\/fr\/\"},{\"@type\":\"ListItem\",\"position\":2,\"name\":\"Location de conteneurs\",\"item\":\"https:\/\/gielen-recyclage.be\/fr\/location-de-conteneurs\/\"},{\"@type\":\"ListItem\",\"position\":3,\"name\":\"Conteneurs \u00e0 boues\"}]},{\"@type\":\"WebSite\",\"@id\":\"https:\/\/gielen-recyclage.be\/#website\",\"url\":\"https:\/\/gielen-recyclage.be\/\",\"name\":\"Containerservice Gielen\",\"description\":\"\",\"potentialAction\":[{\"@type\":\"SearchAction\",\"target\":{\"@type\":\"EntryPoint\",\"urlTemplate\":\"https:\/\/gielen-recyclage.be\/?s={search_term_string}\"},\"query-input\":{\"@type\":\"PropertyValueSpecification\",\"valueRequired\":true,\"valueName\":\"search_term_string\"}}],\"inLanguage\":\"fr-BE\"}]}<\/script>\n<!-- \/ Yoast SEO plugin. -->","yoast_head_json":{"title":"Louer container \u00e0 boues Limbourg Genk","description":"Besoin d\u2019un container \u00e0 boues pour votre projet? Vous trouverez chez Containerservice Gielen \u00e0 Genk Limbourg le container \u00e0 boues que vous cherchez.D\u00e9couvrez en plus !","robots":{"index":"index","follow":"follow","max-snippet":"max-snippet:-1","max-image-preview":"max-image-preview:large","max-video-preview":"max-video-preview:-1"},"canonical":"https:\/\/gielen-recyclage.be\/fr\/location-de-conteneurs\/conteneurs-a-boues\/","og_locale":"fr_FR","og_type":"article","og_title":"Louer container \u00e0 boues Limbourg Genk","og_description":"Besoin d\u2019un container \u00e0 boues pour votre projet? Vous trouverez chez Containerservice Gielen \u00e0 Genk Limbourg le container \u00e0 boues que vous cherchez.D\u00e9couvrez en plus !","og_url":"https:\/\/gielen-recyclage.be\/fr\/location-de-conteneurs\/conteneurs-a-boues\/","og_site_name":"Containerservice Gielen","article_modified_time":"2023-11-27T11:38:23+00:00","og_image":[{"width":500,"height":500,"url":"https:\/\/gielen-recyclage.be\/wp-content\/uploads\/2023\/07\/Slibcontainer-500x500-1.png","type":"image\/png"}],"twitter_card":"summary_large_image","twitter_misc":{"Dur\u00e9e de lecture est.":"3 minutes"},"schema":{"@context":"https:\/\/schema.org","@graph":[{"@type":"WebPage","@id":"https:\/\/gielen-recyclage.be\/fr\/location-de-conteneurs\/conteneurs-a-boues\/","url":"https:\/\/gielen-recyclage.be\/fr\/location-de-conteneurs\/conteneurs-a-boues\/","name":"Louer container \u00e0 boues Limbourg Genk","isPartOf":{"@id":"https:\/\/gielen-recyclage.be\/#website"},"primaryImageOfPage":{"@id":"https:\/\/gielen-recyclage.be\/fr\/location-de-conteneurs\/conteneurs-a-boues\/#primaryimage"},"image":{"@id":"https:\/\/gielen-recyclage.be\/fr\/location-de-conteneurs\/conteneurs-a-boues\/#primaryimage"},"thumbnailUrl":"https:\/\/gielen-recyclage.be\/wp-content\/uploads\/2023\/07\/Slibcontainer-500x500-1.png","datePublished":"2023-07-11T11:31:56+00:00","dateModified":"2023-11-27T11:38:23+00:00","description":"Besoin d\u2019un container \u00e0 boues pour votre projet? Vous trouverez chez Containerservice Gielen \u00e0 Genk Limbourg le container \u00e0 boues que vous cherchez.D\u00e9couvrez en plus !","breadcrumb":{"@id":"https:\/\/gielen-recyclage.be\/fr\/location-de-conteneurs\/conteneurs-a-boues\/#breadcrumb"},"inLanguage":"fr-BE","potentialAction":[{"@type":"ReadAction","target":["https:\/\/gielen-recyclage.be\/fr\/location-de-conteneurs\/conteneurs-a-boues\/"]}]},{"@type":"ImageObject","inLanguage":"fr-BE","@id":"https:\/\/gielen-recyclage.be\/fr\/location-de-conteneurs\/conteneurs-a-boues\/#primaryimage","url":"https:\/\/gielen-recyclage.be\/wp-content\/uploads\/2023\/07\/Slibcontainer-500x500-1.png","contentUrl":"https:\/\/gielen-recyclage.be\/wp-content\/uploads\/2023\/07\/Slibcontainer-500x500-1.png","width":500,"height":500},{"@type":"BreadcrumbList","@id":"https:\/\/gielen-recyclage.be\/fr\/location-de-conteneurs\/conteneurs-a-boues\/#breadcrumb","itemListElement":[{"@type":"ListItem","position":1,"name":"Home","item":"https:\/\/gielen-recyclage.be\/fr\/"},{"@type":"ListItem","position":2,"name":"Location de conteneurs","item":"https:\/\/gielen-recyclage.be\/fr\/location-de-conteneurs\/"},{"@type":"ListItem","position":3,"name":"Conteneurs \u00e0 boues"}]},{"@type":"WebSite","@id":"https:\/\/gielen-recyclage.be\/#website","url":"https:\/\/gielen-recyclage.be\/","name":"Containerservice Gielen","description":"","potentialAction":[{"@type":"SearchAction","target":{"@type":"EntryPoint","urlTemplate":"https:\/\/gielen-recyclage.be\/?s={search_term_string}"},"query-input":{"@type":"PropertyValueSpecification","valueRequired":true,"valueName":"search_term_string"}}],"inLanguage":"fr-BE"}]}},"_links":{"self":[{"href":"https:\/\/gielen-recyclage.be\/fr\/wp-json\/wp\/v2\/pages\/1997","targetHints":{"allow":["GET"]}}],"collection":[{"href":"https:\/\/gielen-recyclage.be\/fr\/wp-json\/wp\/v2\/pages"}],"about":[{"href":"https:\/\/gielen-recyclage.be\/fr\/wp-json\/wp\/v2\/types\/page"}],"author":[{"embeddable":true,"href":"https:\/\/gielen-recyclage.be\/fr\/wp-json\/wp\/v2\/users\/1"}],"replies":[{"embeddable":true,"href":"https:\/\/gielen-recyclage.be\/fr\/wp-json\/wp\/v2\/comments?post=1997"}],"version-history":[{"count":8,"href":"https:\/\/gielen-recyclage.be\/fr\/wp-json\/wp\/v2\/pages\/1997\/revisions"}],"predecessor-version":[{"id":2702,"href":"https:\/\/gielen-recyclage.be\/fr\/wp-json\/wp\/v2\/pages\/1997\/revisions\/2702"}],"up":[{"embeddable":true,"href":"https:\/\/gielen-recyclage.be\/fr\/wp-json\/wp\/v2\/pages\/1985"}],"wp:featuredmedia":[{"embeddable":true,"href":"https:\/\/gielen-recyclage.be\/fr\/wp-json\/wp\/v2\/media\/738"}],"wp:attachment":[{"href":"https:\/\/gielen-recyclage.be\/fr\/wp-json\/wp\/v2\/media?parent=1997"}],"wp:term":[{"taxonomy":"pagina-categorie","embeddable":true,"href":"https:\/\/gielen-recyclage.be\/fr\/wp-json\/wp\/v2\/pagina-categorie?post=1997"},{"taxonomy":"sector","embeddable":true,"href":"https:\/\/gielen-recyclage.be\/fr\/wp-json\/wp\/v2\/sector?post=1997"},{"taxonomy":"type-container-per-afvalsoort","embeddable":true,"href":"https:\/\/gielen-recyclage.be\/fr\/wp-json\/wp\/v2\/type-container-per-afvalsoort?post=1997"}],"curies":[{"name":"wp","href":"https:\/\/api.w.org\/{rel}","templated":true}]}}