{"id":1999,"date":"2023-07-11T13:31:56","date_gmt":"2023-07-11T11:31:56","guid":{"rendered":"https:\/\/gielen-recyclage.be\/?page_id=1999"},"modified":"2023-11-27T13:39:38","modified_gmt":"2023-11-27T11:39:38","slug":"conteneurs-a-toit-coulissant","status":"publish","type":"page","link":"https:\/\/gielen-recyclage.be\/fr\/location-de-conteneurs\/conteneurs-a-toit-coulissant\/","title":{"rendered":"Conteneurs \u00e0 toit coulissant"},"content":{"rendered":"<section class=\"l-section wpb_row us_custom_d2199d32 height_auto\"><div class=\"l-section-h i-cf\"><div class=\"g-cols vc_row via_flex valign_middle type_boxes stacking_default\" style=\"--additional-gap:15px;\"><div class=\"vc_col-sm-1 vc_hidden-sm vc_hidden-xs wpb_column vc_column_container has_bg_color stretched\"><div class=\"vc_column-inner us_custom_28c179be\"><div class=\"wpb_wrapper\"><\/div><\/div><\/div><div class=\"vc_col-sm-7 vc_col-lg-7 vc_col-md-7 vc_col-xs-12 wpb_column vc_column_container has_bg_color\"><div class=\"vc_column-inner us_custom_43bb1cd8\"><div class=\"wpb_wrapper\"><div class=\"wpb_text_column\"><div class=\"wpb_wrapper\"><h1><strong>CONTENEURS \u00c0 TOIT<\/strong><br \/>\nCOULISSANT DE GIELEN NV<\/h1>\n<p>Un conteneur \u00e0 toit coulissant convient parfaitement \u00e0 la collecte s\u00e9par\u00e9e des d\u00e9chets sp\u00e9ciaux, car lorsqu\u2019ils doivent \u00eatre prot\u00e9g\u00e9s de la pluie et du vent, ce couvercle est un avantage ind\u00e9niable. Les parties du toit coulissent en douceur l\u2019une au-dessus de l\u2019autre, ce qui facilite l\u2019ouverture et la fermeture manuelles du toit coulissant.<\/p>\n<p>Spacieux et robustes, les conteneurs stockent de mani\u00e8re efficace et s\u00fbre les d\u00e9chets qui s\u2019envolent facilement ou qui doivent rester secs. L\u2019\u00e9quipe comp\u00e9tente de Gielen se charge \u00e9galement du traitement durable de vos d\u00e9chets pour leur donner une deuxi\u00e8me vie en tant que mati\u00e8res premi\u00e8res.<\/p>\n<\/div><\/div><div class=\"w-separator size_small\"><\/div><div class=\"w-btn-wrapper align_none\"><a class=\"w-btn us-btn-style_2 icon_atright\" title=\"Offerteaanvraag\" href=\"#container\"><span class=\"w-btn-label\">Nos conteneurs<\/span><i class=\"far fa-long-arrow-right\"><\/i><\/a><\/div><div class=\"w-btn-wrapper align_none\"><a class=\"w-btn us-btn-style_1 icon_atright\" title=\"Offerteaanvraag\" href=\"https:\/\/gielen-recyclage.be\/fr\/demande-de-devis\/\"><span class=\"w-btn-label\">Je souhaite un devis<\/span><i class=\"far fa-long-arrow-right\"><\/i><\/a><\/div><\/div><\/div><\/div><div class=\"vc_col-sm-5 vc_col-lg-4 vc_col-md-4 vc_col-xs-12 wpb_column vc_column_container h300 popupopen has_bg_color stretched\"><div class=\"vc_column-inner us_custom_727d1660\"><div class=\"wpb_wrapper\"><\/div><\/div><\/div><\/div><\/div><\/section><section class=\"l-section wpb_row height_large\"><div class=\"l-section-h i-cf\"><div class=\"g-cols vc_row via_flex valign_top type_default stacking_default\" style=\"--additional-gap:15px;\"><div class=\"vc_col-sm-6 wpb_column vc_column_container m300 has_bg_color\"><div class=\"vc_column-inner us_custom_3204f294\"><div class=\"wpb_wrapper\"><\/div><\/div><\/div><div class=\"vc_col-sm-1 wpb_column vc_column_container\"><div class=\"vc_column-inner\"><div class=\"wpb_wrapper\"><\/div><\/div><\/div><div class=\"vc_col-sm-5 wpb_column vc_column_container\"><div class=\"vc_column-inner\"><div class=\"wpb_wrapper\"><div class=\"wpb_text_column\"><div class=\"wpb_wrapper\"><h2>CONTENEURS \u00c0 TOIT COULISSANT<br \/>\nPOUR <strong>LES D\u00c9CHETS SP\u00c9CIAUX<\/strong><\/h2>\n<p>Containerservice Gielen ne fournit pas seulement les mod\u00e8les les plus r\u00e9pandus de conteneurs, mais aussi des conteneurs sp\u00e9ciaux. Ceux-ci vous permettent de trier facilement m\u00eame les types de d\u00e9chets les plus difficiles. Forte des connaissances et de l\u2019exp\u00e9rience acquises sur trois g\u00e9n\u00e9rations, notre entreprise familiale propose des conteneurs pour diverses applications.<\/p>\n<p>Par exemple, nos conteneurs \u00e0 toits coulissants sont polyvalents et particuli\u00e8rement efficaces pour le stockage des d\u00e9chets. Le toit coulissant peut \u00eatre facilement ouvert et ferm\u00e9 manuellement\u202f: les diff\u00e9rents \u00e9l\u00e9ments du toit glissent les uns sur les autres. Ce couvercle prot\u00e8ge efficacement vos d\u00e9chets du vent et de la pluie.<\/p>\n<\/div><\/div><div class=\"w-separator size_medium\"><\/div><div class=\"w-btn-wrapper align_none\"><a class=\"w-btn us-btn-style_1 icon_atright\" title=\"Offerteaanvraag\" href=\"https:\/\/gielen-recyclage.be\/fr\/demande-de-devis\/\"><span class=\"w-btn-label\">Je souhaite un devis<\/span><i class=\"far fa-long-arrow-right\"><\/i><\/a><\/div><\/div><\/div><\/div><\/div><\/div><\/section><section class=\"l-section wpb_row height_auto\" id=\"container\"><div class=\"l-section-h i-cf\"><div class=\"g-cols vc_row via_flex valign_top type_default stacking_default\"><div class=\"vc_col-sm-12 wpb_column vc_column_container\"><div class=\"vc_column-inner\"><div class=\"wpb_wrapper\"><div class=\"g-cols wpb_row via_flex valign_top type_default stacking_default\"><div class=\"vc_col-sm-6 wpb_column vc_column_container\"><div class=\"vc_column-inner\"><div class=\"wpb_wrapper\"><div class=\"wpb_text_column\"><div class=\"wpb_wrapper\"><h3>TYPES DE CONTENEURS \u00c0 <strong>TOIT COULISSANT<\/strong><\/h3>\n<p>Il existe diff\u00e9rents types de conteneurs avec des toits coulissants, aux capacit\u00e9s allant de 20 \u00e0 40\u202fm\u00b3. Les toits coulissants sont constitu\u00e9s d\u2019\u00e9l\u00e9ments qui glissent facilement les uns sur les autres, pour une utilisation simple et fluide.<\/p>\n<\/div><\/div><\/div><\/div><\/div><div class=\"vc_col-sm-6 wpb_column vc_column_container\"><div class=\"vc_column-inner\"><div class=\"wpb_wrapper\"><\/div><\/div><\/div><\/div><div class=\"w-separator size_medium\"><\/div><\/div><\/div><\/div><\/div><\/div><\/section><section class=\"l-section wpb_row height_huge\"><div class=\"l-section-h i-cf\"><div class=\"g-cols vc_row via_flex valign_middle type_boxes stacking_default\"><div class=\"vc_col-sm-8 wpb_column vc_column_container has_bg_color\"><div class=\"vc_column-inner us_custom_5fb9c346\"><div class=\"wpb_wrapper\"><div class=\"wpb_text_column us_custom_02d42652 has_text_color\"><div class=\"wpb_wrapper\"><h3>FAITES UN PETIT TOUR D\u2019HORIZON<br \/>\nDE NOS <strong>CONTENEURS \u00c0 TOIT COULISSANT<\/strong><\/h3>\n<\/div><\/div><\/div><\/div><\/div><div class=\"vc_col-sm-4 wpb_column vc_column_container has_bg_color\"><div class=\"vc_column-inner us_custom_5fb9c346\"><div class=\"wpb_wrapper\"><div class=\"w-btn-wrapper align_center\"><a class=\"w-btn us-btn-style_3 icon_atright\" title=\"Contact\" href=\"https:\/\/gielen-recyclage.be\/fr\/brochures\/\"><span class=\"w-btn-label\">J&rsquo;aimerais voir la brochure<\/span><i class=\"far fa-long-arrow-right\"><\/i><\/a><\/div><\/div><\/div><\/div><\/div><\/div><\/section><section class=\"l-section wpb_row height_auto\"><div class=\"l-section-h i-cf\"><div class=\"g-cols vc_row via_flex valign_top type_default stacking_default\"><div class=\"vc_col-sm-6 wpb_column vc_column_container\"><div class=\"vc_column-inner\"><div class=\"wpb_wrapper\"><div class=\"wpb_text_column\"><div class=\"wpb_wrapper\"><h2>CONTENEURS \u00c0 TOIT COULISSANT POUR<br \/>\n<strong>DIFF\u00c9RENTS TYPES DE D\u00c9CHETS<\/strong><\/h2>\n<p>Un conteneur \u00e0 toit coulissant est une solution efficace pour tous les flux de d\u00e9chets qui doivent \u00eatre prot\u00e9g\u00e9s des \u00e9l\u00e9ments. Ce sont donc des conteneurs polyvalents, qui conviennent parfaitement aux d\u00e9chets sp\u00e9ciaux. Les toits coulissants offrent une protection en plus, pour que vous n\u2019ayez aucune inqui\u00e9tude concernant la collecte ou le transport des d\u00e9chets.<\/p>\n<p>Votre chantier reste propre, et les d\u00e9chets ma\u00eetris\u00e9s. Containerservice Gielen ne se contente pas de livrer, de vider et de r\u00e9cup\u00e9rer les conteneurs\u202f; nous proposons une solution cl\u00e9 en main avec les capacit\u00e9s logistiques et les avantages financiers qui l\u2019accompagnent.<\/p>\n<\/div><\/div><\/div><\/div><\/div><div class=\"vc_col-sm-6 wpb_column vc_column_container\"><div class=\"vc_column-inner\"><div class=\"wpb_wrapper\"><\/div><\/div><\/div><\/div><\/div><\/section><section class=\"l-section wpb_row height_large\"><div class=\"l-section-h i-cf\"><div class=\"g-cols vc_row via_flex valign_top type_default stacking_default\" style=\"--additional-gap:15px;\"><div class=\"vc_col-sm-3 wpb_column vc_column_container m300 has_bg_color\"><div class=\"vc_column-inner us_custom_66f51f36\"><div class=\"wpb_wrapper\"><\/div><\/div><\/div><div class=\"vc_col-sm-3 vc_hidden-xs wpb_column vc_column_container has_bg_color\"><div class=\"vc_column-inner us_custom_14fa22e5\"><div class=\"wpb_wrapper\"><\/div><\/div><\/div><div class=\"vc_col-sm-1 wpb_column vc_column_container\"><div class=\"vc_column-inner\"><div class=\"wpb_wrapper\"><\/div><\/div><\/div><div class=\"vc_col-sm-5 wpb_column vc_column_container\"><div class=\"vc_column-inner\"><div class=\"wpb_wrapper\"><div class=\"wpb_text_column\"><div class=\"wpb_wrapper\"><h2>NOS<br \/>\n<strong>CONTENEURS <\/strong><\/h2>\n<p>Depuis trois g\u00e9n\u00e9rations, Containerservice Gielen s\u2019engage \u00e0 fournir des solutions cl\u00e9 en main et \u00e9conomiques pour la collecte et l\u2019\u00e9limination \u00e9cologiques des d\u00e9chets. Gr\u00e2ce \u00e0 notre parc moderne de v\u00e9hicules et de machines et \u00e0 notre flotte de camions r\u00e9cents, nous sommes en mesure de relever tous les d\u00e9fis logistiques.<\/p>\n<p>Nous pouvons ainsi organiser nos livraisons et collectes de conteneurs de mani\u00e8re optimale et garantir un service rapide. Nous proposons des conteneurs adapt\u00e9s \u00e0 tous les flux de d\u00e9chets, m\u00eame les plus exigeants. Nous pouvons vider nos conteneurs \u00e0 une fr\u00e9quence fixe ou \u00e0 la demande, en fonction de vos besoins ou de vos souhaits.<\/p>\n<\/div><\/div><div class=\"w-separator size_medium\"><\/div><div class=\"w-btn-wrapper align_none\"><a class=\"w-btn us-btn-style_1 icon_atright\" title=\"Offerteaanvraag\" href=\"https:\/\/gielen-recyclage.be\/fr\/demande-de-devis\/\"><span class=\"w-btn-label\">Je souhaite un devis<\/span><i class=\"far fa-long-arrow-right\"><\/i><\/a><\/div><\/div><\/div><\/div><\/div><\/div><\/section>\n","protected":false},"excerpt":{"rendered":"CONTENEURS \u00c0 TOIT COULISSANT DE GIELEN NV Un conteneur \u00e0 toit coulissant convient parfaitement \u00e0 la collecte s\u00e9par\u00e9e des d\u00e9chets sp\u00e9ciaux, car lorsqu\u2019ils doivent \u00eatre prot\u00e9g\u00e9s de la pluie et du vent, ce couvercle est un avantage ind\u00e9niable. Les parties du toit coulissent en douceur l\u2019une au-dessus de l\u2019autre, ce qui facilite l\u2019ouverture et la...","protected":false},"author":1,"featured_media":747,"parent":1985,"menu_order":7,"comment_status":"closed","ping_status":"closed","template":"","meta":{"footnotes":""},"pagina-categorie":[148],"sector":[],"type-container-per-afvalsoort":[],"class_list":["post-1999","page","type-page","status-publish","has-post-thumbnail","hentry","pagina-categorie-containers-fr"],"acf":[],"yoast_head":"<!-- This site is optimized with the Yoast SEO plugin v26.2 - https:\/\/yoast.com\/wordpress\/plugins\/seo\/ -->\n<title>Louer container toit coulissant Genk Limbourg<\/title>\n<meta name=\"description\" content=\"Containerservice Gielen loue des containers \u00e0 toit coulissant La solution id\u00e9ale pour votre projet, aux meilleures conditions D\u00e9couvrez vite la suite !\" \/>\n<meta name=\"robots\" content=\"index, follow, max-snippet:-1, max-image-preview:large, max-video-preview:-1\" \/>\n<link rel=\"canonical\" href=\"https:\/\/gielen-recyclage.be\/fr\/location-de-conteneurs\/conteneurs-a-toit-coulissant\/\" \/>\n<meta property=\"og:locale\" content=\"fr_FR\" \/>\n<meta property=\"og:type\" content=\"article\" \/>\n<meta property=\"og:title\" content=\"Louer container toit coulissant Genk Limbourg\" \/>\n<meta property=\"og:description\" content=\"Containerservice Gielen loue des containers \u00e0 toit coulissant La solution id\u00e9ale pour votre projet, aux meilleures conditions D\u00e9couvrez vite la suite !\" \/>\n<meta property=\"og:url\" content=\"https:\/\/gielen-recyclage.be\/fr\/location-de-conteneurs\/conteneurs-a-toit-coulissant\/\" \/>\n<meta property=\"og:site_name\" content=\"Containerservice Gielen\" \/>\n<meta property=\"article:modified_time\" content=\"2023-11-27T11:39:38+00:00\" \/>\n<meta property=\"og:image\" content=\"https:\/\/gielen-recyclage.be\/wp-content\/uploads\/2023\/07\/Containers_met_schuifdak-500x500-1.png\" \/>\n\t<meta property=\"og:image:width\" content=\"500\" \/>\n\t<meta property=\"og:image:height\" content=\"500\" \/>\n\t<meta property=\"og:image:type\" content=\"image\/png\" \/>\n<meta name=\"twitter:card\" content=\"summary_large_image\" \/>\n<meta name=\"twitter:label1\" content=\"Dur\u00e9e de lecture est.\" \/>\n\t<meta name=\"twitter:data1\" content=\"3 minutes\" \/>\n<script type=\"application\/ld+json\" class=\"yoast-schema-graph\">{\"@context\":\"https:\/\/schema.org\",\"@graph\":[{\"@type\":\"WebPage\",\"@id\":\"https:\/\/gielen-recyclage.be\/fr\/location-de-conteneurs\/conteneurs-a-toit-coulissant\/\",\"url\":\"https:\/\/gielen-recyclage.be\/fr\/location-de-conteneurs\/conteneurs-a-toit-coulissant\/\",\"name\":\"Louer container toit coulissant Genk Limbourg\",\"isPartOf\":{\"@id\":\"https:\/\/gielen-recyclage.be\/#website\"},\"primaryImageOfPage\":{\"@id\":\"https:\/\/gielen-recyclage.be\/fr\/location-de-conteneurs\/conteneurs-a-toit-coulissant\/#primaryimage\"},\"image\":{\"@id\":\"https:\/\/gielen-recyclage.be\/fr\/location-de-conteneurs\/conteneurs-a-toit-coulissant\/#primaryimage\"},\"thumbnailUrl\":\"https:\/\/gielen-recyclage.be\/wp-content\/uploads\/2023\/07\/Containers_met_schuifdak-500x500-1.png\",\"datePublished\":\"2023-07-11T11:31:56+00:00\",\"dateModified\":\"2023-11-27T11:39:38+00:00\",\"description\":\"Containerservice Gielen loue des containers \u00e0 toit coulissant La solution id\u00e9ale pour votre projet, aux meilleures conditions D\u00e9couvrez vite la suite !\",\"breadcrumb\":{\"@id\":\"https:\/\/gielen-recyclage.be\/fr\/location-de-conteneurs\/conteneurs-a-toit-coulissant\/#breadcrumb\"},\"inLanguage\":\"fr-BE\",\"potentialAction\":[{\"@type\":\"ReadAction\",\"target\":[\"https:\/\/gielen-recyclage.be\/fr\/location-de-conteneurs\/conteneurs-a-toit-coulissant\/\"]}]},{\"@type\":\"ImageObject\",\"inLanguage\":\"fr-BE\",\"@id\":\"https:\/\/gielen-recyclage.be\/fr\/location-de-conteneurs\/conteneurs-a-toit-coulissant\/#primaryimage\",\"url\":\"https:\/\/gielen-recyclage.be\/wp-content\/uploads\/2023\/07\/Containers_met_schuifdak-500x500-1.png\",\"contentUrl\":\"https:\/\/gielen-recyclage.be\/wp-content\/uploads\/2023\/07\/Containers_met_schuifdak-500x500-1.png\",\"width\":500,\"height\":500},{\"@type\":\"BreadcrumbList\",\"@id\":\"https:\/\/gielen-recyclage.be\/fr\/location-de-conteneurs\/conteneurs-a-toit-coulissant\/#breadcrumb\",\"itemListElement\":[{\"@type\":\"ListItem\",\"position\":1,\"name\":\"Home\",\"item\":\"https:\/\/gielen-recyclage.be\/fr\/\"},{\"@type\":\"ListItem\",\"position\":2,\"name\":\"Location de conteneurs\",\"item\":\"https:\/\/gielen-recyclage.be\/fr\/location-de-conteneurs\/\"},{\"@type\":\"ListItem\",\"position\":3,\"name\":\"Conteneurs \u00e0 toit coulissant\"}]},{\"@type\":\"WebSite\",\"@id\":\"https:\/\/gielen-recyclage.be\/#website\",\"url\":\"https:\/\/gielen-recyclage.be\/\",\"name\":\"Containerservice Gielen\",\"description\":\"\",\"potentialAction\":[{\"@type\":\"SearchAction\",\"target\":{\"@type\":\"EntryPoint\",\"urlTemplate\":\"https:\/\/gielen-recyclage.be\/?s={search_term_string}\"},\"query-input\":{\"@type\":\"PropertyValueSpecification\",\"valueRequired\":true,\"valueName\":\"search_term_string\"}}],\"inLanguage\":\"fr-BE\"}]}<\/script>\n<!-- \/ Yoast SEO plugin. -->","yoast_head_json":{"title":"Louer container toit coulissant Genk Limbourg","description":"Containerservice Gielen loue des containers \u00e0 toit coulissant La solution id\u00e9ale pour votre projet, aux meilleures conditions D\u00e9couvrez vite la suite !","robots":{"index":"index","follow":"follow","max-snippet":"max-snippet:-1","max-image-preview":"max-image-preview:large","max-video-preview":"max-video-preview:-1"},"canonical":"https:\/\/gielen-recyclage.be\/fr\/location-de-conteneurs\/conteneurs-a-toit-coulissant\/","og_locale":"fr_FR","og_type":"article","og_title":"Louer container toit coulissant Genk Limbourg","og_description":"Containerservice Gielen loue des containers \u00e0 toit coulissant La solution id\u00e9ale pour votre projet, aux meilleures conditions D\u00e9couvrez vite la suite !","og_url":"https:\/\/gielen-recyclage.be\/fr\/location-de-conteneurs\/conteneurs-a-toit-coulissant\/","og_site_name":"Containerservice Gielen","article_modified_time":"2023-11-27T11:39:38+00:00","og_image":[{"width":500,"height":500,"url":"https:\/\/gielen-recyclage.be\/wp-content\/uploads\/2023\/07\/Containers_met_schuifdak-500x500-1.png","type":"image\/png"}],"twitter_card":"summary_large_image","twitter_misc":{"Dur\u00e9e de lecture est.":"3 minutes"},"schema":{"@context":"https:\/\/schema.org","@graph":[{"@type":"WebPage","@id":"https:\/\/gielen-recyclage.be\/fr\/location-de-conteneurs\/conteneurs-a-toit-coulissant\/","url":"https:\/\/gielen-recyclage.be\/fr\/location-de-conteneurs\/conteneurs-a-toit-coulissant\/","name":"Louer container toit coulissant Genk Limbourg","isPartOf":{"@id":"https:\/\/gielen-recyclage.be\/#website"},"primaryImageOfPage":{"@id":"https:\/\/gielen-recyclage.be\/fr\/location-de-conteneurs\/conteneurs-a-toit-coulissant\/#primaryimage"},"image":{"@id":"https:\/\/gielen-recyclage.be\/fr\/location-de-conteneurs\/conteneurs-a-toit-coulissant\/#primaryimage"},"thumbnailUrl":"https:\/\/gielen-recyclage.be\/wp-content\/uploads\/2023\/07\/Containers_met_schuifdak-500x500-1.png","datePublished":"2023-07-11T11:31:56+00:00","dateModified":"2023-11-27T11:39:38+00:00","description":"Containerservice Gielen loue des containers \u00e0 toit coulissant La solution id\u00e9ale pour votre projet, aux meilleures conditions D\u00e9couvrez vite la suite !","breadcrumb":{"@id":"https:\/\/gielen-recyclage.be\/fr\/location-de-conteneurs\/conteneurs-a-toit-coulissant\/#breadcrumb"},"inLanguage":"fr-BE","potentialAction":[{"@type":"ReadAction","target":["https:\/\/gielen-recyclage.be\/fr\/location-de-conteneurs\/conteneurs-a-toit-coulissant\/"]}]},{"@type":"ImageObject","inLanguage":"fr-BE","@id":"https:\/\/gielen-recyclage.be\/fr\/location-de-conteneurs\/conteneurs-a-toit-coulissant\/#primaryimage","url":"https:\/\/gielen-recyclage.be\/wp-content\/uploads\/2023\/07\/Containers_met_schuifdak-500x500-1.png","contentUrl":"https:\/\/gielen-recyclage.be\/wp-content\/uploads\/2023\/07\/Containers_met_schuifdak-500x500-1.png","width":500,"height":500},{"@type":"BreadcrumbList","@id":"https:\/\/gielen-recyclage.be\/fr\/location-de-conteneurs\/conteneurs-a-toit-coulissant\/#breadcrumb","itemListElement":[{"@type":"ListItem","position":1,"name":"Home","item":"https:\/\/gielen-recyclage.be\/fr\/"},{"@type":"ListItem","position":2,"name":"Location de conteneurs","item":"https:\/\/gielen-recyclage.be\/fr\/location-de-conteneurs\/"},{"@type":"ListItem","position":3,"name":"Conteneurs \u00e0 toit coulissant"}]},{"@type":"WebSite","@id":"https:\/\/gielen-recyclage.be\/#website","url":"https:\/\/gielen-recyclage.be\/","name":"Containerservice Gielen","description":"","potentialAction":[{"@type":"SearchAction","target":{"@type":"EntryPoint","urlTemplate":"https:\/\/gielen-recyclage.be\/?s={search_term_string}"},"query-input":{"@type":"PropertyValueSpecification","valueRequired":true,"valueName":"search_term_string"}}],"inLanguage":"fr-BE"}]}},"_links":{"self":[{"href":"https:\/\/gielen-recyclage.be\/fr\/wp-json\/wp\/v2\/pages\/1999","targetHints":{"allow":["GET"]}}],"collection":[{"href":"https:\/\/gielen-recyclage.be\/fr\/wp-json\/wp\/v2\/pages"}],"about":[{"href":"https:\/\/gielen-recyclage.be\/fr\/wp-json\/wp\/v2\/types\/page"}],"author":[{"embeddable":true,"href":"https:\/\/gielen-recyclage.be\/fr\/wp-json\/wp\/v2\/users\/1"}],"replies":[{"embeddable":true,"href":"https:\/\/gielen-recyclage.be\/fr\/wp-json\/wp\/v2\/comments?post=1999"}],"version-history":[{"count":8,"href":"https:\/\/gielen-recyclage.be\/fr\/wp-json\/wp\/v2\/pages\/1999\/revisions"}],"predecessor-version":[{"id":2704,"href":"https:\/\/gielen-recyclage.be\/fr\/wp-json\/wp\/v2\/pages\/1999\/revisions\/2704"}],"up":[{"embeddable":true,"href":"https:\/\/gielen-recyclage.be\/fr\/wp-json\/wp\/v2\/pages\/1985"}],"wp:featuredmedia":[{"embeddable":true,"href":"https:\/\/gielen-recyclage.be\/fr\/wp-json\/wp\/v2\/media\/747"}],"wp:attachment":[{"href":"https:\/\/gielen-recyclage.be\/fr\/wp-json\/wp\/v2\/media?parent=1999"}],"wp:term":[{"taxonomy":"pagina-categorie","embeddable":true,"href":"https:\/\/gielen-recyclage.be\/fr\/wp-json\/wp\/v2\/pagina-categorie?post=1999"},{"taxonomy":"sector","embeddable":true,"href":"https:\/\/gielen-recyclage.be\/fr\/wp-json\/wp\/v2\/sector?post=1999"},{"taxonomy":"type-container-per-afvalsoort","embeddable":true,"href":"https:\/\/gielen-recyclage.be\/fr\/wp-json\/wp\/v2\/type-container-per-afvalsoort?post=1999"}],"curies":[{"name":"wp","href":"https:\/\/api.w.org\/{rel}","templated":true}]}}