{"id":2000,"date":"2023-07-11T13:31:56","date_gmt":"2023-07-11T11:31:56","guid":{"rendered":"https:\/\/gielen-recyclage.be\/?page_id=2000"},"modified":"2023-11-27T13:39:56","modified_gmt":"2023-11-27T11:39:56","slug":"conteneurs-a-toit-hydraulique","status":"publish","type":"page","link":"https:\/\/gielen-recyclage.be\/fr\/location-de-conteneurs\/conteneurs-a-toit-hydraulique\/","title":{"rendered":"Conteneurs \u00e0 toit hydraulique"},"content":{"rendered":"<section class=\"l-section wpb_row us_custom_d2199d32 height_auto\"><div class=\"l-section-h i-cf\"><div class=\"g-cols vc_row via_flex valign_middle type_boxes stacking_default\" style=\"--additional-gap:15px;\"><div class=\"vc_col-sm-1 vc_hidden-sm vc_hidden-xs wpb_column vc_column_container has_bg_color stretched\"><div class=\"vc_column-inner us_custom_973b195f\"><div class=\"wpb_wrapper\"><\/div><\/div><\/div><div class=\"vc_col-sm-7 vc_col-lg-7 vc_col-md-7 vc_col-xs-12 wpb_column vc_column_container has_bg_color\"><div class=\"vc_column-inner us_custom_43bb1cd8\"><div class=\"wpb_wrapper\"><div class=\"wpb_text_column\"><div class=\"wpb_wrapper\"><h1>LES <strong>CONTENEURS \u00c0 TOIT<br \/>\n<\/strong> HYDRAULIQUE DE GIELEN NV<\/h1>\n<p>Spacieux, les conteneurs \u00e0 toit hydraulique de Containerservice Gielen prot\u00e8gent vos d\u00e9chets des intemp\u00e9ries. Ils vous permettront en outre de gagner \u00e9norm\u00e9ment de temps lors du chargement et du d\u00e9chargement, gr\u00e2ce \u00e0 leur technologie moderne. Disposer d\u2019un conteneur pratique, avec toit hydraulique, c\u2019est la garantie de mener \u00e0 bien plus efficacement n\u2019importe quel projet.<\/p>\n<p>Le toit peut \u00eatre actionn\u00e9 manuellement ou \u00e9lectriquement \u00e0 l\u2019aide d\u2019une pompe \u00e0 main ou hydraulique. Cette solution de pointe permet un transport sans souci, afin que vos d\u00e9chets soient livr\u00e9s au transformateur final propres et intacts.<\/p>\n<\/div><\/div><div class=\"w-separator size_small\"><\/div><div class=\"w-btn-wrapper align_none\"><a class=\"w-btn us-btn-style_2 icon_atright\" title=\"Offerteaanvraag\" href=\"#container\"><span class=\"w-btn-label\">Nos conteneurs<\/span><i class=\"far fa-long-arrow-right\"><\/i><\/a><\/div><div class=\"w-btn-wrapper align_none\"><a class=\"w-btn us-btn-style_1 icon_atright\" title=\"Offerteaanvraag\" href=\"https:\/\/gielen-recyclage.be\/fr\/demande-de-devis\/\"><span class=\"w-btn-label\">Je souhaite un devis<\/span><i class=\"far fa-long-arrow-right\"><\/i><\/a><\/div><\/div><\/div><\/div><div class=\"vc_col-sm-5 vc_col-lg-4 vc_col-md-4 vc_col-xs-12 wpb_column vc_column_container h300 popupopen has_bg_color stretched\"><div class=\"vc_column-inner us_custom_587ce153\"><div class=\"wpb_wrapper\"><\/div><\/div><\/div><\/div><\/div><\/section><section class=\"l-section wpb_row height_large\"><div class=\"l-section-h i-cf\"><div class=\"g-cols vc_row via_flex valign_top type_default stacking_default\" style=\"--additional-gap:15px;\"><div class=\"vc_col-sm-6 wpb_column vc_column_container m300 has_bg_color\"><div class=\"vc_column-inner us_custom_3204f294\"><div class=\"wpb_wrapper\"><\/div><\/div><\/div><div class=\"vc_col-sm-1 wpb_column vc_column_container\"><div class=\"vc_column-inner\"><div class=\"wpb_wrapper\"><\/div><\/div><\/div><div class=\"vc_col-sm-5 wpb_column vc_column_container\"><div class=\"vc_column-inner\"><div class=\"wpb_wrapper\"><div class=\"wpb_text_column\"><div class=\"wpb_wrapper\"><h2>CONTENEURS \u00c0 TOIT HYDRAULIQUE POUR <strong>LES D\u00c9CHETS SP\u00c9CIAUX<\/strong><\/h2>\n<p>Chez Containerservice Gielen, vous pouvez louer un conteneur \u00e0 toit hydraulique pour tous vos d\u00e9chets sp\u00e9ciaux. Nous proposons diff\u00e9rents types de conteneurs \u00e0 d\u00e9chets, et en diff\u00e9rents formats, en fonction de votre flux de d\u00e9chets. Voil\u00e0 comment nous pouvons fournir des conseils professionnels adapt\u00e9s \u00e0 votre projet.<\/p>\n<p>Quel que soit le conteneur choisi, nous nous chargeons toujours de la livraison et de la collecte. Nous traitons ensuite vos d\u00e9chets de mani\u00e8re automatis\u00e9e, m\u00eame les d\u00e9chets sp\u00e9ciaux. C\u2019est ainsi que nous donnons une nouvelle vie \u00e0 vos d\u00e9chets.<\/p>\n<\/div><\/div><div class=\"w-separator size_medium\"><\/div><div class=\"w-btn-wrapper align_none\"><a class=\"w-btn us-btn-style_1 icon_atright\" title=\"Offerteaanvraag\" href=\"https:\/\/gielen-recyclage.be\/fr\/demande-de-devis\/\"><span class=\"w-btn-label\">Je souhaite un devis<\/span><i class=\"far fa-long-arrow-right\"><\/i><\/a><\/div><\/div><\/div><\/div><\/div><\/div><\/section><section class=\"l-section wpb_row height_auto\" id=\"container\"><div class=\"l-section-h i-cf\"><div class=\"g-cols vc_row via_flex valign_top type_default stacking_default\"><div class=\"vc_col-sm-12 wpb_column vc_column_container\"><div class=\"vc_column-inner\"><div class=\"wpb_wrapper\"><div class=\"g-cols wpb_row via_flex valign_top type_default stacking_default\"><div class=\"vc_col-sm-6 wpb_column vc_column_container\"><div class=\"vc_column-inner\"><div class=\"wpb_wrapper\"><div class=\"wpb_text_column\"><div class=\"wpb_wrapper\"><h3>TYPES DE CONTENEURS \u00c0 TOIT HYDRAULIQUE<\/h3>\n<p>Chez Gielen Containerservice, vous trouverez certainement un conteneur adapt\u00e9, \u00e0 toit hydraulique. Ils se d\u00e9clinent en trois formats diff\u00e9rents\u202f: 15\u202fm\u00b3, 20\u202fm\u00b3 et 40\u202fm\u00b3. Vous pouvez choisir de les actionner manuellement \u00e0 l\u2019aide d\u2019une pompe \u00e0 main ou \u00e0 l\u2019aide d\u2019une pompe \u00e9lectrique.<\/p>\n<\/div><\/div><\/div><\/div><\/div><div class=\"vc_col-sm-6 wpb_column vc_column_container\"><div class=\"vc_column-inner\"><div class=\"wpb_wrapper\"><\/div><\/div><\/div><\/div><div class=\"w-separator size_medium\"><\/div><\/div><\/div><\/div><\/div><\/div><\/section><section class=\"l-section wpb_row height_huge\"><div class=\"l-section-h i-cf\"><div class=\"g-cols vc_row via_flex valign_middle type_boxes stacking_default\"><div class=\"vc_col-sm-8 wpb_column vc_column_container has_bg_color\"><div class=\"vc_column-inner us_custom_5fb9c346\"><div class=\"wpb_wrapper\"><div class=\"wpb_text_column us_custom_02d42652 has_text_color\"><div class=\"wpb_wrapper\"><h3>FAITES UN PETIT TOUR D\u2019HORIZON DE NOS <strong>CONTENEURS \u00c0 TOIT HYDRAULIQUE<\/strong><\/h3>\n<\/div><\/div><\/div><\/div><\/div><div class=\"vc_col-sm-4 wpb_column vc_column_container has_bg_color\"><div class=\"vc_column-inner us_custom_5fb9c346\"><div class=\"wpb_wrapper\"><div class=\"w-btn-wrapper align_center\"><a class=\"w-btn us-btn-style_3 icon_atright\" title=\"Contact\" href=\"https:\/\/gielen-recyclage.be\/fr\/brochures\/\"><span class=\"w-btn-label\">J&rsquo;aimerais voir la brochure<\/span><i class=\"far fa-long-arrow-right\"><\/i><\/a><\/div><\/div><\/div><\/div><\/div><\/div><\/section><section class=\"l-section wpb_row height_auto\"><div class=\"l-section-h i-cf\"><div class=\"g-cols vc_row via_flex valign_top type_default stacking_default\"><div class=\"vc_col-sm-6 wpb_column vc_column_container\"><div class=\"vc_column-inner\"><div class=\"wpb_wrapper\"><div class=\"wpb_text_column\"><div class=\"wpb_wrapper\"><h2>CONTENEURS \u00c0 TOIT HYDRAULIQUE POUR <strong>D\u00c9CHETS DIVERS<\/strong><\/h2>\n<p>Un conteneur dot\u00e9 d\u2019un couvercle hydraulique s\u2019av\u00e8re tr\u00e8s pratique lorsque vos d\u00e9chets doivent arriver aussi propres que possible chez le transformateur final. Ces conteneurs sont souvent utilis\u00e9s pour collecter des films, des m\u00e9taux ou des d\u00e9chets dangereux. Si vos d\u00e9chets s\u2019envolent facilement ou doivent rester secs, il vous faut absolument un toit ou un couvercle sur votre conteneur. Les toits hydrauliques ont l\u2019avantage de pouvoir \u00eatre ouverts et ferm\u00e9s manuellement et \u00e9lectriquement. Ces conteneurs adapt\u00e9s sont tr\u00e8s conviviaux et peuvent donc \u00eatre utilis\u00e9s par n\u2019importe qui. Containerservice Gielen se charge non seulement de la livraison et de la collecte des conteneurs, mais aussi de l\u2019\u00e9limination des d\u00e9chets.<\/p>\n<\/div><\/div><\/div><\/div><\/div><div class=\"vc_col-sm-6 wpb_column vc_column_container\"><div class=\"vc_column-inner\"><div class=\"wpb_wrapper\"><\/div><\/div><\/div><\/div><\/div><\/section><section class=\"l-section wpb_row height_large\"><div class=\"l-section-h i-cf\"><div class=\"g-cols vc_row via_flex valign_top type_default stacking_default\" style=\"--additional-gap:15px;\"><div class=\"vc_col-sm-3 wpb_column vc_column_container m300 has_bg_color\"><div class=\"vc_column-inner us_custom_e909cca5\"><div class=\"wpb_wrapper\"><\/div><\/div><\/div><div class=\"vc_col-sm-3 vc_hidden-xs wpb_column vc_column_container has_bg_color\"><div class=\"vc_column-inner us_custom_dea60325\"><div class=\"wpb_wrapper\"><\/div><\/div><\/div><div class=\"vc_col-sm-1 wpb_column vc_column_container\"><div class=\"vc_column-inner\"><div class=\"wpb_wrapper\"><\/div><\/div><\/div><div class=\"vc_col-sm-5 wpb_column vc_column_container\"><div class=\"vc_column-inner\"><div class=\"wpb_wrapper\"><div class=\"wpb_text_column\"><div class=\"wpb_wrapper\"><h2>NOS<br \/>\n<strong>CONTENEURS<\/strong><\/h2>\n<p>Nos conteneurs sont des outils durables pour la collecte, le transport et la transformation des d\u00e9chets en mati\u00e8res premi\u00e8res r\u00e9utilisables. Certains types de d\u00e9chets n\u00e9cessitent un traitement particulier, cela va sans dire. Chez Containerservice Gielen, nous avons l\u2019exp\u00e9rience et le savoir-faire sp\u00e9cifique pour traiter tous les types de d\u00e9chets de mani\u00e8re experte.<\/p>\n<p>Nous tenons toujours compte de la r\u00e9glementation en vigueur et des exigences de s\u00e9curit\u00e9. Nous sommes heureux d\u2019aider les professionnels et les particuliers en leur proposant une solution cl\u00e9 en main \u00e9conomique, selon les possibilit\u00e9s logistiques de notre offre.<\/p>\n<\/div><\/div><div class=\"w-separator size_medium\"><\/div><div class=\"w-btn-wrapper align_none\"><a class=\"w-btn us-btn-style_1 icon_atright\" title=\"Offerteaanvraag\" href=\"https:\/\/gielen-recyclage.be\/fr\/demande-de-devis\/\"><span class=\"w-btn-label\">Je souhaite un devis<\/span><i class=\"far fa-long-arrow-right\"><\/i><\/a><\/div><\/div><\/div><\/div><\/div><\/div><\/section>\n","protected":false},"excerpt":{"rendered":"LES CONTENEURS \u00c0 TOIT HYDRAULIQUE DE GIELEN NV Spacieux, les conteneurs \u00e0 toit hydraulique de Containerservice Gielen prot\u00e8gent vos d\u00e9chets des intemp\u00e9ries. Ils vous permettront en outre de gagner \u00e9norm\u00e9ment de temps lors du chargement et du d\u00e9chargement, gr\u00e2ce \u00e0 leur technologie moderne. Disposer d\u2019un conteneur pratique, avec toit hydraulique, c\u2019est la garantie de mener...","protected":false},"author":1,"featured_media":751,"parent":1985,"menu_order":8,"comment_status":"closed","ping_status":"closed","template":"","meta":{"footnotes":""},"pagina-categorie":[148],"sector":[],"type-container-per-afvalsoort":[],"class_list":["post-2000","page","type-page","status-publish","has-post-thumbnail","hentry","pagina-categorie-containers-fr"],"acf":[],"yoast_head":"<!-- This site is optimized with the Yoast SEO plugin v26.2 - https:\/\/yoast.com\/wordpress\/plugins\/seo\/ -->\n<title>Louer container toit hydraulique Limbourg<\/title>\n<meta name=\"description\" content=\"Les containers \u00e0 toit hydraulique de Containerservice Gielen sont sophistiqu\u00e9s et parfaits pour tous vos projets de stockage et de recyclage de d\u00e9chets D\u00e9couvrez notre gamme sans plus attendre !\" \/>\n<meta name=\"robots\" content=\"index, follow, max-snippet:-1, max-image-preview:large, max-video-preview:-1\" \/>\n<link rel=\"canonical\" href=\"https:\/\/gielen-recyclage.be\/fr\/location-de-conteneurs\/conteneurs-a-toit-hydraulique\/\" \/>\n<meta property=\"og:locale\" content=\"fr_FR\" \/>\n<meta property=\"og:type\" content=\"article\" \/>\n<meta property=\"og:title\" content=\"Louer container toit hydraulique Limbourg\" \/>\n<meta property=\"og:description\" content=\"Les containers \u00e0 toit hydraulique de Containerservice Gielen sont sophistiqu\u00e9s et parfaits pour tous vos projets de stockage et de recyclage de d\u00e9chets D\u00e9couvrez notre gamme sans plus attendre !\" \/>\n<meta property=\"og:url\" content=\"https:\/\/gielen-recyclage.be\/fr\/location-de-conteneurs\/conteneurs-a-toit-hydraulique\/\" \/>\n<meta property=\"og:site_name\" content=\"Containerservice Gielen\" \/>\n<meta property=\"article:modified_time\" content=\"2023-11-27T11:39:56+00:00\" \/>\n<meta property=\"og:image\" content=\"https:\/\/gielen-recyclage.be\/wp-content\/uploads\/2023\/07\/Containers_met_hydraulischdak-500x500-1.png\" \/>\n\t<meta property=\"og:image:width\" content=\"500\" \/>\n\t<meta property=\"og:image:height\" content=\"500\" \/>\n\t<meta property=\"og:image:type\" content=\"image\/png\" \/>\n<meta name=\"twitter:card\" content=\"summary_large_image\" \/>\n<meta name=\"twitter:label1\" content=\"Dur\u00e9e de lecture est.\" \/>\n\t<meta name=\"twitter:data1\" content=\"3 minutes\" \/>\n<script type=\"application\/ld+json\" class=\"yoast-schema-graph\">{\"@context\":\"https:\/\/schema.org\",\"@graph\":[{\"@type\":\"WebPage\",\"@id\":\"https:\/\/gielen-recyclage.be\/fr\/location-de-conteneurs\/conteneurs-a-toit-hydraulique\/\",\"url\":\"https:\/\/gielen-recyclage.be\/fr\/location-de-conteneurs\/conteneurs-a-toit-hydraulique\/\",\"name\":\"Louer container toit hydraulique Limbourg\",\"isPartOf\":{\"@id\":\"https:\/\/gielen-recyclage.be\/#website\"},\"primaryImageOfPage\":{\"@id\":\"https:\/\/gielen-recyclage.be\/fr\/location-de-conteneurs\/conteneurs-a-toit-hydraulique\/#primaryimage\"},\"image\":{\"@id\":\"https:\/\/gielen-recyclage.be\/fr\/location-de-conteneurs\/conteneurs-a-toit-hydraulique\/#primaryimage\"},\"thumbnailUrl\":\"https:\/\/gielen-recyclage.be\/wp-content\/uploads\/2023\/07\/Containers_met_hydraulischdak-500x500-1.png\",\"datePublished\":\"2023-07-11T11:31:56+00:00\",\"dateModified\":\"2023-11-27T11:39:56+00:00\",\"description\":\"Les containers \u00e0 toit hydraulique de Containerservice Gielen sont sophistiqu\u00e9s et parfaits pour tous vos projets de stockage et de recyclage de d\u00e9chets D\u00e9couvrez notre gamme sans plus attendre !\",\"breadcrumb\":{\"@id\":\"https:\/\/gielen-recyclage.be\/fr\/location-de-conteneurs\/conteneurs-a-toit-hydraulique\/#breadcrumb\"},\"inLanguage\":\"fr-BE\",\"potentialAction\":[{\"@type\":\"ReadAction\",\"target\":[\"https:\/\/gielen-recyclage.be\/fr\/location-de-conteneurs\/conteneurs-a-toit-hydraulique\/\"]}]},{\"@type\":\"ImageObject\",\"inLanguage\":\"fr-BE\",\"@id\":\"https:\/\/gielen-recyclage.be\/fr\/location-de-conteneurs\/conteneurs-a-toit-hydraulique\/#primaryimage\",\"url\":\"https:\/\/gielen-recyclage.be\/wp-content\/uploads\/2023\/07\/Containers_met_hydraulischdak-500x500-1.png\",\"contentUrl\":\"https:\/\/gielen-recyclage.be\/wp-content\/uploads\/2023\/07\/Containers_met_hydraulischdak-500x500-1.png\",\"width\":500,\"height\":500},{\"@type\":\"BreadcrumbList\",\"@id\":\"https:\/\/gielen-recyclage.be\/fr\/location-de-conteneurs\/conteneurs-a-toit-hydraulique\/#breadcrumb\",\"itemListElement\":[{\"@type\":\"ListItem\",\"position\":1,\"name\":\"Home\",\"item\":\"https:\/\/gielen-recyclage.be\/fr\/\"},{\"@type\":\"ListItem\",\"position\":2,\"name\":\"Location de conteneurs\",\"item\":\"https:\/\/gielen-recyclage.be\/fr\/location-de-conteneurs\/\"},{\"@type\":\"ListItem\",\"position\":3,\"name\":\"Conteneurs \u00e0 toit hydraulique\"}]},{\"@type\":\"WebSite\",\"@id\":\"https:\/\/gielen-recyclage.be\/#website\",\"url\":\"https:\/\/gielen-recyclage.be\/\",\"name\":\"Containerservice Gielen\",\"description\":\"\",\"potentialAction\":[{\"@type\":\"SearchAction\",\"target\":{\"@type\":\"EntryPoint\",\"urlTemplate\":\"https:\/\/gielen-recyclage.be\/?s={search_term_string}\"},\"query-input\":{\"@type\":\"PropertyValueSpecification\",\"valueRequired\":true,\"valueName\":\"search_term_string\"}}],\"inLanguage\":\"fr-BE\"}]}<\/script>\n<!-- \/ Yoast SEO plugin. -->","yoast_head_json":{"title":"Louer container toit hydraulique Limbourg","description":"Les containers \u00e0 toit hydraulique de Containerservice Gielen sont sophistiqu\u00e9s et parfaits pour tous vos projets de stockage et de recyclage de d\u00e9chets D\u00e9couvrez notre gamme sans plus attendre !","robots":{"index":"index","follow":"follow","max-snippet":"max-snippet:-1","max-image-preview":"max-image-preview:large","max-video-preview":"max-video-preview:-1"},"canonical":"https:\/\/gielen-recyclage.be\/fr\/location-de-conteneurs\/conteneurs-a-toit-hydraulique\/","og_locale":"fr_FR","og_type":"article","og_title":"Louer container toit hydraulique Limbourg","og_description":"Les containers \u00e0 toit hydraulique de Containerservice Gielen sont sophistiqu\u00e9s et parfaits pour tous vos projets de stockage et de recyclage de d\u00e9chets D\u00e9couvrez notre gamme sans plus attendre !","og_url":"https:\/\/gielen-recyclage.be\/fr\/location-de-conteneurs\/conteneurs-a-toit-hydraulique\/","og_site_name":"Containerservice Gielen","article_modified_time":"2023-11-27T11:39:56+00:00","og_image":[{"width":500,"height":500,"url":"https:\/\/gielen-recyclage.be\/wp-content\/uploads\/2023\/07\/Containers_met_hydraulischdak-500x500-1.png","type":"image\/png"}],"twitter_card":"summary_large_image","twitter_misc":{"Dur\u00e9e de lecture est.":"3 minutes"},"schema":{"@context":"https:\/\/schema.org","@graph":[{"@type":"WebPage","@id":"https:\/\/gielen-recyclage.be\/fr\/location-de-conteneurs\/conteneurs-a-toit-hydraulique\/","url":"https:\/\/gielen-recyclage.be\/fr\/location-de-conteneurs\/conteneurs-a-toit-hydraulique\/","name":"Louer container toit hydraulique Limbourg","isPartOf":{"@id":"https:\/\/gielen-recyclage.be\/#website"},"primaryImageOfPage":{"@id":"https:\/\/gielen-recyclage.be\/fr\/location-de-conteneurs\/conteneurs-a-toit-hydraulique\/#primaryimage"},"image":{"@id":"https:\/\/gielen-recyclage.be\/fr\/location-de-conteneurs\/conteneurs-a-toit-hydraulique\/#primaryimage"},"thumbnailUrl":"https:\/\/gielen-recyclage.be\/wp-content\/uploads\/2023\/07\/Containers_met_hydraulischdak-500x500-1.png","datePublished":"2023-07-11T11:31:56+00:00","dateModified":"2023-11-27T11:39:56+00:00","description":"Les containers \u00e0 toit hydraulique de Containerservice Gielen sont sophistiqu\u00e9s et parfaits pour tous vos projets de stockage et de recyclage de d\u00e9chets D\u00e9couvrez notre gamme sans plus attendre !","breadcrumb":{"@id":"https:\/\/gielen-recyclage.be\/fr\/location-de-conteneurs\/conteneurs-a-toit-hydraulique\/#breadcrumb"},"inLanguage":"fr-BE","potentialAction":[{"@type":"ReadAction","target":["https:\/\/gielen-recyclage.be\/fr\/location-de-conteneurs\/conteneurs-a-toit-hydraulique\/"]}]},{"@type":"ImageObject","inLanguage":"fr-BE","@id":"https:\/\/gielen-recyclage.be\/fr\/location-de-conteneurs\/conteneurs-a-toit-hydraulique\/#primaryimage","url":"https:\/\/gielen-recyclage.be\/wp-content\/uploads\/2023\/07\/Containers_met_hydraulischdak-500x500-1.png","contentUrl":"https:\/\/gielen-recyclage.be\/wp-content\/uploads\/2023\/07\/Containers_met_hydraulischdak-500x500-1.png","width":500,"height":500},{"@type":"BreadcrumbList","@id":"https:\/\/gielen-recyclage.be\/fr\/location-de-conteneurs\/conteneurs-a-toit-hydraulique\/#breadcrumb","itemListElement":[{"@type":"ListItem","position":1,"name":"Home","item":"https:\/\/gielen-recyclage.be\/fr\/"},{"@type":"ListItem","position":2,"name":"Location de conteneurs","item":"https:\/\/gielen-recyclage.be\/fr\/location-de-conteneurs\/"},{"@type":"ListItem","position":3,"name":"Conteneurs \u00e0 toit hydraulique"}]},{"@type":"WebSite","@id":"https:\/\/gielen-recyclage.be\/#website","url":"https:\/\/gielen-recyclage.be\/","name":"Containerservice Gielen","description":"","potentialAction":[{"@type":"SearchAction","target":{"@type":"EntryPoint","urlTemplate":"https:\/\/gielen-recyclage.be\/?s={search_term_string}"},"query-input":{"@type":"PropertyValueSpecification","valueRequired":true,"valueName":"search_term_string"}}],"inLanguage":"fr-BE"}]}},"_links":{"self":[{"href":"https:\/\/gielen-recyclage.be\/fr\/wp-json\/wp\/v2\/pages\/2000","targetHints":{"allow":["GET"]}}],"collection":[{"href":"https:\/\/gielen-recyclage.be\/fr\/wp-json\/wp\/v2\/pages"}],"about":[{"href":"https:\/\/gielen-recyclage.be\/fr\/wp-json\/wp\/v2\/types\/page"}],"author":[{"embeddable":true,"href":"https:\/\/gielen-recyclage.be\/fr\/wp-json\/wp\/v2\/users\/1"}],"replies":[{"embeddable":true,"href":"https:\/\/gielen-recyclage.be\/fr\/wp-json\/wp\/v2\/comments?post=2000"}],"version-history":[{"count":8,"href":"https:\/\/gielen-recyclage.be\/fr\/wp-json\/wp\/v2\/pages\/2000\/revisions"}],"predecessor-version":[{"id":2705,"href":"https:\/\/gielen-recyclage.be\/fr\/wp-json\/wp\/v2\/pages\/2000\/revisions\/2705"}],"up":[{"embeddable":true,"href":"https:\/\/gielen-recyclage.be\/fr\/wp-json\/wp\/v2\/pages\/1985"}],"wp:featuredmedia":[{"embeddable":true,"href":"https:\/\/gielen-recyclage.be\/fr\/wp-json\/wp\/v2\/media\/751"}],"wp:attachment":[{"href":"https:\/\/gielen-recyclage.be\/fr\/wp-json\/wp\/v2\/media?parent=2000"}],"wp:term":[{"taxonomy":"pagina-categorie","embeddable":true,"href":"https:\/\/gielen-recyclage.be\/fr\/wp-json\/wp\/v2\/pagina-categorie?post=2000"},{"taxonomy":"sector","embeddable":true,"href":"https:\/\/gielen-recyclage.be\/fr\/wp-json\/wp\/v2\/sector?post=2000"},{"taxonomy":"type-container-per-afvalsoort","embeddable":true,"href":"https:\/\/gielen-recyclage.be\/fr\/wp-json\/wp\/v2\/type-container-per-afvalsoort?post=2000"}],"curies":[{"name":"wp","href":"https:\/\/api.w.org\/{rel}","templated":true}]}}