{"id":2014,"date":"2023-07-11T13:35:33","date_gmt":"2023-07-11T11:35:33","guid":{"rendered":"https:\/\/gielen-recyclage.be\/?page_id=2014"},"modified":"2023-10-03T13:40:13","modified_gmt":"2023-10-03T11:40:13","slug":"frigolite-polystyrene-expanse","status":"publish","type":"page","link":"https:\/\/gielen-recyclage.be\/fr\/types-de-dechets\/plastiques\/frigolite-polystyrene-expanse\/","title":{"rendered":"Frigolite\/Polystyr\u00e8ne expans\u00e9"},"content":{"rendered":"<section class=\"l-section wpb_row us_custom_d2199d32 height_auto\"><div class=\"l-section-h i-cf\"><div class=\"g-cols vc_row via_flex valign_middle type_boxes stacking_default\" style=\"--additional-gap:15px;\"><div class=\"vc_col-sm-1 vc_hidden-sm vc_hidden-xs wpb_column vc_column_container has_bg_color stretched\"><div class=\"vc_column-inner us_custom_2f7940df\"><div class=\"wpb_wrapper\"><\/div><\/div><\/div><div class=\"vc_col-sm-7 vc_col-lg-7 vc_col-md-7 vc_col-xs-12 wpb_column vc_column_container has_bg_color\"><div class=\"vc_column-inner us_custom_43bb1cd8\"><div class=\"wpb_wrapper\"><div class=\"wpb_text_column\"><div class=\"wpb_wrapper\"><h1>RECYCLER <strong>L\u2019ISOMO<\/strong><br \/>\nAVEC CONTAINERSERVICE GIELEN<\/h1>\n<p>Containerservice Gielen collecte l\u2019Isomo, que l\u2019on appelle aussi PSE ou polystyr\u00e8ne, dans des sacs pratiques de 500 ou 2500 litres. Nos chauffeurs qualifi\u00e9s r\u00e9cup\u00e8rent ces d\u00e9chets et les am\u00e8nent en toute s\u00e9curit\u00e9 sur notre site, o\u00f9 ils sont press\u00e9s en blocs et empil\u00e9s.<\/p>\n<p>Nous pouvons ainsi les livrer \u00e0 une entreprise de recyclage agr\u00e9\u00e9e, pour que ce mat\u00e9riau se voie donner une seconde vie et serve de mati\u00e8re premi\u00e8re pour de nouveaux produits. Attention toutefois, vos d\u00e9chets isomo ou polystyr\u00e8ne doivent \u00eatre propres et non contamin\u00e9s par d\u2019autres d\u00e9chets.<\/p>\n<\/div><\/div><div class=\"w-separator size_small\"><\/div><div class=\"w-btn-wrapper align_none\"><a class=\"w-btn us-btn-style_1 icon_atright\" title=\"Offerteaanvraag\" href=\"https:\/\/gielen-recyclage.be\/fr\/demande-de-devis\/\"><span class=\"w-btn-label\">Je souhaite demander un devis<\/span><i class=\"far fa-long-arrow-right\"><\/i><\/a><\/div><\/div><\/div><\/div><div class=\"vc_col-sm-5 vc_col-lg-4 vc_col-md-4 vc_col-xs-12 wpb_column vc_column_container h300 popupopen has_bg_color stretched\"><div class=\"vc_column-inner us_custom_36fc3f05\"><div class=\"wpb_wrapper\"><\/div><\/div><\/div><\/div><\/div><\/section><section class=\"l-section wpb_row height_large\"><div class=\"l-section-h i-cf\"><div class=\"g-cols vc_row via_flex valign_top type_default stacking_default\"><div class=\"vc_col-sm-12 wpb_column vc_column_container\"><div class=\"vc_column-inner\"><div class=\"wpb_wrapper\"><div class=\"g-cols wpb_row via_flex valign_top type_default stacking_default\"><div class=\"vc_col-sm-6 wpb_column vc_column_container\"><div class=\"vc_column-inner\"><div class=\"wpb_wrapper\"><div class=\"wpb_text_column\"><div class=\"wpb_wrapper\"><h2><strong>RECYCLAGE DE L\u2019ISOMO<\/strong><br \/>\nS\u00dbR &amp; FACILE<\/h2>\n<\/div><\/div><div class=\"w-separator size_medium\"><\/div><\/div><\/div><\/div><div class=\"vc_col-sm-6 wpb_column vc_column_container\"><div class=\"vc_column-inner\"><div class=\"wpb_wrapper\"><\/div><\/div><\/div><\/div><div class=\"g-cols wpb_row via_flex valign_top type_default stacking_default\"><div class=\"vc_col-sm-6 wpb_column vc_column_container\"><div class=\"vc_column-inner\"><div class=\"wpb_wrapper\"><div class=\"wpb_text_column\"><div class=\"wpb_wrapper\"><p>Nos sacs plastique sont parfaits pour collecter et trier l\u2019Isomo. Ils sont robustes mais souples, et donc parfaitement adapt\u00e9s au stockage de d\u00e9chets en polystyr\u00e8ne robustes et in\u00e9gaux. Containerservice Gielen vous proposera une solution cl\u00e9 en main efficace et peu encombrante pour vos d\u00e9chets en polystyr\u00e8ne.<\/p>\n<\/div><\/div><\/div><\/div><\/div><div class=\"vc_col-sm-6 wpb_column vc_column_container\"><div class=\"vc_column-inner\"><div class=\"wpb_wrapper\"><div class=\"wpb_text_column\"><div class=\"wpb_wrapper\"><p>Nous venons bien entendu r\u00e9cup\u00e9rer les sacs que vous aurez achet\u00e9 chez nous. Nos solutions de gestion des d\u00e9chets offrent d\u2019innombrables possibilit\u00e9s logistiques et avantages sur le plan financier, en plus faciliter grandement le recyclage du polystyr\u00e8ne pour le transformateur final.<\/p>\n<\/div><\/div><\/div><\/div><\/div><\/div><div class=\"w-separator size_small\"><\/div><div class=\"w-btn-wrapper align_none\"><a class=\"w-btn us-btn-style_1 icon_atright\" title=\"Offerteaanvraag\" href=\"https:\/\/gielen-recyclage.be\/fr\/demande-de-devis\/\"><span class=\"w-btn-label\">Je souhaite demander un devis<\/span><i class=\"far fa-long-arrow-right\"><\/i><\/a><\/div><\/div><\/div><\/div><\/div><\/div><\/section><section class=\"l-section wpb_row height_auto\"><div class=\"l-section-h i-cf\"><div class=\"g-cols vc_row via_flex valign_middle type_boxes stacking_default\"><div class=\"vc_col-sm-8 wpb_column vc_column_container has_bg_color\"><div class=\"vc_column-inner us_custom_5fb9c346\"><div class=\"wpb_wrapper\"><div class=\"wpb_text_column us_custom_02d42652 has_text_color\"><div class=\"wpb_wrapper\"><h3><strong>D\u00c9COUVREZ NOS SACS POUR VOS<br \/>\nD\u00c9CHETS EN POLYSTYR\u00c8NE<\/strong><\/h3>\n<\/div><\/div><\/div><\/div><\/div><div class=\"vc_col-sm-4 wpb_column vc_column_container has_bg_color\"><div class=\"vc_column-inner us_custom_5fb9c346\"><div class=\"wpb_wrapper\"><div class=\"w-btn-wrapper align_center\"><a class=\"w-btn us-btn-style_3 icon_atright\" title=\"Contact\" href=\"https:\/\/gielen-recyclage.be\/fr\/brochures\/\"><span class=\"w-btn-label\">Montrez-moi la brochure<\/span><i class=\"far fa-long-arrow-right\"><\/i><\/a><\/div><\/div><\/div><\/div><\/div><\/div><\/section><section class=\"l-section wpb_row height_medium\"><div class=\"l-section-h i-cf\"><div class=\"g-cols vc_row via_flex valign_top type_default stacking_default\"><div class=\"vc_col-sm-12 wpb_column vc_column_container\"><div class=\"vc_column-inner\"><div class=\"wpb_wrapper\"><\/div><\/div><\/div><\/div><\/div><\/section><section class=\"l-section wpb_row us_custom_43bb1cd8 height_large\"><div class=\"l-section-h i-cf\"><div class=\"g-cols vc_row via_flex valign_top type_default stacking_default\" style=\"--additional-gap:15px;\"><div class=\"vc_col-sm-8 wpb_column vc_column_container\"><div class=\"vc_column-inner\"><div class=\"wpb_wrapper\"><div class=\"wpb_text_column\"><div class=\"wpb_wrapper\"><h3><strong>CONDITIONS D\u2019ACCEPTATION DES D\u00c9CHETS ISOMO<\/strong><\/h3>\n<p>Ces conditions d\u2019acceptation s\u2019appliquent au polystyr\u00e8ne utilis\u00e9 comme mat\u00e9riau d\u2019emballage ou d\u2019isolation.<\/p>\n<\/div><\/div><div class=\"w-separator size_small\"><\/div><\/div><\/div><\/div><div class=\"vc_col-sm-4 wpb_column vc_column_container\"><div class=\"vc_column-inner\"><div class=\"wpb_wrapper\"><\/div><\/div><\/div><div class=\"vc_col-sm-4 wpb_column vc_column_container\"><div class=\"vc_column-inner\"><div class=\"wpb_wrapper\"><div class=\"wpb_text_column toegestaan\"><div class=\"wpb_wrapper\"><p><strong>Sont autoris\u00e9s\u202f:<\/strong><\/p>\n<ul>\n<li>Mat\u00e9riau d\u2019emballage PSE propre (dans toutes les couleurs et formes)<\/li>\n<li>Mat\u00e9riau d\u2019isolation en PSE propre<\/li>\n<\/ul>\n<\/div><\/div><div class=\"w-separator size_small\"><\/div><\/div><\/div><\/div><div class=\"vc_col-sm-4 wpb_column vc_column_container\"><div class=\"vc_column-inner\"><div class=\"wpb_wrapper\"><div class=\"wpb_text_column niettoegestaan\"><div class=\"wpb_wrapper\"><p><strong>Ne sont pas autoris\u00e9s\u202f:<\/strong><\/p>\n<ul>\n<li>Contaminants (r\u00e9sidus de ciment, d\u00e9chets de construction et de d\u00e9molition, sable, autocollants, etc.)<\/li>\n<li>Sangles d\u2019emballage, films, big bags, plastiques durs, plastiques souples, etc.<\/li>\n<li>Emballages de viande ou de poisson<\/li>\n<li>Autres d\u00e9chets tels que les d\u00e9chets r\u00e9siduels, le papier\/carton, les plastiques, le bois, les textiles, etc.<\/li>\n<\/ul>\n<\/div><\/div><div class=\"w-separator size_small\"><\/div><\/div><\/div><\/div><div class=\"vc_col-sm-4 wpb_column vc_column_container\"><div class=\"vc_column-inner\"><div class=\"wpb_wrapper\"><div class=\"wpb_text_column\"><div class=\"wpb_wrapper\"><p>En cas de non-conformit\u00e9, le collecteur se r\u00e9serve le droit de refuser le chargement en question et\/ou de r\u00e9percuter sur le client les frais suppl\u00e9mentaires de collecte et de traitement qui en r\u00e9sultent.<\/p>\n<\/div><\/div><div class=\"w-separator size_small\"><\/div><div class=\"w-btn-wrapper align_none\"><a class=\"w-btn us-btn-style_1 icon_atright\" target=\"_blank\" href=\"http:\/\/gielen-recyclage.be\/wp-content\/uploads\/2023\/10\/acceptatievoorwaarden-Isomo-EPS_FR.pdf\"><span class=\"w-btn-label\">T\u00e9l\u00e9charger le pdf avec l&rsquo;aper\u00e7u<\/span><i class=\"fas fa-long-arrow-right\"><\/i><\/a><\/div><\/div><\/div><\/div><\/div><\/div><\/section><section class=\"l-section wpb_row height_large\"><div class=\"l-section-h i-cf\"><div class=\"g-cols vc_row via_flex valign_top type_default stacking_default\"><div class=\"vc_col-sm-12 wpb_column vc_column_container\"><div class=\"vc_column-inner\"><div class=\"wpb_wrapper\"><div class=\"g-cols wpb_row via_flex valign_top type_default stacking_default\"><div class=\"vc_col-sm-6 wpb_column vc_column_container\"><div class=\"vc_column-inner\"><div class=\"wpb_wrapper\"><div class=\"wpb_text_column\"><div class=\"wpb_wrapper\"><h2><strong>TYPES DE CONTENEURS <\/strong><br \/>\n<strong>POUR VOTRE ISOMO \/ PSE<\/strong><\/h2>\n<p>Le recyclage d\u2019Isomo passe d\u2019abord par une collecte minutieuse. Les sacs en plastique sont bien plus adapt\u00e9s aux d\u00e9chets en Isomo (ou PSE) que les conteneurs, car ces d\u00e9chets ont des formes irr\u00e9guli\u00e8res. Ce type de sac est en outre robuste tout en \u00e9tant facile \u00e0 refermer, de sorte qu\u2019aucun flocon ne s\u2019\u00e9chappe pendant le transport, et les d\u00e9chets arrivent bien en totalit\u00e9 chez le transformateur final. C\u2019est un point essentiel pour recycler correctement les d\u00e9chets en PSE. Containerservice Gielen est heureux de vous fournir des conseils professionnels, en s\u2019appuyant sur trois g\u00e9n\u00e9rations de connaissances et d\u2019expertise.<\/p>\n<\/div><\/div><\/div><\/div><\/div><div class=\"vc_col-sm-6 wpb_column vc_column_container\"><div class=\"vc_column-inner\"><div class=\"wpb_wrapper\"><\/div><\/div><\/div><\/div><div class=\"w-separator size_medium\"><\/div><div class=\"wpb_text_column\"><div class=\"wpb_wrapper\"><h3>Louer un conteneur<\/h3>\n<\/div><\/div><div class=\"w-separator size_small\"><\/div><div class=\"w-grid us_carousel overflowright type_carousel layout_544 preload_style_spinner items_4\" id=\"us_grid_1\" style=\"--items:4;--gap:1.5rem;\"><style>.layout_544 .w-grid-item-h{background:#F2F2F2}.layout_544 .usg_vwrapper_1{margin-bottom:70px!important;padding:30px!important;background:#F2F2F2!important}.layout_544 .usg_btn_1{width:100%!important}.layout_544 .usg_hwrapper_1{border-top-width:20px!important;border-color:#ffffff!important;position:absolute!important;left:0!important;bottom:0!important;right:0!important;z-index:99!important;border-top-style:solid!important;background:#ffffff!important}@media (min-width:961px) and (max-width:1380px){.layout_544 .usg_vwrapper_1{margin-bottom:70px!important;padding:30px!important}}@media (min-width:768px) and (max-width:960px){.layout_544 .usg_vwrapper_1{margin-bottom:70px!important;padding:30px!important}}@media (max-width:767px){.layout_544 .usg_vwrapper_1{margin-bottom:70px!important;padding:15px 15px 30px 15px!important}.layout_544 .usg_post_title_1{font-size:15px!important}}<\/style><div class=\"w-grid-list owl-carousel valign_stretch dotstyle_circle navstyle_circle arrows-ver-pos_middle arrows-hor-pos_on_sides_outside arrows-disabled_hide owl-responsive-2000 with_arrows\" style=\"--transition-duration:350ms;--arrows-size:1.5rem;--arrows-hor-offset:calc(0px + 1.5rem);--arrows-gap:10px;\">\t<article class=\"w-grid-item post-2170 container type-container status-publish has-post-thumbnail hentry afvalstroom-colore afvalstroom-frigolite-polystyrene-expanse afvalstroom-naturel-fr afvalstroom-plastiques-fr afvalstroom-plastiques afvalstroom-plastiques-durs type-container-conteneurs-speciaux type-container-sac-a-dos\" data-id=\"2170\">\r\n\t\t<div class=\"w-grid-item-h\">\r\n\t\t\t\t\t\t<div class=\"w-post-elm post_image usg_post_image_1 has_ratio\"><a href=\"https:\/\/gielen-recyclage.be\/offerteaanvraag\/\" aria-label=\"Sacs de collecte (avec support)\"><img loading=\"lazy\" decoding=\"async\" width=\"1024\" height=\"732\" src=\"https:\/\/gielen-recyclage.be\/wp-content\/uploads\/2025\/09\/Zakhouder-1024x732.jpg\" class=\"attachment-large size-large wp-post-image\" alt=\"\" \/><\/a><div style=\"padding-bottom:100%\"><\/div><\/div><div class=\"w-vwrapper usg_vwrapper_1\" style=\"--vwrapper-gap:0.9rem\"><h5 class=\"w-post-elm post_title usg_post_title_1 align_center entry-title color_link_inherit\"><a href=\"https:\/\/gielen-recyclage.be\/offerteaanvraag\/\">Sacs de collecte (avec support)<\/a><\/h5><\/div><div class=\"w-hwrapper usg_hwrapper_1\" style=\"--hwrapper-gap:1.20rem\"><a class=\"w-btn us-btn-style_1 usg_btn_1 icon_atright\" href=\"https:\/\/gielen-recyclage.be\/fr\/demande-de-devis\/\"><span class=\"w-btn-label\">LOUER UN CONTENEUR<\/span><i class=\"fas fa-long-arrow-right\"><\/i><\/a><\/div>\t\t<\/div>\r\n\t\t\t<\/article>\r\n<\/div><div class=\"w-grid-carousel-json hidden\" onclick='return {&quot;carousel_settings&quot;:{&quot;aria_labels&quot;:{&quot;prev&quot;:&quot;Pr\\u00e9c\\u00e9dent&quot;,&quot;next&quot;:&quot;Suivant&quot;},&quot;autoplayContinual&quot;:false,&quot;autoplayHoverPause&quot;:false,&quot;autoplayTimeout&quot;:3000,&quot;autoWidth&quot;:false,&quot;smartSpeed&quot;:350,&quot;margin&quot;:0,&quot;mouseDrag&quot;:true,&quot;rtl&quot;:false,&quot;slideBy&quot;:&quot;1&quot;,&quot;touchDrag&quot;:true,&quot;slideTransition&quot;:&quot;&quot;,&quot;responsive&quot;:{&quot;0&quot;:{&quot;autoHeight&quot;:false,&quot;autoplay&quot;:true,&quot;autoWidth&quot;:false,&quot;center&quot;:false,&quot;dots&quot;:false,&quot;items&quot;:2,&quot;loop&quot;:false,&quot;nav&quot;:false,&quot;stagePadding&quot;:0,&quot;slideBy&quot;:&quot;1&quot;},&quot;768&quot;:{&quot;autoHeight&quot;:false,&quot;autoplay&quot;:true,&quot;autoWidth&quot;:false,&quot;center&quot;:false,&quot;dots&quot;:false,&quot;items&quot;:2,&quot;loop&quot;:false,&quot;nav&quot;:true,&quot;stagePadding&quot;:0,&quot;slideBy&quot;:&quot;1&quot;},&quot;961&quot;:{&quot;autoHeight&quot;:false,&quot;autoplay&quot;:true,&quot;autoWidth&quot;:false,&quot;center&quot;:false,&quot;dots&quot;:false,&quot;items&quot;:3,&quot;loop&quot;:false,&quot;nav&quot;:true,&quot;stagePadding&quot;:0,&quot;slideBy&quot;:&quot;1&quot;},&quot;1381&quot;:{&quot;items&quot;:4,&quot;autoplay&quot;:false,&quot;center&quot;:false,&quot;dots&quot;:false,&quot;nav&quot;:true,&quot;autoHeight&quot;:false,&quot;autoWidth&quot;:false,&quot;loop&quot;:false,&quot;stagePadding&quot;:0}}}}'><\/div><\/div><\/div><\/div><\/div><\/div><\/div><\/section>\n","protected":false},"excerpt":{"rendered":"300L-Knapzak-voor-strepbanden-(3)Caract\u00e9ristiques et dimensions : Films : 300 et 400 litres Bandes de diffusion\u00a0: 300\u00a0litres EPS\/Isomo\u00a0: 500\u00a0litres et 2\u00a0500\u00a0litres Plastiques durs\u00a0: 300\u00a0litres Supports de sacs de 300, 400 ou 2\u00a0500\u00a0litres disponibles \u00e0 Gielen Je souhaite recevoir un devis.Quel type de d\u00e9chetpeut-on mettre dans un sac de collecte ? Plastiques dursSi vous souhaitez recycler des plastiques durs,...","protected":false},"author":1,"featured_media":94,"parent":2009,"menu_order":4,"comment_status":"closed","ping_status":"closed","template":"","meta":{"footnotes":""},"pagina-categorie":[],"sector":[158,161,159,163,160],"type-container-per-afvalsoort":[166],"class_list":["post-2014","page","type-page","status-publish","has-post-thumbnail","hentry","sector-bouw-industrie-fr","sector-garages-fr","sector-horeca-fr","sector-medische-en-chemische-sector-fr","sector-retail-fr","type-container-per-afvalsoort-open-container-fr"],"acf":[],"yoast_head":"<!-- This site is optimized with the Yoast SEO plugin v26.2 - https:\/\/yoast.com\/wordpress\/plugins\/seo\/ -->\n<title>Recyclage frigolite Containerservice Gielen Genk<\/title>\n<meta name=\"description\" content=\"Vous ne savez pas quoi faire de votre isomo ou PSE ? Dans ce cas, Containerservice Gielen vous propose une solution cl\u00e9 en main adapt\u00e9e.\" \/>\n<meta name=\"robots\" content=\"index, follow, max-snippet:-1, max-image-preview:large, max-video-preview:-1\" \/>\n<link rel=\"canonical\" href=\"https:\/\/gielen-recyclage.be\/fr\/types-de-dechets\/plastiques\/frigolite-polystyrene-expanse\/\" \/>\n<meta property=\"og:locale\" content=\"fr_FR\" \/>\n<meta property=\"og:type\" content=\"article\" \/>\n<meta property=\"og:title\" content=\"Recyclage frigolite Containerservice Gielen Genk\" \/>\n<meta property=\"og:description\" content=\"Vous ne savez pas quoi faire de votre isomo ou PSE ? Dans ce cas, Containerservice Gielen vous propose une solution cl\u00e9 en main adapt\u00e9e.\" \/>\n<meta property=\"og:url\" content=\"https:\/\/gielen-recyclage.be\/fr\/types-de-dechets\/plastiques\/frigolite-polystyrene-expanse\/\" \/>\n<meta property=\"og:site_name\" content=\"Containerservice Gielen\" \/>\n<meta property=\"article:modified_time\" content=\"2023-10-03T11:40:13+00:00\" \/>\n<meta property=\"og:image\" content=\"https:\/\/gielen-recyclage.be\/wp-content\/uploads\/2023\/07\/Iconen-afval_EPS.png\" \/>\n\t<meta property=\"og:image:width\" content=\"500\" \/>\n\t<meta property=\"og:image:height\" content=\"500\" \/>\n\t<meta property=\"og:image:type\" content=\"image\/png\" \/>\n<meta name=\"twitter:card\" content=\"summary_large_image\" \/>\n<meta name=\"twitter:label1\" content=\"Dur\u00e9e de lecture est.\" \/>\n\t<meta name=\"twitter:data1\" content=\"3 minutes\" \/>\n<script type=\"application\/ld+json\" class=\"yoast-schema-graph\">{\"@context\":\"https:\/\/schema.org\",\"@graph\":[{\"@type\":\"WebPage\",\"@id\":\"https:\/\/gielen-recyclage.be\/fr\/types-de-dechets\/plastiques\/frigolite-polystyrene-expanse\/\",\"url\":\"https:\/\/gielen-recyclage.be\/fr\/types-de-dechets\/plastiques\/frigolite-polystyrene-expanse\/\",\"name\":\"Recyclage frigolite Containerservice Gielen Genk\",\"isPartOf\":{\"@id\":\"https:\/\/gielen-recyclage.be\/#website\"},\"primaryImageOfPage\":{\"@id\":\"https:\/\/gielen-recyclage.be\/fr\/types-de-dechets\/plastiques\/frigolite-polystyrene-expanse\/#primaryimage\"},\"image\":{\"@id\":\"https:\/\/gielen-recyclage.be\/fr\/types-de-dechets\/plastiques\/frigolite-polystyrene-expanse\/#primaryimage\"},\"thumbnailUrl\":\"https:\/\/gielen-recyclage.be\/wp-content\/uploads\/2023\/07\/Iconen-afval_EPS.png\",\"datePublished\":\"2023-07-11T11:35:33+00:00\",\"dateModified\":\"2023-10-03T11:40:13+00:00\",\"description\":\"Vous ne savez pas quoi faire de votre isomo ou PSE ? Dans ce cas, Containerservice Gielen vous propose une solution cl\u00e9 en main adapt\u00e9e.\",\"breadcrumb\":{\"@id\":\"https:\/\/gielen-recyclage.be\/fr\/types-de-dechets\/plastiques\/frigolite-polystyrene-expanse\/#breadcrumb\"},\"inLanguage\":\"fr-BE\",\"potentialAction\":[{\"@type\":\"ReadAction\",\"target\":[\"https:\/\/gielen-recyclage.be\/fr\/types-de-dechets\/plastiques\/frigolite-polystyrene-expanse\/\"]}]},{\"@type\":\"ImageObject\",\"inLanguage\":\"fr-BE\",\"@id\":\"https:\/\/gielen-recyclage.be\/fr\/types-de-dechets\/plastiques\/frigolite-polystyrene-expanse\/#primaryimage\",\"url\":\"https:\/\/gielen-recyclage.be\/wp-content\/uploads\/2023\/07\/Iconen-afval_EPS.png\",\"contentUrl\":\"https:\/\/gielen-recyclage.be\/wp-content\/uploads\/2023\/07\/Iconen-afval_EPS.png\",\"width\":500,\"height\":500},{\"@type\":\"BreadcrumbList\",\"@id\":\"https:\/\/gielen-recyclage.be\/fr\/types-de-dechets\/plastiques\/frigolite-polystyrene-expanse\/#breadcrumb\",\"itemListElement\":[{\"@type\":\"ListItem\",\"position\":1,\"name\":\"Home\",\"item\":\"https:\/\/gielen-recyclage.be\/fr\/\"},{\"@type\":\"ListItem\",\"position\":2,\"name\":\"Types de d\u00e9chets\",\"item\":\"https:\/\/gielen-recyclage.be\/fr\/types-de-dechets\/\"},{\"@type\":\"ListItem\",\"position\":3,\"name\":\"Plastiques\",\"item\":\"https:\/\/gielen-recyclage.be\/fr\/types-de-dechets\/plastiques\/\"},{\"@type\":\"ListItem\",\"position\":4,\"name\":\"Frigolite\/Polystyr\u00e8ne expans\u00e9\"}]},{\"@type\":\"WebSite\",\"@id\":\"https:\/\/gielen-recyclage.be\/#website\",\"url\":\"https:\/\/gielen-recyclage.be\/\",\"name\":\"Containerservice Gielen\",\"description\":\"\",\"potentialAction\":[{\"@type\":\"SearchAction\",\"target\":{\"@type\":\"EntryPoint\",\"urlTemplate\":\"https:\/\/gielen-recyclage.be\/?s={search_term_string}\"},\"query-input\":{\"@type\":\"PropertyValueSpecification\",\"valueRequired\":true,\"valueName\":\"search_term_string\"}}],\"inLanguage\":\"fr-BE\"}]}<\/script>\n<!-- \/ Yoast SEO plugin. -->","yoast_head_json":{"title":"Recyclage frigolite Containerservice Gielen Genk","description":"Vous ne savez pas quoi faire de votre isomo ou PSE ? Dans ce cas, Containerservice Gielen vous propose une solution cl\u00e9 en main adapt\u00e9e.","robots":{"index":"index","follow":"follow","max-snippet":"max-snippet:-1","max-image-preview":"max-image-preview:large","max-video-preview":"max-video-preview:-1"},"canonical":"https:\/\/gielen-recyclage.be\/fr\/types-de-dechets\/plastiques\/frigolite-polystyrene-expanse\/","og_locale":"fr_FR","og_type":"article","og_title":"Recyclage frigolite Containerservice Gielen Genk","og_description":"Vous ne savez pas quoi faire de votre isomo ou PSE ? Dans ce cas, Containerservice Gielen vous propose une solution cl\u00e9 en main adapt\u00e9e.","og_url":"https:\/\/gielen-recyclage.be\/fr\/types-de-dechets\/plastiques\/frigolite-polystyrene-expanse\/","og_site_name":"Containerservice Gielen","article_modified_time":"2023-10-03T11:40:13+00:00","og_image":[{"width":500,"height":500,"url":"https:\/\/gielen-recyclage.be\/wp-content\/uploads\/2023\/07\/Iconen-afval_EPS.png","type":"image\/png"}],"twitter_card":"summary_large_image","twitter_misc":{"Dur\u00e9e de lecture est.":"3 minutes"},"schema":{"@context":"https:\/\/schema.org","@graph":[{"@type":"WebPage","@id":"https:\/\/gielen-recyclage.be\/fr\/types-de-dechets\/plastiques\/frigolite-polystyrene-expanse\/","url":"https:\/\/gielen-recyclage.be\/fr\/types-de-dechets\/plastiques\/frigolite-polystyrene-expanse\/","name":"Recyclage frigolite Containerservice Gielen Genk","isPartOf":{"@id":"https:\/\/gielen-recyclage.be\/#website"},"primaryImageOfPage":{"@id":"https:\/\/gielen-recyclage.be\/fr\/types-de-dechets\/plastiques\/frigolite-polystyrene-expanse\/#primaryimage"},"image":{"@id":"https:\/\/gielen-recyclage.be\/fr\/types-de-dechets\/plastiques\/frigolite-polystyrene-expanse\/#primaryimage"},"thumbnailUrl":"https:\/\/gielen-recyclage.be\/wp-content\/uploads\/2023\/07\/Iconen-afval_EPS.png","datePublished":"2023-07-11T11:35:33+00:00","dateModified":"2023-10-03T11:40:13+00:00","description":"Vous ne savez pas quoi faire de votre isomo ou PSE ? Dans ce cas, Containerservice Gielen vous propose une solution cl\u00e9 en main adapt\u00e9e.","breadcrumb":{"@id":"https:\/\/gielen-recyclage.be\/fr\/types-de-dechets\/plastiques\/frigolite-polystyrene-expanse\/#breadcrumb"},"inLanguage":"fr-BE","potentialAction":[{"@type":"ReadAction","target":["https:\/\/gielen-recyclage.be\/fr\/types-de-dechets\/plastiques\/frigolite-polystyrene-expanse\/"]}]},{"@type":"ImageObject","inLanguage":"fr-BE","@id":"https:\/\/gielen-recyclage.be\/fr\/types-de-dechets\/plastiques\/frigolite-polystyrene-expanse\/#primaryimage","url":"https:\/\/gielen-recyclage.be\/wp-content\/uploads\/2023\/07\/Iconen-afval_EPS.png","contentUrl":"https:\/\/gielen-recyclage.be\/wp-content\/uploads\/2023\/07\/Iconen-afval_EPS.png","width":500,"height":500},{"@type":"BreadcrumbList","@id":"https:\/\/gielen-recyclage.be\/fr\/types-de-dechets\/plastiques\/frigolite-polystyrene-expanse\/#breadcrumb","itemListElement":[{"@type":"ListItem","position":1,"name":"Home","item":"https:\/\/gielen-recyclage.be\/fr\/"},{"@type":"ListItem","position":2,"name":"Types de d\u00e9chets","item":"https:\/\/gielen-recyclage.be\/fr\/types-de-dechets\/"},{"@type":"ListItem","position":3,"name":"Plastiques","item":"https:\/\/gielen-recyclage.be\/fr\/types-de-dechets\/plastiques\/"},{"@type":"ListItem","position":4,"name":"Frigolite\/Polystyr\u00e8ne expans\u00e9"}]},{"@type":"WebSite","@id":"https:\/\/gielen-recyclage.be\/#website","url":"https:\/\/gielen-recyclage.be\/","name":"Containerservice Gielen","description":"","potentialAction":[{"@type":"SearchAction","target":{"@type":"EntryPoint","urlTemplate":"https:\/\/gielen-recyclage.be\/?s={search_term_string}"},"query-input":{"@type":"PropertyValueSpecification","valueRequired":true,"valueName":"search_term_string"}}],"inLanguage":"fr-BE"}]}},"_links":{"self":[{"href":"https:\/\/gielen-recyclage.be\/fr\/wp-json\/wp\/v2\/pages\/2014","targetHints":{"allow":["GET"]}}],"collection":[{"href":"https:\/\/gielen-recyclage.be\/fr\/wp-json\/wp\/v2\/pages"}],"about":[{"href":"https:\/\/gielen-recyclage.be\/fr\/wp-json\/wp\/v2\/types\/page"}],"author":[{"embeddable":true,"href":"https:\/\/gielen-recyclage.be\/fr\/wp-json\/wp\/v2\/users\/1"}],"replies":[{"embeddable":true,"href":"https:\/\/gielen-recyclage.be\/fr\/wp-json\/wp\/v2\/comments?post=2014"}],"version-history":[{"count":5,"href":"https:\/\/gielen-recyclage.be\/fr\/wp-json\/wp\/v2\/pages\/2014\/revisions"}],"predecessor-version":[{"id":2422,"href":"https:\/\/gielen-recyclage.be\/fr\/wp-json\/wp\/v2\/pages\/2014\/revisions\/2422"}],"up":[{"embeddable":true,"href":"https:\/\/gielen-recyclage.be\/fr\/wp-json\/wp\/v2\/pages\/2009"}],"wp:featuredmedia":[{"embeddable":true,"href":"https:\/\/gielen-recyclage.be\/fr\/wp-json\/wp\/v2\/media\/94"}],"wp:attachment":[{"href":"https:\/\/gielen-recyclage.be\/fr\/wp-json\/wp\/v2\/media?parent=2014"}],"wp:term":[{"taxonomy":"pagina-categorie","embeddable":true,"href":"https:\/\/gielen-recyclage.be\/fr\/wp-json\/wp\/v2\/pagina-categorie?post=2014"},{"taxonomy":"sector","embeddable":true,"href":"https:\/\/gielen-recyclage.be\/fr\/wp-json\/wp\/v2\/sector?post=2014"},{"taxonomy":"type-container-per-afvalsoort","embeddable":true,"href":"https:\/\/gielen-recyclage.be\/fr\/wp-json\/wp\/v2\/type-container-per-afvalsoort?post=2014"}],"curies":[{"name":"wp","href":"https:\/\/api.w.org\/{rel}","templated":true}]}}