{"id":2037,"date":"2023-07-11T13:33:56","date_gmt":"2023-07-11T11:33:56","guid":{"rendered":"https:\/\/gielen-recyclage.be\/?page_id=2037"},"modified":"2023-10-04T14:52:36","modified_gmt":"2023-10-04T12:52:36","slug":"dechets-melanges","status":"publish","type":"page","link":"https:\/\/gielen-recyclage.be\/fr\/types-de-dechets\/dechets-melanges\/","title":{"rendered":"D\u00e9chets M\u00e9lang\u00e9s"},"content":{"rendered":"<section class=\"l-section wpb_row us_custom_d2199d32 height_auto\"><div class=\"l-section-h i-cf\"><div class=\"g-cols vc_row via_flex valign_middle type_boxes stacking_default\" style=\"--additional-gap:15px;\"><div class=\"vc_col-sm-1 vc_hidden-sm vc_hidden-xs wpb_column vc_column_container has_bg_color stretched\"><div class=\"vc_column-inner us_custom_00b3b0b7\"><div class=\"wpb_wrapper\"><\/div><\/div><\/div><div class=\"vc_col-sm-7 vc_col-lg-7 vc_col-md-7 vc_col-xs-12 wpb_column vc_column_container has_bg_color\"><div class=\"vc_column-inner us_custom_43bb1cd8\"><div class=\"wpb_wrapper\"><div class=\"wpb_text_column\"><div class=\"wpb_wrapper\"><h1>RECYCLER LES <strong>D\u00c9CHETS MIXTES<\/strong><br \/>\nAVEC GIELEN NV<\/h1>\n<p>Il peut s\u2019av\u00e9rer difficile de trier et recycler les d\u00e9chets mixtes. Les particuliers comme les entreprises doivent parfois g\u00e9rer des types de d\u00e9chets tr\u00e8s diff\u00e9rents, par exemple lors de la d\u00e9pollution d\u2019un b\u00e2timent. Pour g\u00e9rer tous ces types de d\u00e9chets en un court laps de temps, il est pr\u00e9f\u00e9rable de commencer par louer un conteneur pour d\u00e9chets mixtes.<\/p>\n<p>Chez Containerservice Gielen, nous louons des conteneurs adapt\u00e9s aux d\u00e9chets mixtes \u00e0 des prix avantageux. En outre, nous donnons imm\u00e9diatement une seconde vie \u00e0 la plupart des d\u00e9chets mixtes collect\u00e9s.<\/p>\n<\/div><\/div><div class=\"w-separator size_small\"><\/div><div class=\"w-btn-wrapper align_none\"><a class=\"w-btn us-btn-style_1 icon_atright\" title=\"Offerteaanvraag\" href=\"https:\/\/gielen-recyclage.be\/fr\/demande-de-devis\/\"><span class=\"w-btn-label\">Je souhaite demander un devis<\/span><i class=\"far fa-long-arrow-right\"><\/i><\/a><\/div><\/div><\/div><\/div><div class=\"vc_col-sm-5 vc_col-lg-4 vc_col-md-4 vc_col-xs-12 wpb_column vc_column_container h300 popupopen has_bg_color stretched\"><div class=\"vc_column-inner us_custom_9370d039\"><div class=\"wpb_wrapper\"><\/div><\/div><\/div><\/div><\/div><\/section><section class=\"l-section wpb_row height_large\"><div class=\"l-section-h i-cf\"><div class=\"g-cols vc_row via_flex valign_top type_default stacking_default\"><div class=\"vc_col-sm-6 wpb_column vc_column_container\"><div class=\"vc_column-inner\"><div class=\"wpb_wrapper\"><div class=\"wpb_text_column\"><div class=\"wpb_wrapper\"><h2>TYPES DE <strong>D\u00c9CHETS MIXTES<\/strong><\/h2>\n<p>Les d\u00e9chets mixtes recouvrent plusieurs types de d\u00e9chets, dont la plupart peuvent \u00eatre d\u00e9pos\u00e9s dans le conteneur \u00e0 d\u00e9chets mixtes. Certains types de d\u00e9chets dangereux font toutefois exception \u00e0 la r\u00e8gle, mais Containerservice Gielen propose aussi une solution cl\u00e9 en main pour ceux-ci.<\/p>\n<p>En tant que partenaire fiable pour la gestion durable des d\u00e9chets, nous proposons des concepts cl\u00e9 en main pour g\u00e9rer n\u2019importe quelle situation. En effet, nous savons mieux que quiconque que les d\u00e9chets sont une probl\u00e9matique complexe, notamment pour les entreprises. Nous sommes heureux de vous soulager de tous les soucis li\u00e9s \u00e0 l\u2019\u00e9limination des d\u00e9chets.<\/p>\n<\/div><\/div><\/div><\/div><\/div><div class=\"vc_col-sm-6 wpb_column vc_column_container\"><div class=\"vc_column-inner\"><div class=\"wpb_wrapper\"><\/div><\/div><\/div><div class=\"vc_col-sm-12 wpb_column vc_column_container\"><div class=\"vc_column-inner\"><div class=\"wpb_wrapper\"><div class=\"w-separator size_medium\"><\/div><div class=\"w-grid us_grid type_grid layout_467 cols_4 preload_style_spinner\" id=\"us_grid_1\" style=\"--columns:4;--gap:1rem;\"><style>@media (max-width:1380px){#us_grid_1{--columns:3!important}}@media (max-width:960px){#us_grid_1{--columns:2!important}}@media (max-width:767px){#us_grid_1{--columns:1!important}}.layout_467 .w-grid-item-h{}.layout_467 .usg_vwrapper_1{}.layout_467 .w-grid-item-h:focus-within .usg_vwrapper_1,.layout_467 .w-grid-item-h:hover .usg_vwrapper_1{background:var(--color-alt-content-bg-alt)!important;color:#ffffff!important}.layout_467 .usg_vwrapper_1{color:var(--color-header-middle-text)!important;height:100%!important;padding:30px!important;background:#F2F2F2!important}.layout_467 .usg_post_custom_field_1{max-width:150px!important}<\/style><div class=\"w-grid-list\">\t<article class=\"w-grid-item size_1x1 post-2038 page type-page status-publish has-post-thumbnail hentry\" data-id=\"2038\">\r\n\t\t<div class=\"w-grid-item-h\">\r\n\t\t\t\t\t\t\t<a href=\"https:\/\/gielen-recyclage.be\/fr\/types-de-dechets\/dechets-melanges\/particuliers\/\" class=\"w-grid-item-anchor\" aria-label=\"Particuliers\"><\/a>\r\n\t\t\t\t\t\t<div class=\"w-vwrapper usg_vwrapper_1 has_text_color\"><div class=\"w-post-elm post_custom_field usg_post_custom_field_1 type_image icoon color_link_inherit has_ratio\"><div style=\"padding-bottom:100%\"><\/div><img loading=\"lazy\" decoding=\"async\" width=\"500\" height=\"500\" src=\"https:\/\/gielen-recyclage.be\/wp-content\/uploads\/2023\/07\/Iconen-afval_Gemengd.png\" class=\"attachment-large size-large\" alt=\"\" srcset=\"https:\/\/gielen-recyclage.be\/wp-content\/uploads\/2023\/07\/Iconen-afval_Gemengd.png 500w, https:\/\/gielen-recyclage.be\/wp-content\/uploads\/2023\/07\/Iconen-afval_Gemengd-300x300.png 300w, https:\/\/gielen-recyclage.be\/wp-content\/uploads\/2023\/07\/Iconen-afval_Gemengd-150x150.png 150w\" sizes=\"auto, (max-width: 500px) 100vw, 500px\" \/><\/div><h5 class=\"w-post-elm post_title usg_post_title_1 entry-title color_link_inherit\">Particuliers<\/h5><div class=\"w-post-elm post_custom_field usg_post_custom_field_2 type_text korte_inhoud color_link_inherit\"><span class=\"w-post-elm-value\">Les particuliers trouveront chez Containerservice Gielen diff\u00e9rentes solutions cl\u00e9 en main de collecte et d\u2019\u00e9limination des d\u00e9chets m\u00e9nagers mixtes ou des d\u00e9chets encombrants.  <\/span><\/div><\/div>\t\t<\/div>\r\n\t\t\t<\/article>\r\n\t<article class=\"w-grid-item size_1x1 post-2040 page type-page status-publish has-post-thumbnail hentry sector-bouw-industrie-fr sector-garages-fr sector-kantoren-fr sector-medische-en-chemische-sector-fr sector-onderwijs-fr sector-retail-fr type-container-per-afvalsoort-open-container-fr\" data-id=\"2040\">\r\n\t\t<div class=\"w-grid-item-h\">\r\n\t\t\t\t\t\t\t<a href=\"https:\/\/gielen-recyclage.be\/fr\/types-de-dechets\/dechets-melanges\/professionnels\/triables\/\" class=\"w-grid-item-anchor\" aria-label=\"D\u00e9chets m\u00e9lang\u00e9s (triables)\"><\/a>\r\n\t\t\t\t\t\t<div class=\"w-vwrapper usg_vwrapper_1 has_text_color\"><div class=\"w-post-elm post_custom_field usg_post_custom_field_1 type_image icoon color_link_inherit has_ratio\"><div style=\"padding-bottom:100%\"><\/div><img loading=\"lazy\" decoding=\"async\" width=\"500\" height=\"500\" src=\"https:\/\/gielen-recyclage.be\/wp-content\/uploads\/2023\/07\/Iconen-afval_Gemengd.png\" class=\"attachment-large size-large\" alt=\"\" srcset=\"https:\/\/gielen-recyclage.be\/wp-content\/uploads\/2023\/07\/Iconen-afval_Gemengd.png 500w, https:\/\/gielen-recyclage.be\/wp-content\/uploads\/2023\/07\/Iconen-afval_Gemengd-300x300.png 300w, https:\/\/gielen-recyclage.be\/wp-content\/uploads\/2023\/07\/Iconen-afval_Gemengd-150x150.png 150w\" sizes=\"auto, (max-width: 500px) 100vw, 500px\" \/><\/div><h5 class=\"w-post-elm post_title usg_post_title_1 entry-title color_link_inherit\">D\u00e9chets m\u00e9lang\u00e9s (triables)<\/h5><div class=\"w-post-elm post_custom_field usg_post_custom_field_2 type_text korte_inhoud color_link_inherit\"><span class=\"w-post-elm-value\">Si vous \u00eates un professionnel et que vous \u00eates submerg\u00e9 de d\u00e9chets mixtes triables ou encombrants, vous pouvez compter sur Containerservice Gielen ! <\/span><\/div><\/div>\t\t<\/div>\r\n\t\t\t<\/article>\r\n\t<article class=\"w-grid-item size_1x1 post-2041 page type-page status-publish has-post-thumbnail hentry sector-bouw-industrie-fr sector-garages-fr sector-kantoren-fr sector-medische-en-chemische-sector-fr sector-onderwijs-fr sector-retail-fr type-container-per-afvalsoort-open-container-fr\" data-id=\"2041\">\r\n\t\t<div class=\"w-grid-item-h\">\r\n\t\t\t\t\t\t\t<a href=\"https:\/\/gielen-recyclage.be\/fr\/types-de-dechets\/dechets-melanges\/professionnels\/non-triables\/\" class=\"w-grid-item-anchor\" aria-label=\"D\u00e9chets m\u00e9lang\u00e9s d&rsquo;entreprises (non-triables)\"><\/a>\r\n\t\t\t\t\t\t<div class=\"w-vwrapper usg_vwrapper_1 has_text_color\"><div class=\"w-post-elm post_custom_field usg_post_custom_field_1 type_image icoon color_link_inherit has_ratio\"><div style=\"padding-bottom:100%\"><\/div><img loading=\"lazy\" decoding=\"async\" width=\"500\" height=\"500\" src=\"https:\/\/gielen-recyclage.be\/wp-content\/uploads\/2023\/07\/Iconen-afval_Gemengd.png\" class=\"attachment-large size-large\" alt=\"\" srcset=\"https:\/\/gielen-recyclage.be\/wp-content\/uploads\/2023\/07\/Iconen-afval_Gemengd.png 500w, https:\/\/gielen-recyclage.be\/wp-content\/uploads\/2023\/07\/Iconen-afval_Gemengd-300x300.png 300w, https:\/\/gielen-recyclage.be\/wp-content\/uploads\/2023\/07\/Iconen-afval_Gemengd-150x150.png 150w\" sizes=\"auto, (max-width: 500px) 100vw, 500px\" \/><\/div><h5 class=\"w-post-elm post_title usg_post_title_1 entry-title color_link_inherit\">D\u00e9chets m\u00e9lang\u00e9s d&rsquo;entreprises (non-triables)<\/h5><div class=\"w-post-elm post_custom_field usg_post_custom_field_2 type_text korte_inhoud color_link_inherit\"><span class=\"w-post-elm-value\">Les professionnels peuvent aussi d\u2019adresser \u00e0 Containerservice Gielen pour obtenir des solutions \u00e9conomiques pour leurs d\u00e9chets r\u00e9siduels d'entreprises non triables.  <\/span><\/div><\/div>\t\t<\/div>\r\n\t\t\t<\/article>\r\n<\/div>\t<div class=\"w-grid-preloader\">\r\n\t\t<div class=\"g-preloader type_1\">\r\n\t\t\t<div><\/div>\r\n\t\t<\/div>\r\n\t<\/div>\r\n\t\t<div class=\"w-grid-json hidden\" onclick='return {&quot;action&quot;:&quot;us_ajax_grid&quot;,&quot;infinite_scroll&quot;:0,&quot;max_num_pages&quot;:1,&quot;pagination&quot;:&quot;none&quot;,&quot;template_vars&quot;:{&quot;columns&quot;:&quot;4&quot;,&quot;exclude_items&quot;:&quot;none&quot;,&quot;img_size&quot;:&quot;default&quot;,&quot;ignore_items_size&quot;:0,&quot;items_layout&quot;:&quot;467&quot;,&quot;items_offset&quot;:&quot;1&quot;,&quot;load_animation&quot;:&quot;none&quot;,&quot;overriding_link&quot;:&quot;%7B%22type%22%3A%22post%22%7D&quot;,&quot;post_id&quot;:0,&quot;query_args&quot;:{&quot;ignore_sticky_posts&quot;:1,&quot;post_type&quot;:&quot;any&quot;,&quot;post__in&quot;:[&quot;221&quot;,&quot;225&quot;,&quot;227&quot;],&quot;posts_per_page&quot;:999},&quot;orderby_query_args&quot;:{&quot;orderby&quot;:{&quot;date&quot;:&quot;DESC&quot;}},&quot;type&quot;:&quot;grid&quot;,&quot;us_grid_post_type&quot;:&quot;ids&quot;,&quot;us_grid_ajax_index&quot;:1,&quot;us_grid_filter_query_string&quot;:null,&quot;us_grid_index&quot;:1,&quot;page_args&quot;:[],&quot;lang&quot;:&quot;fr&quot;}}'><\/div>\r\n\t<\/div><div class=\"w-separator size_medium\"><\/div><div class=\"w-btn-wrapper align_none\"><a class=\"w-btn us-btn-style_1 icon_atright\" href=\"https:\/\/gielen-recyclage.be\/fr\/types-de-dechets\/\"><span class=\"w-btn-label\">D\u00e9couvrez nos autres flux de d\u00e9chets<\/span><i class=\"fas fa-long-arrow-right\"><\/i><\/a><\/div><\/div><\/div><\/div><\/div><\/div><\/section><section class=\"l-section wpb_row height_large\"><div class=\"l-section-h i-cf\"><div class=\"g-cols vc_row via_flex valign_top type_default stacking_default\"><div class=\"vc_col-sm-12 wpb_column vc_column_container\"><div class=\"vc_column-inner\"><div class=\"wpb_wrapper\"><div class=\"g-cols wpb_row via_flex valign_top type_default stacking_default\"><div class=\"vc_col-sm-6 wpb_column vc_column_container\"><div class=\"vc_column-inner\"><div class=\"wpb_wrapper\"><div class=\"wpb_text_column\"><div class=\"wpb_wrapper\"><h2><strong>D\u00c9CHETS MIXTES <\/strong><br \/>\nPLUSIEURS CONTENEURS SONT POSSIBLES<\/h2>\n<\/div><\/div><div class=\"w-separator size_medium\"><\/div><\/div><\/div><\/div><div class=\"vc_col-sm-6 wpb_column vc_column_container\"><div class=\"vc_column-inner\"><div class=\"wpb_wrapper\"><\/div><\/div><\/div><\/div><div class=\"g-cols wpb_row via_flex valign_top type_default stacking_default\"><div class=\"vc_col-sm-6 wpb_column vc_column_container\"><div class=\"vc_column-inner\"><div class=\"wpb_wrapper\"><div class=\"wpb_text_column\"><div class=\"wpb_wrapper\"><p>Chez Containerservice Gielen, vous pouvez louer un conteneur pour d\u00e9chets mixtes adapt\u00e9 \u00e0 votre entreprise ou \u00e0 votre projet. Nous sommes heureux de vous accompagner dans votre choix\u202f; ainsi, les bennes roulantes sont une excellente option, et se d\u00e9clinent en plusieurs formats allant de 240 \u00e0 4500 litres.<\/p>\n<\/div><\/div><\/div><\/div><\/div><div class=\"vc_col-sm-6 wpb_column vc_column_container\"><div class=\"vc_column-inner\"><div class=\"wpb_wrapper\"><div class=\"wpb_text_column\"><div class=\"wpb_wrapper\"><p>Nous louons aussi des conteneurs \u00e0 toit ouvert de 7, 10, 15, 25, 28 et 40\u202fm\u00b3. Pensez aussi aux conteneurs \u00e0 presse pour collecter vos d\u00e9chets mixtes, ou encore aux conteneurs entrep\u00f4t de 30 m\u00b3 ou conteneurs \u00e0 toit chapelle de 22\u202fm\u00b3. Nous vendons \u00e9galement des big bags de 1\u202fm\u00b3.<\/p>\n<\/div><\/div><\/div><\/div><\/div><\/div><div class=\"w-separator size_small\"><\/div><div class=\"w-btn-wrapper align_none\"><a class=\"w-btn us-btn-style_1 icon_atright\" title=\"Offerteaanvraag\" href=\"https:\/\/gielen-recyclage.be\/fr\/solutions-pour-les-dechets\/\"><span class=\"w-btn-label\">Quelles sont les solutions pour mon secteur ?<\/span><i class=\"far fa-long-arrow-right\"><\/i><\/a><\/div><div class=\"w-separator size_large\"><\/div><\/div><\/div><\/div><\/div><\/div><\/section>\n","protected":false},"excerpt":{"rendered":"RECYCLER LES D\u00c9CHETS R\u00c9SIDUELS D&rsquo;ENTREPRISES AVEC CONTAINERSERVICE GIELEN Les professionnels peuvent aussi d\u2019adresser \u00e0 Containerservice Gielen pour la gestion de leurs d\u00e9chets r\u00e9siduels d&rsquo;entreprises non triables. Nous proposons des solutions cl\u00e9 en main \u00e9conomiques\u202f: vous pouvez tout d\u2019abord nous louer un conteneur pour d\u00e9chets r\u00e9siduels d&rsquo;entreprises, dans lequel d\u00e9poser uniquement les d\u00e9chets qui ne peuvent...","protected":false},"author":1,"featured_media":102,"parent":2008,"menu_order":3,"comment_status":"closed","ping_status":"closed","template":"","meta":{"footnotes":""},"pagina-categorie":[151,149,155],"sector":[159,165],"type-container-per-afvalsoort":[169,170,167,168],"class_list":["post-2037","page","type-page","status-publish","has-post-thumbnail","hentry","pagina-categorie-afvalstromen-fr","pagina-categorie-afvalstroom-featured-fr","pagina-categorie-gemengd-afval-fr","sector-horeca-fr","sector-particulier-fr","type-container-per-afvalsoort-gesloten-containers-fr","type-container-per-afvalsoort-ondergrondse-container-fr","type-container-per-afvalsoort-perscontainer-fr","type-container-per-afvalsoort-rolcontainer-fr"],"acf":[],"yoast_head":"<!-- This site is optimized with the Yoast SEO plugin v26.2 - https:\/\/yoast.com\/wordpress\/plugins\/seo\/ -->\n<title>Recyclage d\u00e9chets m\u00e9lang\u00e9s Genk Limbourg<\/title>\n<meta name=\"description\" content=\"Combiner enl\u00e8vement professionnel et recyclage \u00e9cologique des d\u00e9chets m\u00e9lang\u00e9s. Faites confiance \u00e0 l\u2019expertise de Containerservice Gielen \u00e0 Genk.\" \/>\n<meta name=\"robots\" content=\"index, follow, max-snippet:-1, max-image-preview:large, max-video-preview:-1\" \/>\n<link rel=\"canonical\" href=\"https:\/\/gielen-recyclage.be\/fr\/types-de-dechets\/dechets-melanges\/\" \/>\n<meta property=\"og:locale\" content=\"fr_FR\" \/>\n<meta property=\"og:type\" content=\"article\" \/>\n<meta property=\"og:title\" content=\"Recyclage d\u00e9chets m\u00e9lang\u00e9s Genk Limbourg\" \/>\n<meta property=\"og:description\" content=\"Combiner enl\u00e8vement professionnel et recyclage \u00e9cologique des d\u00e9chets m\u00e9lang\u00e9s. Faites confiance \u00e0 l\u2019expertise de Containerservice Gielen \u00e0 Genk.\" \/>\n<meta property=\"og:url\" content=\"https:\/\/gielen-recyclage.be\/fr\/types-de-dechets\/dechets-melanges\/\" \/>\n<meta property=\"og:site_name\" content=\"Containerservice Gielen\" \/>\n<meta property=\"article:modified_time\" content=\"2023-10-04T12:52:36+00:00\" \/>\n<meta property=\"og:image\" content=\"https:\/\/gielen-recyclage.be\/wp-content\/uploads\/2023\/07\/Iconen-afval_Gemengd.png\" \/>\n\t<meta property=\"og:image:width\" content=\"500\" \/>\n\t<meta property=\"og:image:height\" content=\"500\" \/>\n\t<meta property=\"og:image:type\" content=\"image\/png\" \/>\n<meta name=\"twitter:card\" content=\"summary_large_image\" \/>\n<meta name=\"twitter:label1\" content=\"Dur\u00e9e de lecture est.\" \/>\n\t<meta name=\"twitter:data1\" content=\"2 minutes\" \/>\n<script type=\"application\/ld+json\" class=\"yoast-schema-graph\">{\"@context\":\"https:\/\/schema.org\",\"@graph\":[{\"@type\":\"WebPage\",\"@id\":\"https:\/\/gielen-recyclage.be\/fr\/types-de-dechets\/dechets-melanges\/\",\"url\":\"https:\/\/gielen-recyclage.be\/fr\/types-de-dechets\/dechets-melanges\/\",\"name\":\"Recyclage d\u00e9chets m\u00e9lang\u00e9s Genk Limbourg\",\"isPartOf\":{\"@id\":\"https:\/\/gielen-recyclage.be\/#website\"},\"primaryImageOfPage\":{\"@id\":\"https:\/\/gielen-recyclage.be\/fr\/types-de-dechets\/dechets-melanges\/#primaryimage\"},\"image\":{\"@id\":\"https:\/\/gielen-recyclage.be\/fr\/types-de-dechets\/dechets-melanges\/#primaryimage\"},\"thumbnailUrl\":\"https:\/\/gielen-recyclage.be\/wp-content\/uploads\/2023\/07\/Iconen-afval_Gemengd.png\",\"datePublished\":\"2023-07-11T11:33:56+00:00\",\"dateModified\":\"2023-10-04T12:52:36+00:00\",\"description\":\"Combiner enl\u00e8vement professionnel et recyclage \u00e9cologique des d\u00e9chets m\u00e9lang\u00e9s. Faites confiance \u00e0 l\u2019expertise de Containerservice Gielen \u00e0 Genk.\",\"breadcrumb\":{\"@id\":\"https:\/\/gielen-recyclage.be\/fr\/types-de-dechets\/dechets-melanges\/#breadcrumb\"},\"inLanguage\":\"fr-BE\",\"potentialAction\":[{\"@type\":\"ReadAction\",\"target\":[\"https:\/\/gielen-recyclage.be\/fr\/types-de-dechets\/dechets-melanges\/\"]}]},{\"@type\":\"ImageObject\",\"inLanguage\":\"fr-BE\",\"@id\":\"https:\/\/gielen-recyclage.be\/fr\/types-de-dechets\/dechets-melanges\/#primaryimage\",\"url\":\"https:\/\/gielen-recyclage.be\/wp-content\/uploads\/2023\/07\/Iconen-afval_Gemengd.png\",\"contentUrl\":\"https:\/\/gielen-recyclage.be\/wp-content\/uploads\/2023\/07\/Iconen-afval_Gemengd.png\",\"width\":500,\"height\":500},{\"@type\":\"BreadcrumbList\",\"@id\":\"https:\/\/gielen-recyclage.be\/fr\/types-de-dechets\/dechets-melanges\/#breadcrumb\",\"itemListElement\":[{\"@type\":\"ListItem\",\"position\":1,\"name\":\"Home\",\"item\":\"https:\/\/gielen-recyclage.be\/fr\/\"},{\"@type\":\"ListItem\",\"position\":2,\"name\":\"Types de d\u00e9chets\",\"item\":\"https:\/\/gielen-recyclage.be\/fr\/types-de-dechets\/\"},{\"@type\":\"ListItem\",\"position\":3,\"name\":\"D\u00e9chets M\u00e9lang\u00e9s\"}]},{\"@type\":\"WebSite\",\"@id\":\"https:\/\/gielen-recyclage.be\/#website\",\"url\":\"https:\/\/gielen-recyclage.be\/\",\"name\":\"Containerservice Gielen\",\"description\":\"\",\"potentialAction\":[{\"@type\":\"SearchAction\",\"target\":{\"@type\":\"EntryPoint\",\"urlTemplate\":\"https:\/\/gielen-recyclage.be\/?s={search_term_string}\"},\"query-input\":{\"@type\":\"PropertyValueSpecification\",\"valueRequired\":true,\"valueName\":\"search_term_string\"}}],\"inLanguage\":\"fr-BE\"}]}<\/script>\n<!-- \/ Yoast SEO plugin. -->","yoast_head_json":{"title":"Recyclage d\u00e9chets m\u00e9lang\u00e9s Genk Limbourg","description":"Combiner enl\u00e8vement professionnel et recyclage \u00e9cologique des d\u00e9chets m\u00e9lang\u00e9s. Faites confiance \u00e0 l\u2019expertise de Containerservice Gielen \u00e0 Genk.","robots":{"index":"index","follow":"follow","max-snippet":"max-snippet:-1","max-image-preview":"max-image-preview:large","max-video-preview":"max-video-preview:-1"},"canonical":"https:\/\/gielen-recyclage.be\/fr\/types-de-dechets\/dechets-melanges\/","og_locale":"fr_FR","og_type":"article","og_title":"Recyclage d\u00e9chets m\u00e9lang\u00e9s Genk Limbourg","og_description":"Combiner enl\u00e8vement professionnel et recyclage \u00e9cologique des d\u00e9chets m\u00e9lang\u00e9s. Faites confiance \u00e0 l\u2019expertise de Containerservice Gielen \u00e0 Genk.","og_url":"https:\/\/gielen-recyclage.be\/fr\/types-de-dechets\/dechets-melanges\/","og_site_name":"Containerservice Gielen","article_modified_time":"2023-10-04T12:52:36+00:00","og_image":[{"width":500,"height":500,"url":"https:\/\/gielen-recyclage.be\/wp-content\/uploads\/2023\/07\/Iconen-afval_Gemengd.png","type":"image\/png"}],"twitter_card":"summary_large_image","twitter_misc":{"Dur\u00e9e de lecture est.":"2 minutes"},"schema":{"@context":"https:\/\/schema.org","@graph":[{"@type":"WebPage","@id":"https:\/\/gielen-recyclage.be\/fr\/types-de-dechets\/dechets-melanges\/","url":"https:\/\/gielen-recyclage.be\/fr\/types-de-dechets\/dechets-melanges\/","name":"Recyclage d\u00e9chets m\u00e9lang\u00e9s Genk Limbourg","isPartOf":{"@id":"https:\/\/gielen-recyclage.be\/#website"},"primaryImageOfPage":{"@id":"https:\/\/gielen-recyclage.be\/fr\/types-de-dechets\/dechets-melanges\/#primaryimage"},"image":{"@id":"https:\/\/gielen-recyclage.be\/fr\/types-de-dechets\/dechets-melanges\/#primaryimage"},"thumbnailUrl":"https:\/\/gielen-recyclage.be\/wp-content\/uploads\/2023\/07\/Iconen-afval_Gemengd.png","datePublished":"2023-07-11T11:33:56+00:00","dateModified":"2023-10-04T12:52:36+00:00","description":"Combiner enl\u00e8vement professionnel et recyclage \u00e9cologique des d\u00e9chets m\u00e9lang\u00e9s. Faites confiance \u00e0 l\u2019expertise de Containerservice Gielen \u00e0 Genk.","breadcrumb":{"@id":"https:\/\/gielen-recyclage.be\/fr\/types-de-dechets\/dechets-melanges\/#breadcrumb"},"inLanguage":"fr-BE","potentialAction":[{"@type":"ReadAction","target":["https:\/\/gielen-recyclage.be\/fr\/types-de-dechets\/dechets-melanges\/"]}]},{"@type":"ImageObject","inLanguage":"fr-BE","@id":"https:\/\/gielen-recyclage.be\/fr\/types-de-dechets\/dechets-melanges\/#primaryimage","url":"https:\/\/gielen-recyclage.be\/wp-content\/uploads\/2023\/07\/Iconen-afval_Gemengd.png","contentUrl":"https:\/\/gielen-recyclage.be\/wp-content\/uploads\/2023\/07\/Iconen-afval_Gemengd.png","width":500,"height":500},{"@type":"BreadcrumbList","@id":"https:\/\/gielen-recyclage.be\/fr\/types-de-dechets\/dechets-melanges\/#breadcrumb","itemListElement":[{"@type":"ListItem","position":1,"name":"Home","item":"https:\/\/gielen-recyclage.be\/fr\/"},{"@type":"ListItem","position":2,"name":"Types de d\u00e9chets","item":"https:\/\/gielen-recyclage.be\/fr\/types-de-dechets\/"},{"@type":"ListItem","position":3,"name":"D\u00e9chets M\u00e9lang\u00e9s"}]},{"@type":"WebSite","@id":"https:\/\/gielen-recyclage.be\/#website","url":"https:\/\/gielen-recyclage.be\/","name":"Containerservice Gielen","description":"","potentialAction":[{"@type":"SearchAction","target":{"@type":"EntryPoint","urlTemplate":"https:\/\/gielen-recyclage.be\/?s={search_term_string}"},"query-input":{"@type":"PropertyValueSpecification","valueRequired":true,"valueName":"search_term_string"}}],"inLanguage":"fr-BE"}]}},"_links":{"self":[{"href":"https:\/\/gielen-recyclage.be\/fr\/wp-json\/wp\/v2\/pages\/2037","targetHints":{"allow":["GET"]}}],"collection":[{"href":"https:\/\/gielen-recyclage.be\/fr\/wp-json\/wp\/v2\/pages"}],"about":[{"href":"https:\/\/gielen-recyclage.be\/fr\/wp-json\/wp\/v2\/types\/page"}],"author":[{"embeddable":true,"href":"https:\/\/gielen-recyclage.be\/fr\/wp-json\/wp\/v2\/users\/1"}],"replies":[{"embeddable":true,"href":"https:\/\/gielen-recyclage.be\/fr\/wp-json\/wp\/v2\/comments?post=2037"}],"version-history":[{"count":5,"href":"https:\/\/gielen-recyclage.be\/fr\/wp-json\/wp\/v2\/pages\/2037\/revisions"}],"predecessor-version":[{"id":2457,"href":"https:\/\/gielen-recyclage.be\/fr\/wp-json\/wp\/v2\/pages\/2037\/revisions\/2457"}],"up":[{"embeddable":true,"href":"https:\/\/gielen-recyclage.be\/fr\/wp-json\/wp\/v2\/pages\/2008"}],"wp:featuredmedia":[{"embeddable":true,"href":"https:\/\/gielen-recyclage.be\/fr\/wp-json\/wp\/v2\/media\/102"}],"wp:attachment":[{"href":"https:\/\/gielen-recyclage.be\/fr\/wp-json\/wp\/v2\/media?parent=2037"}],"wp:term":[{"taxonomy":"pagina-categorie","embeddable":true,"href":"https:\/\/gielen-recyclage.be\/fr\/wp-json\/wp\/v2\/pagina-categorie?post=2037"},{"taxonomy":"sector","embeddable":true,"href":"https:\/\/gielen-recyclage.be\/fr\/wp-json\/wp\/v2\/sector?post=2037"},{"taxonomy":"type-container-per-afvalsoort","embeddable":true,"href":"https:\/\/gielen-recyclage.be\/fr\/wp-json\/wp\/v2\/type-container-per-afvalsoort?post=2037"}],"curies":[{"name":"wp","href":"https:\/\/api.w.org\/{rel}","templated":true}]}}