{"id":2046,"date":"2023-07-11T13:33:29","date_gmt":"2023-07-11T11:33:29","guid":{"rendered":"https:\/\/gielen-recyclage.be\/?page_id=2046"},"modified":"2023-10-25T09:49:43","modified_gmt":"2023-10-25T07:49:43","slug":"gateaux-de-filtration","status":"publish","type":"page","link":"https:\/\/gielen-recyclage.be\/fr\/types-de-dechets\/gateaux-de-filtration\/","title":{"rendered":"G\u00e2teaux de filtration"},"content":{"rendered":"<section class=\"l-section wpb_row us_custom_d2199d32 height_auto\"><div class=\"l-section-h i-cf\"><div class=\"g-cols vc_row via_flex valign_middle type_boxes stacking_default\" style=\"--additional-gap:15px;\"><div class=\"vc_col-sm-1 vc_hidden-sm vc_hidden-xs wpb_column vc_column_container has_bg_color stretched\"><div class=\"vc_column-inner us_custom_eca29274\"><div class=\"wpb_wrapper\"><\/div><\/div><\/div><div class=\"vc_col-sm-7 vc_col-lg-7 vc_col-md-7 vc_col-xs-12 wpb_column vc_column_container has_bg_color\"><div class=\"vc_column-inner us_custom_43bb1cd8\"><div class=\"wpb_wrapper\"><div class=\"wpb_text_column\"><div class=\"wpb_wrapper\"><h1>RECYCLER LES <strong>G\u00c2TEAUX DE FILTRATION<\/strong> AVEC CONTAINERSERVICE GIELEN<\/h1>\n<p>Le recyclage des divers g\u00e2teaux de filtration n\u00e9cessite une certaine prudence, car ils peuvent pr\u00e9senter des compositions tr\u00e8s diff\u00e9rentes. Il faut donc d\u2019abord les analyser soigneusement, pour d\u00e9terminer un processus de traitement correct et s\u00fbr. Chez Containerservice Gielen, nous nous chargeons avec soin de leur recyclage et choisissons toujours la solution la plus respectueuse de l\u2019environnement.<\/p>\n<p>Nous avons des conteneurs \u00e0 boues sp\u00e9cialement con\u00e7us pour recueillir les g\u00e2teaux de filtration. Vous pouvez toujours nous demander plus d\u2019informations sur ces conteneurs et les conditions d\u2019acceptation de ces d\u00e9chets.<\/p>\n<\/div><\/div><div class=\"w-separator size_small\"><\/div><div class=\"w-btn-wrapper align_none\"><a class=\"w-btn us-btn-style_1 icon_atright\" title=\"Offerteaanvraag\" href=\"https:\/\/gielen-recyclage.be\/fr\/demande-de-devis\/\"><span class=\"w-btn-label\">Je souhaite demander un devis<\/span><i class=\"far fa-long-arrow-right\"><\/i><\/a><\/div><\/div><\/div><\/div><div class=\"vc_col-sm-5 vc_col-lg-4 vc_col-md-4 vc_col-xs-12 wpb_column vc_column_container h300 popupopen has_bg_color stretched\"><div class=\"vc_column-inner us_custom_1c418750\"><div class=\"wpb_wrapper\"><\/div><\/div><\/div><\/div><\/div><\/section><section class=\"l-section wpb_row height_large\"><div class=\"l-section-h i-cf\"><div class=\"g-cols vc_row via_flex valign_top type_default stacking_default\"><div class=\"vc_col-sm-12 wpb_column vc_column_container\"><div class=\"vc_column-inner\"><div class=\"wpb_wrapper\"><div class=\"g-cols wpb_row via_flex valign_top type_default stacking_default\"><div class=\"vc_col-sm-6 wpb_column vc_column_container\"><div class=\"vc_column-inner\"><div class=\"wpb_wrapper\"><div class=\"wpb_text_column\"><div class=\"wpb_wrapper\"><h2>TYPES DE<br \/>\n<strong>G\u00c2TEAUX DE FILTRATION <\/strong><\/h2>\n<\/div><\/div><div class=\"w-separator size_medium\"><\/div><\/div><\/div><\/div><div class=\"vc_col-sm-6 wpb_column vc_column_container\"><div class=\"vc_column-inner\"><div class=\"wpb_wrapper\"><\/div><\/div><\/div><\/div><div class=\"g-cols wpb_row via_flex valign_top type_default stacking_default\"><div class=\"vc_col-sm-6 wpb_column vc_column_container\"><div class=\"vc_column-inner\"><div class=\"wpb_wrapper\"><div class=\"wpb_text_column\"><div class=\"wpb_wrapper\"><p>De nombreuses entreprises soucieuses de pr\u00e9server l\u2019environnement traitent leurs propres eaux us\u00e9es pour les transformer en \u00ab\u202fg\u00e2teaux\u202f\u00bb d\u00e9pollu\u00e9s, neutralis\u00e9s et s\u00e9ch\u00e9s. Par exemple, une entreprise de peinture peut neutraliser ses eaux de rin\u00e7age contenant des r\u00e9sidus de peinture, et obtient ainsi des g\u00e2teaux de filtration plus faciles \u00e0 recycler.<\/p>\n<\/div><\/div><\/div><\/div><\/div><div class=\"vc_col-sm-6 wpb_column vc_column_container\"><div class=\"vc_column-inner\"><div class=\"wpb_wrapper\"><div class=\"wpb_text_column\"><div class=\"wpb_wrapper\"><p>Il existe donc diff\u00e9rents types de g\u00e2teaux de filtration. Ces techniques \u00e9cologiques visent \u00e0 r\u00e9duire l\u2019impact des entreprises sur l\u2019environnement, et Gielen NV est ravi d\u2019y contribuer. Nous vous livrons les bons conteneurs \u00e0 boues puis les r\u00e9cup\u00e9rons. Les g\u00e2teaux de filtration sont ensuite soumis \u00e0 une analyse approfondie et pr\u00e9par\u00e9s pour leur traitement ult\u00e9rieur.<\/p>\n<\/div><\/div><\/div><\/div><\/div><\/div><div class=\"w-separator size_small\"><\/div><div class=\"w-btn-wrapper align_none\"><a class=\"w-btn us-btn-style_1 icon_atright\" title=\"Offerteaanvraag\" href=\"https:\/\/gielen-recyclage.be\/fr\/demande-de-devis\/\"><span class=\"w-btn-label\">Je souhaite demander un devis<\/span><i class=\"far fa-long-arrow-right\"><\/i><\/a><\/div><\/div><\/div><\/div><\/div><\/div><\/section><section class=\"l-section wpb_row height_auto\"><div class=\"l-section-h i-cf\"><div class=\"g-cols vc_row via_flex valign_middle type_boxes stacking_default\"><div class=\"vc_col-sm-8 wpb_column vc_column_container has_bg_color\"><div class=\"vc_column-inner us_custom_5fb9c346\"><div class=\"wpb_wrapper\"><div class=\"wpb_text_column us_custom_02d42652 has_text_color\"><div class=\"wpb_wrapper\"><h3><strong>D\u00c9COUVREZ NOS CONTENEURS \u00c0 D\u00c9CHETS<br \/>\nPOUR VOS D\u00c9CHETS <span class=\"TextRun MacChromeBold SCXW58366094 BCX0\" lang=\"FR-FR\" xml:lang=\"FR-FR\" data-contrast=\"none\"><span class=\"NormalTextRun SCXW58366094 BCX0\" data-ccp-parastyle=\"heading 1\">G\u00c2TEAUX DE FILTRATION<\/span><\/span><span class=\"EOP SCXW58366094 BCX0\" data-ccp-props=\"{&quot;201341983&quot;:0,&quot;335559739&quot;:160,&quot;335559740&quot;:259}\">\u00a0<\/span><\/strong><\/h3>\n<\/div><\/div><\/div><\/div><\/div><div class=\"vc_col-sm-4 wpb_column vc_column_container has_bg_color\"><div class=\"vc_column-inner us_custom_5fb9c346\"><div class=\"wpb_wrapper\"><div class=\"w-btn-wrapper align_center\"><a class=\"w-btn us-btn-style_3 icon_atright\" title=\"Contact\" href=\"https:\/\/gielen-recyclage.be\/fr\/brochures\/\"><span class=\"w-btn-label\">Montrez-moi la brochure<\/span><i class=\"far fa-long-arrow-right\"><\/i><\/a><\/div><\/div><\/div><\/div><\/div><\/div><\/section><section class=\"l-section wpb_row height_medium\"><div class=\"l-section-h i-cf\"><div class=\"g-cols vc_row via_flex valign_top type_default stacking_default\"><div class=\"vc_col-sm-12 wpb_column vc_column_container\"><div class=\"vc_column-inner\"><div class=\"wpb_wrapper\"><\/div><\/div><\/div><\/div><\/div><\/section><section class=\"l-section wpb_row height_large\"><div class=\"l-section-h i-cf\"><div class=\"g-cols vc_row via_flex valign_top type_default stacking_default\"><div class=\"vc_col-sm-12 wpb_column vc_column_container\"><div class=\"vc_column-inner\"><div class=\"wpb_wrapper\"><div class=\"g-cols wpb_row via_flex valign_top type_default stacking_default\"><div class=\"vc_col-sm-6 wpb_column vc_column_container\"><div class=\"vc_column-inner\"><div class=\"wpb_wrapper\"><div class=\"wpb_text_column\"><div class=\"wpb_wrapper\"><h3>COLLECTER LES G\u00c2TEAUX DE FILTRATION<br \/>\nDANS DES CONTENEURS \u00c0 BOUES DE HAUTE QUALIT\u00c9<\/h3>\n<p>Pour recycler correctement les g\u00e2teaux de filtration, il faut d\u2019abord collecter soigneusement ce flux de d\u00e9chets. Chez Containerservice Gielen, nous disposons de conteneurs \u00e0 boues de 20\u202fm\u00b3 adapt\u00e9s \u00e0 cet effet. Vous pouvez les louer pour collecter vos g\u00e2teaux de filtration chaque fois que vous souhaitez que nous les analysions. En fonction de votre secteur et de la composition de vos g\u00e2teaux de filtration, nous d\u00e9terminerons un processus de traitement s\u00fbr, pour que vous soyez assur\u00e9 que votre empreinte \u00e9cologique soit aussi r\u00e9duite que possible.<\/p>\n<\/div><\/div><\/div><\/div><\/div><div class=\"vc_col-sm-6 wpb_column vc_column_container\"><div class=\"vc_column-inner\"><div class=\"wpb_wrapper\"><\/div><\/div><\/div><\/div><div class=\"w-separator size_medium\"><\/div><div class=\"wpb_text_column\"><div class=\"wpb_wrapper\"><h3>Louer un conteneur<\/h3>\n<\/div><\/div><div class=\"w-separator size_small\"><\/div><div class=\"w-grid us_carousel overflowright type_carousel layout_544 preload_style_spinner items_4\" id=\"us_grid_1\" style=\"--items:4;--gap:1.5rem;\"><style>.layout_544 .w-grid-item-h{background:#F2F2F2}.layout_544 .usg_vwrapper_1{margin-bottom:70px!important;padding:30px!important;background:#F2F2F2!important}.layout_544 .usg_btn_1{width:100%!important}.layout_544 .usg_hwrapper_1{border-top-width:20px!important;border-color:#ffffff!important;position:absolute!important;left:0!important;bottom:0!important;right:0!important;z-index:99!important;border-top-style:solid!important;background:#ffffff!important}@media (min-width:961px) and (max-width:1380px){.layout_544 .usg_vwrapper_1{margin-bottom:70px!important;padding:30px!important}}@media (min-width:768px) and (max-width:960px){.layout_544 .usg_vwrapper_1{margin-bottom:70px!important;padding:30px!important}}@media (max-width:767px){.layout_544 .usg_vwrapper_1{margin-bottom:70px!important;padding:15px 15px 30px 15px!important}.layout_544 .usg_post_title_1{font-size:15px!important}}<\/style><div class=\"w-grid-list owl-carousel valign_stretch dotstyle_circle navstyle_circle arrows-ver-pos_middle arrows-hor-pos_on_sides_outside arrows-disabled_hide owl-responsive-2000 with_arrows\" style=\"--transition-duration:350ms;--arrows-size:1.5rem;--arrows-hor-offset:calc(0px + 1.5rem);--arrows-gap:10px;\">\t<article class=\"w-grid-item post-2171 container type-container status-publish has-post-thumbnail hentry afvalstroom-dechets-chimiques afvalstroom-dechets-dangereux afvalstroom-gateaux-de-filtration\" data-id=\"2171\">\r\n\t\t<div class=\"w-grid-item-h\">\r\n\t\t\t\t\t\t<div class=\"w-post-elm post_image usg_post_image_1 has_ratio\"><a href=\"https:\/\/gielen-recyclage.be\/offerteaanvraag\/\" aria-label=\"Conteneurs \u00e0 boues 20m\u00b3\"><img loading=\"lazy\" decoding=\"async\" width=\"354\" height=\"266\" src=\"https:\/\/gielen-recyclage.be\/wp-content\/uploads\/2023\/07\/slibcontainer.jpg\" class=\"attachment-large size-large wp-post-image\" alt=\"\" \/><\/a><div style=\"padding-bottom:100%\"><\/div><\/div><div class=\"w-vwrapper usg_vwrapper_1\" style=\"--vwrapper-gap:0.9rem\"><h5 class=\"w-post-elm post_title usg_post_title_1 align_center entry-title color_link_inherit\"><a href=\"https:\/\/gielen-recyclage.be\/offerteaanvraag\/\">Conteneurs \u00e0 boues 20m\u00b3<\/a><\/h5><\/div><div class=\"w-hwrapper usg_hwrapper_1\" style=\"--hwrapper-gap:1.20rem\"><a class=\"w-btn us-btn-style_1 usg_btn_1 icon_atright\" href=\"https:\/\/gielen-recyclage.be\/fr\/demande-de-devis\/\"><span class=\"w-btn-label\">LOUER UN CONTENEUR<\/span><i class=\"fas fa-long-arrow-right\"><\/i><\/a><\/div>\t\t<\/div>\r\n\t\t\t<\/article>\r\n<\/div><div class=\"w-grid-carousel-json hidden\" onclick='return {&quot;carousel_settings&quot;:{&quot;aria_labels&quot;:{&quot;prev&quot;:&quot;Pr\\u00e9c\\u00e9dent&quot;,&quot;next&quot;:&quot;Suivant&quot;},&quot;autoplayContinual&quot;:false,&quot;autoplayHoverPause&quot;:false,&quot;autoplayTimeout&quot;:3000,&quot;autoWidth&quot;:false,&quot;smartSpeed&quot;:350,&quot;margin&quot;:0,&quot;mouseDrag&quot;:true,&quot;rtl&quot;:false,&quot;slideBy&quot;:&quot;1&quot;,&quot;touchDrag&quot;:true,&quot;slideTransition&quot;:&quot;&quot;,&quot;responsive&quot;:{&quot;0&quot;:{&quot;autoHeight&quot;:false,&quot;autoplay&quot;:true,&quot;autoWidth&quot;:false,&quot;center&quot;:false,&quot;dots&quot;:false,&quot;items&quot;:2,&quot;loop&quot;:false,&quot;nav&quot;:false,&quot;stagePadding&quot;:0,&quot;slideBy&quot;:&quot;1&quot;},&quot;768&quot;:{&quot;autoHeight&quot;:false,&quot;autoplay&quot;:true,&quot;autoWidth&quot;:false,&quot;center&quot;:false,&quot;dots&quot;:false,&quot;items&quot;:2,&quot;loop&quot;:false,&quot;nav&quot;:true,&quot;stagePadding&quot;:0,&quot;slideBy&quot;:&quot;1&quot;},&quot;961&quot;:{&quot;autoHeight&quot;:false,&quot;autoplay&quot;:true,&quot;autoWidth&quot;:false,&quot;center&quot;:false,&quot;dots&quot;:false,&quot;items&quot;:3,&quot;loop&quot;:false,&quot;nav&quot;:true,&quot;stagePadding&quot;:0,&quot;slideBy&quot;:&quot;1&quot;},&quot;1381&quot;:{&quot;items&quot;:4,&quot;autoplay&quot;:false,&quot;center&quot;:false,&quot;dots&quot;:false,&quot;nav&quot;:true,&quot;autoHeight&quot;:false,&quot;autoWidth&quot;:false,&quot;loop&quot;:false,&quot;stagePadding&quot;:0}}}}'><\/div><\/div><\/div><\/div><\/div><\/div><\/div><\/section>\n","protected":false},"excerpt":{"rendered":"","protected":false},"author":1,"featured_media":96,"parent":2008,"menu_order":8,"comment_status":"closed","ping_status":"closed","template":"","meta":{"footnotes":""},"pagina-categorie":[],"sector":[158],"type-container-per-afvalsoort":[],"class_list":["post-2046","page","type-page","status-publish","has-post-thumbnail","hentry","sector-bouw-industrie-fr"],"acf":[],"yoast_head":"<!-- This site is optimized with the Yoast SEO plugin v26.2 - https:\/\/yoast.com\/wordpress\/plugins\/seo\/ -->\n<title>Recyclage g\u00e2teaux de filtration Genk Limbourg<\/title>\n<meta name=\"description\" content=\"Le service sp\u00e9cialis\u00e9 de Containerservice Gielen \u00e0 Genk vous garantit un recyclage professionnel de tous les g\u00e2teaux de filtration Une solution \u00e9cologique et sur mesure Contactez nous !\" \/>\n<meta name=\"robots\" content=\"index, follow, max-snippet:-1, max-image-preview:large, max-video-preview:-1\" \/>\n<link rel=\"canonical\" href=\"https:\/\/gielen-recyclage.be\/fr\/types-de-dechets\/gateaux-de-filtration\/\" \/>\n<meta property=\"og:locale\" content=\"fr_FR\" \/>\n<meta property=\"og:type\" content=\"article\" \/>\n<meta property=\"og:title\" content=\"Recyclage g\u00e2teaux de filtration Genk Limbourg\" \/>\n<meta property=\"og:description\" content=\"Le service sp\u00e9cialis\u00e9 de Containerservice Gielen \u00e0 Genk vous garantit un recyclage professionnel de tous les g\u00e2teaux de filtration Une solution \u00e9cologique et sur mesure Contactez nous !\" \/>\n<meta property=\"og:url\" content=\"https:\/\/gielen-recyclage.be\/fr\/types-de-dechets\/gateaux-de-filtration\/\" \/>\n<meta property=\"og:site_name\" content=\"Containerservice Gielen\" \/>\n<meta property=\"article:modified_time\" content=\"2023-10-25T07:49:43+00:00\" \/>\n<meta property=\"og:image\" content=\"https:\/\/gielen-recyclage.be\/wp-content\/uploads\/2023\/07\/Iconen-afval_Filterkoeken.png\" \/>\n\t<meta property=\"og:image:width\" content=\"500\" \/>\n\t<meta property=\"og:image:height\" content=\"500\" \/>\n\t<meta property=\"og:image:type\" content=\"image\/png\" \/>\n<meta name=\"twitter:card\" content=\"summary_large_image\" \/>\n<meta name=\"twitter:label1\" content=\"Dur\u00e9e de lecture est.\" \/>\n\t<meta name=\"twitter:data1\" content=\"2 minutes\" \/>\n<script type=\"application\/ld+json\" class=\"yoast-schema-graph\">{\"@context\":\"https:\/\/schema.org\",\"@graph\":[{\"@type\":\"WebPage\",\"@id\":\"https:\/\/gielen-recyclage.be\/fr\/types-de-dechets\/gateaux-de-filtration\/\",\"url\":\"https:\/\/gielen-recyclage.be\/fr\/types-de-dechets\/gateaux-de-filtration\/\",\"name\":\"Recyclage g\u00e2teaux de filtration Genk Limbourg\",\"isPartOf\":{\"@id\":\"https:\/\/gielen-recyclage.be\/#website\"},\"primaryImageOfPage\":{\"@id\":\"https:\/\/gielen-recyclage.be\/fr\/types-de-dechets\/gateaux-de-filtration\/#primaryimage\"},\"image\":{\"@id\":\"https:\/\/gielen-recyclage.be\/fr\/types-de-dechets\/gateaux-de-filtration\/#primaryimage\"},\"thumbnailUrl\":\"https:\/\/gielen-recyclage.be\/wp-content\/uploads\/2023\/07\/Iconen-afval_Filterkoeken.png\",\"datePublished\":\"2023-07-11T11:33:29+00:00\",\"dateModified\":\"2023-10-25T07:49:43+00:00\",\"description\":\"Le service sp\u00e9cialis\u00e9 de Containerservice Gielen \u00e0 Genk vous garantit un recyclage professionnel de tous les g\u00e2teaux de filtration Une solution \u00e9cologique et sur mesure Contactez nous !\",\"breadcrumb\":{\"@id\":\"https:\/\/gielen-recyclage.be\/fr\/types-de-dechets\/gateaux-de-filtration\/#breadcrumb\"},\"inLanguage\":\"fr-BE\",\"potentialAction\":[{\"@type\":\"ReadAction\",\"target\":[\"https:\/\/gielen-recyclage.be\/fr\/types-de-dechets\/gateaux-de-filtration\/\"]}]},{\"@type\":\"ImageObject\",\"inLanguage\":\"fr-BE\",\"@id\":\"https:\/\/gielen-recyclage.be\/fr\/types-de-dechets\/gateaux-de-filtration\/#primaryimage\",\"url\":\"https:\/\/gielen-recyclage.be\/wp-content\/uploads\/2023\/07\/Iconen-afval_Filterkoeken.png\",\"contentUrl\":\"https:\/\/gielen-recyclage.be\/wp-content\/uploads\/2023\/07\/Iconen-afval_Filterkoeken.png\",\"width\":500,\"height\":500},{\"@type\":\"BreadcrumbList\",\"@id\":\"https:\/\/gielen-recyclage.be\/fr\/types-de-dechets\/gateaux-de-filtration\/#breadcrumb\",\"itemListElement\":[{\"@type\":\"ListItem\",\"position\":1,\"name\":\"Home\",\"item\":\"https:\/\/gielen-recyclage.be\/fr\/\"},{\"@type\":\"ListItem\",\"position\":2,\"name\":\"Types de d\u00e9chets\",\"item\":\"https:\/\/gielen-recyclage.be\/fr\/types-de-dechets\/\"},{\"@type\":\"ListItem\",\"position\":3,\"name\":\"G\u00e2teaux de filtration\"}]},{\"@type\":\"WebSite\",\"@id\":\"https:\/\/gielen-recyclage.be\/#website\",\"url\":\"https:\/\/gielen-recyclage.be\/\",\"name\":\"Containerservice Gielen\",\"description\":\"\",\"potentialAction\":[{\"@type\":\"SearchAction\",\"target\":{\"@type\":\"EntryPoint\",\"urlTemplate\":\"https:\/\/gielen-recyclage.be\/?s={search_term_string}\"},\"query-input\":{\"@type\":\"PropertyValueSpecification\",\"valueRequired\":true,\"valueName\":\"search_term_string\"}}],\"inLanguage\":\"fr-BE\"}]}<\/script>\n<!-- \/ Yoast SEO plugin. -->","yoast_head_json":{"title":"Recyclage g\u00e2teaux de filtration Genk Limbourg","description":"Le service sp\u00e9cialis\u00e9 de Containerservice Gielen \u00e0 Genk vous garantit un recyclage professionnel de tous les g\u00e2teaux de filtration Une solution \u00e9cologique et sur mesure Contactez nous !","robots":{"index":"index","follow":"follow","max-snippet":"max-snippet:-1","max-image-preview":"max-image-preview:large","max-video-preview":"max-video-preview:-1"},"canonical":"https:\/\/gielen-recyclage.be\/fr\/types-de-dechets\/gateaux-de-filtration\/","og_locale":"fr_FR","og_type":"article","og_title":"Recyclage g\u00e2teaux de filtration Genk Limbourg","og_description":"Le service sp\u00e9cialis\u00e9 de Containerservice Gielen \u00e0 Genk vous garantit un recyclage professionnel de tous les g\u00e2teaux de filtration Une solution \u00e9cologique et sur mesure Contactez nous !","og_url":"https:\/\/gielen-recyclage.be\/fr\/types-de-dechets\/gateaux-de-filtration\/","og_site_name":"Containerservice Gielen","article_modified_time":"2023-10-25T07:49:43+00:00","og_image":[{"width":500,"height":500,"url":"https:\/\/gielen-recyclage.be\/wp-content\/uploads\/2023\/07\/Iconen-afval_Filterkoeken.png","type":"image\/png"}],"twitter_card":"summary_large_image","twitter_misc":{"Dur\u00e9e de lecture est.":"2 minutes"},"schema":{"@context":"https:\/\/schema.org","@graph":[{"@type":"WebPage","@id":"https:\/\/gielen-recyclage.be\/fr\/types-de-dechets\/gateaux-de-filtration\/","url":"https:\/\/gielen-recyclage.be\/fr\/types-de-dechets\/gateaux-de-filtration\/","name":"Recyclage g\u00e2teaux de filtration Genk Limbourg","isPartOf":{"@id":"https:\/\/gielen-recyclage.be\/#website"},"primaryImageOfPage":{"@id":"https:\/\/gielen-recyclage.be\/fr\/types-de-dechets\/gateaux-de-filtration\/#primaryimage"},"image":{"@id":"https:\/\/gielen-recyclage.be\/fr\/types-de-dechets\/gateaux-de-filtration\/#primaryimage"},"thumbnailUrl":"https:\/\/gielen-recyclage.be\/wp-content\/uploads\/2023\/07\/Iconen-afval_Filterkoeken.png","datePublished":"2023-07-11T11:33:29+00:00","dateModified":"2023-10-25T07:49:43+00:00","description":"Le service sp\u00e9cialis\u00e9 de Containerservice Gielen \u00e0 Genk vous garantit un recyclage professionnel de tous les g\u00e2teaux de filtration Une solution \u00e9cologique et sur mesure Contactez nous !","breadcrumb":{"@id":"https:\/\/gielen-recyclage.be\/fr\/types-de-dechets\/gateaux-de-filtration\/#breadcrumb"},"inLanguage":"fr-BE","potentialAction":[{"@type":"ReadAction","target":["https:\/\/gielen-recyclage.be\/fr\/types-de-dechets\/gateaux-de-filtration\/"]}]},{"@type":"ImageObject","inLanguage":"fr-BE","@id":"https:\/\/gielen-recyclage.be\/fr\/types-de-dechets\/gateaux-de-filtration\/#primaryimage","url":"https:\/\/gielen-recyclage.be\/wp-content\/uploads\/2023\/07\/Iconen-afval_Filterkoeken.png","contentUrl":"https:\/\/gielen-recyclage.be\/wp-content\/uploads\/2023\/07\/Iconen-afval_Filterkoeken.png","width":500,"height":500},{"@type":"BreadcrumbList","@id":"https:\/\/gielen-recyclage.be\/fr\/types-de-dechets\/gateaux-de-filtration\/#breadcrumb","itemListElement":[{"@type":"ListItem","position":1,"name":"Home","item":"https:\/\/gielen-recyclage.be\/fr\/"},{"@type":"ListItem","position":2,"name":"Types de d\u00e9chets","item":"https:\/\/gielen-recyclage.be\/fr\/types-de-dechets\/"},{"@type":"ListItem","position":3,"name":"G\u00e2teaux de filtration"}]},{"@type":"WebSite","@id":"https:\/\/gielen-recyclage.be\/#website","url":"https:\/\/gielen-recyclage.be\/","name":"Containerservice Gielen","description":"","potentialAction":[{"@type":"SearchAction","target":{"@type":"EntryPoint","urlTemplate":"https:\/\/gielen-recyclage.be\/?s={search_term_string}"},"query-input":{"@type":"PropertyValueSpecification","valueRequired":true,"valueName":"search_term_string"}}],"inLanguage":"fr-BE"}]}},"_links":{"self":[{"href":"https:\/\/gielen-recyclage.be\/fr\/wp-json\/wp\/v2\/pages\/2046","targetHints":{"allow":["GET"]}}],"collection":[{"href":"https:\/\/gielen-recyclage.be\/fr\/wp-json\/wp\/v2\/pages"}],"about":[{"href":"https:\/\/gielen-recyclage.be\/fr\/wp-json\/wp\/v2\/types\/page"}],"author":[{"embeddable":true,"href":"https:\/\/gielen-recyclage.be\/fr\/wp-json\/wp\/v2\/users\/1"}],"replies":[{"embeddable":true,"href":"https:\/\/gielen-recyclage.be\/fr\/wp-json\/wp\/v2\/comments?post=2046"}],"version-history":[{"count":5,"href":"https:\/\/gielen-recyclage.be\/fr\/wp-json\/wp\/v2\/pages\/2046\/revisions"}],"predecessor-version":[{"id":2532,"href":"https:\/\/gielen-recyclage.be\/fr\/wp-json\/wp\/v2\/pages\/2046\/revisions\/2532"}],"up":[{"embeddable":true,"href":"https:\/\/gielen-recyclage.be\/fr\/wp-json\/wp\/v2\/pages\/2008"}],"wp:featuredmedia":[{"embeddable":true,"href":"https:\/\/gielen-recyclage.be\/fr\/wp-json\/wp\/v2\/media\/96"}],"wp:attachment":[{"href":"https:\/\/gielen-recyclage.be\/fr\/wp-json\/wp\/v2\/media?parent=2046"}],"wp:term":[{"taxonomy":"pagina-categorie","embeddable":true,"href":"https:\/\/gielen-recyclage.be\/fr\/wp-json\/wp\/v2\/pagina-categorie?post=2046"},{"taxonomy":"sector","embeddable":true,"href":"https:\/\/gielen-recyclage.be\/fr\/wp-json\/wp\/v2\/sector?post=2046"},{"taxonomy":"type-container-per-afvalsoort","embeddable":true,"href":"https:\/\/gielen-recyclage.be\/fr\/wp-json\/wp\/v2\/type-container-per-afvalsoort?post=2046"}],"curies":[{"name":"wp","href":"https:\/\/api.w.org\/{rel}","templated":true}]}}