{"id":2051,"date":"2023-07-11T13:33:30","date_gmt":"2023-07-11T11:33:30","guid":{"rendered":"https:\/\/gielen-recyclage.be\/?page_id=2051"},"modified":"2023-10-25T10:30:44","modified_gmt":"2023-10-25T08:30:44","slug":"matelas","status":"publish","type":"page","link":"https:\/\/gielen-recyclage.be\/fr\/types-de-dechets\/matelas\/","title":{"rendered":"Matelas"},"content":{"rendered":"<section class=\"l-section wpb_row us_custom_d2199d32 height_auto\"><div class=\"l-section-h i-cf\"><div class=\"g-cols vc_row via_flex valign_middle type_boxes stacking_default\" style=\"--additional-gap:15px;\"><div class=\"vc_col-sm-1 vc_hidden-sm vc_hidden-xs wpb_column vc_column_container has_bg_color stretched\"><div class=\"vc_column-inner us_custom_61cc7363\"><div class=\"wpb_wrapper\"><\/div><\/div><\/div><div class=\"vc_col-sm-7 vc_col-lg-7 vc_col-md-7 vc_col-xs-12 wpb_column vc_column_container has_bg_color\"><div class=\"vc_column-inner us_custom_43bb1cd8\"><div class=\"wpb_wrapper\"><div class=\"wpb_text_column\"><div class=\"wpb_wrapper\"><h1>RECYCLER <strong>LES MATELAS<\/strong><br \/>\nAVEC CONTAINERSERVICE GIELEN<\/h1>\n<p>Le recyclage des matelas est un processus complexe, car leur composition est complexe et h\u00e9t\u00e9roclite. Nous travaillons donc avec des transformateurs finaux externes agr\u00e9\u00e9s qui recyclent les vieux matelas. Depuis 2021, les matelas doivent faire l\u2019objet d\u2019une collecte s\u00e9par\u00e9e, et les particuliers peuvent d\u00e9poser leurs vieux matelas en d\u00e9chetterie.<\/p>\n<p>Containerservice Gielen propose des solutions uniques aux professionnels pour les aider \u00e0 faire face \u00e0 ces enjeux. Nous installons sur votre site un conteneur maritime ou un conteneur entrep\u00f4t de haute qualit\u00e9 pour collecter vos matelas. Nous les r\u00e9cup\u00e9rerons une fois pleins pour les livrer au transformateur final.<\/p>\n<\/div><\/div><div class=\"w-separator size_small\"><\/div><div class=\"w-btn-wrapper align_none\"><a class=\"w-btn us-btn-style_1 icon_atright\" title=\"Offerteaanvraag\" href=\"https:\/\/gielen-recyclage.be\/fr\/demande-de-devis\/\"><span class=\"w-btn-label\">Je souhaite demander un devis<\/span><i class=\"far fa-long-arrow-right\"><\/i><\/a><\/div><\/div><\/div><\/div><div class=\"vc_col-sm-5 vc_col-lg-4 vc_col-md-4 vc_col-xs-12 wpb_column vc_column_container h300 popupopen has_bg_color stretched\"><div class=\"vc_column-inner us_custom_874cd7e7\"><div class=\"wpb_wrapper\"><\/div><\/div><\/div><\/div><\/div><\/section><section class=\"l-section wpb_row height_large\"><div class=\"l-section-h i-cf\"><div class=\"g-cols vc_row via_flex valign_top type_default stacking_default\"><div class=\"vc_col-sm-12 wpb_column vc_column_container\"><div class=\"vc_column-inner\"><div class=\"wpb_wrapper\"><div class=\"g-cols wpb_row via_flex valign_top type_default stacking_default\"><div class=\"vc_col-sm-6 wpb_column vc_column_container\"><div class=\"vc_column-inner\"><div class=\"wpb_wrapper\"><div class=\"wpb_text_column\"><div class=\"wpb_wrapper\"><h2>TYPES DE<br \/>\n<strong>MATELAS <\/strong><\/h2>\n<\/div><\/div><div class=\"w-separator size_medium\"><\/div><\/div><\/div><\/div><div class=\"vc_col-sm-6 wpb_column vc_column_container\"><div class=\"vc_column-inner\"><div class=\"wpb_wrapper\"><\/div><\/div><\/div><\/div><div class=\"g-cols wpb_row via_flex valign_top type_default stacking_default\"><div class=\"vc_col-sm-6 wpb_column vc_column_container\"><div class=\"vc_column-inner\"><div class=\"wpb_wrapper\"><div class=\"wpb_text_column\"><div class=\"wpb_wrapper\"><p>Il existe des matelas de toutes les formes et dimensions, qu\u2019un transformateur final qualifi\u00e9 pourra recycler dans le respect de l\u2019environnement et de la l\u00e9gislation. Il faut aussi, et c\u2019est important, les collecter correctement Les conditions d\u2019acceptation des matelas sont comparables \u00e0 celles des textiles.<\/p>\n<\/div><\/div><\/div><\/div><\/div><div class=\"vc_col-sm-6 wpb_column vc_column_container\"><div class=\"vc_column-inner\"><div class=\"wpb_wrapper\"><div class=\"wpb_text_column\"><div class=\"wpb_wrapper\"><p>De m\u00eame, il est tr\u00e8s important que les matelas soient livr\u00e9s propres, ils doivent donc \u00eatre secs et exempts de souillures. Et bien s\u00fbr, il ne faut d\u00e9poser aucun autre type de d\u00e9chet dans le conteneur.<\/p>\n<\/div><\/div><\/div><\/div><\/div><\/div><div class=\"w-separator size_small\"><\/div><div class=\"w-btn-wrapper align_none\"><a class=\"w-btn us-btn-style_1 icon_atright\" title=\"Offerteaanvraag\" href=\"https:\/\/gielen-recyclage.be\/fr\/demande-de-devis\/\"><span class=\"w-btn-label\">Je souhaite demander un devis<\/span><i class=\"far fa-long-arrow-right\"><\/i><\/a><\/div><\/div><\/div><\/div><\/div><\/div><\/section><section class=\"l-section wpb_row height_auto\"><div class=\"l-section-h i-cf\"><div class=\"g-cols vc_row via_flex valign_middle type_boxes stacking_default\"><div class=\"vc_col-sm-8 wpb_column vc_column_container has_bg_color\"><div class=\"vc_column-inner us_custom_5fb9c346\"><div class=\"wpb_wrapper\"><div class=\"wpb_text_column us_custom_02d42652 has_text_color\"><div class=\"wpb_wrapper\"><h3><strong>D\u00c9COUVREZ NOS CONTENEURS \u00c0 D\u00c9CHETS<br \/>\nPOUR VOS D\u00c9CHETS MATELAS<\/strong><\/h3>\n<\/div><\/div><\/div><\/div><\/div><div class=\"vc_col-sm-4 wpb_column vc_column_container has_bg_color\"><div class=\"vc_column-inner us_custom_5fb9c346\"><div class=\"wpb_wrapper\"><div class=\"w-btn-wrapper align_center\"><a class=\"w-btn us-btn-style_3 icon_atright\" title=\"Contact\" href=\"https:\/\/gielen-recyclage.be\/fr\/brochures\/\"><span class=\"w-btn-label\">Montrez-moi la brochure<\/span><i class=\"far fa-long-arrow-right\"><\/i><\/a><\/div><\/div><\/div><\/div><\/div><\/div><\/section><section class=\"l-section wpb_row height_large\"><div class=\"l-section-h i-cf\"><div class=\"g-cols vc_row via_flex valign_top type_default stacking_default\"><div class=\"vc_col-sm-12 wpb_column vc_column_container\"><div class=\"vc_column-inner\"><div class=\"wpb_wrapper\"><div class=\"g-cols wpb_row via_flex valign_top type_default stacking_default\"><div class=\"vc_col-sm-6 wpb_column vc_column_container\"><div class=\"vc_column-inner\"><div class=\"wpb_wrapper\"><div class=\"wpb_text_column\"><div class=\"wpb_wrapper\"><h3>RECYCLER LES MATELAS<br \/>\nDANS DES CONTENEURS FERM\u00c9S<\/h3>\n<p>Pour collecter des matelas, nous n\u2019utilisons que des conteneurs ferm\u00e9s, car ils doivent rester le plus propres possibles. Chez Containerservice Gielen, nous louons diff\u00e9rents conteneurs entrep\u00f4t de haute qualit\u00e9, que notre personnel qualifi\u00e9 r\u00e9cup\u00e9rera avec soin. Nous sommes en effet des collecteurs agr\u00e9\u00e9s par Valumat. Bien entendu, vous pouvez toujours nous livrer vous-m\u00eame vos matelas \u00e0 notre site \u00e0 Eikelaarstraat, \u00e0 Genk.<\/p>\n<\/div><\/div><\/div><\/div><\/div><div class=\"vc_col-sm-6 wpb_column vc_column_container\"><div class=\"vc_column-inner\"><div class=\"wpb_wrapper\"><\/div><\/div><\/div><\/div><div class=\"w-separator size_medium\"><\/div><div class=\"wpb_text_column\"><div class=\"wpb_wrapper\"><h3>Louer un conteneur<\/h3>\n<\/div><\/div><div class=\"w-separator size_small\"><\/div><div class=\"w-grid us_carousel overflowright type_carousel layout_544 preload_style_spinner items_4\" id=\"us_grid_1\" style=\"--items:4;--gap:1.5rem;\"><style>.layout_544 .w-grid-item-h{background:#F2F2F2}.layout_544 .usg_vwrapper_1{margin-bottom:70px!important;padding:30px!important;background:#F2F2F2!important}.layout_544 .usg_btn_1{width:100%!important}.layout_544 .usg_hwrapper_1{border-top-width:20px!important;border-color:#ffffff!important;position:absolute!important;left:0!important;bottom:0!important;right:0!important;z-index:99!important;border-top-style:solid!important;background:#ffffff!important}@media (min-width:961px) and (max-width:1380px){.layout_544 .usg_vwrapper_1{margin-bottom:70px!important;padding:30px!important}}@media (min-width:768px) and (max-width:960px){.layout_544 .usg_vwrapper_1{margin-bottom:70px!important;padding:30px!important}}@media (max-width:767px){.layout_544 .usg_vwrapper_1{margin-bottom:70px!important;padding:15px 15px 30px 15px!important}.layout_544 .usg_post_title_1{font-size:15px!important}}<\/style><div class=\"w-grid-list owl-carousel valign_stretch dotstyle_circle navstyle_circle arrows-ver-pos_middle arrows-hor-pos_on_sides_outside arrows-disabled_hide owl-responsive-2000 with_arrows\" style=\"--transition-duration:350ms;--arrows-size:1.5rem;--arrows-hor-offset:calc(0px + 1.5rem);--arrows-gap:10px;\">\t<article class=\"w-grid-item post-2166 container type-container status-publish has-post-thumbnail hentry afvalstroom-colore afvalstroom-dechets-de-construction-et-de-demolition afvalstroom-dechets-melanges afvalstroom-dechets-melanges-non-triables afvalstroom-dechets-melanges-triables afvalstroom-dechets-textiles afvalstroom-destruction-darchives afvalstroom-gyproc-fr afvalstroom-matelas afvalstroom-naturel-fr afvalstroom-papier-carton afvalstroom-papier-et-carton afvalstroom-plastiques-fr afvalstroom-plastiques afvalstroom-plastiques-durs afvalstroom-pmc type-container-conteneur-dexpedition-conteneur-dentrepot type-container-conteneurs-speciaux\" data-id=\"2166\">\r\n\t\t<div class=\"w-grid-item-h\">\r\n\t\t\t\t\t\t<div class=\"w-post-elm post_image usg_post_image_1 has_ratio\"><a href=\"https:\/\/gielen-recyclage.be\/offerteaanvraag\/\" aria-label=\"Conteneur d&rsquo;entrep\u00f4t\/d&rsquo;exp\u00e9dition\"><img loading=\"lazy\" decoding=\"async\" width=\"1024\" height=\"810\" src=\"https:\/\/gielen-recyclage.be\/wp-content\/uploads\/2023\/07\/Magazijncontainer_30m_-1024x810.jpg\" class=\"attachment-large size-large wp-post-image\" alt=\"\" \/><\/a><div style=\"padding-bottom:100%\"><\/div><\/div><div class=\"w-vwrapper usg_vwrapper_1\" style=\"--vwrapper-gap:0.9rem\"><h5 class=\"w-post-elm post_title usg_post_title_1 align_center entry-title color_link_inherit\"><a href=\"https:\/\/gielen-recyclage.be\/offerteaanvraag\/\">Conteneur d&rsquo;entrep\u00f4t\/d&rsquo;exp\u00e9dition<\/a><\/h5><\/div><div class=\"w-hwrapper usg_hwrapper_1\" style=\"--hwrapper-gap:1.20rem\"><a class=\"w-btn us-btn-style_1 usg_btn_1 icon_atright\" href=\"https:\/\/gielen-recyclage.be\/fr\/demande-de-devis\/\"><span class=\"w-btn-label\">LOUER UN CONTENEUR<\/span><i class=\"fas fa-long-arrow-right\"><\/i><\/a><\/div>\t\t<\/div>\r\n\t\t\t<\/article>\r\n\t<article class=\"w-grid-item post-2167 container type-container status-publish has-post-thumbnail hentry afvalstroom-caoutchouc afvalstroom-colore afvalstroom-dechets-chimiques afvalstroom-dechets-dangereux afvalstroom-dechets-melanges afvalstroom-dechets-melanges-non-triables afvalstroom-dechets-melanges-triables afvalstroom-dechets-textiles afvalstroom-destruction-darchives afvalstroom-gyproc-fr afvalstroom-matelas afvalstroom-naturel-fr afvalstroom-papier-carton afvalstroom-papier-et-carton afvalstroom-plastiques-fr afvalstroom-plastiques afvalstroom-plastiques-durs afvalstroom-pmc afvalstroom-verre type-container-conteneurs-de-chapelle type-container-conteneurs-speciaux\" data-id=\"2167\">\r\n\t\t<div class=\"w-grid-item-h\">\r\n\t\t\t\t\t\t<div class=\"w-post-elm post_image usg_post_image_1 has_ratio\"><a href=\"https:\/\/gielen-recyclage.be\/offerteaanvraag\/\" aria-label=\"Conteneur de chapelle 22m\u00b3\"><img loading=\"lazy\" decoding=\"async\" width=\"1024\" height=\"767\" src=\"https:\/\/gielen-recyclage.be\/wp-content\/uploads\/2023\/09\/gesloten-22m\u00b3-container-1024x767.jpg\" class=\"attachment-large size-large wp-post-image\" alt=\"gesloten container 22m\u00b3\" \/><\/a><div style=\"padding-bottom:100%\"><\/div><\/div><div class=\"w-vwrapper usg_vwrapper_1\" style=\"--vwrapper-gap:0.9rem\"><h5 class=\"w-post-elm post_title usg_post_title_1 align_center entry-title color_link_inherit\"><a href=\"https:\/\/gielen-recyclage.be\/offerteaanvraag\/\">Conteneur de chapelle 22m\u00b3<\/a><\/h5><\/div><div class=\"w-hwrapper usg_hwrapper_1\" style=\"--hwrapper-gap:1.20rem\"><a class=\"w-btn us-btn-style_1 usg_btn_1 icon_atright\" href=\"https:\/\/gielen-recyclage.be\/fr\/demande-de-devis\/\"><span class=\"w-btn-label\">LOUER UN CONTENEUR<\/span><i class=\"fas fa-long-arrow-right\"><\/i><\/a><\/div>\t\t<\/div>\r\n\t\t\t<\/article>\r\n<\/div><div class=\"w-grid-carousel-json hidden\" onclick='return {&quot;carousel_settings&quot;:{&quot;aria_labels&quot;:{&quot;prev&quot;:&quot;Pr\\u00e9c\\u00e9dent&quot;,&quot;next&quot;:&quot;Suivant&quot;},&quot;autoplayContinual&quot;:false,&quot;autoplayHoverPause&quot;:false,&quot;autoplayTimeout&quot;:3000,&quot;autoWidth&quot;:false,&quot;smartSpeed&quot;:350,&quot;margin&quot;:0,&quot;mouseDrag&quot;:true,&quot;rtl&quot;:false,&quot;slideBy&quot;:&quot;1&quot;,&quot;touchDrag&quot;:true,&quot;slideTransition&quot;:&quot;&quot;,&quot;responsive&quot;:{&quot;0&quot;:{&quot;autoHeight&quot;:false,&quot;autoplay&quot;:true,&quot;autoWidth&quot;:false,&quot;center&quot;:false,&quot;dots&quot;:false,&quot;items&quot;:2,&quot;loop&quot;:false,&quot;nav&quot;:false,&quot;stagePadding&quot;:0,&quot;slideBy&quot;:&quot;1&quot;},&quot;768&quot;:{&quot;autoHeight&quot;:false,&quot;autoplay&quot;:true,&quot;autoWidth&quot;:false,&quot;center&quot;:false,&quot;dots&quot;:false,&quot;items&quot;:2,&quot;loop&quot;:false,&quot;nav&quot;:true,&quot;stagePadding&quot;:0,&quot;slideBy&quot;:&quot;1&quot;},&quot;961&quot;:{&quot;autoHeight&quot;:false,&quot;autoplay&quot;:true,&quot;autoWidth&quot;:false,&quot;center&quot;:false,&quot;dots&quot;:false,&quot;items&quot;:3,&quot;loop&quot;:false,&quot;nav&quot;:true,&quot;stagePadding&quot;:0,&quot;slideBy&quot;:&quot;1&quot;},&quot;1381&quot;:{&quot;items&quot;:4,&quot;autoplay&quot;:false,&quot;center&quot;:false,&quot;dots&quot;:false,&quot;nav&quot;:true,&quot;autoHeight&quot;:false,&quot;autoWidth&quot;:false,&quot;loop&quot;:false,&quot;stagePadding&quot;:0}}}}'><\/div><\/div><\/div><\/div><\/div><\/div><\/div><\/section>\n","protected":false},"excerpt":{"rendered":"gesloten-22m\u00b3-container 22 m\u00b3 : l x l x h : 5800 x 2500 x 2000 3 portes par c\u00f4t\u00e9 pour un chargement facile + 2 grandes portes battantes R\u00e9sistant aux intemp\u00e9ries et au vent : tout reste au sec et prot\u00e9g\u00e9 (les d\u00e9chets ne peuvent plus s&rsquo;envoler) Offre une solution pour les d\u00e9chets qui ne...","protected":false},"author":1,"featured_media":106,"parent":2008,"menu_order":13,"comment_status":"closed","ping_status":"closed","template":"","meta":{"footnotes":""},"pagina-categorie":[],"sector":[159,160],"type-container-per-afvalsoort":[169,166],"class_list":["post-2051","page","type-page","status-publish","has-post-thumbnail","hentry","sector-horeca-fr","sector-retail-fr","type-container-per-afvalsoort-gesloten-containers-fr","type-container-per-afvalsoort-open-container-fr"],"acf":[],"yoast_head":"<!-- This site is optimized with the Yoast SEO plugin v26.2 - https:\/\/yoast.com\/wordpress\/plugins\/seo\/ -->\n<title>Recyclage Matelas Genk Limbourg - Containerservice Gielen<\/title>\n<meta name=\"description\" content=\"Containerservice Gielen propose des solutions cl\u00e9 en main aux professionnels pour le recyclage de leurs vieux matelas.\" \/>\n<meta name=\"robots\" content=\"index, follow, max-snippet:-1, max-image-preview:large, max-video-preview:-1\" \/>\n<link rel=\"canonical\" href=\"https:\/\/gielen-recyclage.be\/fr\/types-de-dechets\/matelas\/\" \/>\n<meta property=\"og:locale\" content=\"fr_FR\" \/>\n<meta property=\"og:type\" content=\"article\" \/>\n<meta property=\"og:title\" content=\"Recyclage Matelas Genk Limbourg - Containerservice Gielen\" \/>\n<meta property=\"og:description\" content=\"Containerservice Gielen propose des solutions cl\u00e9 en main aux professionnels pour le recyclage de leurs vieux matelas.\" \/>\n<meta property=\"og:url\" content=\"https:\/\/gielen-recyclage.be\/fr\/types-de-dechets\/matelas\/\" \/>\n<meta property=\"og:site_name\" content=\"Containerservice Gielen\" \/>\n<meta property=\"article:modified_time\" content=\"2023-10-25T08:30:44+00:00\" \/>\n<meta property=\"og:image\" content=\"https:\/\/gielen-recyclage.be\/wp-content\/uploads\/2023\/07\/Iconen-afval_Gyproc.png\" \/>\n\t<meta property=\"og:image:width\" content=\"500\" \/>\n\t<meta property=\"og:image:height\" content=\"500\" \/>\n\t<meta property=\"og:image:type\" content=\"image\/png\" \/>\n<meta name=\"twitter:card\" content=\"summary_large_image\" \/>\n<meta name=\"twitter:label1\" content=\"Dur\u00e9e de lecture est.\" \/>\n\t<meta name=\"twitter:data1\" content=\"2 minutes\" \/>\n<script type=\"application\/ld+json\" class=\"yoast-schema-graph\">{\"@context\":\"https:\/\/schema.org\",\"@graph\":[{\"@type\":\"WebPage\",\"@id\":\"https:\/\/gielen-recyclage.be\/fr\/types-de-dechets\/matelas\/\",\"url\":\"https:\/\/gielen-recyclage.be\/fr\/types-de-dechets\/matelas\/\",\"name\":\"Recyclage Matelas Genk Limbourg - Containerservice Gielen\",\"isPartOf\":{\"@id\":\"https:\/\/gielen-recyclage.be\/#website\"},\"primaryImageOfPage\":{\"@id\":\"https:\/\/gielen-recyclage.be\/fr\/types-de-dechets\/matelas\/#primaryimage\"},\"image\":{\"@id\":\"https:\/\/gielen-recyclage.be\/fr\/types-de-dechets\/matelas\/#primaryimage\"},\"thumbnailUrl\":\"https:\/\/gielen-recyclage.be\/wp-content\/uploads\/2023\/07\/Iconen-afval_Gyproc.png\",\"datePublished\":\"2023-07-11T11:33:30+00:00\",\"dateModified\":\"2023-10-25T08:30:44+00:00\",\"description\":\"Containerservice Gielen propose des solutions cl\u00e9 en main aux professionnels pour le recyclage de leurs vieux matelas.\",\"breadcrumb\":{\"@id\":\"https:\/\/gielen-recyclage.be\/fr\/types-de-dechets\/matelas\/#breadcrumb\"},\"inLanguage\":\"fr-BE\",\"potentialAction\":[{\"@type\":\"ReadAction\",\"target\":[\"https:\/\/gielen-recyclage.be\/fr\/types-de-dechets\/matelas\/\"]}]},{\"@type\":\"ImageObject\",\"inLanguage\":\"fr-BE\",\"@id\":\"https:\/\/gielen-recyclage.be\/fr\/types-de-dechets\/matelas\/#primaryimage\",\"url\":\"https:\/\/gielen-recyclage.be\/wp-content\/uploads\/2023\/07\/Iconen-afval_Gyproc.png\",\"contentUrl\":\"https:\/\/gielen-recyclage.be\/wp-content\/uploads\/2023\/07\/Iconen-afval_Gyproc.png\",\"width\":500,\"height\":500},{\"@type\":\"BreadcrumbList\",\"@id\":\"https:\/\/gielen-recyclage.be\/fr\/types-de-dechets\/matelas\/#breadcrumb\",\"itemListElement\":[{\"@type\":\"ListItem\",\"position\":1,\"name\":\"Home\",\"item\":\"https:\/\/gielen-recyclage.be\/fr\/\"},{\"@type\":\"ListItem\",\"position\":2,\"name\":\"Types de d\u00e9chets\",\"item\":\"https:\/\/gielen-recyclage.be\/fr\/types-de-dechets\/\"},{\"@type\":\"ListItem\",\"position\":3,\"name\":\"Matelas\"}]},{\"@type\":\"WebSite\",\"@id\":\"https:\/\/gielen-recyclage.be\/#website\",\"url\":\"https:\/\/gielen-recyclage.be\/\",\"name\":\"Containerservice Gielen\",\"description\":\"\",\"potentialAction\":[{\"@type\":\"SearchAction\",\"target\":{\"@type\":\"EntryPoint\",\"urlTemplate\":\"https:\/\/gielen-recyclage.be\/?s={search_term_string}\"},\"query-input\":{\"@type\":\"PropertyValueSpecification\",\"valueRequired\":true,\"valueName\":\"search_term_string\"}}],\"inLanguage\":\"fr-BE\"}]}<\/script>\n<!-- \/ Yoast SEO plugin. -->","yoast_head_json":{"title":"Recyclage Matelas Genk Limbourg - Containerservice Gielen","description":"Containerservice Gielen propose des solutions cl\u00e9 en main aux professionnels pour le recyclage de leurs vieux matelas.","robots":{"index":"index","follow":"follow","max-snippet":"max-snippet:-1","max-image-preview":"max-image-preview:large","max-video-preview":"max-video-preview:-1"},"canonical":"https:\/\/gielen-recyclage.be\/fr\/types-de-dechets\/matelas\/","og_locale":"fr_FR","og_type":"article","og_title":"Recyclage Matelas Genk Limbourg - Containerservice Gielen","og_description":"Containerservice Gielen propose des solutions cl\u00e9 en main aux professionnels pour le recyclage de leurs vieux matelas.","og_url":"https:\/\/gielen-recyclage.be\/fr\/types-de-dechets\/matelas\/","og_site_name":"Containerservice Gielen","article_modified_time":"2023-10-25T08:30:44+00:00","og_image":[{"width":500,"height":500,"url":"https:\/\/gielen-recyclage.be\/wp-content\/uploads\/2023\/07\/Iconen-afval_Gyproc.png","type":"image\/png"}],"twitter_card":"summary_large_image","twitter_misc":{"Dur\u00e9e de lecture est.":"2 minutes"},"schema":{"@context":"https:\/\/schema.org","@graph":[{"@type":"WebPage","@id":"https:\/\/gielen-recyclage.be\/fr\/types-de-dechets\/matelas\/","url":"https:\/\/gielen-recyclage.be\/fr\/types-de-dechets\/matelas\/","name":"Recyclage Matelas Genk Limbourg - Containerservice Gielen","isPartOf":{"@id":"https:\/\/gielen-recyclage.be\/#website"},"primaryImageOfPage":{"@id":"https:\/\/gielen-recyclage.be\/fr\/types-de-dechets\/matelas\/#primaryimage"},"image":{"@id":"https:\/\/gielen-recyclage.be\/fr\/types-de-dechets\/matelas\/#primaryimage"},"thumbnailUrl":"https:\/\/gielen-recyclage.be\/wp-content\/uploads\/2023\/07\/Iconen-afval_Gyproc.png","datePublished":"2023-07-11T11:33:30+00:00","dateModified":"2023-10-25T08:30:44+00:00","description":"Containerservice Gielen propose des solutions cl\u00e9 en main aux professionnels pour le recyclage de leurs vieux matelas.","breadcrumb":{"@id":"https:\/\/gielen-recyclage.be\/fr\/types-de-dechets\/matelas\/#breadcrumb"},"inLanguage":"fr-BE","potentialAction":[{"@type":"ReadAction","target":["https:\/\/gielen-recyclage.be\/fr\/types-de-dechets\/matelas\/"]}]},{"@type":"ImageObject","inLanguage":"fr-BE","@id":"https:\/\/gielen-recyclage.be\/fr\/types-de-dechets\/matelas\/#primaryimage","url":"https:\/\/gielen-recyclage.be\/wp-content\/uploads\/2023\/07\/Iconen-afval_Gyproc.png","contentUrl":"https:\/\/gielen-recyclage.be\/wp-content\/uploads\/2023\/07\/Iconen-afval_Gyproc.png","width":500,"height":500},{"@type":"BreadcrumbList","@id":"https:\/\/gielen-recyclage.be\/fr\/types-de-dechets\/matelas\/#breadcrumb","itemListElement":[{"@type":"ListItem","position":1,"name":"Home","item":"https:\/\/gielen-recyclage.be\/fr\/"},{"@type":"ListItem","position":2,"name":"Types de d\u00e9chets","item":"https:\/\/gielen-recyclage.be\/fr\/types-de-dechets\/"},{"@type":"ListItem","position":3,"name":"Matelas"}]},{"@type":"WebSite","@id":"https:\/\/gielen-recyclage.be\/#website","url":"https:\/\/gielen-recyclage.be\/","name":"Containerservice Gielen","description":"","potentialAction":[{"@type":"SearchAction","target":{"@type":"EntryPoint","urlTemplate":"https:\/\/gielen-recyclage.be\/?s={search_term_string}"},"query-input":{"@type":"PropertyValueSpecification","valueRequired":true,"valueName":"search_term_string"}}],"inLanguage":"fr-BE"}]}},"_links":{"self":[{"href":"https:\/\/gielen-recyclage.be\/fr\/wp-json\/wp\/v2\/pages\/2051","targetHints":{"allow":["GET"]}}],"collection":[{"href":"https:\/\/gielen-recyclage.be\/fr\/wp-json\/wp\/v2\/pages"}],"about":[{"href":"https:\/\/gielen-recyclage.be\/fr\/wp-json\/wp\/v2\/types\/page"}],"author":[{"embeddable":true,"href":"https:\/\/gielen-recyclage.be\/fr\/wp-json\/wp\/v2\/users\/1"}],"replies":[{"embeddable":true,"href":"https:\/\/gielen-recyclage.be\/fr\/wp-json\/wp\/v2\/comments?post=2051"}],"version-history":[{"count":6,"href":"https:\/\/gielen-recyclage.be\/fr\/wp-json\/wp\/v2\/pages\/2051\/revisions"}],"predecessor-version":[{"id":2538,"href":"https:\/\/gielen-recyclage.be\/fr\/wp-json\/wp\/v2\/pages\/2051\/revisions\/2538"}],"up":[{"embeddable":true,"href":"https:\/\/gielen-recyclage.be\/fr\/wp-json\/wp\/v2\/pages\/2008"}],"wp:featuredmedia":[{"embeddable":true,"href":"https:\/\/gielen-recyclage.be\/fr\/wp-json\/wp\/v2\/media\/106"}],"wp:attachment":[{"href":"https:\/\/gielen-recyclage.be\/fr\/wp-json\/wp\/v2\/media?parent=2051"}],"wp:term":[{"taxonomy":"pagina-categorie","embeddable":true,"href":"https:\/\/gielen-recyclage.be\/fr\/wp-json\/wp\/v2\/pagina-categorie?post=2051"},{"taxonomy":"sector","embeddable":true,"href":"https:\/\/gielen-recyclage.be\/fr\/wp-json\/wp\/v2\/sector?post=2051"},{"taxonomy":"type-container-per-afvalsoort","embeddable":true,"href":"https:\/\/gielen-recyclage.be\/fr\/wp-json\/wp\/v2\/type-container-per-afvalsoort?post=2051"}],"curies":[{"name":"wp","href":"https:\/\/api.w.org\/{rel}","templated":true}]}}