{"id":2090,"date":"2023-07-11T13:40:11","date_gmt":"2023-07-11T11:40:11","guid":{"rendered":"https:\/\/gielen-recyclage.be\/?page_id=2090"},"modified":"2023-10-25T10:51:27","modified_gmt":"2023-10-25T08:51:27","slug":"collecte-des-dechets","status":"publish","type":"page","link":"https:\/\/gielen-recyclage.be\/fr\/services\/collecte-des-dechets\/","title":{"rendered":"Collecte des d\u00e9chets"},"content":{"rendered":"<section class=\"l-section wpb_row us_custom_d2199d32 height_auto\"><div class=\"l-section-h i-cf\"><div class=\"g-cols vc_row via_flex valign_middle type_boxes stacking_default\" style=\"--additional-gap:15px;\"><div class=\"vc_col-sm-1 vc_hidden-sm vc_hidden-xs wpb_column vc_column_container has_bg_color stretched\"><div class=\"vc_column-inner us_custom_30dbb014\"><div class=\"wpb_wrapper\"><\/div><\/div><\/div><div class=\"vc_col-sm-7 vc_col-lg-7 vc_col-md-7 vc_col-xs-12 wpb_column vc_column_container has_bg_color\"><div class=\"vc_column-inner us_custom_43bb1cd8\"><div class=\"wpb_wrapper\"><div class=\"wpb_text_column\"><div class=\"wpb_wrapper\"><h1><strong>COLLECTER<\/strong> FACILEMENT<br \/>\nLES <strong>D\u00c9CHETS<\/strong><\/h1>\n<p>Une politique durable en mati\u00e8re de d\u00e9chets commence par une collecte ad\u00e9quate des d\u00e9chets. Containerservice Gielen vous aide \u00e0 collecter les d\u00e9chets facilement et avec soin, pour ensuite les \u00e9liminer conform\u00e9ment aux normes environnementales. Nous fournissons \u00e0 cette fin des conteneurs adapt\u00e9s, de haute qualit\u00e9 et de diff\u00e9rentes tailles.<\/p>\n<p>Nous sommes heureux de vous conseiller pour faire le bon choix en fonction de votre activit\u00e9, de vos besoins et de vos flux de d\u00e9chets. Il existe une solution adapt\u00e9e \u00e0 toutes les applications, et tous nos conteneurs sont de haute qualit\u00e9, pratiques et clairement \u00e9tiquet\u00e9s. Nos conteneurs \u00e0 toit ouvert sont dot\u00e9s d\u2019une porte \u00e0 l\u2019arri\u00e8re, ce qui facilite leur<\/p>\n<\/div><\/div><div class=\"w-separator size_small\"><\/div><div class=\"w-btn-wrapper align_none\"><a class=\"w-btn us-btn-style_1 icon_atright\" title=\"Offerteaanvraag\" href=\"https:\/\/gielen-recyclage.be\/fr\/demande-de-devis\/\"><span class=\"w-btn-label\">Je souhaite un devis<\/span><i class=\"far fa-long-arrow-right\"><\/i><\/a><\/div><div class=\"w-separator size_medium\"><\/div><\/div><\/div><\/div><div class=\"vc_col-sm-5 vc_col-lg-4 vc_col-md-4 vc_col-xs-12 wpb_column vc_column_container h300 popupopen has_bg_color stretched\"><div class=\"vc_column-inner us_custom_4e8f9ad6\"><div class=\"wpb_wrapper\"><\/div><\/div><\/div><\/div><\/div><\/section><section class=\"l-section wpb_row height_large\"><div class=\"l-section-h i-cf\"><div class=\"g-cols vc_row via_flex valign_top type_default reversed stacking_default\" style=\"--additional-gap:15px;\"><div class=\"vc_col-sm-6 wpb_column vc_column_container m300 has_bg_color\"><div class=\"vc_column-inner us_custom_319c7319\"><div class=\"wpb_wrapper\"><\/div><\/div><\/div><div class=\"vc_col-sm-1 wpb_column vc_column_container\"><div class=\"vc_column-inner\"><div class=\"wpb_wrapper\"><\/div><\/div><\/div><div class=\"vc_col-sm-5 wpb_column vc_column_container\"><div class=\"vc_column-inner\"><div class=\"wpb_wrapper\"><div class=\"wpb_text_column\"><div class=\"wpb_wrapper\"><h2><strong>RAMASSAGE<\/strong><br \/>\nDES D\u00c9CHETS<\/h2>\n<p>Gielen NV vient r\u00e9cup\u00e9rer vos d\u00e9chets dans le respect de votre entreprise et de l\u2019environnement. Nous fournissons un conteneur personnalis\u00e9, un IBC, une caisse-palette, un big bag ou une combinaison adapt\u00e9e \u00e0 votre famille ou \u00e0 votre entreprise pour chaque situation. Nous pouvons les vider \u00e0 une fr\u00e9quence pr\u00e9d\u00e9termin\u00e9e, ou bien sur demande.<\/p>\n<p>Pour assurer un service de collecte flexible et rapide, nous d\u00e9ployons notre propre flotte de camions modernes, qui sont \u00e9quip\u00e9s des syst\u00e8mes de d\u00e9pose et \u00e9quipements n\u00e9cessaires. Nos chauffeurs qualifi\u00e9s sont en contact permanent avec le service de planification, vous pouvez donc toujours compter sur un service efficace.<\/p>\n<\/div><\/div><div class=\"w-btn-wrapper align_none\"><a class=\"w-btn us-btn-style_1 icon_atright\" title=\"Offerteaanvraag\" href=\"https:\/\/gielen-recyclage.be\/fr\/demande-de-devis\/\"><span class=\"w-btn-label\">Envoyez-moi un devis sur mesure<\/span><i class=\"far fa-long-arrow-right\"><\/i><\/a><\/div><\/div><\/div><\/div><\/div><\/div><\/section><section class=\"l-section wpb_row height_auto\"><div class=\"l-section-h i-cf\"><div class=\"g-cols vc_row via_flex valign_middle type_boxes stacking_default\"><div class=\"vc_col-sm-8 wpb_column vc_column_container has_bg_color\"><div class=\"vc_column-inner us_custom_5fb9c346\"><div class=\"wpb_wrapper\"><div class=\"wpb_text_column us_custom_02d42652 has_text_color\"><div class=\"wpb_wrapper\"><h3>SOUHAITEZ-VOUS AVOIR UN APER\u00c7U PRATIQUE<br \/>\nDE NOS CONTENEURS ?<\/h3>\n<\/div><\/div><\/div><\/div><\/div><div class=\"vc_col-sm-4 wpb_column vc_column_container has_bg_color\"><div class=\"vc_column-inner us_custom_5fb9c346\"><div class=\"wpb_wrapper\"><div class=\"w-btn-wrapper align_center\"><a class=\"w-btn us-btn-style_3 icon_atright\" title=\"Contact\" href=\"https:\/\/gielen-recyclage.be\/fr\/brochures\/\"><span class=\"w-btn-label\">Je souhaite voir la brochure<\/span><i class=\"far fa-long-arrow-right\"><\/i><\/a><\/div><\/div><\/div><\/div><\/div><\/div><\/section><section class=\"l-section wpb_row height_large\"><div class=\"l-section-h i-cf\"><div class=\"g-cols vc_row via_flex valign_top type_default reversed stacking_default\" style=\"--additional-gap:15px;\"><div class=\"vc_col-sm-6 wpb_column vc_column_container m300 has_bg_color\"><div class=\"vc_column-inner us_custom_fd49cd24\"><div class=\"wpb_wrapper\"><\/div><\/div><\/div><div class=\"vc_col-sm-1 wpb_column vc_column_container\"><div class=\"vc_column-inner\"><div class=\"wpb_wrapper\"><\/div><\/div><\/div><div class=\"vc_col-sm-5 wpb_column vc_column_container\"><div class=\"vc_column-inner\"><div class=\"wpb_wrapper\"><div class=\"wpb_text_column\"><div class=\"wpb_wrapper\"><h2><strong>\u00c9LIMINATION<\/strong><br \/>\nDES D\u00c9CHETS<\/h2>\n<p>Inutile de vous charger vous-m\u00eame d\u2019\u00e9liminer les d\u00e9chets\u202f: nos chauffeurs agr\u00e9\u00e9s les transportent sur notre site. Les d\u00e9chets sp\u00e9ciaux n\u00e9cessitant un traitement sp\u00e9cialis\u00e9 sont confi\u00e9s \u00e0 nos partenaires.<\/p>\n<p>Nous pr\u00e9parons parfois les d\u00e9chets sur notre site pour qu\u2019ils soient transform\u00e9s par des sous-traitants en vue de devenir de nouveaux produits ou des mati\u00e8res premi\u00e8res. Nous pouvons toutefois recycler nous-m\u00eames de mani\u00e8re automatis\u00e9e de nombreux types de d\u00e9chets.<\/p>\n<\/div><\/div><div class=\"w-separator size_medium\"><\/div><div class=\"w-btn-wrapper align_none\"><a class=\"w-btn us-btn-style_1 icon_atright\" title=\"Offerteaanvraag\" href=\"https:\/\/gielen-recyclage.be\/fr\/types-de-dechets\/\"><span class=\"w-btn-label\">Montrez-moi les types de d\u00e9chets<\/span><i class=\"far fa-long-arrow-right\"><\/i><\/a><\/div><\/div><\/div><\/div><\/div><\/div><\/section><section class=\"l-section wpb_row height_large\"><div class=\"l-section-h i-cf\"><div class=\"g-cols vc_row via_flex valign_top type_default stacking_default\" style=\"--additional-gap:15px;\"><div class=\"vc_col-sm-5 wpb_column vc_column_container\"><div class=\"vc_column-inner\"><div class=\"wpb_wrapper\"><div class=\"wpb_text_column\"><div class=\"wpb_wrapper\"><h3>COLLECTE DE D\u00c9CHETS<br \/>\n<strong>SUR MESURE<\/strong><\/h3>\n<p>Chaque entreprise a des proc\u00e9dures diff\u00e9rentes, tout comme chaque famille a ses habitudes. Nous sommes donc heureux d\u2019adapter notre service \u00e0 vos besoins, nous sommes en effet sp\u00e9cialis\u00e9s dans l\u2019\u00e9laboration de plans de gestion des d\u00e9chets sur mesure.<\/p>\n<p>Gr\u00e2ce \u00e0 une solution cl\u00e9 en main adapt\u00e9e \u00e0 votre probl\u00e9matique de d\u00e9chets, vous \u00e9conomiserez beaucoup de place, de temps et d\u2019argent. De plus, vous contribuez \u00e0 un avenir meilleur.<\/p>\n<\/div><\/div><div class=\"w-separator size_medium\"><\/div><div class=\"w-btn-wrapper align_none\"><a class=\"w-btn us-btn-style_1 icon_atright\" title=\"Offerteaanvraag\" href=\"https:\/\/gielen-recyclage.be\/fr\/contact\/\"><span class=\"w-btn-label\">J\u2019ai une question<\/span><i class=\"far fa-long-arrow-right\"><\/i><\/a><\/div><\/div><\/div><\/div><div class=\"vc_col-sm-1 wpb_column vc_column_container\"><div class=\"vc_column-inner\"><div class=\"wpb_wrapper\"><\/div><\/div><\/div><div class=\"vc_col-sm-3 wpb_column vc_column_container m300 has_bg_color\"><div class=\"vc_column-inner us_custom_7b697646\"><div class=\"wpb_wrapper\"><\/div><\/div><\/div><div class=\"vc_col-sm-3 vc_hidden-xs wpb_column vc_column_container has_bg_color\"><div class=\"vc_column-inner us_custom_14fa22e5\"><div class=\"wpb_wrapper\"><\/div><\/div><\/div><\/div><\/div><\/section>\n","protected":false},"excerpt":{"rendered":"COLLECTER FACILEMENT LES D\u00c9CHETS Une politique durable en mati\u00e8re de d\u00e9chets commence par une collecte ad\u00e9quate des d\u00e9chets. Containerservice Gielen vous aide \u00e0 collecter les d\u00e9chets facilement et avec soin, pour ensuite les \u00e9liminer conform\u00e9ment aux normes environnementales. Nous fournissons \u00e0 cette fin des conteneurs adapt\u00e9s, de haute qualit\u00e9 et de diff\u00e9rentes tailles. Nous sommes...","protected":false},"author":1,"featured_media":118,"parent":2089,"menu_order":0,"comment_status":"closed","ping_status":"closed","template":"","meta":{"footnotes":""},"pagina-categorie":[],"sector":[],"type-container-per-afvalsoort":[],"class_list":["post-2090","page","type-page","status-publish","has-post-thumbnail","hentry"],"acf":[],"yoast_head":"<!-- This site is optimized with the Yoast SEO plugin v26.2 - https:\/\/yoast.com\/wordpress\/plugins\/seo\/ -->\n<title>Collecte des d\u00e9chets - Containerservice Gielen<\/title>\n<meta name=\"description\" content=\"Containerservice Gielen vous aide \u00e0 collecter facilement vos d\u00e9chets en vous proposant des conteneurs adapt\u00e9s, un service de livraison et de collecte rapide, et en vous donnant des conseils professionnels.\" \/>\n<meta name=\"robots\" content=\"index, follow, max-snippet:-1, max-image-preview:large, max-video-preview:-1\" \/>\n<link rel=\"canonical\" href=\"https:\/\/gielen-recyclage.be\/fr\/services\/collecte-des-dechets\/\" \/>\n<meta property=\"og:locale\" content=\"fr_FR\" \/>\n<meta property=\"og:type\" content=\"article\" \/>\n<meta property=\"og:title\" content=\"Collecte des d\u00e9chets - Containerservice Gielen\" \/>\n<meta property=\"og:description\" content=\"Containerservice Gielen vous aide \u00e0 collecter facilement vos d\u00e9chets en vous proposant des conteneurs adapt\u00e9s, un service de livraison et de collecte rapide, et en vous donnant des conseils professionnels.\" \/>\n<meta property=\"og:url\" content=\"https:\/\/gielen-recyclage.be\/fr\/services\/collecte-des-dechets\/\" \/>\n<meta property=\"og:site_name\" content=\"Containerservice Gielen\" \/>\n<meta property=\"article:modified_time\" content=\"2023-10-25T08:51:27+00:00\" \/>\n<meta property=\"og:image\" content=\"https:\/\/gielen-recyclage.be\/wp-content\/uploads\/2023\/07\/Iconen-afval_Recycle.png\" \/>\n\t<meta property=\"og:image:width\" content=\"500\" \/>\n\t<meta property=\"og:image:height\" content=\"500\" \/>\n\t<meta property=\"og:image:type\" content=\"image\/png\" \/>\n<meta name=\"twitter:card\" content=\"summary_large_image\" \/>\n<meta name=\"twitter:label1\" content=\"Dur\u00e9e de lecture est.\" \/>\n\t<meta name=\"twitter:data1\" content=\"3 minutes\" \/>\n<script type=\"application\/ld+json\" class=\"yoast-schema-graph\">{\"@context\":\"https:\/\/schema.org\",\"@graph\":[{\"@type\":\"WebPage\",\"@id\":\"https:\/\/gielen-recyclage.be\/fr\/services\/collecte-des-dechets\/\",\"url\":\"https:\/\/gielen-recyclage.be\/fr\/services\/collecte-des-dechets\/\",\"name\":\"Collecte des d\u00e9chets - Containerservice Gielen\",\"isPartOf\":{\"@id\":\"https:\/\/gielen-recyclage.be\/#website\"},\"primaryImageOfPage\":{\"@id\":\"https:\/\/gielen-recyclage.be\/fr\/services\/collecte-des-dechets\/#primaryimage\"},\"image\":{\"@id\":\"https:\/\/gielen-recyclage.be\/fr\/services\/collecte-des-dechets\/#primaryimage\"},\"thumbnailUrl\":\"https:\/\/gielen-recyclage.be\/wp-content\/uploads\/2023\/07\/Iconen-afval_Recycle.png\",\"datePublished\":\"2023-07-11T11:40:11+00:00\",\"dateModified\":\"2023-10-25T08:51:27+00:00\",\"description\":\"Containerservice Gielen vous aide \u00e0 collecter facilement vos d\u00e9chets en vous proposant des conteneurs adapt\u00e9s, un service de livraison et de collecte rapide, et en vous donnant des conseils professionnels.\",\"breadcrumb\":{\"@id\":\"https:\/\/gielen-recyclage.be\/fr\/services\/collecte-des-dechets\/#breadcrumb\"},\"inLanguage\":\"fr-BE\",\"potentialAction\":[{\"@type\":\"ReadAction\",\"target\":[\"https:\/\/gielen-recyclage.be\/fr\/services\/collecte-des-dechets\/\"]}]},{\"@type\":\"ImageObject\",\"inLanguage\":\"fr-BE\",\"@id\":\"https:\/\/gielen-recyclage.be\/fr\/services\/collecte-des-dechets\/#primaryimage\",\"url\":\"https:\/\/gielen-recyclage.be\/wp-content\/uploads\/2023\/07\/Iconen-afval_Recycle.png\",\"contentUrl\":\"https:\/\/gielen-recyclage.be\/wp-content\/uploads\/2023\/07\/Iconen-afval_Recycle.png\",\"width\":500,\"height\":500},{\"@type\":\"BreadcrumbList\",\"@id\":\"https:\/\/gielen-recyclage.be\/fr\/services\/collecte-des-dechets\/#breadcrumb\",\"itemListElement\":[{\"@type\":\"ListItem\",\"position\":1,\"name\":\"Home\",\"item\":\"https:\/\/gielen-recyclage.be\/fr\/\"},{\"@type\":\"ListItem\",\"position\":2,\"name\":\"Services\",\"item\":\"https:\/\/gielen-recyclage.be\/fr\/services\/\"},{\"@type\":\"ListItem\",\"position\":3,\"name\":\"Collecte des d\u00e9chets\"}]},{\"@type\":\"WebSite\",\"@id\":\"https:\/\/gielen-recyclage.be\/#website\",\"url\":\"https:\/\/gielen-recyclage.be\/\",\"name\":\"Containerservice Gielen\",\"description\":\"\",\"potentialAction\":[{\"@type\":\"SearchAction\",\"target\":{\"@type\":\"EntryPoint\",\"urlTemplate\":\"https:\/\/gielen-recyclage.be\/?s={search_term_string}\"},\"query-input\":{\"@type\":\"PropertyValueSpecification\",\"valueRequired\":true,\"valueName\":\"search_term_string\"}}],\"inLanguage\":\"fr-BE\"}]}<\/script>\n<!-- \/ Yoast SEO plugin. -->","yoast_head_json":{"title":"Collecte des d\u00e9chets - Containerservice Gielen","description":"Containerservice Gielen vous aide \u00e0 collecter facilement vos d\u00e9chets en vous proposant des conteneurs adapt\u00e9s, un service de livraison et de collecte rapide, et en vous donnant des conseils professionnels.","robots":{"index":"index","follow":"follow","max-snippet":"max-snippet:-1","max-image-preview":"max-image-preview:large","max-video-preview":"max-video-preview:-1"},"canonical":"https:\/\/gielen-recyclage.be\/fr\/services\/collecte-des-dechets\/","og_locale":"fr_FR","og_type":"article","og_title":"Collecte des d\u00e9chets - Containerservice Gielen","og_description":"Containerservice Gielen vous aide \u00e0 collecter facilement vos d\u00e9chets en vous proposant des conteneurs adapt\u00e9s, un service de livraison et de collecte rapide, et en vous donnant des conseils professionnels.","og_url":"https:\/\/gielen-recyclage.be\/fr\/services\/collecte-des-dechets\/","og_site_name":"Containerservice Gielen","article_modified_time":"2023-10-25T08:51:27+00:00","og_image":[{"width":500,"height":500,"url":"https:\/\/gielen-recyclage.be\/wp-content\/uploads\/2023\/07\/Iconen-afval_Recycle.png","type":"image\/png"}],"twitter_card":"summary_large_image","twitter_misc":{"Dur\u00e9e de lecture est.":"3 minutes"},"schema":{"@context":"https:\/\/schema.org","@graph":[{"@type":"WebPage","@id":"https:\/\/gielen-recyclage.be\/fr\/services\/collecte-des-dechets\/","url":"https:\/\/gielen-recyclage.be\/fr\/services\/collecte-des-dechets\/","name":"Collecte des d\u00e9chets - Containerservice Gielen","isPartOf":{"@id":"https:\/\/gielen-recyclage.be\/#website"},"primaryImageOfPage":{"@id":"https:\/\/gielen-recyclage.be\/fr\/services\/collecte-des-dechets\/#primaryimage"},"image":{"@id":"https:\/\/gielen-recyclage.be\/fr\/services\/collecte-des-dechets\/#primaryimage"},"thumbnailUrl":"https:\/\/gielen-recyclage.be\/wp-content\/uploads\/2023\/07\/Iconen-afval_Recycle.png","datePublished":"2023-07-11T11:40:11+00:00","dateModified":"2023-10-25T08:51:27+00:00","description":"Containerservice Gielen vous aide \u00e0 collecter facilement vos d\u00e9chets en vous proposant des conteneurs adapt\u00e9s, un service de livraison et de collecte rapide, et en vous donnant des conseils professionnels.","breadcrumb":{"@id":"https:\/\/gielen-recyclage.be\/fr\/services\/collecte-des-dechets\/#breadcrumb"},"inLanguage":"fr-BE","potentialAction":[{"@type":"ReadAction","target":["https:\/\/gielen-recyclage.be\/fr\/services\/collecte-des-dechets\/"]}]},{"@type":"ImageObject","inLanguage":"fr-BE","@id":"https:\/\/gielen-recyclage.be\/fr\/services\/collecte-des-dechets\/#primaryimage","url":"https:\/\/gielen-recyclage.be\/wp-content\/uploads\/2023\/07\/Iconen-afval_Recycle.png","contentUrl":"https:\/\/gielen-recyclage.be\/wp-content\/uploads\/2023\/07\/Iconen-afval_Recycle.png","width":500,"height":500},{"@type":"BreadcrumbList","@id":"https:\/\/gielen-recyclage.be\/fr\/services\/collecte-des-dechets\/#breadcrumb","itemListElement":[{"@type":"ListItem","position":1,"name":"Home","item":"https:\/\/gielen-recyclage.be\/fr\/"},{"@type":"ListItem","position":2,"name":"Services","item":"https:\/\/gielen-recyclage.be\/fr\/services\/"},{"@type":"ListItem","position":3,"name":"Collecte des d\u00e9chets"}]},{"@type":"WebSite","@id":"https:\/\/gielen-recyclage.be\/#website","url":"https:\/\/gielen-recyclage.be\/","name":"Containerservice Gielen","description":"","potentialAction":[{"@type":"SearchAction","target":{"@type":"EntryPoint","urlTemplate":"https:\/\/gielen-recyclage.be\/?s={search_term_string}"},"query-input":{"@type":"PropertyValueSpecification","valueRequired":true,"valueName":"search_term_string"}}],"inLanguage":"fr-BE"}]}},"_links":{"self":[{"href":"https:\/\/gielen-recyclage.be\/fr\/wp-json\/wp\/v2\/pages\/2090","targetHints":{"allow":["GET"]}}],"collection":[{"href":"https:\/\/gielen-recyclage.be\/fr\/wp-json\/wp\/v2\/pages"}],"about":[{"href":"https:\/\/gielen-recyclage.be\/fr\/wp-json\/wp\/v2\/types\/page"}],"author":[{"embeddable":true,"href":"https:\/\/gielen-recyclage.be\/fr\/wp-json\/wp\/v2\/users\/1"}],"replies":[{"embeddable":true,"href":"https:\/\/gielen-recyclage.be\/fr\/wp-json\/wp\/v2\/comments?post=2090"}],"version-history":[{"count":3,"href":"https:\/\/gielen-recyclage.be\/fr\/wp-json\/wp\/v2\/pages\/2090\/revisions"}],"predecessor-version":[{"id":2546,"href":"https:\/\/gielen-recyclage.be\/fr\/wp-json\/wp\/v2\/pages\/2090\/revisions\/2546"}],"up":[{"embeddable":true,"href":"https:\/\/gielen-recyclage.be\/fr\/wp-json\/wp\/v2\/pages\/2089"}],"wp:featuredmedia":[{"embeddable":true,"href":"https:\/\/gielen-recyclage.be\/fr\/wp-json\/wp\/v2\/media\/118"}],"wp:attachment":[{"href":"https:\/\/gielen-recyclage.be\/fr\/wp-json\/wp\/v2\/media?parent=2090"}],"wp:term":[{"taxonomy":"pagina-categorie","embeddable":true,"href":"https:\/\/gielen-recyclage.be\/fr\/wp-json\/wp\/v2\/pagina-categorie?post=2090"},{"taxonomy":"sector","embeddable":true,"href":"https:\/\/gielen-recyclage.be\/fr\/wp-json\/wp\/v2\/sector?post=2090"},{"taxonomy":"type-container-per-afvalsoort","embeddable":true,"href":"https:\/\/gielen-recyclage.be\/fr\/wp-json\/wp\/v2\/type-container-per-afvalsoort?post=2090"}],"curies":[{"name":"wp","href":"https:\/\/api.w.org\/{rel}","templated":true}]}}