{"id":2091,"date":"2023-07-11T13:40:11","date_gmt":"2023-07-11T11:40:11","guid":{"rendered":"https:\/\/gielen-recyclage.be\/?page_id=2091"},"modified":"2023-10-25T10:57:11","modified_gmt":"2023-10-25T08:57:11","slug":"traitement-des-dechets","status":"publish","type":"page","link":"https:\/\/gielen-recyclage.be\/fr\/services\/traitement-des-dechets\/","title":{"rendered":"Traitement des d\u00e9chets"},"content":{"rendered":"<section class=\"l-section wpb_row us_custom_d2199d32 height_auto\"><div class=\"l-section-h i-cf\"><div class=\"g-cols vc_row via_flex valign_middle type_boxes stacking_default\" style=\"--additional-gap:15px;\"><div class=\"vc_col-sm-1 vc_hidden-sm vc_hidden-xs wpb_column vc_column_container has_bg_color stretched\"><div class=\"vc_column-inner us_custom_fe840d7c\"><div class=\"wpb_wrapper\"><\/div><\/div><\/div><div class=\"vc_col-sm-7 vc_col-lg-7 vc_col-md-7 vc_col-xs-12 wpb_column vc_column_container has_bg_color\"><div class=\"vc_column-inner us_custom_43bb1cd8\"><div class=\"wpb_wrapper\"><div class=\"wpb_text_column\"><div class=\"wpb_wrapper\"><h1><strong>TRAITEMENT<\/strong> AUTOMATIS\u00c9<br \/>\n<strong>DES<\/strong> <strong>D\u00c9CHETS<\/strong><\/h1>\n<p>En faisant appel \u00e0 Containerservice Gielen, vous contribuez \u00e0 pr\u00e9server l\u2019environnement. Avec notre aide, il vous suffit de choisir les bons conteneurs et de d\u00e9poser vos d\u00e9chets correctement tri\u00e9s dans le bon conteneur de collecte. Le reste du processus d\u2019\u00e9limination des d\u00e9chets, nous en faisons notre affaire.<\/p>\n<p>Apr\u00e8s avoir collect\u00e9 et tri\u00e9 vos d\u00e9chets, nous pouvons les neutraliser ou les traiter pour les livrer \u00e0 un sp\u00e9cialiste externe du traitement. Vos d\u00e9chets se voient ainsi donner une seconde vie en tant que mati\u00e8re premi\u00e8re ou nouveau produit. Nous pouvons cependant recycler la plupart des d\u00e9chets sur notre site, de mani\u00e8re automatis\u00e9e.<\/p>\n<\/div><\/div><div class=\"w-separator size_small\"><\/div><div class=\"w-btn-wrapper align_none\"><a class=\"w-btn us-btn-style_1 icon_atright\" title=\"Offerteaanvraag\" href=\"https:\/\/gielen-recyclage.be\/fr\/demande-de-devis\/\"><span class=\"w-btn-label\">Je souhaite un devis<\/span><i class=\"far fa-long-arrow-right\"><\/i><\/a><\/div><\/div><\/div><\/div><div class=\"vc_col-sm-5 vc_col-lg-4 vc_col-md-4 vc_col-xs-12 wpb_column vc_column_container h300 popupopen has_bg_color stretched\"><div class=\"vc_column-inner us_custom_70d66da1\"><div class=\"wpb_wrapper\"><\/div><\/div><\/div><\/div><\/div><\/section><section class=\"l-section wpb_row height_large\"><div class=\"l-section-h i-cf\"><div class=\"g-cols vc_row via_flex valign_top type_default reversed stacking_default\" style=\"--additional-gap:15px;\"><div class=\"vc_col-sm-6 wpb_column vc_column_container m300 has_bg_color\"><div class=\"vc_column-inner us_custom_e62e5b97\"><div class=\"wpb_wrapper\"><\/div><\/div><\/div><div class=\"vc_col-sm-1 wpb_column vc_column_container\"><div class=\"vc_column-inner\"><div class=\"wpb_wrapper\"><\/div><\/div><\/div><div class=\"vc_col-sm-5 wpb_column vc_column_container\"><div class=\"vc_column-inner\"><div class=\"wpb_wrapper\"><div class=\"wpb_text_column\"><div class=\"wpb_wrapper\"><h2><strong>TRAITER LES D\u00c9CHETS<\/strong><br \/>\nCONFORM\u00c9MENT AUX NORMES ENVIRONNEMENTALES<\/h2>\n<p>Le tri des d\u00e9chets et leur \u00e9limination doivent respecter de nombreuses normes, un cadre l\u00e9gislatif que nous suivons de pr\u00e8s. Nous sommes comp\u00e9tents dans les deux processus, et connaissons donc leurs interactions\u202f: par exemple, nous savons qu\u2019il faut pr\u00e9server la puret\u00e9 des d\u00e9chets en PSE pour parvenir \u00e0 les recycler.<\/p>\n<p>Nous concentrons donc nos services sur une gestion professionnelle des d\u00e9chets et sur toutes les \u00e9tapes qui influencent ce processus final. C\u2019est ainsi que nous parvenons \u00e0 cr\u00e9er des mati\u00e8res premi\u00e8res afin de fabriquer de nouveaux produits.<\/p>\n<\/div><\/div><div class=\"w-separator size_medium\"><\/div><div class=\"w-btn-wrapper align_none\"><a class=\"w-btn us-btn-style_1 icon_atright\" title=\"Offerteaanvraag\" href=\"https:\/\/gielen-recyclage.be\/fr\/demande-de-devis\/\"><span class=\"w-btn-label\">Envoyez-moi un devis sur mesure<\/span><i class=\"far fa-long-arrow-right\"><\/i><\/a><\/div><\/div><\/div><\/div><\/div><\/div><\/section><section class=\"l-section wpb_row height_auto\"><div class=\"l-section-h i-cf\"><div class=\"g-cols vc_row via_flex valign_middle type_boxes stacking_default\"><div class=\"vc_col-sm-8 wpb_column vc_column_container has_bg_color\"><div class=\"vc_column-inner us_custom_5fb9c346\"><div class=\"wpb_wrapper\"><div class=\"wpb_text_column us_custom_02d42652 has_text_color\"><div class=\"wpb_wrapper\"><h3>SOUHAITEZ-VOUS AVOIR UN APER\u00c7U PRATIQUE<br \/>\nDE NOS CONTENEURS ?<\/h3>\n<\/div><\/div><\/div><\/div><\/div><div class=\"vc_col-sm-4 wpb_column vc_column_container has_bg_color\"><div class=\"vc_column-inner us_custom_5fb9c346\"><div class=\"wpb_wrapper\"><div class=\"w-btn-wrapper align_center\"><a class=\"w-btn us-btn-style_3 icon_atright\" title=\"Contact\" href=\"https:\/\/gielen-recyclage.be\/fr\/brochures\/\"><span class=\"w-btn-label\">Je souhaite voir la brochure<\/span><i class=\"far fa-long-arrow-right\"><\/i><\/a><\/div><\/div><\/div><\/div><\/div><\/div><\/section><section class=\"l-section wpb_row height_large\"><div class=\"l-section-h i-cf\"><div class=\"g-cols vc_row via_flex valign_top type_default reversed stacking_default\" style=\"--additional-gap:15px;\"><div class=\"vc_col-sm-6 wpb_column vc_column_container m300 has_bg_color\"><div class=\"vc_column-inner us_custom_7cf26b63\"><div class=\"wpb_wrapper\"><\/div><\/div><\/div><div class=\"vc_col-sm-1 wpb_column vc_column_container\"><div class=\"vc_column-inner\"><div class=\"wpb_wrapper\"><\/div><\/div><\/div><div class=\"vc_col-sm-5 wpb_column vc_column_container\"><div class=\"vc_column-inner\"><div class=\"wpb_wrapper\"><div class=\"wpb_text_column\"><div class=\"wpb_wrapper\"><h2><strong>\u00c9LIMINATION<\/strong><br \/>\nDES D\u00c9CHETS<\/h2>\n<p>Les d\u00e9chets de construction et de d\u00e9molition peuvent \u00eatre transform\u00e9s en mati\u00e8re premi\u00e8re secondaire chez Containerservice Gielen. Nous n\u2019\u00e9liminons les d\u00e9chets que lorsque nous ne pouvons pas les traiter sur notre site. Par exemple, les d\u00e9chets tels que les gravats sont envoy\u00e9s \u00e0 un transformateur agr\u00e9\u00e9, mais ce n\u2019est toujours pas la fin du processus de traitement.<\/p>\n<p>Les d\u00e9chets tels que les plaques de pl\u00e2tre (Gyproc) peuvent \u00eatre retrait\u00e9s \u00e0 100 % pour devenir de nouvelles mati\u00e8res premi\u00e8res. Forts de notre exp\u00e9rience, nous pouvons orienter chaque flux de d\u00e9chets de mani\u00e8re \u00e0 leur donner une seconde vie.<\/p>\n<\/div><\/div><div class=\"w-separator size_medium\"><\/div><div class=\"w-btn-wrapper align_none\"><a class=\"w-btn us-btn-style_1 icon_atright\" title=\"Offerteaanvraag\" href=\"https:\/\/gielen-recyclage.be\/fr\/types-de-dechets\/\"><span class=\"w-btn-label\">Montrez-moi les types de d\u00e9chets<\/span><i class=\"far fa-long-arrow-right\"><\/i><\/a><\/div><\/div><\/div><\/div><\/div><\/div><\/section><section class=\"l-section wpb_row height_large\"><div class=\"l-section-h i-cf\"><div class=\"g-cols vc_row via_flex valign_top type_default stacking_default\" style=\"--additional-gap:15px;\"><div class=\"vc_col-sm-5 wpb_column vc_column_container\"><div class=\"vc_column-inner\"><div class=\"wpb_wrapper\"><div class=\"wpb_text_column\"><div class=\"wpb_wrapper\"><h2>D\u00c9TERMINER UNE <strong>M\u00c9THODE DURABLE DE TRAITEMENT DES D\u00c9CHETS<\/strong><\/h2>\n<p>La gestion durable des d\u00e9chets n\u00e9cessite une solution de gestion des d\u00e9chets sur mesure qui fonctionne aussi sur le long terme pour vous ou votre entreprise. Nous recherchons le meilleur processus de traitement de vos d\u00e9chets et le plus respectueux de l\u2019environnement.<\/p>\n<p>Les d\u00e9chets sont souvent tr\u00e8s diversifi\u00e9s en termes de forme, de poids et de composition, et certains peuvent facilement \u00eatre recycl\u00e9s \u00e0 100 %. D\u2019autres mat\u00e9riaux d\u00e9licats, comme l\u2019amiante, n\u00e9cessitent une approche particuli\u00e8re. Une collecte et un tri intelligents et corrects sont les premi\u00e8res \u00e9tapes essentielles pour d\u00e9terminer la meilleure m\u00e9thode de traitement.<\/p>\n<\/div><\/div><div class=\"w-separator size_medium\"><\/div><div class=\"w-btn-wrapper align_none\"><a class=\"w-btn us-btn-style_1 icon_atright\" title=\"Offerteaanvraag\" href=\"https:\/\/gielen-recyclage.be\/fr\/contact\/\"><span class=\"w-btn-label\">J\u2019ai une question<\/span><i class=\"far fa-long-arrow-right\"><\/i><\/a><\/div><\/div><\/div><\/div><div class=\"vc_col-sm-1 wpb_column vc_column_container\"><div class=\"vc_column-inner\"><div class=\"wpb_wrapper\"><\/div><\/div><\/div><div class=\"vc_col-sm-3 wpb_column vc_column_container m300 has_bg_color\"><div class=\"vc_column-inner us_custom_df5514b0\"><div class=\"wpb_wrapper\"><\/div><\/div><\/div><div class=\"vc_col-sm-3 vc_hidden-xs wpb_column vc_column_container has_bg_color\"><div class=\"vc_column-inner us_custom_f30eb8f0\"><div class=\"wpb_wrapper\"><\/div><\/div><\/div><\/div><\/div><\/section>\n","protected":false},"excerpt":{"rendered":"TRAITEMENT AUTOMATIS\u00c9 DES D\u00c9CHETS En faisant appel \u00e0 Containerservice Gielen, vous contribuez \u00e0 pr\u00e9server l\u2019environnement. Avec notre aide, il vous suffit de choisir les bons conteneurs et de d\u00e9poser vos d\u00e9chets correctement tri\u00e9s dans le bon conteneur de collecte. Le reste du processus d\u2019\u00e9limination des d\u00e9chets, nous en faisons notre affaire. Apr\u00e8s avoir collect\u00e9 et...","protected":false},"author":1,"featured_media":118,"parent":2089,"menu_order":1,"comment_status":"closed","ping_status":"closed","template":"","meta":{"footnotes":""},"pagina-categorie":[],"sector":[],"type-container-per-afvalsoort":[],"class_list":["post-2091","page","type-page","status-publish","has-post-thumbnail","hentry"],"acf":[],"yoast_head":"<!-- This site is optimized with the Yoast SEO plugin v26.2 - https:\/\/yoast.com\/wordpress\/plugins\/seo\/ -->\n<title>Traitement des d\u00e9chets - Containerservice Gielen<\/title>\n<meta name=\"description\" content=\"Vous pouvez compter sur Containerservice Gielen pour neutraliser, traiter ou recycler vos d\u00e9chets de mani\u00e8re automatis\u00e9e et durable.\" \/>\n<meta name=\"robots\" content=\"index, follow, max-snippet:-1, max-image-preview:large, max-video-preview:-1\" \/>\n<link rel=\"canonical\" href=\"https:\/\/gielen-recyclage.be\/fr\/services\/traitement-des-dechets\/\" \/>\n<meta property=\"og:locale\" content=\"fr_FR\" \/>\n<meta property=\"og:type\" content=\"article\" \/>\n<meta property=\"og:title\" content=\"Traitement des d\u00e9chets - Containerservice Gielen\" \/>\n<meta property=\"og:description\" content=\"Vous pouvez compter sur Containerservice Gielen pour neutraliser, traiter ou recycler vos d\u00e9chets de mani\u00e8re automatis\u00e9e et durable.\" \/>\n<meta property=\"og:url\" content=\"https:\/\/gielen-recyclage.be\/fr\/services\/traitement-des-dechets\/\" \/>\n<meta property=\"og:site_name\" content=\"Containerservice Gielen\" \/>\n<meta property=\"article:modified_time\" content=\"2023-10-25T08:57:11+00:00\" \/>\n<meta property=\"og:image\" content=\"https:\/\/gielen-recyclage.be\/wp-content\/uploads\/2023\/07\/Iconen-afval_Recycle.png\" \/>\n\t<meta property=\"og:image:width\" content=\"500\" \/>\n\t<meta property=\"og:image:height\" content=\"500\" \/>\n\t<meta property=\"og:image:type\" content=\"image\/png\" \/>\n<meta name=\"twitter:card\" content=\"summary_large_image\" \/>\n<meta name=\"twitter:label1\" content=\"Dur\u00e9e de lecture est.\" \/>\n\t<meta name=\"twitter:data1\" content=\"3 minutes\" \/>\n<script type=\"application\/ld+json\" class=\"yoast-schema-graph\">{\"@context\":\"https:\/\/schema.org\",\"@graph\":[{\"@type\":\"WebPage\",\"@id\":\"https:\/\/gielen-recyclage.be\/fr\/services\/traitement-des-dechets\/\",\"url\":\"https:\/\/gielen-recyclage.be\/fr\/services\/traitement-des-dechets\/\",\"name\":\"Traitement des d\u00e9chets - Containerservice Gielen\",\"isPartOf\":{\"@id\":\"https:\/\/gielen-recyclage.be\/#website\"},\"primaryImageOfPage\":{\"@id\":\"https:\/\/gielen-recyclage.be\/fr\/services\/traitement-des-dechets\/#primaryimage\"},\"image\":{\"@id\":\"https:\/\/gielen-recyclage.be\/fr\/services\/traitement-des-dechets\/#primaryimage\"},\"thumbnailUrl\":\"https:\/\/gielen-recyclage.be\/wp-content\/uploads\/2023\/07\/Iconen-afval_Recycle.png\",\"datePublished\":\"2023-07-11T11:40:11+00:00\",\"dateModified\":\"2023-10-25T08:57:11+00:00\",\"description\":\"Vous pouvez compter sur Containerservice Gielen pour neutraliser, traiter ou recycler vos d\u00e9chets de mani\u00e8re automatis\u00e9e et durable.\",\"breadcrumb\":{\"@id\":\"https:\/\/gielen-recyclage.be\/fr\/services\/traitement-des-dechets\/#breadcrumb\"},\"inLanguage\":\"fr-BE\",\"potentialAction\":[{\"@type\":\"ReadAction\",\"target\":[\"https:\/\/gielen-recyclage.be\/fr\/services\/traitement-des-dechets\/\"]}]},{\"@type\":\"ImageObject\",\"inLanguage\":\"fr-BE\",\"@id\":\"https:\/\/gielen-recyclage.be\/fr\/services\/traitement-des-dechets\/#primaryimage\",\"url\":\"https:\/\/gielen-recyclage.be\/wp-content\/uploads\/2023\/07\/Iconen-afval_Recycle.png\",\"contentUrl\":\"https:\/\/gielen-recyclage.be\/wp-content\/uploads\/2023\/07\/Iconen-afval_Recycle.png\",\"width\":500,\"height\":500},{\"@type\":\"BreadcrumbList\",\"@id\":\"https:\/\/gielen-recyclage.be\/fr\/services\/traitement-des-dechets\/#breadcrumb\",\"itemListElement\":[{\"@type\":\"ListItem\",\"position\":1,\"name\":\"Home\",\"item\":\"https:\/\/gielen-recyclage.be\/fr\/\"},{\"@type\":\"ListItem\",\"position\":2,\"name\":\"Services\",\"item\":\"https:\/\/gielen-recyclage.be\/fr\/services\/\"},{\"@type\":\"ListItem\",\"position\":3,\"name\":\"Traitement des d\u00e9chets\"}]},{\"@type\":\"WebSite\",\"@id\":\"https:\/\/gielen-recyclage.be\/#website\",\"url\":\"https:\/\/gielen-recyclage.be\/\",\"name\":\"Containerservice Gielen\",\"description\":\"\",\"potentialAction\":[{\"@type\":\"SearchAction\",\"target\":{\"@type\":\"EntryPoint\",\"urlTemplate\":\"https:\/\/gielen-recyclage.be\/?s={search_term_string}\"},\"query-input\":{\"@type\":\"PropertyValueSpecification\",\"valueRequired\":true,\"valueName\":\"search_term_string\"}}],\"inLanguage\":\"fr-BE\"}]}<\/script>\n<!-- \/ Yoast SEO plugin. -->","yoast_head_json":{"title":"Traitement des d\u00e9chets - Containerservice Gielen","description":"Vous pouvez compter sur Containerservice Gielen pour neutraliser, traiter ou recycler vos d\u00e9chets de mani\u00e8re automatis\u00e9e et durable.","robots":{"index":"index","follow":"follow","max-snippet":"max-snippet:-1","max-image-preview":"max-image-preview:large","max-video-preview":"max-video-preview:-1"},"canonical":"https:\/\/gielen-recyclage.be\/fr\/services\/traitement-des-dechets\/","og_locale":"fr_FR","og_type":"article","og_title":"Traitement des d\u00e9chets - Containerservice Gielen","og_description":"Vous pouvez compter sur Containerservice Gielen pour neutraliser, traiter ou recycler vos d\u00e9chets de mani\u00e8re automatis\u00e9e et durable.","og_url":"https:\/\/gielen-recyclage.be\/fr\/services\/traitement-des-dechets\/","og_site_name":"Containerservice Gielen","article_modified_time":"2023-10-25T08:57:11+00:00","og_image":[{"width":500,"height":500,"url":"https:\/\/gielen-recyclage.be\/wp-content\/uploads\/2023\/07\/Iconen-afval_Recycle.png","type":"image\/png"}],"twitter_card":"summary_large_image","twitter_misc":{"Dur\u00e9e de lecture est.":"3 minutes"},"schema":{"@context":"https:\/\/schema.org","@graph":[{"@type":"WebPage","@id":"https:\/\/gielen-recyclage.be\/fr\/services\/traitement-des-dechets\/","url":"https:\/\/gielen-recyclage.be\/fr\/services\/traitement-des-dechets\/","name":"Traitement des d\u00e9chets - Containerservice Gielen","isPartOf":{"@id":"https:\/\/gielen-recyclage.be\/#website"},"primaryImageOfPage":{"@id":"https:\/\/gielen-recyclage.be\/fr\/services\/traitement-des-dechets\/#primaryimage"},"image":{"@id":"https:\/\/gielen-recyclage.be\/fr\/services\/traitement-des-dechets\/#primaryimage"},"thumbnailUrl":"https:\/\/gielen-recyclage.be\/wp-content\/uploads\/2023\/07\/Iconen-afval_Recycle.png","datePublished":"2023-07-11T11:40:11+00:00","dateModified":"2023-10-25T08:57:11+00:00","description":"Vous pouvez compter sur Containerservice Gielen pour neutraliser, traiter ou recycler vos d\u00e9chets de mani\u00e8re automatis\u00e9e et durable.","breadcrumb":{"@id":"https:\/\/gielen-recyclage.be\/fr\/services\/traitement-des-dechets\/#breadcrumb"},"inLanguage":"fr-BE","potentialAction":[{"@type":"ReadAction","target":["https:\/\/gielen-recyclage.be\/fr\/services\/traitement-des-dechets\/"]}]},{"@type":"ImageObject","inLanguage":"fr-BE","@id":"https:\/\/gielen-recyclage.be\/fr\/services\/traitement-des-dechets\/#primaryimage","url":"https:\/\/gielen-recyclage.be\/wp-content\/uploads\/2023\/07\/Iconen-afval_Recycle.png","contentUrl":"https:\/\/gielen-recyclage.be\/wp-content\/uploads\/2023\/07\/Iconen-afval_Recycle.png","width":500,"height":500},{"@type":"BreadcrumbList","@id":"https:\/\/gielen-recyclage.be\/fr\/services\/traitement-des-dechets\/#breadcrumb","itemListElement":[{"@type":"ListItem","position":1,"name":"Home","item":"https:\/\/gielen-recyclage.be\/fr\/"},{"@type":"ListItem","position":2,"name":"Services","item":"https:\/\/gielen-recyclage.be\/fr\/services\/"},{"@type":"ListItem","position":3,"name":"Traitement des d\u00e9chets"}]},{"@type":"WebSite","@id":"https:\/\/gielen-recyclage.be\/#website","url":"https:\/\/gielen-recyclage.be\/","name":"Containerservice Gielen","description":"","potentialAction":[{"@type":"SearchAction","target":{"@type":"EntryPoint","urlTemplate":"https:\/\/gielen-recyclage.be\/?s={search_term_string}"},"query-input":{"@type":"PropertyValueSpecification","valueRequired":true,"valueName":"search_term_string"}}],"inLanguage":"fr-BE"}]}},"_links":{"self":[{"href":"https:\/\/gielen-recyclage.be\/fr\/wp-json\/wp\/v2\/pages\/2091","targetHints":{"allow":["GET"]}}],"collection":[{"href":"https:\/\/gielen-recyclage.be\/fr\/wp-json\/wp\/v2\/pages"}],"about":[{"href":"https:\/\/gielen-recyclage.be\/fr\/wp-json\/wp\/v2\/types\/page"}],"author":[{"embeddable":true,"href":"https:\/\/gielen-recyclage.be\/fr\/wp-json\/wp\/v2\/users\/1"}],"replies":[{"embeddable":true,"href":"https:\/\/gielen-recyclage.be\/fr\/wp-json\/wp\/v2\/comments?post=2091"}],"version-history":[{"count":3,"href":"https:\/\/gielen-recyclage.be\/fr\/wp-json\/wp\/v2\/pages\/2091\/revisions"}],"predecessor-version":[{"id":2548,"href":"https:\/\/gielen-recyclage.be\/fr\/wp-json\/wp\/v2\/pages\/2091\/revisions\/2548"}],"up":[{"embeddable":true,"href":"https:\/\/gielen-recyclage.be\/fr\/wp-json\/wp\/v2\/pages\/2089"}],"wp:featuredmedia":[{"embeddable":true,"href":"https:\/\/gielen-recyclage.be\/fr\/wp-json\/wp\/v2\/media\/118"}],"wp:attachment":[{"href":"https:\/\/gielen-recyclage.be\/fr\/wp-json\/wp\/v2\/media?parent=2091"}],"wp:term":[{"taxonomy":"pagina-categorie","embeddable":true,"href":"https:\/\/gielen-recyclage.be\/fr\/wp-json\/wp\/v2\/pagina-categorie?post=2091"},{"taxonomy":"sector","embeddable":true,"href":"https:\/\/gielen-recyclage.be\/fr\/wp-json\/wp\/v2\/sector?post=2091"},{"taxonomy":"type-container-per-afvalsoort","embeddable":true,"href":"https:\/\/gielen-recyclage.be\/fr\/wp-json\/wp\/v2\/type-container-per-afvalsoort?post=2091"}],"curies":[{"name":"wp","href":"https:\/\/api.w.org\/{rel}","templated":true}]}}