{"id":2092,"date":"2023-07-11T13:40:11","date_gmt":"2023-07-11T11:40:11","guid":{"rendered":"https:\/\/gielen-recyclage.be\/?page_id=2092"},"modified":"2023-10-25T11:10:49","modified_gmt":"2023-10-25T09:10:49","slug":"couvre-sol","status":"publish","type":"page","link":"https:\/\/gielen-recyclage.be\/fr\/services\/couvre-sol\/","title":{"rendered":"Couvre-sol"},"content":{"rendered":"<section class=\"l-section wpb_row us_custom_d2199d32 height_auto\"><div class=\"l-section-h i-cf\"><div class=\"g-cols vc_row via_flex valign_middle type_boxes stacking_default\" style=\"--additional-gap:15px;\"><div class=\"vc_col-sm-1 vc_hidden-sm vc_hidden-xs wpb_column vc_column_container has_bg_color stretched\"><div class=\"vc_column-inner us_custom_2aa779da\"><div class=\"wpb_wrapper\"><\/div><\/div><\/div><div class=\"vc_col-sm-7 vc_col-lg-7 vc_col-md-7 vc_col-xs-12 wpb_column vc_column_container has_bg_color\"><div class=\"vc_column-inner us_custom_43bb1cd8\"><div class=\"wpb_wrapper\"><div class=\"wpb_text_column\"><div class=\"wpb_wrapper\"><h1>UNE <strong>COUVERTURE DE SOL<\/strong> DE QUALIT\u00c9 POUR VOTRE JARDIN<\/h1>\n<p>Venez faire un tour chez Containerservice Gielen et d\u00e9couvrez des couvre-sols de qualit\u00e9 sup\u00e9rieure, que vous cherchiez un gravier d\u00e9coratif, des \u00e9corces aux effets b\u00e9n\u00e9fiques pour le jardin ou une liti\u00e8re en copeaux de bois.<\/p>\n<p>\u00c0 vous de d\u00e9cider ensuite si vous emportez vos achats ou les faites livrer, en vrac ou dans des big bags. Le paiement est tout aussi simple \u2013 esp\u00e8ces et Bancontact sont accept\u00e9s.<\/p>\n<\/div><\/div><div class=\"w-separator size_small\"><\/div><div class=\"w-btn-wrapper align_none\"><a class=\"w-btn us-btn-style_1 icon_atright\" title=\"Offerteaanvraag\" href=\"https:\/\/gielen-tuingrind.be\/\"><span class=\"w-btn-label\">Commander sur notre webshop<\/span><i class=\"far fa-long-arrow-right\"><\/i><\/a><\/div><\/div><\/div><\/div><div class=\"vc_col-sm-5 vc_col-lg-4 vc_col-md-4 vc_col-xs-12 wpb_column vc_column_container h300 popupopen has_bg_color stretched\"><div class=\"vc_column-inner us_custom_47bd86ec\"><div class=\"wpb_wrapper\"><\/div><\/div><\/div><\/div><\/div><\/section><section class=\"l-section wpb_row height_large\"><div class=\"l-section-h i-cf\"><div class=\"g-cols vc_row via_flex valign_top type_default reversed stacking_default\" style=\"--additional-gap:15px;\"><div class=\"vc_col-sm-6 wpb_column vc_column_container m300 has_bg_color\"><div class=\"vc_column-inner us_custom_d94f7e3e\"><div class=\"wpb_wrapper\"><\/div><\/div><\/div><div class=\"vc_col-sm-1 wpb_column vc_column_container\"><div class=\"vc_column-inner\"><div class=\"wpb_wrapper\"><\/div><\/div><\/div><div class=\"vc_col-sm-5 wpb_column vc_column_container\"><div class=\"vc_column-inner\"><div class=\"wpb_wrapper\"><div class=\"wpb_text_column\"><div class=\"wpb_wrapper\"><h2>DU <strong>GRAVIER<\/strong> D\u2019EXCELLENTE QUALIT\u00c9<\/h2>\n<p>Un beau gravier, conforme aux exigences de qualit\u00e9 et d\u2019\u00e9l\u00e9gance les plus \u00e9lev\u00e9es, apporte instantan\u00e9ment du cachet \u00e0 votre parking, entr\u00e9e, terrain de sport ou jardin. Nous proposons \u00e9galement des toiles anti-racines et des galets.<\/p>\n<p>Allez-vous opter pour le schiste rouge, le gravier blanc ou le marbre rose ? Apr\u00e8s avoir s\u00e9lectionn\u00e9 le gravier qui s\u2019harmonise parfaitement avec votre projet, vous pouvez d\u00e9cider de le faire livrer chez vous ou de l\u2019emporter. N\u2019h\u00e9sitez pas \u00e0 nous demander plus de d\u00e9tails.<\/p>\n<\/div><\/div><div class=\"w-separator size_medium\"><\/div><div class=\"w-btn-wrapper align_none\"><a class=\"w-btn us-btn-style_1 icon_atright\" title=\"Offerteaanvraag\" href=\"https:\/\/gielen-tuingrind.be\/siergrind\/\"><span class=\"w-btn-label\">Commander sur notre webshop<\/span><i class=\"far fa-long-arrow-right\"><\/i><\/a><\/div><\/div><\/div><\/div><\/div><\/div><\/section><section class=\"l-section wpb_row height_auto\"><div class=\"l-section-h i-cf\"><div class=\"g-cols vc_row via_flex valign_middle type_boxes stacking_default\"><div class=\"vc_col-sm-8 wpb_column vc_column_container has_bg_color\"><div class=\"vc_column-inner us_custom_5fb9c346\"><div class=\"wpb_wrapper\"><div class=\"wpb_text_column us_custom_02d42652 has_text_color\"><div class=\"wpb_wrapper\"><h3>VOUS VOULEZ UN APER\u00c7U PRATIQUE<br \/>\nDE NOS COUVRE-SOLS ?<\/h3>\n<\/div><\/div><\/div><\/div><\/div><div class=\"vc_col-sm-4 wpb_column vc_column_container has_bg_color\"><div class=\"vc_column-inner us_custom_5fb9c346\"><div class=\"wpb_wrapper\"><div class=\"w-btn-wrapper align_center\"><a class=\"w-btn us-btn-style_3 icon_atright\" title=\"Contact\" href=\"https:\/\/gielen-recyclage.be\/fr\/brochures\/\"><span class=\"w-btn-label\">Je souhaite voir la brochure<\/span><i class=\"far fa-long-arrow-right\"><\/i><\/a><\/div><\/div><\/div><\/div><\/div><\/div><\/section><section class=\"l-section wpb_row height_large\"><div class=\"l-section-h i-cf\"><div class=\"g-cols vc_row via_flex valign_top type_default reversed stacking_default\" style=\"--additional-gap:15px;\"><div class=\"vc_col-sm-6 wpb_column vc_column_container m300 has_bg_color\"><div class=\"vc_column-inner us_custom_cc6f9d59\"><div class=\"wpb_wrapper\"><\/div><\/div><\/div><div class=\"vc_col-sm-1 wpb_column vc_column_container\"><div class=\"vc_column-inner\"><div class=\"wpb_wrapper\"><\/div><\/div><\/div><div class=\"vc_col-sm-5 wpb_column vc_column_container\"><div class=\"vc_column-inner\"><div class=\"wpb_wrapper\"><div class=\"wpb_text_column\"><div class=\"wpb_wrapper\"><h2>DES <strong>\u00c9CORCES<\/strong> POUR UN JARDIN ENCORE PLUS BEAU<\/h2>\n<p>Les \u00e9corces favorisent la croissance de tout ce qui pousse dans votre jardin. Elles forment aussi une couche naturelle d\u00e9corative qui combat efficacement les mauvaises herbes. Ce n\u2019est toutefois pas le seul avantage des \u00e9corces de qualit\u00e9 :<\/p>\n<ul>\n<li>Elles prot\u00e8gent les plantes et leurs racines contre le gel.<\/li>\n<li>Elles am\u00e9liorent la qualit\u00e9 du sol.<\/li>\n<li>Elles gardent le sol humide plus longtemps.<\/li>\n<li>Elles sont particuli\u00e8rement d\u00e9coratives.<\/li>\n<\/ul>\n<\/div><\/div><div class=\"w-separator size_medium\"><\/div><div class=\"w-btn-wrapper align_none\"><a class=\"w-btn us-btn-style_1 icon_atright\" title=\"Offerteaanvraag\" href=\"https:\/\/gielen-tuingrind.be\/boomschors\/\"><span class=\"w-btn-label\">Commander sur notre webshop<\/span><i class=\"far fa-long-arrow-right\"><\/i><\/a><\/div><\/div><\/div><\/div><\/div><\/div><\/section><section class=\"l-section wpb_row height_large\"><div class=\"l-section-h i-cf\"><div class=\"g-cols vc_row via_flex valign_top type_default stacking_default\" style=\"--additional-gap:15px;\"><div class=\"vc_col-sm-5 wpb_column vc_column_container\"><div class=\"vc_column-inner\"><div class=\"wpb_wrapper\"><div class=\"wpb_text_column\"><div class=\"wpb_wrapper\"><h2>LA <strong>TOILE RACINAIRE<\/strong> NE LAISSE AUCUNE CHANCE AUX MAUVAISES HERBES<\/h2>\n<p>Vous optez pour le gravier, les rochers ou l&rsquo;\u00e9corce d&rsquo;arbre ? Dans ce cas, utilisez une toile racinaire pour tenir les mauvaises herbes \u00e0 distance. Il suffit de bien \u00e9taler la toile racinaire sur la surface et de saupoudrer le mat\u00e9riau par-dessus. De cette mani\u00e8re, les mauvaises herbes ne peuvent pas pousser par le bas ni s&rsquo;enraciner dans le substrat.<\/p>\n<\/div><\/div><div class=\"w-separator size_medium\"><\/div><div class=\"w-btn-wrapper align_none\"><a class=\"w-btn us-btn-style_1 icon_atright\" title=\"Offerteaanvraag\" href=\"https:\/\/gielen-tuingrind.be\/product\/worteldoek\/\"><span class=\"w-btn-label\">Commander sur notre webshop<\/span><i class=\"far fa-long-arrow-right\"><\/i><\/a><\/div><\/div><\/div><\/div><div class=\"vc_col-sm-1 wpb_column vc_column_container\"><div class=\"vc_column-inner\"><div class=\"wpb_wrapper\"><\/div><\/div><\/div><div class=\"vc_col-sm-3 wpb_column vc_column_container m300 has_bg_color\"><div class=\"vc_column-inner us_custom_6fc8e28a\"><div class=\"wpb_wrapper\"><\/div><\/div><\/div><div class=\"vc_col-sm-3 vc_hidden-xs wpb_column vc_column_container has_bg_color\"><div class=\"vc_column-inner us_custom_1bddb5d7\"><div class=\"wpb_wrapper\"><\/div><\/div><\/div><\/div><\/div><\/section>\n","protected":false},"excerpt":{"rendered":"UNE COUVERTURE DE SOL DE QUALIT\u00c9 POUR VOTRE JARDIN Venez faire un tour chez Containerservice Gielen et d\u00e9couvrez des couvre-sols de qualit\u00e9 sup\u00e9rieure, que vous cherchiez un gravier d\u00e9coratif, des \u00e9corces aux effets b\u00e9n\u00e9fiques pour le jardin ou une liti\u00e8re en copeaux de bois. \u00c0 vous de d\u00e9cider ensuite si vous emportez vos achats ou...","protected":false},"author":1,"featured_media":124,"parent":2089,"menu_order":2,"comment_status":"closed","ping_status":"closed","template":"","meta":{"footnotes":""},"pagina-categorie":[],"sector":[],"type-container-per-afvalsoort":[],"class_list":["post-2092","page","type-page","status-publish","has-post-thumbnail","hentry"],"acf":[],"yoast_head":"<!-- This site is optimized with the Yoast SEO plugin v26.2 - https:\/\/yoast.com\/wordpress\/plugins\/seo\/ -->\n<title>Couvre-sol - Containerservice Gielen<\/title>\n<meta name=\"description\" content=\"Venez faire un tour chez Containerservice Gielen et d\u00e9couvrez des couvre-sols de qualit\u00e9 sup\u00e9rieure, que vous cherchiez un gravier d\u00e9coratif, des \u00e9corces aux effets b\u00e9n\u00e9fiques pour le jardin ou une liti\u00e8re en copeaux de bois.\" \/>\n<meta name=\"robots\" content=\"index, follow, max-snippet:-1, max-image-preview:large, max-video-preview:-1\" \/>\n<link rel=\"canonical\" href=\"https:\/\/gielen-recyclage.be\/fr\/services\/couvre-sol\/\" \/>\n<meta property=\"og:locale\" content=\"fr_FR\" \/>\n<meta property=\"og:type\" content=\"article\" \/>\n<meta property=\"og:title\" content=\"Couvre-sol - Containerservice Gielen\" \/>\n<meta property=\"og:description\" content=\"Venez faire un tour chez Containerservice Gielen et d\u00e9couvrez des couvre-sols de qualit\u00e9 sup\u00e9rieure, que vous cherchiez un gravier d\u00e9coratif, des \u00e9corces aux effets b\u00e9n\u00e9fiques pour le jardin ou une liti\u00e8re en copeaux de bois.\" \/>\n<meta property=\"og:url\" content=\"https:\/\/gielen-recyclage.be\/fr\/services\/couvre-sol\/\" \/>\n<meta property=\"og:site_name\" content=\"Containerservice Gielen\" \/>\n<meta property=\"article:modified_time\" content=\"2023-10-25T09:10:49+00:00\" \/>\n<meta property=\"og:image\" content=\"https:\/\/gielen-recyclage.be\/wp-content\/uploads\/2023\/07\/Iconen-afval_Snoei.png\" \/>\n\t<meta property=\"og:image:width\" content=\"500\" \/>\n\t<meta property=\"og:image:height\" content=\"500\" \/>\n\t<meta property=\"og:image:type\" content=\"image\/png\" \/>\n<meta name=\"twitter:card\" content=\"summary_large_image\" \/>\n<meta name=\"twitter:label1\" content=\"Dur\u00e9e de lecture est.\" \/>\n\t<meta name=\"twitter:data1\" content=\"3 minutes\" \/>\n<script type=\"application\/ld+json\" class=\"yoast-schema-graph\">{\"@context\":\"https:\/\/schema.org\",\"@graph\":[{\"@type\":\"WebPage\",\"@id\":\"https:\/\/gielen-recyclage.be\/fr\/services\/couvre-sol\/\",\"url\":\"https:\/\/gielen-recyclage.be\/fr\/services\/couvre-sol\/\",\"name\":\"Couvre-sol - Containerservice Gielen\",\"isPartOf\":{\"@id\":\"https:\/\/gielen-recyclage.be\/#website\"},\"primaryImageOfPage\":{\"@id\":\"https:\/\/gielen-recyclage.be\/fr\/services\/couvre-sol\/#primaryimage\"},\"image\":{\"@id\":\"https:\/\/gielen-recyclage.be\/fr\/services\/couvre-sol\/#primaryimage\"},\"thumbnailUrl\":\"https:\/\/gielen-recyclage.be\/wp-content\/uploads\/2023\/07\/Iconen-afval_Snoei.png\",\"datePublished\":\"2023-07-11T11:40:11+00:00\",\"dateModified\":\"2023-10-25T09:10:49+00:00\",\"description\":\"Venez faire un tour chez Containerservice Gielen et d\u00e9couvrez des couvre-sols de qualit\u00e9 sup\u00e9rieure, que vous cherchiez un gravier d\u00e9coratif, des \u00e9corces aux effets b\u00e9n\u00e9fiques pour le jardin ou une liti\u00e8re en copeaux de bois.\",\"breadcrumb\":{\"@id\":\"https:\/\/gielen-recyclage.be\/fr\/services\/couvre-sol\/#breadcrumb\"},\"inLanguage\":\"fr-BE\",\"potentialAction\":[{\"@type\":\"ReadAction\",\"target\":[\"https:\/\/gielen-recyclage.be\/fr\/services\/couvre-sol\/\"]}]},{\"@type\":\"ImageObject\",\"inLanguage\":\"fr-BE\",\"@id\":\"https:\/\/gielen-recyclage.be\/fr\/services\/couvre-sol\/#primaryimage\",\"url\":\"https:\/\/gielen-recyclage.be\/wp-content\/uploads\/2023\/07\/Iconen-afval_Snoei.png\",\"contentUrl\":\"https:\/\/gielen-recyclage.be\/wp-content\/uploads\/2023\/07\/Iconen-afval_Snoei.png\",\"width\":500,\"height\":500},{\"@type\":\"BreadcrumbList\",\"@id\":\"https:\/\/gielen-recyclage.be\/fr\/services\/couvre-sol\/#breadcrumb\",\"itemListElement\":[{\"@type\":\"ListItem\",\"position\":1,\"name\":\"Home\",\"item\":\"https:\/\/gielen-recyclage.be\/fr\/\"},{\"@type\":\"ListItem\",\"position\":2,\"name\":\"Services\",\"item\":\"https:\/\/gielen-recyclage.be\/fr\/services\/\"},{\"@type\":\"ListItem\",\"position\":3,\"name\":\"Couvre-sol\"}]},{\"@type\":\"WebSite\",\"@id\":\"https:\/\/gielen-recyclage.be\/#website\",\"url\":\"https:\/\/gielen-recyclage.be\/\",\"name\":\"Containerservice Gielen\",\"description\":\"\",\"potentialAction\":[{\"@type\":\"SearchAction\",\"target\":{\"@type\":\"EntryPoint\",\"urlTemplate\":\"https:\/\/gielen-recyclage.be\/?s={search_term_string}\"},\"query-input\":{\"@type\":\"PropertyValueSpecification\",\"valueRequired\":true,\"valueName\":\"search_term_string\"}}],\"inLanguage\":\"fr-BE\"}]}<\/script>\n<!-- \/ Yoast SEO plugin. -->","yoast_head_json":{"title":"Couvre-sol - Containerservice Gielen","description":"Venez faire un tour chez Containerservice Gielen et d\u00e9couvrez des couvre-sols de qualit\u00e9 sup\u00e9rieure, que vous cherchiez un gravier d\u00e9coratif, des \u00e9corces aux effets b\u00e9n\u00e9fiques pour le jardin ou une liti\u00e8re en copeaux de bois.","robots":{"index":"index","follow":"follow","max-snippet":"max-snippet:-1","max-image-preview":"max-image-preview:large","max-video-preview":"max-video-preview:-1"},"canonical":"https:\/\/gielen-recyclage.be\/fr\/services\/couvre-sol\/","og_locale":"fr_FR","og_type":"article","og_title":"Couvre-sol - Containerservice Gielen","og_description":"Venez faire un tour chez Containerservice Gielen et d\u00e9couvrez des couvre-sols de qualit\u00e9 sup\u00e9rieure, que vous cherchiez un gravier d\u00e9coratif, des \u00e9corces aux effets b\u00e9n\u00e9fiques pour le jardin ou une liti\u00e8re en copeaux de bois.","og_url":"https:\/\/gielen-recyclage.be\/fr\/services\/couvre-sol\/","og_site_name":"Containerservice Gielen","article_modified_time":"2023-10-25T09:10:49+00:00","og_image":[{"width":500,"height":500,"url":"https:\/\/gielen-recyclage.be\/wp-content\/uploads\/2023\/07\/Iconen-afval_Snoei.png","type":"image\/png"}],"twitter_card":"summary_large_image","twitter_misc":{"Dur\u00e9e de lecture est.":"3 minutes"},"schema":{"@context":"https:\/\/schema.org","@graph":[{"@type":"WebPage","@id":"https:\/\/gielen-recyclage.be\/fr\/services\/couvre-sol\/","url":"https:\/\/gielen-recyclage.be\/fr\/services\/couvre-sol\/","name":"Couvre-sol - Containerservice Gielen","isPartOf":{"@id":"https:\/\/gielen-recyclage.be\/#website"},"primaryImageOfPage":{"@id":"https:\/\/gielen-recyclage.be\/fr\/services\/couvre-sol\/#primaryimage"},"image":{"@id":"https:\/\/gielen-recyclage.be\/fr\/services\/couvre-sol\/#primaryimage"},"thumbnailUrl":"https:\/\/gielen-recyclage.be\/wp-content\/uploads\/2023\/07\/Iconen-afval_Snoei.png","datePublished":"2023-07-11T11:40:11+00:00","dateModified":"2023-10-25T09:10:49+00:00","description":"Venez faire un tour chez Containerservice Gielen et d\u00e9couvrez des couvre-sols de qualit\u00e9 sup\u00e9rieure, que vous cherchiez un gravier d\u00e9coratif, des \u00e9corces aux effets b\u00e9n\u00e9fiques pour le jardin ou une liti\u00e8re en copeaux de bois.","breadcrumb":{"@id":"https:\/\/gielen-recyclage.be\/fr\/services\/couvre-sol\/#breadcrumb"},"inLanguage":"fr-BE","potentialAction":[{"@type":"ReadAction","target":["https:\/\/gielen-recyclage.be\/fr\/services\/couvre-sol\/"]}]},{"@type":"ImageObject","inLanguage":"fr-BE","@id":"https:\/\/gielen-recyclage.be\/fr\/services\/couvre-sol\/#primaryimage","url":"https:\/\/gielen-recyclage.be\/wp-content\/uploads\/2023\/07\/Iconen-afval_Snoei.png","contentUrl":"https:\/\/gielen-recyclage.be\/wp-content\/uploads\/2023\/07\/Iconen-afval_Snoei.png","width":500,"height":500},{"@type":"BreadcrumbList","@id":"https:\/\/gielen-recyclage.be\/fr\/services\/couvre-sol\/#breadcrumb","itemListElement":[{"@type":"ListItem","position":1,"name":"Home","item":"https:\/\/gielen-recyclage.be\/fr\/"},{"@type":"ListItem","position":2,"name":"Services","item":"https:\/\/gielen-recyclage.be\/fr\/services\/"},{"@type":"ListItem","position":3,"name":"Couvre-sol"}]},{"@type":"WebSite","@id":"https:\/\/gielen-recyclage.be\/#website","url":"https:\/\/gielen-recyclage.be\/","name":"Containerservice Gielen","description":"","potentialAction":[{"@type":"SearchAction","target":{"@type":"EntryPoint","urlTemplate":"https:\/\/gielen-recyclage.be\/?s={search_term_string}"},"query-input":{"@type":"PropertyValueSpecification","valueRequired":true,"valueName":"search_term_string"}}],"inLanguage":"fr-BE"}]}},"_links":{"self":[{"href":"https:\/\/gielen-recyclage.be\/fr\/wp-json\/wp\/v2\/pages\/2092","targetHints":{"allow":["GET"]}}],"collection":[{"href":"https:\/\/gielen-recyclage.be\/fr\/wp-json\/wp\/v2\/pages"}],"about":[{"href":"https:\/\/gielen-recyclage.be\/fr\/wp-json\/wp\/v2\/types\/page"}],"author":[{"embeddable":true,"href":"https:\/\/gielen-recyclage.be\/fr\/wp-json\/wp\/v2\/users\/1"}],"replies":[{"embeddable":true,"href":"https:\/\/gielen-recyclage.be\/fr\/wp-json\/wp\/v2\/comments?post=2092"}],"version-history":[{"count":5,"href":"https:\/\/gielen-recyclage.be\/fr\/wp-json\/wp\/v2\/pages\/2092\/revisions"}],"predecessor-version":[{"id":2554,"href":"https:\/\/gielen-recyclage.be\/fr\/wp-json\/wp\/v2\/pages\/2092\/revisions\/2554"}],"up":[{"embeddable":true,"href":"https:\/\/gielen-recyclage.be\/fr\/wp-json\/wp\/v2\/pages\/2089"}],"wp:featuredmedia":[{"embeddable":true,"href":"https:\/\/gielen-recyclage.be\/fr\/wp-json\/wp\/v2\/media\/124"}],"wp:attachment":[{"href":"https:\/\/gielen-recyclage.be\/fr\/wp-json\/wp\/v2\/media?parent=2092"}],"wp:term":[{"taxonomy":"pagina-categorie","embeddable":true,"href":"https:\/\/gielen-recyclage.be\/fr\/wp-json\/wp\/v2\/pagina-categorie?post=2092"},{"taxonomy":"sector","embeddable":true,"href":"https:\/\/gielen-recyclage.be\/fr\/wp-json\/wp\/v2\/sector?post=2092"},{"taxonomy":"type-container-per-afvalsoort","embeddable":true,"href":"https:\/\/gielen-recyclage.be\/fr\/wp-json\/wp\/v2\/type-container-per-afvalsoort?post=2092"}],"curies":[{"name":"wp","href":"https:\/\/api.w.org\/{rel}","templated":true}]}}