{"id":2093,"date":"2023-07-11T13:40:11","date_gmt":"2023-07-11T11:40:11","guid":{"rendered":"https:\/\/gielen-recyclage.be\/?page_id=2093"},"modified":"2023-10-25T11:03:22","modified_gmt":"2023-10-25T09:03:22","slug":"transport","status":"publish","type":"page","link":"https:\/\/gielen-recyclage.be\/fr\/services\/transport\/","title":{"rendered":"Transport\u200b"},"content":{"rendered":"<section class=\"l-section wpb_row us_custom_d2199d32 height_auto\"><div class=\"l-section-h i-cf\"><div class=\"g-cols vc_row via_flex valign_middle type_boxes stacking_default\" style=\"--additional-gap:15px;\"><div class=\"vc_col-sm-1 vc_hidden-sm vc_hidden-xs wpb_column vc_column_container has_bg_color stretched\"><div class=\"vc_column-inner us_custom_2e16d8e1\"><div class=\"wpb_wrapper\"><\/div><\/div><\/div><div class=\"vc_col-sm-7 vc_col-lg-7 vc_col-md-7 vc_col-xs-12 wpb_column vc_column_container has_bg_color\"><div class=\"vc_column-inner us_custom_43bb1cd8\"><div class=\"wpb_wrapper\"><div class=\"wpb_text_column\"><div class=\"wpb_wrapper\"><h1>UNE <strong>COLLECTE EFFICACE<\/strong><br \/>\nDES D\u00c9CHETS PAR GIELEN NV<\/h1>\n<p>Containerservice Gielen s\u2019occupe de A \u00e0 Z de la collecte et du transport des d\u00e9chets ainsi que de la location de conteneurs. Nous vous proposons une politique en mati\u00e8re de d\u00e9chets durable avec le souci du d\u00e9tail et un service flexible et convivial.<\/p>\n<p>Nous sommes une entreprise familiale de troisi\u00e8me g\u00e9n\u00e9ration et disposons de toute l\u2019expertise n\u00e9cessaire pour transporter en toute s\u00e9curit\u00e9 les d\u00e9chets les plus difficiles ou les plus probl\u00e9matiques, afin de les \u00e9liminer ou les recycler correctement. Nos chauffeurs qualifi\u00e9s sont en contact permanent avec le service de planification, pour des op\u00e9rations pratiques, rapides et efficaces.<\/p>\n<\/div><\/div><div class=\"w-separator size_small\"><\/div><div class=\"w-btn-wrapper align_none\"><a class=\"w-btn us-btn-style_1 icon_atright\" title=\"Offerteaanvraag\" href=\"https:\/\/gielen-recyclage.be\/fr\/demande-de-devis\/\"><span class=\"w-btn-label\">Je souhaite un devis<\/span><i class=\"far fa-long-arrow-right\"><\/i><\/a><\/div><\/div><\/div><\/div><div class=\"vc_col-sm-5 vc_col-lg-4 vc_col-md-4 vc_col-xs-12 wpb_column vc_column_container h300 popupopen has_bg_color stretched\"><div class=\"vc_column-inner us_custom_0b54a06b\"><div class=\"wpb_wrapper\"><\/div><\/div><\/div><\/div><\/div><\/section><section class=\"l-section wpb_row height_large\"><div class=\"l-section-h i-cf\"><div class=\"g-cols vc_row via_flex valign_top type_default reversed stacking_default\" style=\"--additional-gap:15px;\"><div class=\"vc_col-sm-6 wpb_column vc_column_container m300 has_bg_color\"><div class=\"vc_column-inner us_custom_618f975e\"><div class=\"wpb_wrapper\"><\/div><\/div><\/div><div class=\"vc_col-sm-1 wpb_column vc_column_container\"><div class=\"vc_column-inner\"><div class=\"wpb_wrapper\"><\/div><\/div><\/div><div class=\"vc_col-sm-5 wpb_column vc_column_container\"><div class=\"vc_column-inner\"><div class=\"wpb_wrapper\"><div class=\"wpb_text_column\"><div class=\"wpb_wrapper\"><h2>TRANSPORT DE D\u00c9CHETS<br \/>\n<strong>SUR MESURE<\/strong><\/h2>\n<p>Notre soci\u00e9t\u00e9 de location de conteneurs dispose d\u2019une vaste flotte de camions, y compris des camions ferm\u00e9s avec hayon. Nos camions sont adapt\u00e9s au transport national, international et ADR (Accord relatif au transport des marchandises dangereuses par route) des d\u00e9chets. Nous organisons notre transport en pleine conformit\u00e9 avec la l\u00e9gislation, sous le num\u00e9ro de permis 50750. Nous sommes en outre \u00e9quip\u00e9s de remorques, de v\u00e9hicules \u00e0 deux et trois essieux et de moyens de transport pour vider les bennes roulantes.<\/p>\n<p>Nous pouvons utiliser une benne basculante pour le transport du gravier et du sable et nous poss\u00e9dons \u00e9galement un camion-grue pour les travaux lourds. Forts de nos nombreuses ann\u00e9es d\u2019exp\u00e9rience et de notre parc de v\u00e9hicules, nous pouvons transporter en toute s\u00e9curit\u00e9 les d\u00e9chets m\u00eame les plus d\u00e9licats.<\/p>\n<\/div><\/div><div class=\"w-separator size_medium\"><\/div><div class=\"w-btn-wrapper align_none\"><a class=\"w-btn us-btn-style_1 icon_atright\" title=\"Offerteaanvraag\" href=\"https:\/\/gielen-recyclage.be\/fr\/demande-de-devis\/\"><span class=\"w-btn-label\">Envoyez-moi un devis sur mesure<\/span><i class=\"far fa-long-arrow-right\"><\/i><\/a><\/div><\/div><\/div><\/div><\/div><\/div><\/section><section class=\"l-section wpb_row height_large\"><div class=\"l-section-h i-cf\"><div class=\"g-cols vc_row via_flex valign_top type_default stacking_default\" style=\"--additional-gap:15px;\"><div class=\"vc_col-sm-5 wpb_column vc_column_container\"><div class=\"vc_column-inner\"><div class=\"wpb_wrapper\"><div class=\"wpb_text_column\"><div class=\"wpb_wrapper\"><h2>R\u00c9DUIRE LES CO\u00dbTS GR\u00c2CE \u00c0<br \/>\nUN <strong>TRANSPORT EFFICACE<\/strong><\/h2>\n<p>Nous \u00e9tudions toujours une mission dans son ensemble, pour proposer la meilleure solution de transport possible. Selon le mat\u00e9riau, il est possible de faire des \u00e9conomies sur les co\u00fbts de transport, car exemple en pressant les d\u00e9chets selon un rapport de 1\/3, il est possible de diviser les trajets par trois.<\/p>\n<p>Forts de nos connaissances transmises sur trois g\u00e9n\u00e9rations, nous pouvons \u00e9valuer comment organiser au mieux votre transport pour r\u00e9duire vos co\u00fbts.<\/p>\n<\/div><\/div><div class=\"w-separator size_medium\"><\/div><div class=\"w-btn-wrapper align_none\"><a class=\"w-btn us-btn-style_1 icon_atright\" title=\"Offerteaanvraag\" href=\"https:\/\/gielen-recyclage.be\/fr\/contact\/\"><span class=\"w-btn-label\">J\u2019ai une question<\/span><i class=\"far fa-long-arrow-right\"><\/i><\/a><\/div><\/div><\/div><\/div><div class=\"vc_col-sm-1 wpb_column vc_column_container\"><div class=\"vc_column-inner\"><div class=\"wpb_wrapper\"><\/div><\/div><\/div><div class=\"vc_col-sm-3 wpb_column vc_column_container m300 has_bg_color\"><div class=\"vc_column-inner us_custom_f7525763\"><div class=\"wpb_wrapper\"><\/div><\/div><\/div><div class=\"vc_col-sm-3 vc_hidden-xs wpb_column vc_column_container has_bg_color\"><div class=\"vc_column-inner us_custom_dcbff503\"><div class=\"wpb_wrapper\"><\/div><\/div><\/div><\/div><\/div><\/section>\n","protected":false},"excerpt":{"rendered":"UNE COLLECTE EFFICACE DES D\u00c9CHETS PAR GIELEN NV Containerservice Gielen s\u2019occupe de A \u00e0 Z de la collecte et du transport des d\u00e9chets ainsi que de la location de conteneurs. Nous vous proposons une politique en mati\u00e8re de d\u00e9chets durable avec le souci du d\u00e9tail et un service flexible et convivial. Nous sommes une entreprise...","protected":false},"author":1,"featured_media":0,"parent":2089,"menu_order":3,"comment_status":"closed","ping_status":"closed","template":"","meta":{"footnotes":""},"pagina-categorie":[],"sector":[],"type-container-per-afvalsoort":[],"class_list":["post-2093","page","type-page","status-publish","hentry"],"acf":[],"yoast_head":"<!-- This site is optimized with the Yoast SEO plugin v26.2 - https:\/\/yoast.com\/wordpress\/plugins\/seo\/ -->\n<title>Transport\u200b - Containerservice Gielen<\/title>\n<meta name=\"description\" content=\"Chez Containerservice Gielen, nous assurons un transport rapide, efficace et s\u00fbr des conteneurs contenant vos d\u00e9chets collect\u00e9s.\" \/>\n<meta name=\"robots\" content=\"index, follow, max-snippet:-1, max-image-preview:large, max-video-preview:-1\" \/>\n<link rel=\"canonical\" href=\"https:\/\/gielen-recyclage.be\/fr\/services\/transport\/\" \/>\n<meta property=\"og:locale\" content=\"fr_FR\" \/>\n<meta property=\"og:type\" content=\"article\" \/>\n<meta property=\"og:title\" content=\"Transport\u200b - Containerservice Gielen\" \/>\n<meta property=\"og:description\" content=\"Chez Containerservice Gielen, nous assurons un transport rapide, efficace et s\u00fbr des conteneurs contenant vos d\u00e9chets collect\u00e9s.\" \/>\n<meta property=\"og:url\" content=\"https:\/\/gielen-recyclage.be\/fr\/services\/transport\/\" \/>\n<meta property=\"og:site_name\" content=\"Containerservice Gielen\" \/>\n<meta property=\"article:modified_time\" content=\"2023-10-25T09:03:22+00:00\" \/>\n<meta name=\"twitter:card\" content=\"summary_large_image\" \/>\n<meta name=\"twitter:label1\" content=\"Dur\u00e9e de lecture est.\" \/>\n\t<meta name=\"twitter:data1\" content=\"2 minutes\" \/>\n<script type=\"application\/ld+json\" class=\"yoast-schema-graph\">{\"@context\":\"https:\/\/schema.org\",\"@graph\":[{\"@type\":\"WebPage\",\"@id\":\"https:\/\/gielen-recyclage.be\/fr\/services\/transport\/\",\"url\":\"https:\/\/gielen-recyclage.be\/fr\/services\/transport\/\",\"name\":\"Transport\u200b - Containerservice Gielen\",\"isPartOf\":{\"@id\":\"https:\/\/gielen-recyclage.be\/#website\"},\"datePublished\":\"2023-07-11T11:40:11+00:00\",\"dateModified\":\"2023-10-25T09:03:22+00:00\",\"description\":\"Chez Containerservice Gielen, nous assurons un transport rapide, efficace et s\u00fbr des conteneurs contenant vos d\u00e9chets collect\u00e9s.\",\"breadcrumb\":{\"@id\":\"https:\/\/gielen-recyclage.be\/fr\/services\/transport\/#breadcrumb\"},\"inLanguage\":\"fr-BE\",\"potentialAction\":[{\"@type\":\"ReadAction\",\"target\":[\"https:\/\/gielen-recyclage.be\/fr\/services\/transport\/\"]}]},{\"@type\":\"BreadcrumbList\",\"@id\":\"https:\/\/gielen-recyclage.be\/fr\/services\/transport\/#breadcrumb\",\"itemListElement\":[{\"@type\":\"ListItem\",\"position\":1,\"name\":\"Home\",\"item\":\"https:\/\/gielen-recyclage.be\/fr\/\"},{\"@type\":\"ListItem\",\"position\":2,\"name\":\"Services\",\"item\":\"https:\/\/gielen-recyclage.be\/fr\/services\/\"},{\"@type\":\"ListItem\",\"position\":3,\"name\":\"Transport\u200b\"}]},{\"@type\":\"WebSite\",\"@id\":\"https:\/\/gielen-recyclage.be\/#website\",\"url\":\"https:\/\/gielen-recyclage.be\/\",\"name\":\"Containerservice Gielen\",\"description\":\"\",\"potentialAction\":[{\"@type\":\"SearchAction\",\"target\":{\"@type\":\"EntryPoint\",\"urlTemplate\":\"https:\/\/gielen-recyclage.be\/?s={search_term_string}\"},\"query-input\":{\"@type\":\"PropertyValueSpecification\",\"valueRequired\":true,\"valueName\":\"search_term_string\"}}],\"inLanguage\":\"fr-BE\"}]}<\/script>\n<!-- \/ Yoast SEO plugin. -->","yoast_head_json":{"title":"Transport\u200b - Containerservice Gielen","description":"Chez Containerservice Gielen, nous assurons un transport rapide, efficace et s\u00fbr des conteneurs contenant vos d\u00e9chets collect\u00e9s.","robots":{"index":"index","follow":"follow","max-snippet":"max-snippet:-1","max-image-preview":"max-image-preview:large","max-video-preview":"max-video-preview:-1"},"canonical":"https:\/\/gielen-recyclage.be\/fr\/services\/transport\/","og_locale":"fr_FR","og_type":"article","og_title":"Transport\u200b - Containerservice Gielen","og_description":"Chez Containerservice Gielen, nous assurons un transport rapide, efficace et s\u00fbr des conteneurs contenant vos d\u00e9chets collect\u00e9s.","og_url":"https:\/\/gielen-recyclage.be\/fr\/services\/transport\/","og_site_name":"Containerservice Gielen","article_modified_time":"2023-10-25T09:03:22+00:00","twitter_card":"summary_large_image","twitter_misc":{"Dur\u00e9e de lecture est.":"2 minutes"},"schema":{"@context":"https:\/\/schema.org","@graph":[{"@type":"WebPage","@id":"https:\/\/gielen-recyclage.be\/fr\/services\/transport\/","url":"https:\/\/gielen-recyclage.be\/fr\/services\/transport\/","name":"Transport\u200b - Containerservice Gielen","isPartOf":{"@id":"https:\/\/gielen-recyclage.be\/#website"},"datePublished":"2023-07-11T11:40:11+00:00","dateModified":"2023-10-25T09:03:22+00:00","description":"Chez Containerservice Gielen, nous assurons un transport rapide, efficace et s\u00fbr des conteneurs contenant vos d\u00e9chets collect\u00e9s.","breadcrumb":{"@id":"https:\/\/gielen-recyclage.be\/fr\/services\/transport\/#breadcrumb"},"inLanguage":"fr-BE","potentialAction":[{"@type":"ReadAction","target":["https:\/\/gielen-recyclage.be\/fr\/services\/transport\/"]}]},{"@type":"BreadcrumbList","@id":"https:\/\/gielen-recyclage.be\/fr\/services\/transport\/#breadcrumb","itemListElement":[{"@type":"ListItem","position":1,"name":"Home","item":"https:\/\/gielen-recyclage.be\/fr\/"},{"@type":"ListItem","position":2,"name":"Services","item":"https:\/\/gielen-recyclage.be\/fr\/services\/"},{"@type":"ListItem","position":3,"name":"Transport\u200b"}]},{"@type":"WebSite","@id":"https:\/\/gielen-recyclage.be\/#website","url":"https:\/\/gielen-recyclage.be\/","name":"Containerservice Gielen","description":"","potentialAction":[{"@type":"SearchAction","target":{"@type":"EntryPoint","urlTemplate":"https:\/\/gielen-recyclage.be\/?s={search_term_string}"},"query-input":{"@type":"PropertyValueSpecification","valueRequired":true,"valueName":"search_term_string"}}],"inLanguage":"fr-BE"}]}},"_links":{"self":[{"href":"https:\/\/gielen-recyclage.be\/fr\/wp-json\/wp\/v2\/pages\/2093","targetHints":{"allow":["GET"]}}],"collection":[{"href":"https:\/\/gielen-recyclage.be\/fr\/wp-json\/wp\/v2\/pages"}],"about":[{"href":"https:\/\/gielen-recyclage.be\/fr\/wp-json\/wp\/v2\/types\/page"}],"author":[{"embeddable":true,"href":"https:\/\/gielen-recyclage.be\/fr\/wp-json\/wp\/v2\/users\/1"}],"replies":[{"embeddable":true,"href":"https:\/\/gielen-recyclage.be\/fr\/wp-json\/wp\/v2\/comments?post=2093"}],"version-history":[{"count":3,"href":"https:\/\/gielen-recyclage.be\/fr\/wp-json\/wp\/v2\/pages\/2093\/revisions"}],"predecessor-version":[{"id":2551,"href":"https:\/\/gielen-recyclage.be\/fr\/wp-json\/wp\/v2\/pages\/2093\/revisions\/2551"}],"up":[{"embeddable":true,"href":"https:\/\/gielen-recyclage.be\/fr\/wp-json\/wp\/v2\/pages\/2089"}],"wp:attachment":[{"href":"https:\/\/gielen-recyclage.be\/fr\/wp-json\/wp\/v2\/media?parent=2093"}],"wp:term":[{"taxonomy":"pagina-categorie","embeddable":true,"href":"https:\/\/gielen-recyclage.be\/fr\/wp-json\/wp\/v2\/pagina-categorie?post=2093"},{"taxonomy":"sector","embeddable":true,"href":"https:\/\/gielen-recyclage.be\/fr\/wp-json\/wp\/v2\/sector?post=2093"},{"taxonomy":"type-container-per-afvalsoort","embeddable":true,"href":"https:\/\/gielen-recyclage.be\/fr\/wp-json\/wp\/v2\/type-container-per-afvalsoort?post=2093"}],"curies":[{"name":"wp","href":"https:\/\/api.w.org\/{rel}","templated":true}]}}