{"id":2115,"date":"2023-07-11T13:40:56","date_gmt":"2023-07-11T11:40:56","guid":{"rendered":"https:\/\/gielen-recyclage.be\/?page_id=2115"},"modified":"2025-10-20T15:28:17","modified_gmt":"2025-10-20T13:28:17","slug":"contact","status":"publish","type":"page","link":"https:\/\/gielen-recyclage.be\/fr\/contact\/","title":{"rendered":"Contact"},"content":{"rendered":"<section class=\"l-section wpb_row us_custom_d2199d32 height_auto\"><div class=\"l-section-h i-cf\"><div class=\"g-cols vc_row via_flex valign_middle type_boxes stacking_default\" style=\"--additional-gap:15px;\"><div class=\"vc_col-sm-1 vc_hidden-sm vc_hidden-xs wpb_column vc_column_container has_bg_color stretched\"><div class=\"vc_column-inner us_custom_fba5fcde\"><div class=\"wpb_wrapper\"><\/div><\/div><\/div><div class=\"vc_col-sm-7 vc_col-lg-7 vc_col-md-7 vc_col-xs-12 wpb_column vc_column_container has_bg_color\"><div class=\"vc_column-inner us_custom_43bb1cd8\"><div class=\"wpb_wrapper\"><div class=\"wpb_text_column\"><div class=\"wpb_wrapper\"><h1>Contactez-nous<\/h1>\n<\/div><\/div><div class=\"w-separator size_medium\"><\/div><div class=\"g-cols wpb_row via_flex valign_top type_default stacking_default\"><div class=\"vc_col-sm-6 wpb_column vc_column_container\"><div class=\"vc_column-inner\"><div class=\"wpb_wrapper\"><div class=\"wpb_text_column\"><div class=\"wpb_wrapper\"><p><strong>CONTACT<br \/>\n<\/strong>T\u00e9l: <a href=\"tel:089360036\">089 36 00 36<\/a><br \/>\nEmail: <a href=\"mailto:info@gielen-recyclage.be\">info@gielen-recyclage.be<\/a><\/p>\n<p><strong>Dispatching<br \/>\n<\/strong>Containers: <a href=\"tel:089620810\">089 62 08 10<\/a><br \/>\nContainers \u00e0 roulettes: <a href=\"tel:089360034\">089 36 00 34<\/a><\/p>\n<\/div><\/div><\/div><\/div><\/div><div class=\"vc_col-sm-6 wpb_column vc_column_container\"><div class=\"vc_column-inner\"><div class=\"wpb_wrapper\"><div class=\"wpb_text_column\"><div class=\"wpb_wrapper\"><p><a href=\"https:\/\/gielen-recyclage.be\/fr\/demande-de-devis\/\"><strong>QUESTIONS SUR UNE OFFRE<\/strong><\/a><br \/>\nT\u00e9l: <a href=\"tel:089620816\">089 62 08 16<\/a><\/p>\n<\/div><\/div><\/div><\/div><\/div><\/div><div class=\"w-separator size_large\"><\/div><\/div><\/div><\/div><div class=\"vc_col-sm-5 vc_col-lg-4 vc_col-md-4 vc_col-xs-12 wpb_column vc_column_container h300 popupopen has_bg_color stretched\"><div class=\"vc_column-inner us_custom_c0e8acb0\"><div class=\"wpb_wrapper\"><\/div><\/div><\/div><\/div><\/div><\/section><section class=\"l-section wpb_row us_custom_057801f8 greyrightside height_medium\"><div class=\"l-section-h i-cf\"><div class=\"g-cols vc_row via_flex valign_top type_default stacking_default\"><div class=\"vc_col-sm-12 vc_col-lg-12 vc_col-md-12 vc_col-xs-12 wpb_column vc_column_container\"><div class=\"vc_column-inner us_custom_62e46706\"><div class=\"wpb_wrapper\"><div class=\"wpb_text_column\"><div class=\"wpb_wrapper\"><h2>Nos <strong>Sites<\/strong><\/h2>\n<\/div><\/div><div class=\"w-separator size_medium\"><\/div><div class=\"g-cols wpb_row via_flex valign_top type_default stacking_default\"><div class=\"vc_col-sm-5 wpb_column vc_column_container\"><div class=\"vc_column-inner\"><div class=\"wpb_wrapper\"><div class=\"wpb_text_column\"><div class=\"wpb_wrapper\"><h3>SITE EIKELAARSTRAAT<\/h3>\n<p><span class=\"groen\">Traitement de d\u00e9chets \u2013 Recyclage \u2013 Administration<\/span><br \/>\nEikelaarstraat 17, 3600 Genk<br \/>\nT\u00e9l: <a href=\"tel:089360036\">089 36 00 36<\/a><\/p>\n<\/div><\/div><div class=\"w-separator size_medium\"><\/div><div class=\"wpb_text_column\"><div class=\"wpb_wrapper\"><p><strong>HEURES D&rsquo;OUVERTURE<\/strong><\/p>\n<table>\n<tbody>\n<tr>\n<td><strong>Lundi<\/strong><\/td>\n<td>07h00 &#8211; 12h00<\/td>\n<td>12h30 &#8211; 17h00<\/td>\n<\/tr>\n<tr>\n<td><strong>Mardi<\/strong><\/td>\n<td>07h00 &#8211; 12h00<\/td>\n<td>12h30 &#8211; 17h00<\/td>\n<\/tr>\n<tr>\n<td><strong>Mercredi<\/strong><\/td>\n<td>07h00 &#8211; 12h00<\/td>\n<td>12h30 &#8211; 17h00<\/td>\n<\/tr>\n<tr>\n<td><strong>Jeudi<\/strong><\/td>\n<td>07h00 &#8211; 12h00<\/td>\n<td>12h30 &#8211; 17h00<\/td>\n<\/tr>\n<tr>\n<td><strong>Vendredi<\/strong><\/td>\n<td>07h00 &#8211; 12h00<\/td>\n<td>12h30 &#8211; 17h00<\/td>\n<\/tr>\n<\/tbody>\n<\/table>\n<\/div><\/div><\/div><\/div><\/div><div class=\"vc_col-sm-2 wpb_column vc_column_container\"><div class=\"vc_column-inner\"><div class=\"wpb_wrapper\"><\/div><\/div><\/div><div class=\"vc_col-sm-5 wpb_column vc_column_container\"><div class=\"vc_column-inner\"><div class=\"wpb_wrapper\"><div class=\"wpb_text_column\"><div class=\"wpb_wrapper\"><h3>SITE SLINGERWEG<\/h3>\n<p><span class=\"groen\">R\u00e9cyclage du bois \u2013 Gravier \u2013 Transport \u2013 Planification<\/span><br \/>\nSlingerweg 24, 3600 Genk<br \/>\nT\u00e9l: <a href=\"tel:089360036\">089 36 00 36<\/a><\/p>\n<\/div><\/div><div class=\"w-separator size_medium\"><\/div><div class=\"wpb_text_column\"><div class=\"wpb_wrapper\"><p><strong>HEURES D&rsquo;OUVERTURE<\/strong><\/p>\n<table>\n<tbody>\n<tr>\n<td><strong>Lundi<\/strong><\/td>\n<td>07h00 &#8211; 12h00<\/td>\n<td>12h30 &#8211; 17h00<\/td>\n<\/tr>\n<tr>\n<td><strong>Mardi<\/strong><\/td>\n<td>07h00 &#8211; 12h00<\/td>\n<td>12h30 &#8211; 17h00<\/td>\n<\/tr>\n<tr>\n<td><strong>Mercredi<\/strong><\/td>\n<td>07h00 &#8211; 12h00<\/td>\n<td>12h30 &#8211; 17h00<\/td>\n<\/tr>\n<tr>\n<td><strong>Jeudi<\/strong><\/td>\n<td>07h00 &#8211; 12h00<\/td>\n<td>12h30 &#8211; 17h00<\/td>\n<\/tr>\n<tr>\n<td><strong>Vendredi<\/strong><\/td>\n<td>07h00 &#8211; 12h00<\/td>\n<td>12h30 &#8211; 17h00<\/td>\n<\/tr>\n<\/tbody>\n<\/table>\n<\/div><\/div><\/div><\/div><\/div><\/div><\/div><\/div><\/div><\/div><\/div><\/section><section class=\"l-section wpb_row height_auto width_full\"><div class=\"l-section-h i-cf\"><div class=\"g-cols vc_row via_flex valign_top type_default stacking_default\"><div class=\"vc_col-sm-12 wpb_column vc_column_container\"><div class=\"vc_column-inner\"><div class=\"wpb_wrapper\"><div class=\"w-map provider_osm\" id=\"us_map_1\"><div class=\"w-map-inner\"><div class=\"w-map-json\" onclick='return {&quot;address&quot;:&quot;Eikelaarstraat 17, 3600 Genk&quot;,&quot;disableDragging&quot;:0,&quot;disableZoom&quot;:0,&quot;hideControls&quot;:0,&quot;zoom&quot;:14,&quot;markers&quot;:[{&quot;address&quot;:&quot;Eikelaarstraat 17, 3600 Genk&quot;,&quot;html&quot;:&quot;&lt;strong&gt;SITE EIKELAARSTRAAT&lt;\\\/strong&gt;\\nAfvalverwerking \\u2013 Recyclage \\u2013 Administratie&quot;,&quot;infowindow&quot;:0},{&quot;address&quot;:&quot;Slingerweg 24, 3600 Genk&quot;,&quot;html&quot;:&quot;&lt;strong&gt;SITE SLINGERWEG&lt;\\\/strong&gt;\\nHoutverwerking \\u2013 Tuingrind \\u2013 Transport \\u2013 Planning&quot;,&quot;marker_img&quot;:[&quot;https:\\\/\\\/gielen-recyclage.be\\\/wp-content\\\/uploads\\\/2023\\\/08\\\/point-150x150.png&quot;,150,150,true],&quot;marker_size&quot;:[&quot;40&quot;,&quot;40&quot;]}],&quot;icon&quot;:{&quot;url&quot;:&quot;https:\\\/\\\/gielen-recyclage.be\\\/wp-content\\\/uploads\\\/2023\\\/08\\\/point-150x150.png&quot;,&quot;size&quot;:[40,40]},&quot;style&quot;:&quot;https:\\\/\\\/{s}.tile.openstreetmap.org\\\/{z}\\\/{x}\\\/{y}.png&quot;}'><\/div><\/div><\/div><\/div><\/div><\/div><\/div><\/div><\/section><section class=\"l-section wpb_row height_auto\"><div class=\"l-section-h i-cf\"><div class=\"g-cols vc_row via_flex valign_top type_default stacking_default\"><div class=\"vc_col-sm-12 wpb_column vc_column_container\"><div class=\"vc_column-inner\"><div class=\"wpb_wrapper\"><div class=\"w-separator size_medium\"><\/div><\/div><\/div><\/div><\/div><\/div><\/section>\n","protected":false},"excerpt":{"rendered":"Contactez-nous CONTACT T\u00e9l: 089 36 00 36 Email: info@gielen-recyclage.be Dispatching Containers: 089 62 08 10 Containers \u00e0 roulettes: 089 36 00 34 QUESTIONS SUR UNE OFFRE T\u00e9l: 089 62 08 16 Nos Sites SITE EIKELAARSTRAAT Traitement de d\u00e9chets \u2013 Recyclage \u2013 Administration Eikelaarstraat 17, 3600 Genk T\u00e9l: 089 36 00 36 HEURES D&rsquo;OUVERTURE Lundi 07h00...","protected":false},"author":1,"featured_media":0,"parent":0,"menu_order":8,"comment_status":"closed","ping_status":"closed","template":"","meta":{"footnotes":""},"pagina-categorie":[],"sector":[],"type-container-per-afvalsoort":[],"class_list":["post-2115","page","type-page","status-publish","hentry"],"acf":[],"yoast_head":"<!-- This site is optimized with the Yoast SEO plugin v26.2 - https:\/\/yoast.com\/wordpress\/plugins\/seo\/ -->\n<title>Contact - Containerservice Gielen<\/title>\n<meta name=\"robots\" content=\"index, follow, max-snippet:-1, max-image-preview:large, max-video-preview:-1\" \/>\n<link rel=\"canonical\" href=\"https:\/\/gielen-recyclage.be\/fr\/contact\/\" \/>\n<meta property=\"og:locale\" content=\"fr_FR\" \/>\n<meta property=\"og:type\" content=\"article\" \/>\n<meta property=\"og:title\" content=\"Contact - Containerservice Gielen\" \/>\n<meta property=\"og:url\" content=\"https:\/\/gielen-recyclage.be\/fr\/contact\/\" \/>\n<meta property=\"og:site_name\" content=\"Containerservice Gielen\" \/>\n<meta property=\"article:modified_time\" content=\"2025-10-20T13:28:17+00:00\" \/>\n<meta name=\"twitter:card\" content=\"summary_large_image\" \/>\n<meta name=\"twitter:label1\" content=\"Dur\u00e9e de lecture est.\" \/>\n\t<meta name=\"twitter:data1\" content=\"1 minute\" \/>\n<script type=\"application\/ld+json\" class=\"yoast-schema-graph\">{\"@context\":\"https:\/\/schema.org\",\"@graph\":[{\"@type\":\"WebPage\",\"@id\":\"https:\/\/gielen-recyclage.be\/fr\/contact\/\",\"url\":\"https:\/\/gielen-recyclage.be\/fr\/contact\/\",\"name\":\"Contact - Containerservice Gielen\",\"isPartOf\":{\"@id\":\"https:\/\/gielen-recyclage.be\/#website\"},\"datePublished\":\"2023-07-11T11:40:56+00:00\",\"dateModified\":\"2025-10-20T13:28:17+00:00\",\"breadcrumb\":{\"@id\":\"https:\/\/gielen-recyclage.be\/fr\/contact\/#breadcrumb\"},\"inLanguage\":\"fr-BE\",\"potentialAction\":[{\"@type\":\"ReadAction\",\"target\":[\"https:\/\/gielen-recyclage.be\/fr\/contact\/\"]}]},{\"@type\":\"BreadcrumbList\",\"@id\":\"https:\/\/gielen-recyclage.be\/fr\/contact\/#breadcrumb\",\"itemListElement\":[{\"@type\":\"ListItem\",\"position\":1,\"name\":\"Home\",\"item\":\"https:\/\/gielen-recyclage.be\/fr\/\"},{\"@type\":\"ListItem\",\"position\":2,\"name\":\"Contact\"}]},{\"@type\":\"WebSite\",\"@id\":\"https:\/\/gielen-recyclage.be\/#website\",\"url\":\"https:\/\/gielen-recyclage.be\/\",\"name\":\"Containerservice Gielen\",\"description\":\"\",\"potentialAction\":[{\"@type\":\"SearchAction\",\"target\":{\"@type\":\"EntryPoint\",\"urlTemplate\":\"https:\/\/gielen-recyclage.be\/?s={search_term_string}\"},\"query-input\":{\"@type\":\"PropertyValueSpecification\",\"valueRequired\":true,\"valueName\":\"search_term_string\"}}],\"inLanguage\":\"fr-BE\"}]}<\/script>\n<!-- \/ Yoast SEO plugin. -->","yoast_head_json":{"title":"Contact - Containerservice Gielen","robots":{"index":"index","follow":"follow","max-snippet":"max-snippet:-1","max-image-preview":"max-image-preview:large","max-video-preview":"max-video-preview:-1"},"canonical":"https:\/\/gielen-recyclage.be\/fr\/contact\/","og_locale":"fr_FR","og_type":"article","og_title":"Contact - Containerservice Gielen","og_url":"https:\/\/gielen-recyclage.be\/fr\/contact\/","og_site_name":"Containerservice Gielen","article_modified_time":"2025-10-20T13:28:17+00:00","twitter_card":"summary_large_image","twitter_misc":{"Dur\u00e9e de lecture est.":"1 minute"},"schema":{"@context":"https:\/\/schema.org","@graph":[{"@type":"WebPage","@id":"https:\/\/gielen-recyclage.be\/fr\/contact\/","url":"https:\/\/gielen-recyclage.be\/fr\/contact\/","name":"Contact - Containerservice Gielen","isPartOf":{"@id":"https:\/\/gielen-recyclage.be\/#website"},"datePublished":"2023-07-11T11:40:56+00:00","dateModified":"2025-10-20T13:28:17+00:00","breadcrumb":{"@id":"https:\/\/gielen-recyclage.be\/fr\/contact\/#breadcrumb"},"inLanguage":"fr-BE","potentialAction":[{"@type":"ReadAction","target":["https:\/\/gielen-recyclage.be\/fr\/contact\/"]}]},{"@type":"BreadcrumbList","@id":"https:\/\/gielen-recyclage.be\/fr\/contact\/#breadcrumb","itemListElement":[{"@type":"ListItem","position":1,"name":"Home","item":"https:\/\/gielen-recyclage.be\/fr\/"},{"@type":"ListItem","position":2,"name":"Contact"}]},{"@type":"WebSite","@id":"https:\/\/gielen-recyclage.be\/#website","url":"https:\/\/gielen-recyclage.be\/","name":"Containerservice Gielen","description":"","potentialAction":[{"@type":"SearchAction","target":{"@type":"EntryPoint","urlTemplate":"https:\/\/gielen-recyclage.be\/?s={search_term_string}"},"query-input":{"@type":"PropertyValueSpecification","valueRequired":true,"valueName":"search_term_string"}}],"inLanguage":"fr-BE"}]}},"_links":{"self":[{"href":"https:\/\/gielen-recyclage.be\/fr\/wp-json\/wp\/v2\/pages\/2115","targetHints":{"allow":["GET"]}}],"collection":[{"href":"https:\/\/gielen-recyclage.be\/fr\/wp-json\/wp\/v2\/pages"}],"about":[{"href":"https:\/\/gielen-recyclage.be\/fr\/wp-json\/wp\/v2\/types\/page"}],"author":[{"embeddable":true,"href":"https:\/\/gielen-recyclage.be\/fr\/wp-json\/wp\/v2\/users\/1"}],"replies":[{"embeddable":true,"href":"https:\/\/gielen-recyclage.be\/fr\/wp-json\/wp\/v2\/comments?post=2115"}],"version-history":[{"count":5,"href":"https:\/\/gielen-recyclage.be\/fr\/wp-json\/wp\/v2\/pages\/2115\/revisions"}],"predecessor-version":[{"id":3104,"href":"https:\/\/gielen-recyclage.be\/fr\/wp-json\/wp\/v2\/pages\/2115\/revisions\/3104"}],"wp:attachment":[{"href":"https:\/\/gielen-recyclage.be\/fr\/wp-json\/wp\/v2\/media?parent=2115"}],"wp:term":[{"taxonomy":"pagina-categorie","embeddable":true,"href":"https:\/\/gielen-recyclage.be\/fr\/wp-json\/wp\/v2\/pagina-categorie?post=2115"},{"taxonomy":"sector","embeddable":true,"href":"https:\/\/gielen-recyclage.be\/fr\/wp-json\/wp\/v2\/sector?post=2115"},{"taxonomy":"type-container-per-afvalsoort","embeddable":true,"href":"https:\/\/gielen-recyclage.be\/fr\/wp-json\/wp\/v2\/type-container-per-afvalsoort?post=2115"}],"curies":[{"name":"wp","href":"https:\/\/api.w.org\/{rel}","templated":true}]}}