{"id":2127,"date":"2023-07-11T13:40:56","date_gmt":"2023-07-11T11:40:56","guid":{"rendered":"https:\/\/gielen-recyclage.be\/?page_id=2127"},"modified":"2023-10-25T08:22:23","modified_gmt":"2023-10-25T06:22:23","slug":"brochures","status":"publish","type":"page","link":"https:\/\/gielen-recyclage.be\/fr\/brochures\/","title":{"rendered":"Brochures"},"content":{"rendered":"<section class=\"l-section wpb_row height_large\"><div class=\"l-section-h i-cf\"><div class=\"g-cols vc_row via_flex valign_top type_default stacking_default\"><div class=\"vc_col-sm-12 wpb_column vc_column_container\"><div class=\"vc_column-inner\"><div class=\"wpb_wrapper\"><div class=\"wpb_text_column\"><div class=\"wpb_wrapper\"><h1 style=\"text-align: center;\"><strong>BROCHURES<\/strong><\/h1>\n<\/div><\/div><div class=\"w-separator size_large\"><\/div><div class=\"g-cols wpb_row via_flex valign_top type_default stacking_default\" style=\"--additional-gap:20px;\"><div class=\"vc_col-sm-4 wpb_column vc_column_container\"><div class=\"vc_column-inner\"><div class=\"wpb_wrapper\"><div class=\"w-iconbox iconpos_top style_default color_primary align_center no_text icontype_img\"><a href=\"\/wp-content\/uploads\/2023\/07\/d55b41e9-2a09-44e0-a4d9-00dd43070d0c.pdf\" class=\"w-iconbox-link\" aria-label=\"Dossier \u2018Une solution pour les d\u00e9chets de bois\u2019\"><div class=\"w-iconbox-icon\" style=\"font-size:300px;\"><img loading=\"lazy\" decoding=\"async\" width=\"394\" height=\"557\" src=\"https:\/\/gielen-recyclage.be\/wp-content\/uploads\/2023\/07\/Gielen_Hout_Folder_cover.jpeg\" class=\"attachment-full size-full\" alt=\"\" srcset=\"https:\/\/gielen-recyclage.be\/wp-content\/uploads\/2023\/07\/Gielen_Hout_Folder_cover.jpeg 394w, https:\/\/gielen-recyclage.be\/wp-content\/uploads\/2023\/07\/Gielen_Hout_Folder_cover-212x300.jpeg 212w\" sizes=\"auto, (max-width: 394px) 100vw, 394px\" \/><\/div><\/a><div class=\"w-iconbox-meta\"><h3 class=\"w-iconbox-title\"><a href=\"\/wp-content\/uploads\/2023\/07\/d55b41e9-2a09-44e0-a4d9-00dd43070d0c.pdf\" class=\"w-iconbox-link\" aria-label=\"Dossier \u2018Une solution pour les d\u00e9chets de bois\u2019\">Dossier \u2018Une solution pour les d\u00e9chets de bois\u2019<\/a><\/h3><\/div><\/div><\/div><\/div><\/div><div class=\"vc_col-sm-4 wpb_column vc_column_container\"><div class=\"vc_column-inner\"><div class=\"wpb_wrapper\"><div class=\"w-iconbox iconpos_top style_default color_primary align_center no_text icontype_img\"><a href=\"\/wp-content\/uploads\/2023\/07\/6d1e7e4e-7ba0-4fb4-9c3d-1d7dee08505d.pdf\" class=\"w-iconbox-link\" aria-label=\"Dossier \u2018Applications de gravier\u2019\"><div class=\"w-iconbox-icon\" style=\"font-size:300px;\"><img loading=\"lazy\" decoding=\"async\" width=\"394\" height=\"557\" src=\"https:\/\/gielen-recyclage.be\/wp-content\/uploads\/2023\/07\/Gielen_Grind_Folder_cover.jpeg\" class=\"attachment-full size-full\" alt=\"\" srcset=\"https:\/\/gielen-recyclage.be\/wp-content\/uploads\/2023\/07\/Gielen_Grind_Folder_cover.jpeg 394w, https:\/\/gielen-recyclage.be\/wp-content\/uploads\/2023\/07\/Gielen_Grind_Folder_cover-212x300.jpeg 212w\" sizes=\"auto, (max-width: 394px) 100vw, 394px\" \/><\/div><\/a><div class=\"w-iconbox-meta\"><h3 class=\"w-iconbox-title\"><a href=\"\/wp-content\/uploads\/2023\/07\/6d1e7e4e-7ba0-4fb4-9c3d-1d7dee08505d.pdf\" class=\"w-iconbox-link\" aria-label=\"Dossier \u2018Applications de gravier\u2019\">Dossier \u2018Applications de gravier\u2019<\/a><\/h3><\/div><\/div><\/div><\/div><\/div><div class=\"vc_col-sm-4 wpb_column vc_column_container\"><div class=\"vc_column-inner\"><div class=\"wpb_wrapper\"><div class=\"w-iconbox iconpos_top style_default color_primary align_center no_text icontype_img\"><a href=\"\/wp-content\/uploads\/2023\/07\/ad59750d-14e8-4eea-8dbe-8f05276d0ab9.pdf\" class=\"w-iconbox-link\" aria-label=\"Dossier \u2018Une solution pour un petit volume de d\u00e9chets\u2019\"><div class=\"w-iconbox-icon\" style=\"font-size:300px;\"><img loading=\"lazy\" decoding=\"async\" width=\"394\" height=\"557\" src=\"https:\/\/gielen-recyclage.be\/wp-content\/uploads\/2023\/07\/Gielen_Containers_Folder_rolcontainer.jpeg\" class=\"attachment-full size-full\" alt=\"\" srcset=\"https:\/\/gielen-recyclage.be\/wp-content\/uploads\/2023\/07\/Gielen_Containers_Folder_rolcontainer.jpeg 394w, https:\/\/gielen-recyclage.be\/wp-content\/uploads\/2023\/07\/Gielen_Containers_Folder_rolcontainer-212x300.jpeg 212w\" sizes=\"auto, (max-width: 394px) 100vw, 394px\" \/><\/div><\/a><div class=\"w-iconbox-meta\"><h3 class=\"w-iconbox-title\"><a href=\"\/wp-content\/uploads\/2023\/07\/ad59750d-14e8-4eea-8dbe-8f05276d0ab9.pdf\" class=\"w-iconbox-link\" aria-label=\"Dossier \u2018Une solution pour un petit volume de d\u00e9chets\u2019\">Dossier \u2018Une solution pour un petit volume de d\u00e9chets\u2019<\/a><\/h3><\/div><\/div><\/div><\/div><\/div><\/div><\/div><\/div><\/div><\/div><\/div><\/section>\n","protected":false},"excerpt":{"rendered":"BROCHURES Dossier \u2018Une solution pour les d\u00e9chets de bois\u2019Dossier \u2018Applications de gravier\u2019Dossier \u2018Une solution pour un petit volume de d\u00e9chets\u2019","protected":false},"author":1,"featured_media":0,"parent":0,"menu_order":13,"comment_status":"closed","ping_status":"closed","template":"","meta":{"footnotes":""},"pagina-categorie":[],"sector":[],"type-container-per-afvalsoort":[],"class_list":["post-2127","page","type-page","status-publish","hentry"],"acf":[],"yoast_head":"<!-- This site is optimized with the Yoast SEO plugin v26.2 - https:\/\/yoast.com\/wordpress\/plugins\/seo\/ -->\n<title>T\u00e9l\u00e9chargez une de nos brochures - Container service Gielen<\/title>\n<meta name=\"description\" content=\"Curieux de nos produits? T\u00e9l\u00e9chargez une de nos brochures pratiques et d\u00e9couvrez par vous m\u00eame comment nous pouvons vous aider avec un de vos projets.\" \/>\n<meta name=\"robots\" content=\"index, follow, max-snippet:-1, max-image-preview:large, max-video-preview:-1\" \/>\n<link rel=\"canonical\" href=\"https:\/\/gielen-recyclage.be\/fr\/brochures\/\" \/>\n<meta property=\"og:locale\" content=\"fr_FR\" \/>\n<meta property=\"og:type\" content=\"article\" \/>\n<meta property=\"og:title\" content=\"T\u00e9l\u00e9chargez une de nos brochures - Container service Gielen\" \/>\n<meta property=\"og:description\" content=\"Curieux de nos produits? T\u00e9l\u00e9chargez une de nos brochures pratiques et d\u00e9couvrez par vous m\u00eame comment nous pouvons vous aider avec un de vos projets.\" \/>\n<meta property=\"og:url\" content=\"https:\/\/gielen-recyclage.be\/fr\/brochures\/\" \/>\n<meta property=\"og:site_name\" content=\"Containerservice Gielen\" \/>\n<meta property=\"article:modified_time\" content=\"2023-10-25T06:22:23+00:00\" \/>\n<meta name=\"twitter:card\" content=\"summary_large_image\" \/>\n<meta name=\"twitter:label1\" content=\"Dur\u00e9e de lecture est.\" \/>\n\t<meta name=\"twitter:data1\" content=\"1 minute\" \/>\n<script type=\"application\/ld+json\" class=\"yoast-schema-graph\">{\"@context\":\"https:\/\/schema.org\",\"@graph\":[{\"@type\":\"WebPage\",\"@id\":\"https:\/\/gielen-recyclage.be\/fr\/brochures\/\",\"url\":\"https:\/\/gielen-recyclage.be\/fr\/brochures\/\",\"name\":\"T\u00e9l\u00e9chargez une de nos brochures - Container service Gielen\",\"isPartOf\":{\"@id\":\"https:\/\/gielen-recyclage.be\/#website\"},\"datePublished\":\"2023-07-11T11:40:56+00:00\",\"dateModified\":\"2023-10-25T06:22:23+00:00\",\"description\":\"Curieux de nos produits? T\u00e9l\u00e9chargez une de nos brochures pratiques et d\u00e9couvrez par vous m\u00eame comment nous pouvons vous aider avec un de vos projets.\",\"breadcrumb\":{\"@id\":\"https:\/\/gielen-recyclage.be\/fr\/brochures\/#breadcrumb\"},\"inLanguage\":\"fr-BE\",\"potentialAction\":[{\"@type\":\"ReadAction\",\"target\":[\"https:\/\/gielen-recyclage.be\/fr\/brochures\/\"]}]},{\"@type\":\"BreadcrumbList\",\"@id\":\"https:\/\/gielen-recyclage.be\/fr\/brochures\/#breadcrumb\",\"itemListElement\":[{\"@type\":\"ListItem\",\"position\":1,\"name\":\"Home\",\"item\":\"https:\/\/gielen-recyclage.be\/fr\/\"},{\"@type\":\"ListItem\",\"position\":2,\"name\":\"Brochures\"}]},{\"@type\":\"WebSite\",\"@id\":\"https:\/\/gielen-recyclage.be\/#website\",\"url\":\"https:\/\/gielen-recyclage.be\/\",\"name\":\"Containerservice Gielen\",\"description\":\"\",\"potentialAction\":[{\"@type\":\"SearchAction\",\"target\":{\"@type\":\"EntryPoint\",\"urlTemplate\":\"https:\/\/gielen-recyclage.be\/?s={search_term_string}\"},\"query-input\":{\"@type\":\"PropertyValueSpecification\",\"valueRequired\":true,\"valueName\":\"search_term_string\"}}],\"inLanguage\":\"fr-BE\"}]}<\/script>\n<!-- \/ Yoast SEO plugin. -->","yoast_head_json":{"title":"T\u00e9l\u00e9chargez une de nos brochures - Container service Gielen","description":"Curieux de nos produits? T\u00e9l\u00e9chargez une de nos brochures pratiques et d\u00e9couvrez par vous m\u00eame comment nous pouvons vous aider avec un de vos projets.","robots":{"index":"index","follow":"follow","max-snippet":"max-snippet:-1","max-image-preview":"max-image-preview:large","max-video-preview":"max-video-preview:-1"},"canonical":"https:\/\/gielen-recyclage.be\/fr\/brochures\/","og_locale":"fr_FR","og_type":"article","og_title":"T\u00e9l\u00e9chargez une de nos brochures - Container service Gielen","og_description":"Curieux de nos produits? T\u00e9l\u00e9chargez une de nos brochures pratiques et d\u00e9couvrez par vous m\u00eame comment nous pouvons vous aider avec un de vos projets.","og_url":"https:\/\/gielen-recyclage.be\/fr\/brochures\/","og_site_name":"Containerservice Gielen","article_modified_time":"2023-10-25T06:22:23+00:00","twitter_card":"summary_large_image","twitter_misc":{"Dur\u00e9e de lecture est.":"1 minute"},"schema":{"@context":"https:\/\/schema.org","@graph":[{"@type":"WebPage","@id":"https:\/\/gielen-recyclage.be\/fr\/brochures\/","url":"https:\/\/gielen-recyclage.be\/fr\/brochures\/","name":"T\u00e9l\u00e9chargez une de nos brochures - Container service Gielen","isPartOf":{"@id":"https:\/\/gielen-recyclage.be\/#website"},"datePublished":"2023-07-11T11:40:56+00:00","dateModified":"2023-10-25T06:22:23+00:00","description":"Curieux de nos produits? T\u00e9l\u00e9chargez une de nos brochures pratiques et d\u00e9couvrez par vous m\u00eame comment nous pouvons vous aider avec un de vos projets.","breadcrumb":{"@id":"https:\/\/gielen-recyclage.be\/fr\/brochures\/#breadcrumb"},"inLanguage":"fr-BE","potentialAction":[{"@type":"ReadAction","target":["https:\/\/gielen-recyclage.be\/fr\/brochures\/"]}]},{"@type":"BreadcrumbList","@id":"https:\/\/gielen-recyclage.be\/fr\/brochures\/#breadcrumb","itemListElement":[{"@type":"ListItem","position":1,"name":"Home","item":"https:\/\/gielen-recyclage.be\/fr\/"},{"@type":"ListItem","position":2,"name":"Brochures"}]},{"@type":"WebSite","@id":"https:\/\/gielen-recyclage.be\/#website","url":"https:\/\/gielen-recyclage.be\/","name":"Containerservice Gielen","description":"","potentialAction":[{"@type":"SearchAction","target":{"@type":"EntryPoint","urlTemplate":"https:\/\/gielen-recyclage.be\/?s={search_term_string}"},"query-input":{"@type":"PropertyValueSpecification","valueRequired":true,"valueName":"search_term_string"}}],"inLanguage":"fr-BE"}]}},"_links":{"self":[{"href":"https:\/\/gielen-recyclage.be\/fr\/wp-json\/wp\/v2\/pages\/2127","targetHints":{"allow":["GET"]}}],"collection":[{"href":"https:\/\/gielen-recyclage.be\/fr\/wp-json\/wp\/v2\/pages"}],"about":[{"href":"https:\/\/gielen-recyclage.be\/fr\/wp-json\/wp\/v2\/types\/page"}],"author":[{"embeddable":true,"href":"https:\/\/gielen-recyclage.be\/fr\/wp-json\/wp\/v2\/users\/1"}],"replies":[{"embeddable":true,"href":"https:\/\/gielen-recyclage.be\/fr\/wp-json\/wp\/v2\/comments?post=2127"}],"version-history":[{"count":3,"href":"https:\/\/gielen-recyclage.be\/fr\/wp-json\/wp\/v2\/pages\/2127\/revisions"}],"predecessor-version":[{"id":2510,"href":"https:\/\/gielen-recyclage.be\/fr\/wp-json\/wp\/v2\/pages\/2127\/revisions\/2510"}],"wp:attachment":[{"href":"https:\/\/gielen-recyclage.be\/fr\/wp-json\/wp\/v2\/media?parent=2127"}],"wp:term":[{"taxonomy":"pagina-categorie","embeddable":true,"href":"https:\/\/gielen-recyclage.be\/fr\/wp-json\/wp\/v2\/pagina-categorie?post=2127"},{"taxonomy":"sector","embeddable":true,"href":"https:\/\/gielen-recyclage.be\/fr\/wp-json\/wp\/v2\/sector?post=2127"},{"taxonomy":"type-container-per-afvalsoort","embeddable":true,"href":"https:\/\/gielen-recyclage.be\/fr\/wp-json\/wp\/v2\/type-container-per-afvalsoort?post=2127"}],"curies":[{"name":"wp","href":"https:\/\/api.w.org\/{rel}","templated":true}]}}