{"id":2129,"date":"2023-07-11T13:40:56","date_gmt":"2023-07-11T11:40:56","guid":{"rendered":"https:\/\/gielen-recyclage.be\/?page_id=2129"},"modified":"2023-10-25T08:28:52","modified_gmt":"2023-10-25T06:28:52","slug":"vacatures","status":"publish","type":"page","link":"https:\/\/gielen-recyclage.be\/fr\/vacatures\/","title":{"rendered":"Vacatures\u200b"},"content":{"rendered":"<section class=\"l-section wpb_row us_custom_d2199d32 height_auto\"><div class=\"l-section-h i-cf\"><div class=\"g-cols vc_row via_flex valign_middle type_boxes stacking_default\" style=\"--additional-gap:15px;\"><div class=\"vc_col-sm-1 vc_hidden-sm vc_hidden-xs wpb_column vc_column_container has_bg_color stretched\"><div class=\"vc_column-inner us_custom_69b2e19a\"><div class=\"wpb_wrapper\"><\/div><\/div><\/div><div class=\"vc_col-sm-7 vc_col-lg-7 vc_col-md-7 vc_col-xs-12 wpb_column vc_column_container has_bg_color\"><div class=\"vc_column-inner us_custom_43bb1cd8\"><div class=\"wpb_wrapper\"><div class=\"wpb_text_column\"><div class=\"wpb_wrapper\"><h1>Vacatures<\/h1>\n<div class=\"wpb_text_column\">\n<div class=\"wpb_wrapper\">\n<p>Gielen Containerservice est toujours \u00e0 la recherche de collaborateurs motiv\u00e9s.<\/p>\n<p>Une approche globale du traitement des d\u00e9chets peut apporter \u00e0 votre entreprise des avantages financiers consid\u00e9rables. En associant le recyclage \u00e0 la logistique, Containerservice Gielen offre aux entreprises et aux particuliers un service complet en mati\u00e8re de traitement des d\u00e9chets.<\/p>\n<p>Les postes suivants sont actuellement \u00e0 pourvoir :<\/p>\n<\/div>\n<\/div>\n<\/div><\/div><div class=\"w-separator size_small\"><\/div><div class=\"w-btn-wrapper align_none\"><a class=\"w-btn us-btn-style_1 icon_atright\" title=\"Offerteaanvraag\" href=\"#vacatures\"><span class=\"w-btn-label\">Voir les postes vacants<\/span><i class=\"far fa-long-arrow-right\"><\/i><\/a><\/div><\/div><\/div><\/div><div class=\"vc_col-sm-5 vc_col-lg-4 vc_col-md-4 vc_col-xs-12 wpb_column vc_column_container h300 popupopen has_bg_color stretched\"><div class=\"vc_column-inner us_custom_94e303aa\"><div class=\"wpb_wrapper\"><\/div><\/div><\/div><\/div><\/div><\/section><section class=\"l-section wpb_row height_large\" id=\"vacatures\"><div class=\"l-section-h i-cf\"><div class=\"g-cols vc_row via_flex valign_top type_default stacking_default\"><div class=\"vc_col-sm-12 wpb_column vc_column_container\"><div class=\"vc_column-inner\"><div class=\"wpb_wrapper\"><div class=\"wpb_text_column\"><div class=\"wpb_wrapper\"><div id=\"tw-target-text-container\" class=\"gsrt tw-ta-container tw-nfl\">\n<p id=\"tw-target-text\" class=\"tw-data-text tw-ta tw-text-small\" dir=\"ltr\" data-placeholder=\"Translation\"><strong><span lang=\"fr\" tabindex=\"0\">Il y a actuellement les postes vacants suivants:<\/span><\/strong><\/p>\n<p dir=\"ltr\" data-placeholder=\"Translation\">\n<\/div>\n<ul>\n<li>Chauffeurs CE<\/li>\n<li>Mechanicien<\/li>\n<\/ul>\n<div id=\"tw-target-text-container\" class=\"gsrt tw-ta-container tw-nfl\">\n<p id=\"tw-target-text\" class=\"tw-data-text tw-ta tw-text-medium\" dir=\"ltr\" data-placeholder=\"Translation\"><span lang=\"fr\" tabindex=\"0\">Vous pouvez postuler en envoyant votre CV \u00e0\u00a0<\/span><a href=\"mailto:philip@gielen-recyclage.be\">Philip Gielen<\/a><br \/>\n<strong>ou<\/strong>\u00a0par t\u00e9l\u00e9phone via 089 62 08 12 ou 0475 423 944.<\/p>\n<\/div>\n<\/div><\/div><\/div><\/div><\/div><\/div><\/div><\/section>\n","protected":false},"excerpt":{"rendered":"Vacatures Gielen Containerservice est toujours \u00e0 la recherche de collaborateurs motiv\u00e9s. Une approche globale du traitement des d\u00e9chets peut apporter \u00e0 votre entreprise des avantages financiers consid\u00e9rables. En associant le recyclage \u00e0 la logistique, Containerservice Gielen offre aux entreprises et aux particuliers un service complet en mati\u00e8re de traitement des d\u00e9chets. Les postes suivants sont...","protected":false},"author":1,"featured_media":0,"parent":0,"menu_order":14,"comment_status":"closed","ping_status":"closed","template":"","meta":{"footnotes":""},"pagina-categorie":[],"sector":[],"type-container-per-afvalsoort":[],"class_list":["post-2129","page","type-page","status-publish","hentry"],"acf":[],"yoast_head":"<!-- This site is optimized with the Yoast SEO plugin v26.2 - https:\/\/yoast.com\/wordpress\/plugins\/seo\/ -->\n<title>Postes vacants - Containerservice Gielen<\/title>\n<meta name=\"description\" content=\"Travailler chez Container service Gielen? Nous recherchons toujours des profils int\u00e9ressants pour renforcer notre \u00e9quipe! Consultez nos offres d emploi actuelles\" \/>\n<meta name=\"robots\" content=\"index, follow, max-snippet:-1, max-image-preview:large, max-video-preview:-1\" \/>\n<link rel=\"canonical\" href=\"https:\/\/gielen-recyclage.be\/fr\/vacatures\/\" \/>\n<meta property=\"og:locale\" content=\"fr_FR\" \/>\n<meta property=\"og:type\" content=\"article\" \/>\n<meta property=\"og:title\" content=\"Postes vacants - Containerservice Gielen\" \/>\n<meta property=\"og:description\" content=\"Travailler chez Container service Gielen? Nous recherchons toujours des profils int\u00e9ressants pour renforcer notre \u00e9quipe! Consultez nos offres d emploi actuelles\" \/>\n<meta property=\"og:url\" content=\"https:\/\/gielen-recyclage.be\/fr\/vacatures\/\" \/>\n<meta property=\"og:site_name\" content=\"Containerservice Gielen\" \/>\n<meta property=\"article:modified_time\" content=\"2023-10-25T06:28:52+00:00\" \/>\n<meta name=\"twitter:card\" content=\"summary_large_image\" \/>\n<meta name=\"twitter:label1\" content=\"Dur\u00e9e de lecture est.\" \/>\n\t<meta name=\"twitter:data1\" content=\"1 minute\" \/>\n<script type=\"application\/ld+json\" class=\"yoast-schema-graph\">{\"@context\":\"https:\/\/schema.org\",\"@graph\":[{\"@type\":\"WebPage\",\"@id\":\"https:\/\/gielen-recyclage.be\/fr\/vacatures\/\",\"url\":\"https:\/\/gielen-recyclage.be\/fr\/vacatures\/\",\"name\":\"Postes vacants - Containerservice Gielen\",\"isPartOf\":{\"@id\":\"https:\/\/gielen-recyclage.be\/#website\"},\"datePublished\":\"2023-07-11T11:40:56+00:00\",\"dateModified\":\"2023-10-25T06:28:52+00:00\",\"description\":\"Travailler chez Container service Gielen? Nous recherchons toujours des profils int\u00e9ressants pour renforcer notre \u00e9quipe! Consultez nos offres d emploi actuelles\",\"breadcrumb\":{\"@id\":\"https:\/\/gielen-recyclage.be\/fr\/vacatures\/#breadcrumb\"},\"inLanguage\":\"fr-BE\",\"potentialAction\":[{\"@type\":\"ReadAction\",\"target\":[\"https:\/\/gielen-recyclage.be\/fr\/vacatures\/\"]}]},{\"@type\":\"BreadcrumbList\",\"@id\":\"https:\/\/gielen-recyclage.be\/fr\/vacatures\/#breadcrumb\",\"itemListElement\":[{\"@type\":\"ListItem\",\"position\":1,\"name\":\"Home\",\"item\":\"https:\/\/gielen-recyclage.be\/fr\/\"},{\"@type\":\"ListItem\",\"position\":2,\"name\":\"Vacatures\u200b\"}]},{\"@type\":\"WebSite\",\"@id\":\"https:\/\/gielen-recyclage.be\/#website\",\"url\":\"https:\/\/gielen-recyclage.be\/\",\"name\":\"Containerservice Gielen\",\"description\":\"\",\"potentialAction\":[{\"@type\":\"SearchAction\",\"target\":{\"@type\":\"EntryPoint\",\"urlTemplate\":\"https:\/\/gielen-recyclage.be\/?s={search_term_string}\"},\"query-input\":{\"@type\":\"PropertyValueSpecification\",\"valueRequired\":true,\"valueName\":\"search_term_string\"}}],\"inLanguage\":\"fr-BE\"}]}<\/script>\n<!-- \/ Yoast SEO plugin. -->","yoast_head_json":{"title":"Postes vacants - Containerservice Gielen","description":"Travailler chez Container service Gielen? Nous recherchons toujours des profils int\u00e9ressants pour renforcer notre \u00e9quipe! Consultez nos offres d emploi actuelles","robots":{"index":"index","follow":"follow","max-snippet":"max-snippet:-1","max-image-preview":"max-image-preview:large","max-video-preview":"max-video-preview:-1"},"canonical":"https:\/\/gielen-recyclage.be\/fr\/vacatures\/","og_locale":"fr_FR","og_type":"article","og_title":"Postes vacants - Containerservice Gielen","og_description":"Travailler chez Container service Gielen? Nous recherchons toujours des profils int\u00e9ressants pour renforcer notre \u00e9quipe! Consultez nos offres d emploi actuelles","og_url":"https:\/\/gielen-recyclage.be\/fr\/vacatures\/","og_site_name":"Containerservice Gielen","article_modified_time":"2023-10-25T06:28:52+00:00","twitter_card":"summary_large_image","twitter_misc":{"Dur\u00e9e de lecture est.":"1 minute"},"schema":{"@context":"https:\/\/schema.org","@graph":[{"@type":"WebPage","@id":"https:\/\/gielen-recyclage.be\/fr\/vacatures\/","url":"https:\/\/gielen-recyclage.be\/fr\/vacatures\/","name":"Postes vacants - Containerservice Gielen","isPartOf":{"@id":"https:\/\/gielen-recyclage.be\/#website"},"datePublished":"2023-07-11T11:40:56+00:00","dateModified":"2023-10-25T06:28:52+00:00","description":"Travailler chez Container service Gielen? Nous recherchons toujours des profils int\u00e9ressants pour renforcer notre \u00e9quipe! Consultez nos offres d emploi actuelles","breadcrumb":{"@id":"https:\/\/gielen-recyclage.be\/fr\/vacatures\/#breadcrumb"},"inLanguage":"fr-BE","potentialAction":[{"@type":"ReadAction","target":["https:\/\/gielen-recyclage.be\/fr\/vacatures\/"]}]},{"@type":"BreadcrumbList","@id":"https:\/\/gielen-recyclage.be\/fr\/vacatures\/#breadcrumb","itemListElement":[{"@type":"ListItem","position":1,"name":"Home","item":"https:\/\/gielen-recyclage.be\/fr\/"},{"@type":"ListItem","position":2,"name":"Vacatures\u200b"}]},{"@type":"WebSite","@id":"https:\/\/gielen-recyclage.be\/#website","url":"https:\/\/gielen-recyclage.be\/","name":"Containerservice Gielen","description":"","potentialAction":[{"@type":"SearchAction","target":{"@type":"EntryPoint","urlTemplate":"https:\/\/gielen-recyclage.be\/?s={search_term_string}"},"query-input":{"@type":"PropertyValueSpecification","valueRequired":true,"valueName":"search_term_string"}}],"inLanguage":"fr-BE"}]}},"_links":{"self":[{"href":"https:\/\/gielen-recyclage.be\/fr\/wp-json\/wp\/v2\/pages\/2129","targetHints":{"allow":["GET"]}}],"collection":[{"href":"https:\/\/gielen-recyclage.be\/fr\/wp-json\/wp\/v2\/pages"}],"about":[{"href":"https:\/\/gielen-recyclage.be\/fr\/wp-json\/wp\/v2\/types\/page"}],"author":[{"embeddable":true,"href":"https:\/\/gielen-recyclage.be\/fr\/wp-json\/wp\/v2\/users\/1"}],"replies":[{"embeddable":true,"href":"https:\/\/gielen-recyclage.be\/fr\/wp-json\/wp\/v2\/comments?post=2129"}],"version-history":[{"count":5,"href":"https:\/\/gielen-recyclage.be\/fr\/wp-json\/wp\/v2\/pages\/2129\/revisions"}],"predecessor-version":[{"id":2514,"href":"https:\/\/gielen-recyclage.be\/fr\/wp-json\/wp\/v2\/pages\/2129\/revisions\/2514"}],"wp:attachment":[{"href":"https:\/\/gielen-recyclage.be\/fr\/wp-json\/wp\/v2\/media?parent=2129"}],"wp:term":[{"taxonomy":"pagina-categorie","embeddable":true,"href":"https:\/\/gielen-recyclage.be\/fr\/wp-json\/wp\/v2\/pagina-categorie?post=2129"},{"taxonomy":"sector","embeddable":true,"href":"https:\/\/gielen-recyclage.be\/fr\/wp-json\/wp\/v2\/sector?post=2129"},{"taxonomy":"type-container-per-afvalsoort","embeddable":true,"href":"https:\/\/gielen-recyclage.be\/fr\/wp-json\/wp\/v2\/type-container-per-afvalsoort?post=2129"}],"curies":[{"name":"wp","href":"https:\/\/api.w.org\/{rel}","templated":true}]}}