{"id":2717,"date":"2023-12-04T11:16:22","date_gmt":"2023-12-04T09:16:22","guid":{"rendered":"https:\/\/gielen-recyclage.be\/video\/"},"modified":"2025-10-22T13:15:04","modified_gmt":"2025-10-22T11:15:04","slug":"video","status":"publish","type":"page","link":"https:\/\/gielen-recyclage.be\/fr\/video\/","title":{"rendered":"Video"},"content":{"rendered":"<section class=\"l-section wpb_row height_auto\"><div class=\"l-section-h i-cf\"><div class=\"g-cols vc_row via_flex valign_top type_default stacking_default\"><div class=\"vc_col-sm-12 wpb_column vc_column_container\"><div class=\"vc_column-inner\"><div class=\"wpb_wrapper\"><div class=\"wpb_text_column\"><div class=\"wpb_wrapper\"><h1>Nos videos<\/h1>\n<\/div><\/div><\/div><\/div><\/div><\/div><\/div><\/section><section class=\"l-section wpb_row height_medium\"><div class=\"l-section-h i-cf\"><div class=\"g-cols vc_row via_flex valign_bottom type_default stacking_default\"><div class=\"vc_col-sm-12 wpb_column vc_column_container\"><div class=\"vc_column-inner us_custom_efad0258\"><div class=\"wpb_wrapper\"><div class=\"g-cols wpb_row via_flex valign_bottom type_default stacking_default\"><div class=\"vc_col-sm-6 wpb_column vc_column_container\"><div class=\"vc_column-inner\"><div class=\"wpb_wrapper\"><div class=\"wpb_text_column\"><div class=\"wpb_wrapper\"><div id=\"tw-target-text-container\" class=\"gsrt tw-ta-container tw-nfl\">\n<h4 id=\"tw-target-text\" class=\"tw-data-text tw-ta tw-text-small\" dir=\"ltr\" data-placeholder=\"Translation\"><strong><span lang=\"fr\" tabindex=\"0\">Collecter et trier les flux de d\u00e9chets puis les transformer en mati\u00e8re premi\u00e8re pour une deuxi\u00e8me vie:<\/span><\/strong><\/h4>\n<\/div>\n<\/div><\/div><div class=\"w-video align_none ratio_16x9 has_iframe\"><div class=\"w-video-h\"><iframe title=\"Youtube video player\" src=\"\/\/www.youtube.com\/embed\/iZqDwhSsmLg?autoplay=0&controls=1&origin=https:\/\/gielen-recyclage.be\/fr\/&loop=0&mute=0\" allowfullscreen=\"1\" loading=\"lazy\"><\/iframe><\/div><\/div><\/div><\/div><\/div><div class=\"vc_col-sm-6 wpb_column vc_column_container\"><div class=\"vc_column-inner\"><div class=\"wpb_wrapper\"><div class=\"wpb_text_column\"><div class=\"wpb_wrapper\"><div id=\"tw-target-text-container\" class=\"gsrt tw-ta-container tw-nfl\">\n<h4 id=\"tw-target-text\" class=\"tw-data-text tw-ta tw-text-medium\" dir=\"ltr\" data-placeholder=\"Translation\"><strong><span lang=\"fr\" tabindex=\"0\">Tri automatique du flux de d\u00e9chets:<\/span><\/strong><\/h4>\n<\/div>\n<\/div><\/div><div class=\"w-video align_none ratio_16x9 has_iframe\"><div class=\"w-video-h\"><iframe title=\"Youtube video player\" src=\"\/\/www.youtube.com\/embed\/UKD3IVVppJY?autoplay=0&controls=1&origin=https:\/\/gielen-recyclage.be\/fr\/&loop=0&mute=0\" allowfullscreen=\"1\" loading=\"lazy\"><\/iframe><\/div><\/div><\/div><\/div><\/div><\/div><div class=\"w-separator size_medium\"><\/div><div class=\"g-cols wpb_row via_flex valign_bottom type_default stacking_default\"><div class=\"vc_col-sm-6 wpb_column vc_column_container\"><div class=\"vc_column-inner\"><div class=\"wpb_wrapper\"><div class=\"wpb_text_column\"><div class=\"wpb_wrapper\"><div id=\"tw-target-text-container\" class=\"gsrt tw-ta-container tw-nfl\">\n<h4 id=\"tw-target-text\" class=\"tw-data-text tw-ta tw-text-small\" dir=\"ltr\" data-placeholder=\"Translation\"><strong><span lang=\"fr\" tabindex=\"0\">Dans cette courte vid\u00e9o, vous pouvez voir comment les d\u00e9chets sont trait\u00e9s et mis en balles:<\/span><\/strong><\/h4>\n<\/div>\n<\/div><\/div><div class=\"w-video align_none ratio_16x9 has_iframe\"><div class=\"w-video-h\"><iframe title=\"Youtube video player\" src=\"\/\/www.youtube.com\/embed\/amAqUA_ruPk?autoplay=0&controls=1&origin=https:\/\/gielen-recyclage.be\/fr\/&loop=0&mute=0\" allowfullscreen=\"1\" loading=\"lazy\"><\/iframe><\/div><\/div><\/div><\/div><\/div><div class=\"vc_col-sm-6 wpb_column vc_column_container\"><div class=\"vc_column-inner\"><div class=\"wpb_wrapper\"><div class=\"wpb_text_column\"><div class=\"wpb_wrapper\"><div id=\"tw-target-text-container\" class=\"gsrt tw-ta-container tw-nfl\">\n<h4 id=\"tw-target-text\" class=\"tw-data-text tw-ta tw-text-small\" dir=\"ltr\" data-placeholder=\"Translation\"><strong><span lang=\"fr\" tabindex=\"0\">Installation de la cha\u00eene de traitement automatique des d\u00e9chets:<\/span><\/strong><\/h4>\n<\/div>\n<\/div><\/div><div class=\"w-video align_none ratio_16x9 has_iframe\"><div class=\"w-video-h\"><iframe title=\"Youtube video player\" src=\"\/\/www.youtube.com\/embed\/99HaiqnnccU?autoplay=0&controls=1&origin=https:\/\/gielen-recyclage.be\/fr\/&loop=0&mute=0\" allowfullscreen=\"1\" loading=\"lazy\"><\/iframe><\/div><\/div><\/div><\/div><\/div><\/div><div class=\"w-separator size_medium\"><\/div><div class=\"g-cols wpb_row us_custom_916d5e53 via_flex valign_bottom type_default stacking_default\"><div class=\"vc_col-sm-6 wpb_column vc_column_container\"><div class=\"vc_column-inner\"><div class=\"wpb_wrapper\"><div class=\"wpb_text_column\"><div class=\"wpb_wrapper\"><div id=\"tw-target-text-container\" class=\"gsrt tw-ta-container tw-nfl\">\n<h4 id=\"tw-target-text\" class=\"tw-data-text tw-ta tw-text-medium\" dir=\"ltr\" data-placeholder=\"Translation\"><strong><span lang=\"fr\" tabindex=\"0\">Couvre-sol Grind &amp; Tree \u00e9corce:<\/span><\/strong><\/h4>\n<\/div>\n<\/div><\/div><div class=\"w-video align_none ratio_16x9 has_iframe\"><div class=\"w-video-h\"><iframe title=\"Youtube video player\" src=\"\/\/www.youtube.com\/embed\/ecbAcDWjg3Q?autoplay=0&controls=1&origin=https:\/\/gielen-recyclage.be\/fr\/&loop=0&mute=0\" allowfullscreen=\"1\" loading=\"lazy\"><\/iframe><\/div><\/div><\/div><\/div><\/div><div class=\"vc_col-sm-6 wpb_column vc_column_container\"><div class=\"vc_column-inner\"><div class=\"wpb_wrapper\"><\/div><\/div><\/div><\/div><\/div><\/div><\/div><\/div><\/div><\/section><section class=\"l-section wpb_row height_auto\"><div class=\"l-section-h i-cf\"><div class=\"g-cols vc_row via_flex valign_top type_default stacking_default\"><div class=\"vc_col-sm-12 wpb_column vc_column_container\"><div class=\"vc_column-inner\"><div class=\"wpb_wrapper\"><div class=\"w-separator size_medium\"><\/div><\/div><\/div><\/div><\/div><\/div><\/section>\n","protected":false},"excerpt":{"rendered":"Nos videos Collecter et trier les flux de d\u00e9chets puis les transformer en mati\u00e8re premi\u00e8re pour une deuxi\u00e8me vie: Tri automatique du flux de d\u00e9chets: Dans cette courte vid\u00e9o, vous pouvez voir comment les d\u00e9chets sont trait\u00e9s et mis en balles: Installation de la cha\u00eene de traitement automatique des d\u00e9chets: Couvre-sol Grind &amp; Tree \u00e9corce:","protected":false},"author":1,"featured_media":0,"parent":0,"menu_order":0,"comment_status":"closed","ping_status":"closed","template":"","meta":{"footnotes":""},"pagina-categorie":[],"sector":[],"type-container-per-afvalsoort":[],"class_list":["post-2717","page","type-page","status-publish","hentry"],"acf":[],"yoast_head":"<!-- This site is optimized with the Yoast SEO plugin v26.2 - https:\/\/yoast.com\/wordpress\/plugins\/seo\/ -->\n<title>Regardez nos vid\u00e9os - Container service Gielen<\/title>\n<meta name=\"description\" content=\"Vous souhaitez en savoir plus sur nos services ou sur le fonctionnement de Container Service Gielen? Regardez nos vid\u00e9os sur notre site Web ou acc\u00e9dez directement \u00e0 notre cha\u00eene YouTube.\" \/>\n<meta name=\"robots\" content=\"index, follow, max-snippet:-1, max-image-preview:large, max-video-preview:-1\" \/>\n<link rel=\"canonical\" href=\"https:\/\/gielen-recyclage.be\/fr\/video\/\" \/>\n<meta property=\"og:locale\" content=\"fr_FR\" \/>\n<meta property=\"og:type\" content=\"article\" \/>\n<meta property=\"og:title\" content=\"Regardez nos vid\u00e9os - Container service Gielen\" \/>\n<meta property=\"og:description\" content=\"Vous souhaitez en savoir plus sur nos services ou sur le fonctionnement de Container Service Gielen? Regardez nos vid\u00e9os sur notre site Web ou acc\u00e9dez directement \u00e0 notre cha\u00eene YouTube.\" \/>\n<meta property=\"og:url\" content=\"https:\/\/gielen-recyclage.be\/fr\/video\/\" \/>\n<meta property=\"og:site_name\" content=\"Containerservice Gielen\" \/>\n<meta property=\"article:modified_time\" content=\"2025-10-22T11:15:04+00:00\" \/>\n<meta name=\"twitter:card\" content=\"summary_large_image\" \/>\n<meta name=\"twitter:label1\" content=\"Dur\u00e9e de lecture est.\" \/>\n\t<meta name=\"twitter:data1\" content=\"1 minute\" \/>\n<script type=\"application\/ld+json\" class=\"yoast-schema-graph\">{\"@context\":\"https:\/\/schema.org\",\"@graph\":[{\"@type\":\"WebPage\",\"@id\":\"https:\/\/gielen-recyclage.be\/fr\/video\/\",\"url\":\"https:\/\/gielen-recyclage.be\/fr\/video\/\",\"name\":\"Regardez nos vid\u00e9os - Container service Gielen\",\"isPartOf\":{\"@id\":\"https:\/\/gielen-recyclage.be\/#website\"},\"datePublished\":\"2023-12-04T09:16:22+00:00\",\"dateModified\":\"2025-10-22T11:15:04+00:00\",\"description\":\"Vous souhaitez en savoir plus sur nos services ou sur le fonctionnement de Container Service Gielen? Regardez nos vid\u00e9os sur notre site Web ou acc\u00e9dez directement \u00e0 notre cha\u00eene YouTube.\",\"breadcrumb\":{\"@id\":\"https:\/\/gielen-recyclage.be\/fr\/video\/#breadcrumb\"},\"inLanguage\":\"fr-BE\",\"potentialAction\":[{\"@type\":\"ReadAction\",\"target\":[\"https:\/\/gielen-recyclage.be\/fr\/video\/\"]}]},{\"@type\":\"BreadcrumbList\",\"@id\":\"https:\/\/gielen-recyclage.be\/fr\/video\/#breadcrumb\",\"itemListElement\":[{\"@type\":\"ListItem\",\"position\":1,\"name\":\"Home\",\"item\":\"https:\/\/gielen-recyclage.be\/fr\/\"},{\"@type\":\"ListItem\",\"position\":2,\"name\":\"Video\"}]},{\"@type\":\"WebSite\",\"@id\":\"https:\/\/gielen-recyclage.be\/#website\",\"url\":\"https:\/\/gielen-recyclage.be\/\",\"name\":\"Containerservice Gielen\",\"description\":\"\",\"potentialAction\":[{\"@type\":\"SearchAction\",\"target\":{\"@type\":\"EntryPoint\",\"urlTemplate\":\"https:\/\/gielen-recyclage.be\/?s={search_term_string}\"},\"query-input\":{\"@type\":\"PropertyValueSpecification\",\"valueRequired\":true,\"valueName\":\"search_term_string\"}}],\"inLanguage\":\"fr-BE\"}]}<\/script>\n<!-- \/ Yoast SEO plugin. -->","yoast_head_json":{"title":"Regardez nos vid\u00e9os - Container service Gielen","description":"Vous souhaitez en savoir plus sur nos services ou sur le fonctionnement de Container Service Gielen? Regardez nos vid\u00e9os sur notre site Web ou acc\u00e9dez directement \u00e0 notre cha\u00eene YouTube.","robots":{"index":"index","follow":"follow","max-snippet":"max-snippet:-1","max-image-preview":"max-image-preview:large","max-video-preview":"max-video-preview:-1"},"canonical":"https:\/\/gielen-recyclage.be\/fr\/video\/","og_locale":"fr_FR","og_type":"article","og_title":"Regardez nos vid\u00e9os - Container service Gielen","og_description":"Vous souhaitez en savoir plus sur nos services ou sur le fonctionnement de Container Service Gielen? Regardez nos vid\u00e9os sur notre site Web ou acc\u00e9dez directement \u00e0 notre cha\u00eene YouTube.","og_url":"https:\/\/gielen-recyclage.be\/fr\/video\/","og_site_name":"Containerservice Gielen","article_modified_time":"2025-10-22T11:15:04+00:00","twitter_card":"summary_large_image","twitter_misc":{"Dur\u00e9e de lecture est.":"1 minute"},"schema":{"@context":"https:\/\/schema.org","@graph":[{"@type":"WebPage","@id":"https:\/\/gielen-recyclage.be\/fr\/video\/","url":"https:\/\/gielen-recyclage.be\/fr\/video\/","name":"Regardez nos vid\u00e9os - Container service Gielen","isPartOf":{"@id":"https:\/\/gielen-recyclage.be\/#website"},"datePublished":"2023-12-04T09:16:22+00:00","dateModified":"2025-10-22T11:15:04+00:00","description":"Vous souhaitez en savoir plus sur nos services ou sur le fonctionnement de Container Service Gielen? Regardez nos vid\u00e9os sur notre site Web ou acc\u00e9dez directement \u00e0 notre cha\u00eene YouTube.","breadcrumb":{"@id":"https:\/\/gielen-recyclage.be\/fr\/video\/#breadcrumb"},"inLanguage":"fr-BE","potentialAction":[{"@type":"ReadAction","target":["https:\/\/gielen-recyclage.be\/fr\/video\/"]}]},{"@type":"BreadcrumbList","@id":"https:\/\/gielen-recyclage.be\/fr\/video\/#breadcrumb","itemListElement":[{"@type":"ListItem","position":1,"name":"Home","item":"https:\/\/gielen-recyclage.be\/fr\/"},{"@type":"ListItem","position":2,"name":"Video"}]},{"@type":"WebSite","@id":"https:\/\/gielen-recyclage.be\/#website","url":"https:\/\/gielen-recyclage.be\/","name":"Containerservice Gielen","description":"","potentialAction":[{"@type":"SearchAction","target":{"@type":"EntryPoint","urlTemplate":"https:\/\/gielen-recyclage.be\/?s={search_term_string}"},"query-input":{"@type":"PropertyValueSpecification","valueRequired":true,"valueName":"search_term_string"}}],"inLanguage":"fr-BE"}]}},"_links":{"self":[{"href":"https:\/\/gielen-recyclage.be\/fr\/wp-json\/wp\/v2\/pages\/2717","targetHints":{"allow":["GET"]}}],"collection":[{"href":"https:\/\/gielen-recyclage.be\/fr\/wp-json\/wp\/v2\/pages"}],"about":[{"href":"https:\/\/gielen-recyclage.be\/fr\/wp-json\/wp\/v2\/types\/page"}],"author":[{"embeddable":true,"href":"https:\/\/gielen-recyclage.be\/fr\/wp-json\/wp\/v2\/users\/1"}],"replies":[{"embeddable":true,"href":"https:\/\/gielen-recyclage.be\/fr\/wp-json\/wp\/v2\/comments?post=2717"}],"version-history":[{"count":3,"href":"https:\/\/gielen-recyclage.be\/fr\/wp-json\/wp\/v2\/pages\/2717\/revisions"}],"predecessor-version":[{"id":3110,"href":"https:\/\/gielen-recyclage.be\/fr\/wp-json\/wp\/v2\/pages\/2717\/revisions\/3110"}],"wp:attachment":[{"href":"https:\/\/gielen-recyclage.be\/fr\/wp-json\/wp\/v2\/media?parent=2717"}],"wp:term":[{"taxonomy":"pagina-categorie","embeddable":true,"href":"https:\/\/gielen-recyclage.be\/fr\/wp-json\/wp\/v2\/pagina-categorie?post=2717"},{"taxonomy":"sector","embeddable":true,"href":"https:\/\/gielen-recyclage.be\/fr\/wp-json\/wp\/v2\/sector?post=2717"},{"taxonomy":"type-container-per-afvalsoort","embeddable":true,"href":"https:\/\/gielen-recyclage.be\/fr\/wp-json\/wp\/v2\/type-container-per-afvalsoort?post=2717"}],"curies":[{"name":"wp","href":"https:\/\/api.w.org\/{rel}","templated":true}]}}