{"id":2900,"date":"2025-06-03T15:23:24","date_gmt":"2025-06-03T13:23:24","guid":{"rendered":"https:\/\/gielen-recyclage.be\/duurzaam-ondernemen\/"},"modified":"2025-06-05T16:12:06","modified_gmt":"2025-06-05T14:12:06","slug":"entrepreneuriat-durable","status":"publish","type":"page","link":"https:\/\/gielen-recyclage.be\/fr\/entrepreneuriat-durable\/","title":{"rendered":"Entrepreneuriat durable"},"content":{"rendered":"<section class=\"l-section wpb_row height_auto\"><div class=\"l-section-h i-cf\"><div class=\"g-cols vc_row via_flex valign_top type_default stacking_default\"><div class=\"vc_col-sm-6 wpb_column vc_column_container has_bg_color\"><div class=\"vc_column-inner us_custom_5c3d653d\"><div class=\"wpb_wrapper\"><\/div><\/div><\/div><div class=\"vc_col-sm-1 wpb_column vc_column_container\"><div class=\"vc_column-inner\"><div class=\"wpb_wrapper\"><\/div><\/div><\/div><div class=\"vc_col-sm-5 wpb_column vc_column_container\"><div class=\"vc_column-inner\"><div class=\"wpb_wrapper\"><div class=\"w-separator size_medium\"><\/div><div class=\"wpb_text_column\"><div class=\"wpb_wrapper\"><h1><strong data-start=\"237\" data-end=\"274\">Entrepreneuriat durable chez Gielen Recyclage<\/strong><\/h1>\n<\/div><\/div><div class=\"w-separator size_medium\"><\/div><div class=\"wpb_text_column\"><div class=\"wpb_wrapper\"><p data-start=\"153\" data-end=\"536\">Chez Gielen Recyclage, la durabilit\u00e9 est au c\u0153ur de toutes nos activit\u00e9s. Depuis des ann\u00e9es, nous nous engageons \u00e0 transformer les d\u00e9chets en mati\u00e8res premi\u00e8res pr\u00e9cieuses, dans le respect de l\u2019homme, de l\u2019environnement et des g\u00e9n\u00e9rations futures. Nos services visent \u00e0 maintenir les mat\u00e9riaux le plus longtemps possible dans le cycle de r\u00e9utilisation, afin de limiter le gaspillage.<\/p>\n<p data-start=\"538\" data-end=\"934\">Chaque conteneur que nous pla\u00e7ons, chaque transport que nous effectuons et chaque d\u00e9chet que nous traitons contribue \u00e0 une \u00e9conomie circulaire. Nous sommes convaincus que le recyclage n\u2019est pas seulement une n\u00e9cessit\u00e9, mais aussi une opportunit\u00e9 de faire la diff\u00e9rence. En investissant dans des technologies modernes et des m\u00e9thodes de tri efficaces, nous redonnons vie \u00e0 un maximum de mat\u00e9riaux.<\/p>\n<p data-start=\"936\" data-end=\"1197\">Au sein m\u00eame de notre entreprise, nous nous effor\u00e7ons \u00e9galement de r\u00e9duire notre empreinte \u00e9cologique. Nous optons pour des installations \u00e9conomes en \u00e9nergie, limitons notre consommation de carburant autant que possible et poursuivons une am\u00e9lioration continue.<\/p>\n<p data-start=\"1199\" data-end=\"1392\">Chez Gielen Recyclage, durabilit\u00e9 et entrepreneuriat vont de pair. Ensemble avec nos clients, partenaires et collaborateurs, nous construisons chaque jour un avenir plus propre et plus durable.<\/p>\n<\/div><\/div><div class=\"w-separator size_medium\"><\/div><\/div><\/div><\/div><\/div><\/div><\/section><section class=\"l-section wpb_row us_custom_eac59c77 height_medium\"><div class=\"l-section-h i-cf\"><div class=\"g-cols vc_row via_flex valign_top type_default stacking_default\"><div class=\"vc_col-sm-2 wpb_column vc_column_container\"><div class=\"vc_column-inner\"><div class=\"wpb_wrapper\"><\/div><\/div><\/div><div class=\"vc_col-sm-8 wpb_column vc_column_container\"><div class=\"vc_column-inner\"><div class=\"wpb_wrapper\"><div class=\"wpb_text_column\"><div class=\"wpb_wrapper\"><h2>Gielen est fier partenaire de<\/h2>\n<\/div><\/div><div class=\"w-separator size_medium\"><\/div><div class=\"w-grid us_grid type_grid layout_2805 cols_5 preload_style_spinner\" id=\"us_grid_1\" style=\"--columns:5;--gap:1.5rem;\" data-filterable=\"true\"><style>@media (max-width:1380px){#us_grid_1{--columns:3!important}}@media (max-width:960px){#us_grid_1{--columns:2!important}}@media (max-width:767px){#us_grid_1{--columns:1!important}}.layout_2805 .w-grid-item-h{}<\/style><div class=\"w-grid-list\">\t<article class=\"w-grid-item size_1x1 post-2894 attachment type-attachment status-inherit hentry\" data-id=\"2894\">\r\n\t\t<div class=\"w-grid-item-h\">\r\n\t\t\t\t\t\t<div class=\"w-image usg_image_1 has_ratio\"><div class=\"w-image-h\"><div style=\"padding-bottom:100%\"><\/div><img decoding=\"async\" width=\"350\" height=\"350\" src=\"https:\/\/gielen-recyclage.be\/wp-content\/uploads\/2025\/06\/VOKA_-_B-NVO-kleur-1.jpg\" class=\"attachment-full size-full\" alt=\"\" loading=\"lazy\" \/><\/div><\/div>\t\t<\/div>\r\n\t\t\t<\/article>\r\n\t<article class=\"w-grid-item size_1x1 post-2896 attachment type-attachment status-inherit hentry\" data-id=\"2896\">\r\n\t\t<div class=\"w-grid-item-h\">\r\n\t\t\t\t\t\t<div class=\"w-image usg_image_1 has_ratio\"><div class=\"w-image-h\"><div style=\"padding-bottom:100%\"><\/div><img decoding=\"async\" width=\"350\" height=\"350\" src=\"https:\/\/gielen-recyclage.be\/wp-content\/uploads\/2025\/06\/vsor_default_opengraph_v2-1.jpg\" class=\"attachment-full size-full\" alt=\"\" loading=\"lazy\" \/><\/div><\/div>\t\t<\/div>\r\n\t\t\t<\/article>\r\n\t<article class=\"w-grid-item size_1x1 post-2892 attachment type-attachment status-inherit hentry\" data-id=\"2892\">\r\n\t\t<div class=\"w-grid-item-h\">\r\n\t\t\t\t\t\t<div class=\"w-image usg_image_1 has_ratio\"><div class=\"w-image-h\"><div style=\"padding-bottom:100%\"><\/div><img decoding=\"async\" width=\"350\" height=\"350\" src=\"https:\/\/gielen-recyclage.be\/wp-content\/uploads\/2025\/06\/valumat-1.jpeg\" class=\"attachment-full size-full\" alt=\"\" loading=\"lazy\" \/><\/div><\/div>\t\t<\/div>\r\n\t\t\t<\/article>\r\n\t<article class=\"w-grid-item size_1x1 post-2890 attachment type-attachment status-inherit hentry\" data-id=\"2890\">\r\n\t\t<div class=\"w-grid-item-h\">\r\n\t\t\t\t\t\t<div class=\"w-image usg_image_1 has_ratio\"><div class=\"w-image-h\"><div style=\"padding-bottom:100%\"><\/div><img decoding=\"async\" width=\"350\" height=\"350\" src=\"https:\/\/gielen-recyclage.be\/wp-content\/uploads\/2025\/06\/valipac-1.jpg\" class=\"attachment-full size-full\" alt=\"\" loading=\"lazy\" \/><\/div><\/div>\t\t<\/div>\r\n\t\t\t<\/article>\r\n\t<article class=\"w-grid-item size_1x1 post-2886 attachment type-attachment status-inherit hentry\" data-id=\"2886\">\r\n\t\t<div class=\"w-grid-item-h\">\r\n\t\t\t\t\t\t<div class=\"w-image usg_image_1 has_ratio\"><div class=\"w-image-h\"><div style=\"padding-bottom:100%\"><\/div><img decoding=\"async\" width=\"350\" height=\"350\" src=\"https:\/\/gielen-recyclage.be\/wp-content\/uploads\/2025\/06\/OVAM-1.jpg\" class=\"attachment-full size-full\" alt=\"\" loading=\"lazy\" \/><\/div><\/div>\t\t<\/div>\r\n\t\t\t<\/article>\r\n\t<article class=\"w-grid-item size_1x1 post-2888 attachment type-attachment status-inherit hentry\" data-id=\"2888\">\r\n\t\t<div class=\"w-grid-item-h\">\r\n\t\t\t\t\t\t<div class=\"w-image usg_image_1 has_ratio\"><div class=\"w-image-h\"><div style=\"padding-bottom:100%\"><\/div><img decoding=\"async\" width=\"350\" height=\"350\" src=\"https:\/\/gielen-recyclage.be\/wp-content\/uploads\/2025\/06\/Recytyre-1.jpg\" class=\"attachment-full size-full\" alt=\"\" loading=\"lazy\" \/><\/div><\/div>\t\t<\/div>\r\n\t\t\t<\/article>\r\n\t<article class=\"w-grid-item size_1x1 post-2884 attachment type-attachment status-inherit hentry\" data-id=\"2884\">\r\n\t\t<div class=\"w-grid-item-h\">\r\n\t\t\t\t\t\t<div class=\"w-image usg_image_1 has_ratio\"><div class=\"w-image-h\"><div style=\"padding-bottom:100%\"><\/div><img decoding=\"async\" width=\"350\" height=\"350\" src=\"https:\/\/gielen-recyclage.be\/wp-content\/uploads\/2025\/06\/limburg.net_.jpg\" class=\"attachment-full size-full\" alt=\"\" loading=\"lazy\" \/><\/div><\/div>\t\t<\/div>\r\n\t\t\t<\/article>\r\n\t<article class=\"w-grid-item size_1x1 post-2882 attachment type-attachment status-inherit hentry\" data-id=\"2882\">\r\n\t\t<div class=\"w-grid-item-h\">\r\n\t\t\t\t\t\t<div class=\"w-image usg_image_1 has_ratio\"><div class=\"w-image-h\"><div style=\"padding-bottom:100%\"><\/div><img decoding=\"async\" width=\"350\" height=\"350\" src=\"https:\/\/gielen-recyclage.be\/wp-content\/uploads\/2025\/06\/ivcie-1.jpg\" class=\"attachment-full size-full\" alt=\"\" loading=\"lazy\" \/><\/div><\/div>\t\t<\/div>\r\n\t\t\t<\/article>\r\n\t<article class=\"w-grid-item size_1x1 post-2878 attachment type-attachment status-inherit hentry\" data-id=\"2878\">\r\n\t\t<div class=\"w-grid-item-h\">\r\n\t\t\t\t\t\t<div class=\"w-image usg_image_1 has_ratio\"><div class=\"w-image-h\"><div style=\"padding-bottom:100%\"><\/div><img decoding=\"async\" width=\"350\" height=\"350\" src=\"https:\/\/gielen-recyclage.be\/wp-content\/uploads\/2025\/06\/denuo-1.jpg\" class=\"attachment-full size-full\" alt=\"\" loading=\"lazy\" \/><\/div><\/div>\t\t<\/div>\r\n\t\t\t<\/article>\r\n\t<article class=\"w-grid-item size_1x1 post-2880 attachment type-attachment status-inherit hentry\" data-id=\"2880\">\r\n\t\t<div class=\"w-grid-item-h\">\r\n\t\t\t\t\t\t<div class=\"w-image usg_image_1 has_ratio\"><div class=\"w-image-h\"><div style=\"padding-bottom:100%\"><\/div><img decoding=\"async\" width=\"350\" height=\"350\" src=\"https:\/\/gielen-recyclage.be\/wp-content\/uploads\/2025\/06\/Fostplus-1.jpg\" class=\"attachment-full size-full\" alt=\"\" loading=\"lazy\" \/><\/div><\/div>\t\t<\/div>\r\n\t\t\t<\/article>\r\n<\/div>\t<div class=\"w-grid-preloader\">\r\n\t\t<div class=\"g-preloader type_1\">\r\n\t\t\t<div><\/div>\r\n\t\t<\/div>\r\n\t<\/div>\r\n\t\t<div class=\"w-grid-json hidden\" onclick='return {&quot;action&quot;:&quot;us_ajax_grid&quot;,&quot;infinite_scroll&quot;:0,&quot;max_num_pages&quot;:1,&quot;pagination&quot;:&quot;none&quot;,&quot;template_vars&quot;:{&quot;columns&quot;:&quot;5&quot;,&quot;exclude_items&quot;:&quot;none&quot;,&quot;img_size&quot;:&quot;default&quot;,&quot;ignore_items_size&quot;:0,&quot;items_layout&quot;:&quot;2805&quot;,&quot;items_offset&quot;:&quot;1&quot;,&quot;load_animation&quot;:&quot;none&quot;,&quot;overriding_link&quot;:&quot;%7B%22url%22%3A%22%22%7D&quot;,&quot;post_id&quot;:0,&quot;query_args&quot;:{&quot;post_type&quot;:[&quot;attachment&quot;],&quot;post__in&quot;:[&quot;2895&quot;,&quot;2893&quot;,&quot;2891&quot;,&quot;2889&quot;,&quot;2887&quot;,&quot;2885&quot;,&quot;2883&quot;,&quot;2881&quot;,&quot;2879&quot;,&quot;2877&quot;],&quot;post_status&quot;:&quot;inherit&quot;,&quot;post_mime_type&quot;:&quot;image&quot;,&quot;posts_per_page&quot;:999},&quot;orderby_query_args&quot;:{&quot;orderby&quot;:{&quot;date&quot;:&quot;DESC&quot;}},&quot;type&quot;:&quot;grid&quot;,&quot;us_grid_post_type&quot;:&quot;attachment&quot;,&quot;us_grid_ajax_index&quot;:1,&quot;us_grid_filter_query_string&quot;:null,&quot;us_grid_index&quot;:1,&quot;page_args&quot;:[],&quot;lang&quot;:&quot;fr&quot;}}'><\/div>\r\n\t<\/div><\/div><\/div><\/div><div class=\"vc_col-sm-2 wpb_column vc_column_container\"><div class=\"vc_column-inner\"><div class=\"wpb_wrapper\"><\/div><\/div><\/div><\/div><\/div><\/section><section class=\"l-section wpb_row height_auto\"><div class=\"l-section-h i-cf\"><div class=\"g-cols vc_row via_flex valign_top type_default stacking_default\"><div class=\"vc_col-sm-12 wpb_column vc_column_container\"><div class=\"vc_column-inner\"><div class=\"wpb_wrapper\"><div class=\"w-separator size_medium\"><\/div><\/div><\/div><\/div><\/div><\/div><\/section>\n","protected":false},"excerpt":{"rendered":"","protected":false},"author":1,"featured_media":0,"parent":0,"menu_order":10,"comment_status":"closed","ping_status":"closed","template":"","meta":{"footnotes":""},"pagina-categorie":[],"sector":[],"type-container-per-afvalsoort":[],"class_list":["post-2900","page","type-page","status-publish","hentry"],"acf":[],"yoast_head":"<!-- This site is optimized with the Yoast SEO plugin v26.2 - https:\/\/yoast.com\/wordpress\/plugins\/seo\/ -->\n<title>Entrepreneuriat durable - Containerservice Gielen<\/title>\n<meta name=\"robots\" content=\"index, follow, max-snippet:-1, max-image-preview:large, max-video-preview:-1\" \/>\n<link rel=\"canonical\" href=\"https:\/\/gielen-recyclage.be\/fr\/entrepreneuriat-durable\/\" \/>\n<meta property=\"og:locale\" content=\"fr_FR\" \/>\n<meta property=\"og:type\" content=\"article\" \/>\n<meta property=\"og:title\" content=\"Entrepreneuriat durable - Containerservice Gielen\" \/>\n<meta property=\"og:url\" content=\"https:\/\/gielen-recyclage.be\/fr\/entrepreneuriat-durable\/\" \/>\n<meta property=\"og:site_name\" content=\"Containerservice Gielen\" \/>\n<meta property=\"article:modified_time\" content=\"2025-06-05T14:12:06+00:00\" \/>\n<meta name=\"twitter:card\" content=\"summary_large_image\" \/>\n<meta name=\"twitter:label1\" content=\"Dur\u00e9e de lecture est.\" \/>\n\t<meta name=\"twitter:data1\" content=\"3 minutes\" \/>\n<script type=\"application\/ld+json\" class=\"yoast-schema-graph\">{\"@context\":\"https:\/\/schema.org\",\"@graph\":[{\"@type\":\"WebPage\",\"@id\":\"https:\/\/gielen-recyclage.be\/fr\/entrepreneuriat-durable\/\",\"url\":\"https:\/\/gielen-recyclage.be\/fr\/entrepreneuriat-durable\/\",\"name\":\"Entrepreneuriat durable - Containerservice Gielen\",\"isPartOf\":{\"@id\":\"https:\/\/gielen-recyclage.be\/#website\"},\"datePublished\":\"2025-06-03T13:23:24+00:00\",\"dateModified\":\"2025-06-05T14:12:06+00:00\",\"breadcrumb\":{\"@id\":\"https:\/\/gielen-recyclage.be\/fr\/entrepreneuriat-durable\/#breadcrumb\"},\"inLanguage\":\"fr-BE\",\"potentialAction\":[{\"@type\":\"ReadAction\",\"target\":[\"https:\/\/gielen-recyclage.be\/fr\/entrepreneuriat-durable\/\"]}]},{\"@type\":\"BreadcrumbList\",\"@id\":\"https:\/\/gielen-recyclage.be\/fr\/entrepreneuriat-durable\/#breadcrumb\",\"itemListElement\":[{\"@type\":\"ListItem\",\"position\":1,\"name\":\"Home\",\"item\":\"https:\/\/gielen-recyclage.be\/fr\/\"},{\"@type\":\"ListItem\",\"position\":2,\"name\":\"Entrepreneuriat durable\"}]},{\"@type\":\"WebSite\",\"@id\":\"https:\/\/gielen-recyclage.be\/#website\",\"url\":\"https:\/\/gielen-recyclage.be\/\",\"name\":\"Containerservice Gielen\",\"description\":\"\",\"potentialAction\":[{\"@type\":\"SearchAction\",\"target\":{\"@type\":\"EntryPoint\",\"urlTemplate\":\"https:\/\/gielen-recyclage.be\/?s={search_term_string}\"},\"query-input\":{\"@type\":\"PropertyValueSpecification\",\"valueRequired\":true,\"valueName\":\"search_term_string\"}}],\"inLanguage\":\"fr-BE\"}]}<\/script>\n<!-- \/ Yoast SEO plugin. -->","yoast_head_json":{"title":"Entrepreneuriat durable - Containerservice Gielen","robots":{"index":"index","follow":"follow","max-snippet":"max-snippet:-1","max-image-preview":"max-image-preview:large","max-video-preview":"max-video-preview:-1"},"canonical":"https:\/\/gielen-recyclage.be\/fr\/entrepreneuriat-durable\/","og_locale":"fr_FR","og_type":"article","og_title":"Entrepreneuriat durable - Containerservice Gielen","og_url":"https:\/\/gielen-recyclage.be\/fr\/entrepreneuriat-durable\/","og_site_name":"Containerservice Gielen","article_modified_time":"2025-06-05T14:12:06+00:00","twitter_card":"summary_large_image","twitter_misc":{"Dur\u00e9e de lecture est.":"3 minutes"},"schema":{"@context":"https:\/\/schema.org","@graph":[{"@type":"WebPage","@id":"https:\/\/gielen-recyclage.be\/fr\/entrepreneuriat-durable\/","url":"https:\/\/gielen-recyclage.be\/fr\/entrepreneuriat-durable\/","name":"Entrepreneuriat durable - Containerservice Gielen","isPartOf":{"@id":"https:\/\/gielen-recyclage.be\/#website"},"datePublished":"2025-06-03T13:23:24+00:00","dateModified":"2025-06-05T14:12:06+00:00","breadcrumb":{"@id":"https:\/\/gielen-recyclage.be\/fr\/entrepreneuriat-durable\/#breadcrumb"},"inLanguage":"fr-BE","potentialAction":[{"@type":"ReadAction","target":["https:\/\/gielen-recyclage.be\/fr\/entrepreneuriat-durable\/"]}]},{"@type":"BreadcrumbList","@id":"https:\/\/gielen-recyclage.be\/fr\/entrepreneuriat-durable\/#breadcrumb","itemListElement":[{"@type":"ListItem","position":1,"name":"Home","item":"https:\/\/gielen-recyclage.be\/fr\/"},{"@type":"ListItem","position":2,"name":"Entrepreneuriat durable"}]},{"@type":"WebSite","@id":"https:\/\/gielen-recyclage.be\/#website","url":"https:\/\/gielen-recyclage.be\/","name":"Containerservice Gielen","description":"","potentialAction":[{"@type":"SearchAction","target":{"@type":"EntryPoint","urlTemplate":"https:\/\/gielen-recyclage.be\/?s={search_term_string}"},"query-input":{"@type":"PropertyValueSpecification","valueRequired":true,"valueName":"search_term_string"}}],"inLanguage":"fr-BE"}]}},"_links":{"self":[{"href":"https:\/\/gielen-recyclage.be\/fr\/wp-json\/wp\/v2\/pages\/2900","targetHints":{"allow":["GET"]}}],"collection":[{"href":"https:\/\/gielen-recyclage.be\/fr\/wp-json\/wp\/v2\/pages"}],"about":[{"href":"https:\/\/gielen-recyclage.be\/fr\/wp-json\/wp\/v2\/types\/page"}],"author":[{"embeddable":true,"href":"https:\/\/gielen-recyclage.be\/fr\/wp-json\/wp\/v2\/users\/1"}],"replies":[{"embeddable":true,"href":"https:\/\/gielen-recyclage.be\/fr\/wp-json\/wp\/v2\/comments?post=2900"}],"version-history":[{"count":2,"href":"https:\/\/gielen-recyclage.be\/fr\/wp-json\/wp\/v2\/pages\/2900\/revisions"}],"predecessor-version":[{"id":2903,"href":"https:\/\/gielen-recyclage.be\/fr\/wp-json\/wp\/v2\/pages\/2900\/revisions\/2903"}],"wp:attachment":[{"href":"https:\/\/gielen-recyclage.be\/fr\/wp-json\/wp\/v2\/media?parent=2900"}],"wp:term":[{"taxonomy":"pagina-categorie","embeddable":true,"href":"https:\/\/gielen-recyclage.be\/fr\/wp-json\/wp\/v2\/pagina-categorie?post=2900"},{"taxonomy":"sector","embeddable":true,"href":"https:\/\/gielen-recyclage.be\/fr\/wp-json\/wp\/v2\/sector?post=2900"},{"taxonomy":"type-container-per-afvalsoort","embeddable":true,"href":"https:\/\/gielen-recyclage.be\/fr\/wp-json\/wp\/v2\/type-container-per-afvalsoort?post=2900"}],"curies":[{"name":"wp","href":"https:\/\/api.w.org\/{rel}","templated":true}]}}