{"id":2961,"date":"2025-06-18T08:47:08","date_gmt":"2025-06-18T06:47:08","guid":{"rendered":"https:\/\/gielen-recyclage.be\/types-de-dechets\/oga-oliehoudend-garageafval\/"},"modified":"2025-07-31T15:00:25","modified_gmt":"2025-07-31T13:00:25","slug":"dechets-huileux-de-garage","status":"publish","type":"page","link":"https:\/\/gielen-recyclage.be\/fr\/types-de-dechets\/dechets-huileux-de-garage\/","title":{"rendered":"D\u00e9chets huileux de garage"},"content":{"rendered":"<section class=\"l-section wpb_row us_custom_d2199d32 height_auto\"><div class=\"l-section-h i-cf\"><div class=\"g-cols vc_row via_flex valign_middle type_boxes stacking_default\" style=\"--additional-gap:15px;\"><div class=\"vc_col-sm-1 vc_hidden-sm vc_hidden-xs wpb_column vc_column_container has_bg_color stretched\"><div class=\"vc_column-inner us_custom_af79da3b\"><div class=\"wpb_wrapper\"><\/div><\/div><\/div><div class=\"vc_col-sm-7 vc_col-lg-7 vc_col-md-7 vc_col-xs-12 wpb_column vc_column_container has_bg_color\"><div class=\"vc_column-inner us_custom_43bb1cd8\"><div class=\"wpb_wrapper\"><div class=\"wpb_text_column\"><div class=\"wpb_wrapper\"><h1>D\u00e9chets huileux de garage<\/h1>\n<p>Les d\u00e9chets huileux sont g\u00e9n\u00e9r\u00e9s lors des travaux d&rsquo;entretien et de r\u00e9paration dans les garages et ateliers. Il s&rsquo;agit de d\u00e9chets contamin\u00e9s par de l&rsquo;huile, de la graisse ou du carburant. Pensez aux chiffons de nettoyage, aux granul\u00e9s absorbants et aux filtres \u00e0 huile.<\/p>\n<p>S&rsquo;agissant de d\u00e9chets dangereux, les d\u00e9chets huileux doivent \u00eatre collect\u00e9s, transport\u00e9s et trait\u00e9s en toute s\u00e9curit\u00e9. Gielen Container Service propose des conteneurs adapt\u00e9s et conformes \u00e0 la l\u00e9gislation.<\/p>\n<\/div><\/div><div class=\"w-separator size_small\"><\/div><div class=\"w-btn-wrapper align_none\"><a class=\"w-btn us-btn-style_1 icon_atright\" title=\"Offerteaanvraag\" href=\"https:\/\/gielen-recyclage.be\/fr\/demande-de-devis\/\"><span class=\"w-btn-label\">Je souhaite recevoir un devis<\/span><i class=\"far fa-long-arrow-right\"><\/i><\/a><\/div><\/div><\/div><\/div><div class=\"vc_col-sm-5 vc_col-lg-4 vc_col-md-4 vc_col-xs-12 wpb_column vc_column_container h300 popupopen has_bg_color stretched\"><div class=\"vc_column-inner us_custom_53011090\"><div class=\"wpb_wrapper\"><\/div><\/div><\/div><\/div><\/div><\/section><section class=\"l-section wpb_row height_large\"><div class=\"l-section-h i-cf\"><div class=\"g-cols vc_row via_flex valign_top type_default stacking_default\"><div class=\"vc_col-sm-12 wpb_column vc_column_container\"><div class=\"vc_column-inner\"><div class=\"wpb_wrapper\"><div class=\"g-cols wpb_row via_flex valign_top type_default stacking_default\"><div class=\"vc_col-sm-6 wpb_column vc_column_container\"><div class=\"vc_column-inner\"><div class=\"wpb_wrapper\"><\/div><\/div><\/div><div class=\"vc_col-sm-6 wpb_column vc_column_container\"><div class=\"vc_column-inner\"><div class=\"wpb_wrapper\"><\/div><\/div><\/div><\/div><div class=\"g-cols wpb_row via_flex valign_top type_default stacking_default\"><div class=\"vc_col-sm-6 wpb_column vc_column_container\"><div class=\"vc_column-inner\"><div class=\"wpb_wrapper\"><div class=\"wpb_text_column\"><div class=\"wpb_wrapper\"><h2>Types de d\u00e9chets huileux<\/h2>\n<p>Les d\u00e9chets huileux constituent un type de d\u00e9chets tr\u00e8s vari\u00e9. Ils comprennent notamment les chiffons et les torchons impr\u00e9gn\u00e9s d&rsquo;huile, les filtres usag\u00e9s, les boues provenant des s\u00e9parateurs d&rsquo;huile, les granul\u00e9s absorbants et les mat\u00e9riaux de protection contre les fuites.<\/p>\n<p>Les gants ou v\u00eatements de travail ayant \u00e9t\u00e9 en contact avec de l&rsquo;huile ou des lubrifiants appartiennent \u00e9galement \u00e0 cette cat\u00e9gorie. Ces d\u00e9chets ne peuvent pas \u00eatre jet\u00e9s avec les d\u00e9chets r\u00e9siduels et doivent \u00eatre collect\u00e9s s\u00e9par\u00e9ment par des entreprises de traitement agr\u00e9\u00e9es.<\/p>\n<\/div><\/div><\/div><\/div><\/div><div class=\"vc_col-sm-6 wpb_column vc_column_container\"><div class=\"vc_column-inner\"><div class=\"wpb_wrapper\"><div class=\"wpb_text_column\"><div class=\"wpb_wrapper\"><h2>Conteneurs de collecte avec \u00e9change propre<\/h2>\n<p>Les conteneurs pour d\u00e9chets huileux sont \u00e9tanches, conformes \u00e0 l&rsquo;ADR et sp\u00e9cialement con\u00e7us pour ce type de d\u00e9chets. \u00c0 chaque collecte, Gielen Container Service fournit un conteneur de remplacement propre. Votre atelier reste ainsi s\u00fbr et hygi\u00e9nique, sans odeurs d\u00e9sagr\u00e9ables ni risque de d\u00e9versement.<\/p>\n<\/div><\/div><\/div><\/div><\/div><\/div><div class=\"w-separator size_small\"><\/div><div class=\"w-btn-wrapper align_none\"><a class=\"w-btn us-btn-style_1 icon_atright\" title=\"Offerteaanvraag\" href=\"https:\/\/gielen-recyclage.be\/fr\/demande-de-devis\/\"><span class=\"w-btn-label\">Je souhaite recevoir un devis<\/span><i class=\"far fa-long-arrow-right\"><\/i><\/a><\/div><\/div><\/div><\/div><\/div><\/div><\/section><section class=\"l-section wpb_row height_auto\"><div class=\"l-section-h i-cf\"><div class=\"g-cols vc_row via_flex valign_middle type_boxes stacking_default\"><div class=\"vc_col-sm-8 wpb_column vc_column_container has_bg_color\"><div class=\"vc_column-inner us_custom_5fb9c346\"><div class=\"wpb_wrapper\"><div class=\"wpb_text_column us_custom_e97771c2 has_text_color\"><div class=\"wpb_wrapper\"><h3><strong>D\u00c9COUVREZ NOS CONTENEURS \u00c0 D\u00c9CHETS<br \/>\nPOUR VOS HUILES<\/strong><\/h3>\n<\/div><\/div><\/div><\/div><\/div><div class=\"vc_col-sm-4 wpb_column vc_column_container has_bg_color\"><div class=\"vc_column-inner us_custom_5fb9c346\"><div class=\"wpb_wrapper\"><div class=\"w-btn-wrapper align_center\"><a class=\"w-btn us-btn-style_3 icon_atright\" title=\"Contact\" href=\"https:\/\/gielen-recyclage.be\/fr\/brochures\/\"><span class=\"w-btn-label\">Montrez-moi la brochure<\/span><i class=\"far fa-long-arrow-right\"><\/i><\/a><\/div><\/div><\/div><\/div><\/div><\/div><\/section><section class=\"l-section wpb_row height_medium\"><div class=\"l-section-h i-cf\"><div class=\"g-cols vc_row via_flex valign_top type_default stacking_default\"><div class=\"vc_col-sm-12 wpb_column vc_column_container\"><div class=\"vc_column-inner\"><div class=\"wpb_wrapper\"><\/div><\/div><\/div><\/div><\/div><\/section><section class=\"l-section wpb_row us_custom_43bb1cd8 height_large\"><div class=\"l-section-h i-cf\"><div class=\"g-cols vc_row via_flex valign_top type_default stacking_default\" style=\"--additional-gap:15px;\"><div class=\"vc_col-sm-8 wpb_column vc_column_container\"><div class=\"vc_column-inner\"><div class=\"wpb_wrapper\"><div class=\"wpb_text_column\"><div class=\"wpb_wrapper\"><h3>CONDITIONS D&rsquo;ACCEPTATION<br \/>\nDES D\u00c9CHETS HUILEUX<\/h3>\n<p>Les d\u00e9chets huileux sont des d\u00e9chets dangereux et<br \/>\ndoivent \u00eatre stock\u00e9s dans des conteneurs roulants et\/ou des r\u00e9cipients pr\u00e9vus \u00e0 cet effet.<\/p>\n<\/div><\/div><div class=\"w-separator size_small\"><\/div><\/div><\/div><\/div><div class=\"vc_col-sm-4 wpb_column vc_column_container\"><div class=\"vc_column-inner\"><div class=\"wpb_wrapper\"><\/div><\/div><\/div><div class=\"vc_col-sm-4 wpb_column vc_column_container\"><div class=\"vc_column-inner\"><div class=\"wpb_wrapper\"><div class=\"wpb_text_column toegestaan\"><div class=\"wpb_wrapper\"><p><strong>Sont autoris\u00e9s <\/strong><\/p>\n<ul>\n<li>Chiffons souill\u00e9s d&rsquo;huile et de graisse<\/li>\n<li>Papier\/carton souill\u00e9 d&rsquo;huile<\/li>\n<li>V\u00eatements souill\u00e9s d&rsquo;huile<\/li>\n<li>Granul\u00e9s absorbants\/absorbants<\/li>\n<li>Emballages vides d&rsquo;huile\/lubrifiants<\/li>\n<li>Mat\u00e9riel filtrant<\/li>\n<li>Filtres \u00e0 huile et filtres \u00e0 carburant<\/li>\n<li>Amortisseurs non pollu\u00e9s<\/li>\n<\/ul>\n<\/div><\/div><div class=\"w-separator size_small\"><\/div><\/div><\/div><\/div><div class=\"vc_col-sm-4 wpb_column vc_column_container\"><div class=\"vc_column-inner\"><div class=\"wpb_wrapper\"><div class=\"wpb_text_column niettoegestaan\"><div class=\"wpb_wrapper\"><p><strong>Non autoris\u00e9<\/strong><\/p>\n<ul>\n<li>D\u00e9chets contamin\u00e9s par de l&rsquo;essence, du diluant ou d&rsquo;autres solvants<\/li>\n<li>Morceaux m\u00e9talliques solides<\/li>\n<li>Broyures m\u00e9talliques huileuses<\/li>\n<li>Emballages d&rsquo;autres produits dangereux<\/li>\n<\/ul>\n<\/div><\/div><div class=\"w-separator size_small\"><\/div><\/div><\/div><\/div><div class=\"vc_col-sm-4 wpb_column vc_column_container\"><div class=\"vc_column-inner\"><div class=\"wpb_wrapper\"><div class=\"wpb_text_column\"><div class=\"wpb_wrapper\"><p>En cas de non-conformit\u00e9, le collecteur se r\u00e9serve le droit de refuser le chargement concern\u00e9 et\/ou de facturer les frais suppl\u00e9mentaires d&rsquo;enl\u00e8vement et de traitement qui en d\u00e9coulent.<\/p>\n<\/div><\/div><div class=\"w-separator size_small\"><\/div><div class=\"w-btn-wrapper align_none\"><a class=\"w-btn us-btn-style_1 icon_atright\" target=\"_blank\" href=\"https:\/\/gielen-recyclage.be\/wp-content\/uploads\/2025\/07\/Dechets-huileux-de-Garage-1.pdf\"><span class=\"w-btn-label\">T\u00e9l\u00e9charger le pdf avec l&rsquo;aper\u00e7u<\/span><i class=\"fas fa-long-arrow-right\"><\/i><\/a><\/div><\/div><\/div><\/div><\/div><\/div><\/section><section class=\"l-section wpb_row height_large\"><div class=\"l-section-h i-cf\"><div class=\"g-cols vc_row via_flex valign_top type_default stacking_default\"><div class=\"vc_col-sm-12 wpb_column vc_column_container\"><div class=\"vc_column-inner\"><div class=\"wpb_wrapper\"><div class=\"g-cols wpb_row via_flex valign_top type_default stacking_default\"><div class=\"vc_col-sm-3 wpb_column vc_column_container\"><div class=\"vc_column-inner\"><div class=\"wpb_wrapper\"><div class=\"w-grid us_carousel overflowright type_carousel layout_544 preload_style_spinner\" id=\"us_grid_1\"><style>.layout_544 .w-grid-item-h{background:#F2F2F2}.layout_544 .usg_vwrapper_1{margin-bottom:70px!important;padding:30px!important;background:#F2F2F2!important}.layout_544 .usg_btn_1{width:100%!important}.layout_544 .usg_hwrapper_1{border-top-width:20px!important;border-color:#ffffff!important;position:absolute!important;left:0!important;bottom:0!important;right:0!important;z-index:99!important;border-top-style:solid!important;background:#ffffff!important}@media (min-width:961px) and (max-width:1380px){.layout_544 .usg_vwrapper_1{margin-bottom:70px!important;padding:30px!important}}@media (min-width:768px) and (max-width:960px){.layout_544 .usg_vwrapper_1{margin-bottom:70px!important;padding:30px!important}}@media (max-width:767px){.layout_544 .usg_vwrapper_1{margin-bottom:70px!important;padding:15px 15px 30px 15px!important}.layout_544 .usg_post_title_1{font-size:15px!important}}<\/style><div class=\"w-grid-list owl-carousel valign_stretch dotstyle_circle navstyle_circle arrows-ver-pos_middle arrows-hor-pos_on_sides_outside arrows-disabled_hide owl-responsive-2000 with_arrows\" style=\"--transition-duration:350ms;--arrows-size:1.5rem;--arrows-hor-offset:calc(0px + 0px);--arrows-gap:10px;\">\t<article class=\"w-grid-item post-2172 container type-container status-publish has-post-thumbnail hentry afvalstroom-dechets-melanges-non-triables afvalstroom-dechets-melanges-triables afvalstroom-destruction-darchives afvalstroom-papier-et-carton afvalstroom-pmc afvalstroom-swill-dechets-alimentaires afvalstroom-verre type-container-containers-a-roulettes\" data-id=\"2172\">\r\n\t\t<div class=\"w-grid-item-h\">\r\n\t\t\t\t\t\t<div class=\"w-post-elm post_image usg_post_image_1 has_ratio\"><a href=\"https:\/\/gielen-recyclage.be\/offerteaanvraag\/\" aria-label=\"Conteneurs \u00e0 roulettes 240l\"><img loading=\"lazy\" decoding=\"async\" width=\"1024\" height=\"683\" src=\"https:\/\/gielen-recyclage.be\/wp-content\/uploads\/2023\/07\/240-1-1024x683.jpg\" class=\"attachment-large size-large wp-post-image\" alt=\"\" \/><\/a><div style=\"padding-bottom:100%\"><\/div><\/div><div class=\"w-vwrapper usg_vwrapper_1\" style=\"--vwrapper-gap:0.9rem\"><h5 class=\"w-post-elm post_title usg_post_title_1 align_center entry-title color_link_inherit\"><a href=\"https:\/\/gielen-recyclage.be\/offerteaanvraag\/\">Conteneurs \u00e0 roulettes 240l<\/a><\/h5><\/div><div class=\"w-hwrapper usg_hwrapper_1\" style=\"--hwrapper-gap:1.20rem\"><a class=\"w-btn us-btn-style_1 usg_btn_1 icon_atright\" href=\"https:\/\/gielen-recyclage.be\/fr\/demande-de-devis\/\"><span class=\"w-btn-label\">LOUER UN CONTENEUR<\/span><i class=\"fas fa-long-arrow-right\"><\/i><\/a><\/div>\t\t<\/div>\r\n\t\t\t<\/article>\r\n<\/div><div class=\"w-grid-carousel-json hidden\" onclick='return {&quot;carousel_settings&quot;:{&quot;aria_labels&quot;:{&quot;prev&quot;:&quot;Pr\\u00e9c\\u00e9dent&quot;,&quot;next&quot;:&quot;Suivant&quot;},&quot;autoplayContinual&quot;:false,&quot;autoplayHoverPause&quot;:false,&quot;autoplayTimeout&quot;:3000,&quot;autoWidth&quot;:false,&quot;smartSpeed&quot;:350,&quot;margin&quot;:0,&quot;mouseDrag&quot;:true,&quot;rtl&quot;:false,&quot;slideBy&quot;:&quot;1&quot;,&quot;touchDrag&quot;:true,&quot;slideTransition&quot;:&quot;&quot;,&quot;responsive&quot;:{&quot;0&quot;:{&quot;autoHeight&quot;:false,&quot;autoplay&quot;:true,&quot;autoWidth&quot;:false,&quot;center&quot;:false,&quot;dots&quot;:false,&quot;items&quot;:1,&quot;loop&quot;:false,&quot;nav&quot;:false,&quot;stagePadding&quot;:0,&quot;slideBy&quot;:&quot;1&quot;},&quot;768&quot;:{&quot;autoHeight&quot;:false,&quot;autoplay&quot;:true,&quot;autoWidth&quot;:false,&quot;center&quot;:false,&quot;dots&quot;:false,&quot;items&quot;:1,&quot;loop&quot;:false,&quot;nav&quot;:true,&quot;stagePadding&quot;:0,&quot;slideBy&quot;:&quot;1&quot;},&quot;961&quot;:{&quot;autoHeight&quot;:false,&quot;autoplay&quot;:true,&quot;autoWidth&quot;:false,&quot;center&quot;:false,&quot;dots&quot;:false,&quot;items&quot;:1,&quot;loop&quot;:false,&quot;nav&quot;:true,&quot;stagePadding&quot;:0,&quot;slideBy&quot;:&quot;1&quot;},&quot;1381&quot;:{&quot;items&quot;:1,&quot;autoplay&quot;:false,&quot;center&quot;:false,&quot;dots&quot;:false,&quot;nav&quot;:true,&quot;autoHeight&quot;:false,&quot;autoWidth&quot;:false,&quot;loop&quot;:false,&quot;stagePadding&quot;:0}}}}'><\/div><\/div><\/div><\/div><\/div><div class=\"vc_col-sm-6 wpb_column vc_column_container\"><div class=\"vc_column-inner\"><div class=\"wpb_wrapper\"><div class=\"wpb_text_column\"><div class=\"wpb_wrapper\"><h2>Demandez votre conteneur d\u00e9chets huileux<\/h2>\n<p>Vous avez des d\u00e9chets huileux et recherchez un partenaire fiable pour leur collecte ? Gielen Container Service propose des solutions sur mesure dans tout le Limbourg, avec un service rapide et des accords clairs.<\/p>\n<p><strong>Demandez un devis gratuit d\u00e8s aujourd&rsquo;hui.<\/strong><\/p>\n<\/div><\/div><\/div><\/div><\/div><div class=\"vc_col-sm-3 wpb_column vc_column_container\"><div class=\"vc_column-inner\"><div class=\"wpb_wrapper\"><\/div><\/div><\/div><\/div><div class=\"w-separator size_medium\"><\/div><\/div><\/div><\/div><\/div><\/div><\/section>\n","protected":false},"excerpt":{"rendered":"120-3 Caract\u00e9ristiques et dimensions : L : 580 x l : 740 x H : 1070 Contenance : +\/- 4 sacs-poubelle de 60 L Passe par une porte 2 roues en PVC Je souhaite recevoir un devis. Quel type de d\u00e9chetpeut-on mettre dans un conteneur roulant de 240L ? D\u00e9chets huileux de garageConteneurs pour d\u00e9chets...","protected":false},"author":1,"featured_media":118,"parent":2008,"menu_order":15,"comment_status":"closed","ping_status":"closed","template":"","meta":{"footnotes":""},"pagina-categorie":[],"sector":[161],"type-container-per-afvalsoort":[],"class_list":["post-2961","page","type-page","status-publish","has-post-thumbnail","hentry","sector-garages-fr"],"acf":[],"yoast_head":"<!-- This site is optimized with the Yoast SEO plugin v26.2 - https:\/\/yoast.com\/wordpress\/plugins\/seo\/ -->\n<title>Collecte s\u00e9curis\u00e9e des d\u00e9chets de garage contenant de l&#039;huile | Containerservice Gielen<\/title>\n<meta name=\"description\" content=\"Conteneurs pour d\u00e9chets contenant de l&#039;huile, avec \u00e9change propre \u00e0 chaque collecte. Service rapide et traitement s\u00e9curis\u00e9 dans tout le Limbourg.\" \/>\n<meta name=\"robots\" content=\"index, follow, max-snippet:-1, max-image-preview:large, max-video-preview:-1\" \/>\n<link rel=\"canonical\" href=\"https:\/\/gielen-recyclage.be\/fr\/types-de-dechets\/dechets-huileux-de-garage\/\" \/>\n<meta property=\"og:locale\" content=\"fr_FR\" \/>\n<meta property=\"og:type\" content=\"article\" \/>\n<meta property=\"og:title\" content=\"Collecte s\u00e9curis\u00e9e des d\u00e9chets de garage contenant de l&#039;huile | Containerservice Gielen\" \/>\n<meta property=\"og:description\" content=\"Conteneurs pour d\u00e9chets contenant de l&#039;huile, avec \u00e9change propre \u00e0 chaque collecte. Service rapide et traitement s\u00e9curis\u00e9 dans tout le Limbourg.\" \/>\n<meta property=\"og:url\" content=\"https:\/\/gielen-recyclage.be\/fr\/types-de-dechets\/dechets-huileux-de-garage\/\" \/>\n<meta property=\"og:site_name\" content=\"Containerservice Gielen\" \/>\n<meta property=\"article:modified_time\" content=\"2025-07-31T13:00:25+00:00\" \/>\n<meta property=\"og:image\" content=\"https:\/\/gielen-recyclage.be\/wp-content\/uploads\/2023\/07\/Iconen-afval_Recycle.png\" \/>\n\t<meta property=\"og:image:width\" content=\"500\" \/>\n\t<meta property=\"og:image:height\" content=\"500\" \/>\n\t<meta property=\"og:image:type\" content=\"image\/png\" \/>\n<meta name=\"twitter:card\" content=\"summary_large_image\" \/>\n<meta name=\"twitter:label1\" content=\"Dur\u00e9e de lecture est.\" \/>\n\t<meta name=\"twitter:data1\" content=\"3 minutes\" \/>\n<script type=\"application\/ld+json\" class=\"yoast-schema-graph\">{\"@context\":\"https:\/\/schema.org\",\"@graph\":[{\"@type\":\"WebPage\",\"@id\":\"https:\/\/gielen-recyclage.be\/fr\/types-de-dechets\/dechets-huileux-de-garage\/\",\"url\":\"https:\/\/gielen-recyclage.be\/fr\/types-de-dechets\/dechets-huileux-de-garage\/\",\"name\":\"Collecte s\u00e9curis\u00e9e des d\u00e9chets de garage contenant de l'huile | Containerservice Gielen\",\"isPartOf\":{\"@id\":\"https:\/\/gielen-recyclage.be\/#website\"},\"primaryImageOfPage\":{\"@id\":\"https:\/\/gielen-recyclage.be\/fr\/types-de-dechets\/dechets-huileux-de-garage\/#primaryimage\"},\"image\":{\"@id\":\"https:\/\/gielen-recyclage.be\/fr\/types-de-dechets\/dechets-huileux-de-garage\/#primaryimage\"},\"thumbnailUrl\":\"https:\/\/gielen-recyclage.be\/wp-content\/uploads\/2023\/07\/Iconen-afval_Recycle.png\",\"datePublished\":\"2025-06-18T06:47:08+00:00\",\"dateModified\":\"2025-07-31T13:00:25+00:00\",\"description\":\"Conteneurs pour d\u00e9chets contenant de l'huile, avec \u00e9change propre \u00e0 chaque collecte. Service rapide et traitement s\u00e9curis\u00e9 dans tout le Limbourg.\",\"breadcrumb\":{\"@id\":\"https:\/\/gielen-recyclage.be\/fr\/types-de-dechets\/dechets-huileux-de-garage\/#breadcrumb\"},\"inLanguage\":\"fr-BE\",\"potentialAction\":[{\"@type\":\"ReadAction\",\"target\":[\"https:\/\/gielen-recyclage.be\/fr\/types-de-dechets\/dechets-huileux-de-garage\/\"]}]},{\"@type\":\"ImageObject\",\"inLanguage\":\"fr-BE\",\"@id\":\"https:\/\/gielen-recyclage.be\/fr\/types-de-dechets\/dechets-huileux-de-garage\/#primaryimage\",\"url\":\"https:\/\/gielen-recyclage.be\/wp-content\/uploads\/2023\/07\/Iconen-afval_Recycle.png\",\"contentUrl\":\"https:\/\/gielen-recyclage.be\/wp-content\/uploads\/2023\/07\/Iconen-afval_Recycle.png\",\"width\":500,\"height\":500},{\"@type\":\"BreadcrumbList\",\"@id\":\"https:\/\/gielen-recyclage.be\/fr\/types-de-dechets\/dechets-huileux-de-garage\/#breadcrumb\",\"itemListElement\":[{\"@type\":\"ListItem\",\"position\":1,\"name\":\"Home\",\"item\":\"https:\/\/gielen-recyclage.be\/fr\/\"},{\"@type\":\"ListItem\",\"position\":2,\"name\":\"Types de d\u00e9chets\",\"item\":\"https:\/\/gielen-recyclage.be\/fr\/types-de-dechets\/\"},{\"@type\":\"ListItem\",\"position\":3,\"name\":\"D\u00e9chets huileux de garage\"}]},{\"@type\":\"WebSite\",\"@id\":\"https:\/\/gielen-recyclage.be\/#website\",\"url\":\"https:\/\/gielen-recyclage.be\/\",\"name\":\"Containerservice Gielen\",\"description\":\"\",\"potentialAction\":[{\"@type\":\"SearchAction\",\"target\":{\"@type\":\"EntryPoint\",\"urlTemplate\":\"https:\/\/gielen-recyclage.be\/?s={search_term_string}\"},\"query-input\":{\"@type\":\"PropertyValueSpecification\",\"valueRequired\":true,\"valueName\":\"search_term_string\"}}],\"inLanguage\":\"fr-BE\"}]}<\/script>\n<!-- \/ Yoast SEO plugin. -->","yoast_head_json":{"title":"Collecte s\u00e9curis\u00e9e des d\u00e9chets de garage contenant de l'huile | Containerservice Gielen","description":"Conteneurs pour d\u00e9chets contenant de l'huile, avec \u00e9change propre \u00e0 chaque collecte. Service rapide et traitement s\u00e9curis\u00e9 dans tout le Limbourg.","robots":{"index":"index","follow":"follow","max-snippet":"max-snippet:-1","max-image-preview":"max-image-preview:large","max-video-preview":"max-video-preview:-1"},"canonical":"https:\/\/gielen-recyclage.be\/fr\/types-de-dechets\/dechets-huileux-de-garage\/","og_locale":"fr_FR","og_type":"article","og_title":"Collecte s\u00e9curis\u00e9e des d\u00e9chets de garage contenant de l'huile | Containerservice Gielen","og_description":"Conteneurs pour d\u00e9chets contenant de l'huile, avec \u00e9change propre \u00e0 chaque collecte. Service rapide et traitement s\u00e9curis\u00e9 dans tout le Limbourg.","og_url":"https:\/\/gielen-recyclage.be\/fr\/types-de-dechets\/dechets-huileux-de-garage\/","og_site_name":"Containerservice Gielen","article_modified_time":"2025-07-31T13:00:25+00:00","og_image":[{"width":500,"height":500,"url":"https:\/\/gielen-recyclage.be\/wp-content\/uploads\/2023\/07\/Iconen-afval_Recycle.png","type":"image\/png"}],"twitter_card":"summary_large_image","twitter_misc":{"Dur\u00e9e de lecture est.":"3 minutes"},"schema":{"@context":"https:\/\/schema.org","@graph":[{"@type":"WebPage","@id":"https:\/\/gielen-recyclage.be\/fr\/types-de-dechets\/dechets-huileux-de-garage\/","url":"https:\/\/gielen-recyclage.be\/fr\/types-de-dechets\/dechets-huileux-de-garage\/","name":"Collecte s\u00e9curis\u00e9e des d\u00e9chets de garage contenant de l'huile | Containerservice Gielen","isPartOf":{"@id":"https:\/\/gielen-recyclage.be\/#website"},"primaryImageOfPage":{"@id":"https:\/\/gielen-recyclage.be\/fr\/types-de-dechets\/dechets-huileux-de-garage\/#primaryimage"},"image":{"@id":"https:\/\/gielen-recyclage.be\/fr\/types-de-dechets\/dechets-huileux-de-garage\/#primaryimage"},"thumbnailUrl":"https:\/\/gielen-recyclage.be\/wp-content\/uploads\/2023\/07\/Iconen-afval_Recycle.png","datePublished":"2025-06-18T06:47:08+00:00","dateModified":"2025-07-31T13:00:25+00:00","description":"Conteneurs pour d\u00e9chets contenant de l'huile, avec \u00e9change propre \u00e0 chaque collecte. Service rapide et traitement s\u00e9curis\u00e9 dans tout le Limbourg.","breadcrumb":{"@id":"https:\/\/gielen-recyclage.be\/fr\/types-de-dechets\/dechets-huileux-de-garage\/#breadcrumb"},"inLanguage":"fr-BE","potentialAction":[{"@type":"ReadAction","target":["https:\/\/gielen-recyclage.be\/fr\/types-de-dechets\/dechets-huileux-de-garage\/"]}]},{"@type":"ImageObject","inLanguage":"fr-BE","@id":"https:\/\/gielen-recyclage.be\/fr\/types-de-dechets\/dechets-huileux-de-garage\/#primaryimage","url":"https:\/\/gielen-recyclage.be\/wp-content\/uploads\/2023\/07\/Iconen-afval_Recycle.png","contentUrl":"https:\/\/gielen-recyclage.be\/wp-content\/uploads\/2023\/07\/Iconen-afval_Recycle.png","width":500,"height":500},{"@type":"BreadcrumbList","@id":"https:\/\/gielen-recyclage.be\/fr\/types-de-dechets\/dechets-huileux-de-garage\/#breadcrumb","itemListElement":[{"@type":"ListItem","position":1,"name":"Home","item":"https:\/\/gielen-recyclage.be\/fr\/"},{"@type":"ListItem","position":2,"name":"Types de d\u00e9chets","item":"https:\/\/gielen-recyclage.be\/fr\/types-de-dechets\/"},{"@type":"ListItem","position":3,"name":"D\u00e9chets huileux de garage"}]},{"@type":"WebSite","@id":"https:\/\/gielen-recyclage.be\/#website","url":"https:\/\/gielen-recyclage.be\/","name":"Containerservice Gielen","description":"","potentialAction":[{"@type":"SearchAction","target":{"@type":"EntryPoint","urlTemplate":"https:\/\/gielen-recyclage.be\/?s={search_term_string}"},"query-input":{"@type":"PropertyValueSpecification","valueRequired":true,"valueName":"search_term_string"}}],"inLanguage":"fr-BE"}]}},"_links":{"self":[{"href":"https:\/\/gielen-recyclage.be\/fr\/wp-json\/wp\/v2\/pages\/2961","targetHints":{"allow":["GET"]}}],"collection":[{"href":"https:\/\/gielen-recyclage.be\/fr\/wp-json\/wp\/v2\/pages"}],"about":[{"href":"https:\/\/gielen-recyclage.be\/fr\/wp-json\/wp\/v2\/types\/page"}],"author":[{"embeddable":true,"href":"https:\/\/gielen-recyclage.be\/fr\/wp-json\/wp\/v2\/users\/1"}],"replies":[{"embeddable":true,"href":"https:\/\/gielen-recyclage.be\/fr\/wp-json\/wp\/v2\/comments?post=2961"}],"version-history":[{"count":6,"href":"https:\/\/gielen-recyclage.be\/fr\/wp-json\/wp\/v2\/pages\/2961\/revisions"}],"predecessor-version":[{"id":3023,"href":"https:\/\/gielen-recyclage.be\/fr\/wp-json\/wp\/v2\/pages\/2961\/revisions\/3023"}],"up":[{"embeddable":true,"href":"https:\/\/gielen-recyclage.be\/fr\/wp-json\/wp\/v2\/pages\/2008"}],"wp:featuredmedia":[{"embeddable":true,"href":"https:\/\/gielen-recyclage.be\/fr\/wp-json\/wp\/v2\/media\/118"}],"wp:attachment":[{"href":"https:\/\/gielen-recyclage.be\/fr\/wp-json\/wp\/v2\/media?parent=2961"}],"wp:term":[{"taxonomy":"pagina-categorie","embeddable":true,"href":"https:\/\/gielen-recyclage.be\/fr\/wp-json\/wp\/v2\/pagina-categorie?post=2961"},{"taxonomy":"sector","embeddable":true,"href":"https:\/\/gielen-recyclage.be\/fr\/wp-json\/wp\/v2\/sector?post=2961"},{"taxonomy":"type-container-per-afvalsoort","embeddable":true,"href":"https:\/\/gielen-recyclage.be\/fr\/wp-json\/wp\/v2\/type-container-per-afvalsoort?post=2961"}],"curies":[{"name":"wp","href":"https:\/\/api.w.org\/{rel}","templated":true}]}}